{"id":386,"date":"2021-10-26T18:00:10","date_gmt":"2021-10-26T16:00:10","guid":{"rendered":"https:\/\/sollen-design.com\/?post_type=product&#038;p=386"},"modified":"2026-01-30T11:42:32","modified_gmt":"2026-01-30T10:42:32","slug":"fauteuil-racine","status":"publish","type":"product","link":"https:\/\/sollen-design.com\/fr\/produit\/fauteuil-racine\/","title":{"rendered":"Fauteuil Art\u00e9mis"},"content":{"rendered":"<p>&nbsp;<\/p>\n<p style=\"text-align: left;\">\u00ab Art\u00e9mis veille dans le calme des sous-bois.<br \/>\nLa forme s\u2019ancre dans la fra\u00eecheur de la for\u00eat.<br \/>\nLes lignes s\u2019ouvrent, libres et protectrices.<br \/>\nLe corps trouve refuge sous la lumi\u00e8re filtr\u00e9e. \u00bb<\/p>\n","protected":false},"excerpt":{"rendered":"<p>&nbsp; \u00ab Art\u00e9mis veille dans le calme des sous-bois. La forme s\u2019ancre dans la fra\u00eecheur de la for\u00eat. Les lignes s\u2019ouvrent, libres et protectrices. Le corps trouve refuge sous la lumi\u00e8re filtr\u00e9e. \u00bb<\/p>\n","protected":false},"featured_media":19832,"comment_status":"open","ping_status":"closed","template":"","meta":[],"product_brand":[],"product_cat":[24],"product_tag":[],"class_list":{"0":"post-386","1":"product","2":"type-product","3":"status-publish","4":"has-post-thumbnail","6":"product_cat-racine","8":"first","9":"instock","10":"featured","11":"taxable","12":"shipping-taxable","13":"purchasable","14":"product-type-variable","15":"has-default-attributes","16":"rtwpvs-product"},"yoast_head":"<!-- This site is optimized with the Yoast SEO plugin v27.4 - https:\/\/yoast.com\/product\/yoast-seo-wordpress\/ -->\n<title>SOLLEN - Fauteuil Art\u00e9mis<\/title>\n<meta name=\"description\" content=\"Savourez vos moments de d\u00e9tente dans ce v\u00e9ritable havre de paix. Design minimaliste, robustesse des mat\u00e9riaux, ergonomie de l&#039;assise.\" \/>\n<meta name=\"robots\" content=\"index, follow, max-snippet:-1, max-image-preview:large, max-video-preview:-1\" \/>\n<link rel=\"canonical\" href=\"https:\/\/sollen-design.com\/fr\/produit\/fauteuil-racine\/\" \/>\n<meta property=\"og:locale\" content=\"fr_FR\" \/>\n<meta property=\"og:type\" content=\"article\" \/>\n<meta property=\"og:title\" content=\"SOLLEN - Fauteuil Art\u00e9mis\" \/>\n<meta property=\"og:description\" content=\"Savourez vos moments de d\u00e9tente dans ce v\u00e9ritable havre de paix. Design minimaliste, robustesse des mat\u00e9riaux, ergonomie de l&#039;assise.\" \/>\n<meta property=\"og:url\" content=\"https:\/\/sollen-design.com\/fr\/produit\/fauteuil-racine\/\" \/>\n<meta property=\"og:site_name\" content=\"SOLLEN\" \/>\n<meta property=\"article:publisher\" content=\"https:\/\/www.facebook.com\/sollendesign\/\" \/>\n<meta property=\"article:modified_time\" content=\"2026-01-30T10:42:32+00:00\" \/>\n<meta property=\"og:image\" content=\"https:\/\/sollen-design.com\/wp-content\/uploads\/fauteil-racine-ff-1024x1024.png\" \/>\n\t<meta property=\"og:image:width\" content=\"1024\" \/>\n\t<meta property=\"og:image:height\" content=\"1024\" \/>\n\t<meta property=\"og:image:type\" content=\"image\/png\" \/>\n<meta name=\"twitter:card\" content=\"summary_large_image\" \/>\n<meta name=\"twitter:label1\" content=\"Dur\u00e9e de lecture estim\u00e9e\" \/>\n\t<meta name=\"twitter:data1\" content=\"3 minutes\" \/>\n<script type=\"application\/ld+json\" class=\"yoast-schema-graph\">{\"@context\":\"https:\\\/\\\/schema.org\",\"@graph\":[{\"@type\":\"WebPage\",\"@id\":\"https:\\\/\\\/sollen-design.com\\\/produit\\\/fauteuil-racine\\\/\",\"url\":\"https:\\\/\\\/sollen-design.com\\\/produit\\\/fauteuil-racine\\\/\",\"name\":\"SOLLEN - Fauteuil Art\u00e9mis\",\"isPartOf\":{\"@id\":\"https:\\\/\\\/sollen-design.com\\\/fr\\\/#website\"},\"primaryImageOfPage\":{\"@id\":\"https:\\\/\\\/sollen-design.com\\\/produit\\\/fauteuil-racine\\\/#primaryimage\"},\"image\":{\"@id\":\"https:\\\/\\\/sollen-design.com\\\/produit\\\/fauteuil-racine\\\/#primaryimage\"},\"thumbnailUrl\":\"https:\\\/\\\/sollen-design.com\\\/wp-content\\\/uploads\\\/fauteil-racine-ff-scaled.png\",\"datePublished\":\"2021-10-26T16:00:10+00:00\",\"dateModified\":\"2026-01-30T10:42:32+00:00\",\"description\":\"Savourez vos moments de d\u00e9tente dans ce v\u00e9ritable havre de paix. Design minimaliste, robustesse des mat\u00e9riaux, ergonomie de l'assise.\",\"breadcrumb\":{\"@id\":\"https:\\\/\\\/sollen-design.com\\\/produit\\\/fauteuil-racine\\\/#breadcrumb\"},\"inLanguage\":\"fr-FR\",\"potentialAction\":[{\"@type\":\"ReadAction\",\"target\":[\"https:\\\/\\\/sollen-design.com\\\/produit\\\/fauteuil-racine\\\/\"]}]},{\"@type\":\"ImageObject\",\"inLanguage\":\"fr-FR\",\"@id\":\"https:\\\/\\\/sollen-design.com\\\/produit\\\/fauteuil-racine\\\/#primaryimage\",\"url\":\"https:\\\/\\\/sollen-design.com\\\/wp-content\\\/uploads\\\/fauteil-racine-ff-scaled.png\",\"contentUrl\":\"https:\\\/\\\/sollen-design.com\\\/wp-content\\\/uploads\\\/fauteil-racine-ff-scaled.png\",\"width\":2560,\"height\":2560},{\"@type\":\"BreadcrumbList\",\"@id\":\"https:\\\/\\\/sollen-design.com\\\/produit\\\/fauteuil-racine\\\/#breadcrumb\",\"itemListElement\":[{\"@type\":\"ListItem\",\"position\":1,\"name\":\"Accueil\",\"item\":\"https:\\\/\\\/sollen-design.com\\\/fr\\\/\"},{\"@type\":\"ListItem\",\"position\":2,\"name\":\"Catalogue\",\"item\":\"https:\\\/\\\/sollen-design.com\\\/en\\\/catalog\\\/\"},{\"@type\":\"ListItem\",\"position\":3,\"name\":\"Fauteuil Art\u00e9mis\"}]},{\"@type\":\"WebSite\",\"@id\":\"https:\\\/\\\/sollen-design.com\\\/fr\\\/#website\",\"url\":\"https:\\\/\\\/sollen-design.com\\\/fr\\\/\",\"name\":\"SOLLEN\",\"description\":\"Maison d&#039;\u00e9dition de mobilier design\",\"publisher\":{\"@id\":\"https:\\\/\\\/sollen-design.com\\\/fr\\\/#organization\"},\"potentialAction\":[{\"@type\":\"SearchAction\",\"target\":{\"@type\":\"EntryPoint\",\"urlTemplate\":\"https:\\\/\\\/sollen-design.com\\\/fr\\\/?s={search_term_string}\"},\"query-input\":{\"@type\":\"PropertyValueSpecification\",\"valueRequired\":true,\"valueName\":\"search_term_string\"}}],\"inLanguage\":\"fr-FR\"},{\"@type\":\"Organization\",\"@id\":\"https:\\\/\\\/sollen-design.com\\\/fr\\\/#organization\",\"name\":\"SOLLEN\",\"url\":\"https:\\\/\\\/sollen-design.com\\\/fr\\\/\",\"logo\":{\"@type\":\"ImageObject\",\"inLanguage\":\"fr-FR\",\"@id\":\"https:\\\/\\\/sollen-design.com\\\/fr\\\/#\\\/schema\\\/logo\\\/image\\\/\",\"url\":\"https:\\\/\\\/sollen-design.com\\\/wp-content\\\/uploads\\\/2021\\\/10\\\/LOGO_RVB_NOIR_130px.png\",\"contentUrl\":\"https:\\\/\\\/sollen-design.com\\\/wp-content\\\/uploads\\\/2021\\\/10\\\/LOGO_RVB_NOIR_130px.png\",\"width\":130,\"height\":39,\"caption\":\"SOLLEN\"},\"image\":{\"@id\":\"https:\\\/\\\/sollen-design.com\\\/fr\\\/#\\\/schema\\\/logo\\\/image\\\/\"},\"sameAs\":[\"https:\\\/\\\/www.facebook.com\\\/sollendesign\\\/\",\"https:\\\/\\\/www.instagram.com\\\/sollendesign\\\/\",\"https:\\\/\\\/www.linkedin.com\\\/company\\\/sollendesign\\\/\",\"https:\\\/\\\/www.pinterest.fr\\\/sollendesign\\\/\"]}]}<\/script>\n<!-- \/ Yoast SEO plugin. -->","yoast_head_json":{"title":"SOLLEN - Fauteuil Art\u00e9mis","description":"Savourez vos moments de d\u00e9tente dans ce v\u00e9ritable havre de paix. Design minimaliste, robustesse des mat\u00e9riaux, ergonomie de l'assise.","robots":{"index":"index","follow":"follow","max-snippet":"max-snippet:-1","max-image-preview":"max-image-preview:large","max-video-preview":"max-video-preview:-1"},"canonical":"https:\/\/sollen-design.com\/fr\/produit\/fauteuil-racine\/","og_locale":"fr_FR","og_type":"article","og_title":"SOLLEN - Fauteuil Art\u00e9mis","og_description":"Savourez vos moments de d\u00e9tente dans ce v\u00e9ritable havre de paix. Design minimaliste, robustesse des mat\u00e9riaux, ergonomie de l'assise.","og_url":"https:\/\/sollen-design.com\/fr\/produit\/fauteuil-racine\/","og_site_name":"SOLLEN","article_publisher":"https:\/\/www.facebook.com\/sollendesign\/","article_modified_time":"2026-01-30T10:42:32+00:00","og_image":[{"width":1024,"height":1024,"url":"https:\/\/sollen-design.com\/wp-content\/uploads\/fauteil-racine-ff-1024x1024.png","type":"image\/png"}],"twitter_card":"summary_large_image","twitter_misc":{"Dur\u00e9e de lecture estim\u00e9e":"3 minutes"},"schema":{"@context":"https:\/\/schema.org","@graph":[{"@type":"WebPage","@id":"https:\/\/sollen-design.com\/produit\/fauteuil-racine\/","url":"https:\/\/sollen-design.com\/produit\/fauteuil-racine\/","name":"SOLLEN - Fauteuil Art\u00e9mis","isPartOf":{"@id":"https:\/\/sollen-design.com\/fr\/#website"},"primaryImageOfPage":{"@id":"https:\/\/sollen-design.com\/produit\/fauteuil-racine\/#primaryimage"},"image":{"@id":"https:\/\/sollen-design.com\/produit\/fauteuil-racine\/#primaryimage"},"thumbnailUrl":"https:\/\/sollen-design.com\/wp-content\/uploads\/fauteil-racine-ff-scaled.png","datePublished":"2021-10-26T16:00:10+00:00","dateModified":"2026-01-30T10:42:32+00:00","description":"Savourez vos moments de d\u00e9tente dans ce v\u00e9ritable havre de paix. Design minimaliste, robustesse des mat\u00e9riaux, ergonomie de l'assise.","breadcrumb":{"@id":"https:\/\/sollen-design.com\/produit\/fauteuil-racine\/#breadcrumb"},"inLanguage":"fr-FR","potentialAction":[{"@type":"ReadAction","target":["https:\/\/sollen-design.com\/produit\/fauteuil-racine\/"]}]},{"@type":"ImageObject","inLanguage":"fr-FR","@id":"https:\/\/sollen-design.com\/produit\/fauteuil-racine\/#primaryimage","url":"https:\/\/sollen-design.com\/wp-content\/uploads\/fauteil-racine-ff-scaled.png","contentUrl":"https:\/\/sollen-design.com\/wp-content\/uploads\/fauteil-racine-ff-scaled.png","width":2560,"height":2560},{"@type":"BreadcrumbList","@id":"https:\/\/sollen-design.com\/produit\/fauteuil-racine\/#breadcrumb","itemListElement":[{"@type":"ListItem","position":1,"name":"Accueil","item":"https:\/\/sollen-design.com\/fr\/"},{"@type":"ListItem","position":2,"name":"Catalogue","item":"https:\/\/sollen-design.com\/en\/catalog\/"},{"@type":"ListItem","position":3,"name":"Fauteuil Art\u00e9mis"}]},{"@type":"WebSite","@id":"https:\/\/sollen-design.com\/fr\/#website","url":"https:\/\/sollen-design.com\/fr\/","name":"SOLLEN","description":"Maison d&#039;\u00e9dition de mobilier design","publisher":{"@id":"https:\/\/sollen-design.com\/fr\/#organization"},"potentialAction":[{"@type":"SearchAction","target":{"@type":"EntryPoint","urlTemplate":"https:\/\/sollen-design.com\/fr\/?s={search_term_string}"},"query-input":{"@type":"PropertyValueSpecification","valueRequired":true,"valueName":"search_term_string"}}],"inLanguage":"fr-FR"},{"@type":"Organization","@id":"https:\/\/sollen-design.com\/fr\/#organization","name":"SOLLEN","url":"https:\/\/sollen-design.com\/fr\/","logo":{"@type":"ImageObject","inLanguage":"fr-FR","@id":"https:\/\/sollen-design.com\/fr\/#\/schema\/logo\/image\/","url":"https:\/\/sollen-design.com\/wp-content\/uploads\/2021\/10\/LOGO_RVB_NOIR_130px.png","contentUrl":"https:\/\/sollen-design.com\/wp-content\/uploads\/2021\/10\/LOGO_RVB_NOIR_130px.png","width":130,"height":39,"caption":"SOLLEN"},"image":{"@id":"https:\/\/sollen-design.com\/fr\/#\/schema\/logo\/image\/"},"sameAs":["https:\/\/www.facebook.com\/sollendesign\/","https:\/\/www.instagram.com\/sollendesign\/","https:\/\/www.linkedin.com\/company\/sollendesign\/","https:\/\/www.pinterest.fr\/sollendesign\/"]}]}},"_links":{"self":[{"href":"https:\/\/sollen-design.com\/fr\/wp-json\/wp\/v2\/product\/386","targetHints":{"allow":["GET"]}}],"collection":[{"href":"https:\/\/sollen-design.com\/fr\/wp-json\/wp\/v2\/product"}],"about":[{"href":"https:\/\/sollen-design.com\/fr\/wp-json\/wp\/v2\/types\/product"}],"replies":[{"embeddable":true,"href":"https:\/\/sollen-design.com\/fr\/wp-json\/wp\/v2\/comments?post=386"}],"wp:featuredmedia":[{"embeddable":true,"href":"https:\/\/sollen-design.com\/fr\/wp-json\/wp\/v2\/media\/19832"}],"wp:attachment":[{"href":"https:\/\/sollen-design.com\/fr\/wp-json\/wp\/v2\/media?parent=386"}],"wp:term":[{"taxonomy":"product_brand","embeddable":true,"href":"https:\/\/sollen-design.com\/fr\/wp-json\/wp\/v2\/product_brand?post=386"},{"taxonomy":"product_cat","embeddable":true,"href":"https:\/\/sollen-design.com\/fr\/wp-json\/wp\/v2\/product_cat?post=386"},{"taxonomy":"product_tag","embeddable":true,"href":"https:\/\/sollen-design.com\/fr\/wp-json\/wp\/v2\/product_tag?post=386"}],"curies":[{"name":"wp","href":"https:\/\/api.w.org\/{rel}","templated":true}]}}