{"id":17669,"date":"2024-01-16T19:32:07","date_gmt":"2024-01-16T18:32:07","guid":{"rendered":"https:\/\/sollen-design.com\/?post_type=product&#038;p=17669"},"modified":"2026-01-30T11:27:49","modified_gmt":"2026-01-30T10:27:49","slug":"table-laterale-nuage-outdoor","status":"publish","type":"product","link":"https:\/\/sollen-design.com\/fr\/produit\/table-laterale-nuage-outdoor\/","title":{"rendered":"Table N\u00e9ph\u00e9l\u00e9"},"content":{"rendered":"<p style=\"text-align: left;\">\u00ab N\u00e9ph\u00e9l\u00e9 surgit de la clart\u00e9 flottante du ciel.<br \/>\nSa forme l\u00e9g\u00e8re accueille l\u2019essentiel sans peser.<br \/>\nElle retient la lumi\u00e8re comme une brume tranquille.<br \/>\nUne pr\u00e9sence l\u00e9g\u00e8re, n\u00e9e de l\u2019air et du calme. \u00bb<\/p>\n","protected":false},"excerpt":{"rendered":"<p><em> Edition m\u00e9tal<\/em><\/p>\n","protected":false},"featured_media":19129,"comment_status":"open","ping_status":"closed","template":"","meta":[],"product_brand":[],"product_cat":[127],"product_tag":[],"class_list":{"0":"post-17669","1":"product","2":"type-product","3":"status-publish","4":"has-post-thumbnail","6":"product_cat-nuage-metal","8":"first","9":"instock","10":"featured","11":"taxable","12":"shipping-taxable","13":"purchasable","14":"product-type-simple"},"yoast_head":"<!-- This site is optimized with the Yoast SEO plugin v27.3 - https:\/\/yoast.com\/product\/yoast-seo-wordpress\/ -->\n<title>SOLLEN - Table N\u00e9ph\u00e9l\u00e9<\/title>\n<meta name=\"description\" content=\"Cet \u00e9l\u00e9gant lit de jour NUAGE est une v\u00e9ritable invitation \u00e0 la d\u00e9tente. Il r\u00e9pond \u00e0 notre besoin tr\u00e8s contemporain de ralentir : le &quot;Slow Life&quot;.\" \/>\n<meta name=\"robots\" content=\"index, follow, max-snippet:-1, max-image-preview:large, max-video-preview:-1\" \/>\n<link rel=\"canonical\" href=\"https:\/\/sollen-design.com\/fr\/produit\/table-laterale-nuage-outdoor\/\" \/>\n<meta property=\"og:locale\" content=\"fr_FR\" \/>\n<meta property=\"og:type\" content=\"article\" \/>\n<meta property=\"og:title\" content=\"SOLLEN - Table N\u00e9ph\u00e9l\u00e9\" \/>\n<meta property=\"og:description\" content=\"Cet \u00e9l\u00e9gant lit de jour NUAGE est une v\u00e9ritable invitation \u00e0 la d\u00e9tente. Il r\u00e9pond \u00e0 notre besoin tr\u00e8s contemporain de ralentir : le &quot;Slow Life&quot;.\" \/>\n<meta property=\"og:url\" content=\"https:\/\/sollen-design.com\/fr\/produit\/table-laterale-nuage-outdoor\/\" \/>\n<meta property=\"og:site_name\" content=\"SOLLEN\" \/>\n<meta property=\"article:publisher\" content=\"https:\/\/www.facebook.com\/sollendesign\/\" \/>\n<meta property=\"article:modified_time\" content=\"2026-01-30T10:27:49+00:00\" \/>\n<meta property=\"og:image\" content=\"https:\/\/sollen-design.com\/wp-content\/uploads\/29ae4055-9e1e-4610-b479-dc3c641f7467-1.jpeg\" \/>\n\t<meta property=\"og:image:width\" content=\"2048\" \/>\n\t<meta property=\"og:image:height\" content=\"2048\" \/>\n\t<meta property=\"og:image:type\" content=\"image\/jpeg\" \/>\n<meta name=\"twitter:card\" content=\"summary_large_image\" \/>\n<meta name=\"twitter:label1\" content=\"Dur\u00e9e de lecture estim\u00e9e\" \/>\n\t<meta name=\"twitter:data1\" content=\"2 minutes\" \/>\n<script type=\"application\/ld+json\" class=\"yoast-schema-graph\">{\"@context\":\"https:\\\/\\\/schema.org\",\"@graph\":[{\"@type\":\"WebPage\",\"@id\":\"https:\\\/\\\/sollen-design.com\\\/produit\\\/table-laterale-nuage-outdoor\\\/\",\"url\":\"https:\\\/\\\/sollen-design.com\\\/produit\\\/table-laterale-nuage-outdoor\\\/\",\"name\":\"SOLLEN - Table N\u00e9ph\u00e9l\u00e9\",\"isPartOf\":{\"@id\":\"https:\\\/\\\/sollen-design.com\\\/fr\\\/#website\"},\"primaryImageOfPage\":{\"@id\":\"https:\\\/\\\/sollen-design.com\\\/produit\\\/table-laterale-nuage-outdoor\\\/#primaryimage\"},\"image\":{\"@id\":\"https:\\\/\\\/sollen-design.com\\\/produit\\\/table-laterale-nuage-outdoor\\\/#primaryimage\"},\"thumbnailUrl\":\"https:\\\/\\\/sollen-design.com\\\/wp-content\\\/uploads\\\/29ae4055-9e1e-4610-b479-dc3c641f7467-1.jpeg\",\"datePublished\":\"2024-01-16T18:32:07+00:00\",\"dateModified\":\"2026-01-30T10:27:49+00:00\",\"description\":\"Cet \u00e9l\u00e9gant lit de jour NUAGE est une v\u00e9ritable invitation \u00e0 la d\u00e9tente. Il r\u00e9pond \u00e0 notre besoin tr\u00e8s contemporain de ralentir : le \\\"Slow Life\\\".\",\"breadcrumb\":{\"@id\":\"https:\\\/\\\/sollen-design.com\\\/produit\\\/table-laterale-nuage-outdoor\\\/#breadcrumb\"},\"inLanguage\":\"fr-FR\",\"potentialAction\":[{\"@type\":\"ReadAction\",\"target\":[\"https:\\\/\\\/sollen-design.com\\\/produit\\\/table-laterale-nuage-outdoor\\\/\"]}]},{\"@type\":\"ImageObject\",\"inLanguage\":\"fr-FR\",\"@id\":\"https:\\\/\\\/sollen-design.com\\\/produit\\\/table-laterale-nuage-outdoor\\\/#primaryimage\",\"url\":\"https:\\\/\\\/sollen-design.com\\\/wp-content\\\/uploads\\\/29ae4055-9e1e-4610-b479-dc3c641f7467-1.jpeg\",\"contentUrl\":\"https:\\\/\\\/sollen-design.com\\\/wp-content\\\/uploads\\\/29ae4055-9e1e-4610-b479-dc3c641f7467-1.jpeg\",\"width\":2048,\"height\":2048},{\"@type\":\"BreadcrumbList\",\"@id\":\"https:\\\/\\\/sollen-design.com\\\/produit\\\/table-laterale-nuage-outdoor\\\/#breadcrumb\",\"itemListElement\":[{\"@type\":\"ListItem\",\"position\":1,\"name\":\"Accueil\",\"item\":\"https:\\\/\\\/sollen-design.com\\\/fr\\\/\"},{\"@type\":\"ListItem\",\"position\":2,\"name\":\"Catalogue\",\"item\":\"https:\\\/\\\/sollen-design.com\\\/en\\\/catalog\\\/\"},{\"@type\":\"ListItem\",\"position\":3,\"name\":\"Table N\u00e9ph\u00e9l\u00e9\"}]},{\"@type\":\"WebSite\",\"@id\":\"https:\\\/\\\/sollen-design.com\\\/fr\\\/#website\",\"url\":\"https:\\\/\\\/sollen-design.com\\\/fr\\\/\",\"name\":\"SOLLEN\",\"description\":\"Maison d&#039;\u00e9dition de mobilier design\",\"publisher\":{\"@id\":\"https:\\\/\\\/sollen-design.com\\\/fr\\\/#organization\"},\"potentialAction\":[{\"@type\":\"SearchAction\",\"target\":{\"@type\":\"EntryPoint\",\"urlTemplate\":\"https:\\\/\\\/sollen-design.com\\\/fr\\\/?s={search_term_string}\"},\"query-input\":{\"@type\":\"PropertyValueSpecification\",\"valueRequired\":true,\"valueName\":\"search_term_string\"}}],\"inLanguage\":\"fr-FR\"},{\"@type\":\"Organization\",\"@id\":\"https:\\\/\\\/sollen-design.com\\\/fr\\\/#organization\",\"name\":\"SOLLEN\",\"url\":\"https:\\\/\\\/sollen-design.com\\\/fr\\\/\",\"logo\":{\"@type\":\"ImageObject\",\"inLanguage\":\"fr-FR\",\"@id\":\"https:\\\/\\\/sollen-design.com\\\/fr\\\/#\\\/schema\\\/logo\\\/image\\\/\",\"url\":\"https:\\\/\\\/sollen-design.com\\\/wp-content\\\/uploads\\\/2021\\\/10\\\/LOGO_RVB_NOIR_130px.png\",\"contentUrl\":\"https:\\\/\\\/sollen-design.com\\\/wp-content\\\/uploads\\\/2021\\\/10\\\/LOGO_RVB_NOIR_130px.png\",\"width\":130,\"height\":39,\"caption\":\"SOLLEN\"},\"image\":{\"@id\":\"https:\\\/\\\/sollen-design.com\\\/fr\\\/#\\\/schema\\\/logo\\\/image\\\/\"},\"sameAs\":[\"https:\\\/\\\/www.facebook.com\\\/sollendesign\\\/\",\"https:\\\/\\\/www.instagram.com\\\/sollendesign\\\/\",\"https:\\\/\\\/www.linkedin.com\\\/company\\\/sollendesign\\\/\",\"https:\\\/\\\/www.pinterest.fr\\\/sollendesign\\\/\"]}]}<\/script>\n<!-- \/ Yoast SEO plugin. -->","yoast_head_json":{"title":"SOLLEN - Table N\u00e9ph\u00e9l\u00e9","description":"Cet \u00e9l\u00e9gant lit de jour NUAGE est une v\u00e9ritable invitation \u00e0 la d\u00e9tente. Il r\u00e9pond \u00e0 notre besoin tr\u00e8s contemporain de ralentir : le \"Slow Life\".","robots":{"index":"index","follow":"follow","max-snippet":"max-snippet:-1","max-image-preview":"max-image-preview:large","max-video-preview":"max-video-preview:-1"},"canonical":"https:\/\/sollen-design.com\/fr\/produit\/table-laterale-nuage-outdoor\/","og_locale":"fr_FR","og_type":"article","og_title":"SOLLEN - Table N\u00e9ph\u00e9l\u00e9","og_description":"Cet \u00e9l\u00e9gant lit de jour NUAGE est une v\u00e9ritable invitation \u00e0 la d\u00e9tente. Il r\u00e9pond \u00e0 notre besoin tr\u00e8s contemporain de ralentir : le \"Slow Life\".","og_url":"https:\/\/sollen-design.com\/fr\/produit\/table-laterale-nuage-outdoor\/","og_site_name":"SOLLEN","article_publisher":"https:\/\/www.facebook.com\/sollendesign\/","article_modified_time":"2026-01-30T10:27:49+00:00","og_image":[{"width":2048,"height":2048,"url":"https:\/\/sollen-design.com\/wp-content\/uploads\/29ae4055-9e1e-4610-b479-dc3c641f7467-1.jpeg","type":"image\/jpeg"}],"twitter_card":"summary_large_image","twitter_misc":{"Dur\u00e9e de lecture estim\u00e9e":"2 minutes"},"schema":{"@context":"https:\/\/schema.org","@graph":[{"@type":"WebPage","@id":"https:\/\/sollen-design.com\/produit\/table-laterale-nuage-outdoor\/","url":"https:\/\/sollen-design.com\/produit\/table-laterale-nuage-outdoor\/","name":"SOLLEN - Table N\u00e9ph\u00e9l\u00e9","isPartOf":{"@id":"https:\/\/sollen-design.com\/fr\/#website"},"primaryImageOfPage":{"@id":"https:\/\/sollen-design.com\/produit\/table-laterale-nuage-outdoor\/#primaryimage"},"image":{"@id":"https:\/\/sollen-design.com\/produit\/table-laterale-nuage-outdoor\/#primaryimage"},"thumbnailUrl":"https:\/\/sollen-design.com\/wp-content\/uploads\/29ae4055-9e1e-4610-b479-dc3c641f7467-1.jpeg","datePublished":"2024-01-16T18:32:07+00:00","dateModified":"2026-01-30T10:27:49+00:00","description":"Cet \u00e9l\u00e9gant lit de jour NUAGE est une v\u00e9ritable invitation \u00e0 la d\u00e9tente. Il r\u00e9pond \u00e0 notre besoin tr\u00e8s contemporain de ralentir : le \"Slow Life\".","breadcrumb":{"@id":"https:\/\/sollen-design.com\/produit\/table-laterale-nuage-outdoor\/#breadcrumb"},"inLanguage":"fr-FR","potentialAction":[{"@type":"ReadAction","target":["https:\/\/sollen-design.com\/produit\/table-laterale-nuage-outdoor\/"]}]},{"@type":"ImageObject","inLanguage":"fr-FR","@id":"https:\/\/sollen-design.com\/produit\/table-laterale-nuage-outdoor\/#primaryimage","url":"https:\/\/sollen-design.com\/wp-content\/uploads\/29ae4055-9e1e-4610-b479-dc3c641f7467-1.jpeg","contentUrl":"https:\/\/sollen-design.com\/wp-content\/uploads\/29ae4055-9e1e-4610-b479-dc3c641f7467-1.jpeg","width":2048,"height":2048},{"@type":"BreadcrumbList","@id":"https:\/\/sollen-design.com\/produit\/table-laterale-nuage-outdoor\/#breadcrumb","itemListElement":[{"@type":"ListItem","position":1,"name":"Accueil","item":"https:\/\/sollen-design.com\/fr\/"},{"@type":"ListItem","position":2,"name":"Catalogue","item":"https:\/\/sollen-design.com\/en\/catalog\/"},{"@type":"ListItem","position":3,"name":"Table N\u00e9ph\u00e9l\u00e9"}]},{"@type":"WebSite","@id":"https:\/\/sollen-design.com\/fr\/#website","url":"https:\/\/sollen-design.com\/fr\/","name":"SOLLEN","description":"Maison d&#039;\u00e9dition de mobilier design","publisher":{"@id":"https:\/\/sollen-design.com\/fr\/#organization"},"potentialAction":[{"@type":"SearchAction","target":{"@type":"EntryPoint","urlTemplate":"https:\/\/sollen-design.com\/fr\/?s={search_term_string}"},"query-input":{"@type":"PropertyValueSpecification","valueRequired":true,"valueName":"search_term_string"}}],"inLanguage":"fr-FR"},{"@type":"Organization","@id":"https:\/\/sollen-design.com\/fr\/#organization","name":"SOLLEN","url":"https:\/\/sollen-design.com\/fr\/","logo":{"@type":"ImageObject","inLanguage":"fr-FR","@id":"https:\/\/sollen-design.com\/fr\/#\/schema\/logo\/image\/","url":"https:\/\/sollen-design.com\/wp-content\/uploads\/2021\/10\/LOGO_RVB_NOIR_130px.png","contentUrl":"https:\/\/sollen-design.com\/wp-content\/uploads\/2021\/10\/LOGO_RVB_NOIR_130px.png","width":130,"height":39,"caption":"SOLLEN"},"image":{"@id":"https:\/\/sollen-design.com\/fr\/#\/schema\/logo\/image\/"},"sameAs":["https:\/\/www.facebook.com\/sollendesign\/","https:\/\/www.instagram.com\/sollendesign\/","https:\/\/www.linkedin.com\/company\/sollendesign\/","https:\/\/www.pinterest.fr\/sollendesign\/"]}]}},"_links":{"self":[{"href":"https:\/\/sollen-design.com\/fr\/wp-json\/wp\/v2\/product\/17669","targetHints":{"allow":["GET"]}}],"collection":[{"href":"https:\/\/sollen-design.com\/fr\/wp-json\/wp\/v2\/product"}],"about":[{"href":"https:\/\/sollen-design.com\/fr\/wp-json\/wp\/v2\/types\/product"}],"replies":[{"embeddable":true,"href":"https:\/\/sollen-design.com\/fr\/wp-json\/wp\/v2\/comments?post=17669"}],"wp:featuredmedia":[{"embeddable":true,"href":"https:\/\/sollen-design.com\/fr\/wp-json\/wp\/v2\/media\/19129"}],"wp:attachment":[{"href":"https:\/\/sollen-design.com\/fr\/wp-json\/wp\/v2\/media?parent=17669"}],"wp:term":[{"taxonomy":"product_brand","embeddable":true,"href":"https:\/\/sollen-design.com\/fr\/wp-json\/wp\/v2\/product_brand?post=17669"},{"taxonomy":"product_cat","embeddable":true,"href":"https:\/\/sollen-design.com\/fr\/wp-json\/wp\/v2\/product_cat?post=17669"},{"taxonomy":"product_tag","embeddable":true,"href":"https:\/\/sollen-design.com\/fr\/wp-json\/wp\/v2\/product_tag?post=17669"}],"curies":[{"name":"wp","href":"https:\/\/api.w.org\/{rel}","templated":true}]}}