{"id":16047,"date":"2023-03-15T16:02:14","date_gmt":"2023-03-15T15:02:14","guid":{"rendered":"https:\/\/sollen-design.com\/?post_type=product&#038;p=16047"},"modified":"2026-01-30T11:30:49","modified_gmt":"2026-01-30T10:30:49","slug":"suspension-lumineuse-nuage","status":"publish","type":"product","link":"https:\/\/sollen-design.com\/fr\/produit\/suspension-lumineuse-nuage\/","title":{"rendered":"Luminaire Cirrus"},"content":{"rendered":"<p style=\"text-align: left;\">\u00ab Cirrus est sans nul doute la sculpture lumineuse la plus<br \/>\nrepr\u00e9sentative de l\u2019univers en papier froiss\u00e9 de Junior Fritz<br \/>\nJacquet. Evocateur d\u2019un ciel sans ombrage, Cirrus diffuse une<br \/>\nlumi\u00e8re cr\u00e9pusculaire propice au calme et \u00e0 l\u2019intimit\u00e9.. \u00bb<\/p>\n","protected":false},"excerpt":{"rendered":"<p>Papier sculpt\u00e9<\/p>\n","protected":false},"featured_media":19978,"comment_status":"open","ping_status":"closed","template":"","meta":[],"product_brand":[],"product_cat":[128],"product_tag":[],"class_list":{"0":"post-16047","1":"product","2":"type-product","3":"status-publish","4":"has-post-thumbnail","6":"product_cat-luminaire","8":"first","9":"instock","10":"featured","11":"taxable","12":"shipping-taxable","13":"purchasable","14":"product-type-variable","15":"has-default-attributes","16":"rtwpvs-product"},"yoast_head":"<!-- This site is optimized with the Yoast SEO plugin v27.4 - https:\/\/yoast.com\/product\/yoast-seo-wordpress\/ -->\n<title>SOLLEN - Luminaire Cirrus<\/title>\n<meta name=\"description\" content=\"Cette sculpture lumineuse \u00e0 l&#039;allure d&#039;un beau nuage, cr\u00e9\u00e9e par Junior Fritz Jacquet en papier froiss\u00e9, est une v\u00e9ritable invitation \u00e0 la r\u00eaverie.\" \/>\n<meta name=\"robots\" content=\"index, follow, max-snippet:-1, max-image-preview:large, max-video-preview:-1\" \/>\n<link rel=\"canonical\" href=\"https:\/\/sollen-design.com\/fr\/produit\/suspension-lumineuse-nuage\/\" \/>\n<meta property=\"og:locale\" content=\"fr_FR\" \/>\n<meta property=\"og:type\" content=\"article\" \/>\n<meta property=\"og:title\" content=\"SOLLEN - Luminaire Cirrus\" \/>\n<meta property=\"og:description\" content=\"Cette sculpture lumineuse \u00e0 l&#039;allure d&#039;un beau nuage, cr\u00e9\u00e9e par Junior Fritz Jacquet en papier froiss\u00e9, est une v\u00e9ritable invitation \u00e0 la r\u00eaverie.\" \/>\n<meta property=\"og:url\" content=\"https:\/\/sollen-design.com\/fr\/produit\/suspension-lumineuse-nuage\/\" \/>\n<meta property=\"og:site_name\" content=\"SOLLEN\" \/>\n<meta property=\"article:publisher\" content=\"https:\/\/www.facebook.com\/sollendesign\/\" \/>\n<meta property=\"article:modified_time\" content=\"2026-01-30T10:30:49+00:00\" \/>\n<meta property=\"og:image\" content=\"https:\/\/sollen-design.com\/wp-content\/uploads\/3065e62b-69a0-4798-b7f1-1525d97e6c90-scaled.jpg\" \/>\n\t<meta property=\"og:image:width\" content=\"2560\" \/>\n\t<meta property=\"og:image:height\" content=\"2560\" \/>\n\t<meta property=\"og:image:type\" content=\"image\/jpeg\" \/>\n<meta name=\"twitter:card\" content=\"summary_large_image\" \/>\n<meta name=\"twitter:label1\" content=\"Dur\u00e9e de lecture estim\u00e9e\" \/>\n\t<meta name=\"twitter:data1\" content=\"3 minutes\" \/>\n<script type=\"application\/ld+json\" class=\"yoast-schema-graph\">{\"@context\":\"https:\\\/\\\/schema.org\",\"@graph\":[{\"@type\":\"WebPage\",\"@id\":\"https:\\\/\\\/sollen-design.com\\\/produit\\\/suspension-lumineuse-nuage\\\/\",\"url\":\"https:\\\/\\\/sollen-design.com\\\/produit\\\/suspension-lumineuse-nuage\\\/\",\"name\":\"SOLLEN - Luminaire Cirrus\",\"isPartOf\":{\"@id\":\"https:\\\/\\\/sollen-design.com\\\/fr\\\/#website\"},\"primaryImageOfPage\":{\"@id\":\"https:\\\/\\\/sollen-design.com\\\/produit\\\/suspension-lumineuse-nuage\\\/#primaryimage\"},\"image\":{\"@id\":\"https:\\\/\\\/sollen-design.com\\\/produit\\\/suspension-lumineuse-nuage\\\/#primaryimage\"},\"thumbnailUrl\":\"https:\\\/\\\/sollen-design.com\\\/wp-content\\\/uploads\\\/3065e62b-69a0-4798-b7f1-1525d97e6c90-scaled.jpg\",\"datePublished\":\"2023-03-15T15:02:14+00:00\",\"dateModified\":\"2026-01-30T10:30:49+00:00\",\"description\":\"Cette sculpture lumineuse \u00e0 l'allure d'un beau nuage, cr\u00e9\u00e9e par Junior Fritz Jacquet en papier froiss\u00e9, est une v\u00e9ritable invitation \u00e0 la r\u00eaverie.\",\"breadcrumb\":{\"@id\":\"https:\\\/\\\/sollen-design.com\\\/produit\\\/suspension-lumineuse-nuage\\\/#breadcrumb\"},\"inLanguage\":\"fr-FR\",\"potentialAction\":[{\"@type\":\"ReadAction\",\"target\":[\"https:\\\/\\\/sollen-design.com\\\/produit\\\/suspension-lumineuse-nuage\\\/\"]}]},{\"@type\":\"ImageObject\",\"inLanguage\":\"fr-FR\",\"@id\":\"https:\\\/\\\/sollen-design.com\\\/produit\\\/suspension-lumineuse-nuage\\\/#primaryimage\",\"url\":\"https:\\\/\\\/sollen-design.com\\\/wp-content\\\/uploads\\\/3065e62b-69a0-4798-b7f1-1525d97e6c90-scaled.jpg\",\"contentUrl\":\"https:\\\/\\\/sollen-design.com\\\/wp-content\\\/uploads\\\/3065e62b-69a0-4798-b7f1-1525d97e6c90-scaled.jpg\",\"width\":2560,\"height\":2560},{\"@type\":\"BreadcrumbList\",\"@id\":\"https:\\\/\\\/sollen-design.com\\\/produit\\\/suspension-lumineuse-nuage\\\/#breadcrumb\",\"itemListElement\":[{\"@type\":\"ListItem\",\"position\":1,\"name\":\"Accueil\",\"item\":\"https:\\\/\\\/sollen-design.com\\\/fr\\\/\"},{\"@type\":\"ListItem\",\"position\":2,\"name\":\"Catalogue\",\"item\":\"https:\\\/\\\/sollen-design.com\\\/en\\\/catalog\\\/\"},{\"@type\":\"ListItem\",\"position\":3,\"name\":\"Luminaire Cirrus\"}]},{\"@type\":\"WebSite\",\"@id\":\"https:\\\/\\\/sollen-design.com\\\/fr\\\/#website\",\"url\":\"https:\\\/\\\/sollen-design.com\\\/fr\\\/\",\"name\":\"SOLLEN\",\"description\":\"Maison d&#039;\u00e9dition de mobilier design\",\"publisher\":{\"@id\":\"https:\\\/\\\/sollen-design.com\\\/fr\\\/#organization\"},\"potentialAction\":[{\"@type\":\"SearchAction\",\"target\":{\"@type\":\"EntryPoint\",\"urlTemplate\":\"https:\\\/\\\/sollen-design.com\\\/fr\\\/?s={search_term_string}\"},\"query-input\":{\"@type\":\"PropertyValueSpecification\",\"valueRequired\":true,\"valueName\":\"search_term_string\"}}],\"inLanguage\":\"fr-FR\"},{\"@type\":\"Organization\",\"@id\":\"https:\\\/\\\/sollen-design.com\\\/fr\\\/#organization\",\"name\":\"SOLLEN\",\"url\":\"https:\\\/\\\/sollen-design.com\\\/fr\\\/\",\"logo\":{\"@type\":\"ImageObject\",\"inLanguage\":\"fr-FR\",\"@id\":\"https:\\\/\\\/sollen-design.com\\\/fr\\\/#\\\/schema\\\/logo\\\/image\\\/\",\"url\":\"https:\\\/\\\/sollen-design.com\\\/wp-content\\\/uploads\\\/2021\\\/10\\\/LOGO_RVB_NOIR_130px.png\",\"contentUrl\":\"https:\\\/\\\/sollen-design.com\\\/wp-content\\\/uploads\\\/2021\\\/10\\\/LOGO_RVB_NOIR_130px.png\",\"width\":130,\"height\":39,\"caption\":\"SOLLEN\"},\"image\":{\"@id\":\"https:\\\/\\\/sollen-design.com\\\/fr\\\/#\\\/schema\\\/logo\\\/image\\\/\"},\"sameAs\":[\"https:\\\/\\\/www.facebook.com\\\/sollendesign\\\/\",\"https:\\\/\\\/www.instagram.com\\\/sollendesign\\\/\",\"https:\\\/\\\/www.linkedin.com\\\/company\\\/sollendesign\\\/\",\"https:\\\/\\\/www.pinterest.fr\\\/sollendesign\\\/\"]}]}<\/script>\n<!-- \/ Yoast SEO plugin. -->","yoast_head_json":{"title":"SOLLEN - Luminaire Cirrus","description":"Cette sculpture lumineuse \u00e0 l'allure d'un beau nuage, cr\u00e9\u00e9e par Junior Fritz Jacquet en papier froiss\u00e9, est une v\u00e9ritable invitation \u00e0 la r\u00eaverie.","robots":{"index":"index","follow":"follow","max-snippet":"max-snippet:-1","max-image-preview":"max-image-preview:large","max-video-preview":"max-video-preview:-1"},"canonical":"https:\/\/sollen-design.com\/fr\/produit\/suspension-lumineuse-nuage\/","og_locale":"fr_FR","og_type":"article","og_title":"SOLLEN - Luminaire Cirrus","og_description":"Cette sculpture lumineuse \u00e0 l'allure d'un beau nuage, cr\u00e9\u00e9e par Junior Fritz Jacquet en papier froiss\u00e9, est une v\u00e9ritable invitation \u00e0 la r\u00eaverie.","og_url":"https:\/\/sollen-design.com\/fr\/produit\/suspension-lumineuse-nuage\/","og_site_name":"SOLLEN","article_publisher":"https:\/\/www.facebook.com\/sollendesign\/","article_modified_time":"2026-01-30T10:30:49+00:00","og_image":[{"width":2560,"height":2560,"url":"https:\/\/sollen-design.com\/wp-content\/uploads\/3065e62b-69a0-4798-b7f1-1525d97e6c90-scaled.jpg","type":"image\/jpeg"}],"twitter_card":"summary_large_image","twitter_misc":{"Dur\u00e9e de lecture estim\u00e9e":"3 minutes"},"schema":{"@context":"https:\/\/schema.org","@graph":[{"@type":"WebPage","@id":"https:\/\/sollen-design.com\/produit\/suspension-lumineuse-nuage\/","url":"https:\/\/sollen-design.com\/produit\/suspension-lumineuse-nuage\/","name":"SOLLEN - Luminaire Cirrus","isPartOf":{"@id":"https:\/\/sollen-design.com\/fr\/#website"},"primaryImageOfPage":{"@id":"https:\/\/sollen-design.com\/produit\/suspension-lumineuse-nuage\/#primaryimage"},"image":{"@id":"https:\/\/sollen-design.com\/produit\/suspension-lumineuse-nuage\/#primaryimage"},"thumbnailUrl":"https:\/\/sollen-design.com\/wp-content\/uploads\/3065e62b-69a0-4798-b7f1-1525d97e6c90-scaled.jpg","datePublished":"2023-03-15T15:02:14+00:00","dateModified":"2026-01-30T10:30:49+00:00","description":"Cette sculpture lumineuse \u00e0 l'allure d'un beau nuage, cr\u00e9\u00e9e par Junior Fritz Jacquet en papier froiss\u00e9, est une v\u00e9ritable invitation \u00e0 la r\u00eaverie.","breadcrumb":{"@id":"https:\/\/sollen-design.com\/produit\/suspension-lumineuse-nuage\/#breadcrumb"},"inLanguage":"fr-FR","potentialAction":[{"@type":"ReadAction","target":["https:\/\/sollen-design.com\/produit\/suspension-lumineuse-nuage\/"]}]},{"@type":"ImageObject","inLanguage":"fr-FR","@id":"https:\/\/sollen-design.com\/produit\/suspension-lumineuse-nuage\/#primaryimage","url":"https:\/\/sollen-design.com\/wp-content\/uploads\/3065e62b-69a0-4798-b7f1-1525d97e6c90-scaled.jpg","contentUrl":"https:\/\/sollen-design.com\/wp-content\/uploads\/3065e62b-69a0-4798-b7f1-1525d97e6c90-scaled.jpg","width":2560,"height":2560},{"@type":"BreadcrumbList","@id":"https:\/\/sollen-design.com\/produit\/suspension-lumineuse-nuage\/#breadcrumb","itemListElement":[{"@type":"ListItem","position":1,"name":"Accueil","item":"https:\/\/sollen-design.com\/fr\/"},{"@type":"ListItem","position":2,"name":"Catalogue","item":"https:\/\/sollen-design.com\/en\/catalog\/"},{"@type":"ListItem","position":3,"name":"Luminaire Cirrus"}]},{"@type":"WebSite","@id":"https:\/\/sollen-design.com\/fr\/#website","url":"https:\/\/sollen-design.com\/fr\/","name":"SOLLEN","description":"Maison d&#039;\u00e9dition de mobilier design","publisher":{"@id":"https:\/\/sollen-design.com\/fr\/#organization"},"potentialAction":[{"@type":"SearchAction","target":{"@type":"EntryPoint","urlTemplate":"https:\/\/sollen-design.com\/fr\/?s={search_term_string}"},"query-input":{"@type":"PropertyValueSpecification","valueRequired":true,"valueName":"search_term_string"}}],"inLanguage":"fr-FR"},{"@type":"Organization","@id":"https:\/\/sollen-design.com\/fr\/#organization","name":"SOLLEN","url":"https:\/\/sollen-design.com\/fr\/","logo":{"@type":"ImageObject","inLanguage":"fr-FR","@id":"https:\/\/sollen-design.com\/fr\/#\/schema\/logo\/image\/","url":"https:\/\/sollen-design.com\/wp-content\/uploads\/2021\/10\/LOGO_RVB_NOIR_130px.png","contentUrl":"https:\/\/sollen-design.com\/wp-content\/uploads\/2021\/10\/LOGO_RVB_NOIR_130px.png","width":130,"height":39,"caption":"SOLLEN"},"image":{"@id":"https:\/\/sollen-design.com\/fr\/#\/schema\/logo\/image\/"},"sameAs":["https:\/\/www.facebook.com\/sollendesign\/","https:\/\/www.instagram.com\/sollendesign\/","https:\/\/www.linkedin.com\/company\/sollendesign\/","https:\/\/www.pinterest.fr\/sollendesign\/"]}]}},"_links":{"self":[{"href":"https:\/\/sollen-design.com\/fr\/wp-json\/wp\/v2\/product\/16047","targetHints":{"allow":["GET"]}}],"collection":[{"href":"https:\/\/sollen-design.com\/fr\/wp-json\/wp\/v2\/product"}],"about":[{"href":"https:\/\/sollen-design.com\/fr\/wp-json\/wp\/v2\/types\/product"}],"replies":[{"embeddable":true,"href":"https:\/\/sollen-design.com\/fr\/wp-json\/wp\/v2\/comments?post=16047"}],"wp:featuredmedia":[{"embeddable":true,"href":"https:\/\/sollen-design.com\/fr\/wp-json\/wp\/v2\/media\/19978"}],"wp:attachment":[{"href":"https:\/\/sollen-design.com\/fr\/wp-json\/wp\/v2\/media?parent=16047"}],"wp:term":[{"taxonomy":"product_brand","embeddable":true,"href":"https:\/\/sollen-design.com\/fr\/wp-json\/wp\/v2\/product_brand?post=16047"},{"taxonomy":"product_cat","embeddable":true,"href":"https:\/\/sollen-design.com\/fr\/wp-json\/wp\/v2\/product_cat?post=16047"},{"taxonomy":"product_tag","embeddable":true,"href":"https:\/\/sollen-design.com\/fr\/wp-json\/wp\/v2\/product_tag?post=16047"}],"curies":[{"name":"wp","href":"https:\/\/api.w.org\/{rel}","templated":true}]}}