{"id":15621,"date":"2023-03-15T11:39:04","date_gmt":"2023-03-15T10:39:04","guid":{"rendered":"https:\/\/sollen-design.com\/?post_type=product&#038;p=15621"},"modified":"2026-01-30T11:33:12","modified_gmt":"2026-01-30T10:33:12","slug":"canape-nuage","status":"publish","type":"product","link":"https:\/\/sollen-design.com\/fr\/produit\/canape-nuage\/","title":{"rendered":"Canap\u00e9 Ouranos"},"content":{"rendered":"<p style=\"text-align: left;\">\u00ab Ouranos s\u2019\u00e9tend, vaste et silencieux.<br \/>\nLe corps s\u2019y perd comme dans un ciel apais\u00e9.<br \/>\nChaque assise est un nuage suspendu,<br \/>\no\u00f9 le souffle du vent devient repos. \u00bb<\/p>\n","protected":false},"excerpt":{"rendered":"<p><em>Edition m\u00e9tal<\/em><\/p>\n","protected":false},"featured_media":19131,"comment_status":"open","ping_status":"closed","template":"","meta":[],"product_brand":[],"product_cat":[127],"product_tag":[],"class_list":{"0":"post-15621","1":"product","2":"type-product","3":"status-publish","4":"has-post-thumbnail","6":"product_cat-nuage-metal","8":"first","9":"instock","10":"featured","11":"taxable","12":"shipping-taxable","13":"purchasable","14":"product-type-simple"},"yoast_head":"<!-- This site is optimized with the Yoast SEO plugin v27.3 - https:\/\/yoast.com\/product\/yoast-seo-wordpress\/ -->\n<title>SOLLEN - Canap\u00e9 Ouranos<\/title>\n<meta name=\"description\" content=\"Voluptueux, g\u00e9n\u00e9reux et a\u00e9rien, le canap\u00e9 NUAGE associe parfaitement un confort d&#039;exception \u00e0 un design unique. Un Must-Have dans vos int\u00e9rieurs.\" \/>\n<meta name=\"robots\" content=\"index, follow, max-snippet:-1, max-image-preview:large, max-video-preview:-1\" \/>\n<link rel=\"canonical\" href=\"https:\/\/sollen-design.com\/fr\/produit\/canape-nuage\/\" \/>\n<meta property=\"og:locale\" content=\"fr_FR\" \/>\n<meta property=\"og:type\" content=\"article\" \/>\n<meta property=\"og:title\" content=\"SOLLEN - Canap\u00e9 Ouranos\" \/>\n<meta property=\"og:description\" content=\"Voluptueux, g\u00e9n\u00e9reux et a\u00e9rien, le canap\u00e9 NUAGE associe parfaitement un confort d&#039;exception \u00e0 un design unique. Un Must-Have dans vos int\u00e9rieurs.\" \/>\n<meta property=\"og:url\" content=\"https:\/\/sollen-design.com\/fr\/produit\/canape-nuage\/\" \/>\n<meta property=\"og:site_name\" content=\"SOLLEN\" \/>\n<meta property=\"article:publisher\" content=\"https:\/\/www.facebook.com\/sollendesign\/\" \/>\n<meta property=\"article:modified_time\" content=\"2026-01-30T10:33:12+00:00\" \/>\n<meta property=\"og:image\" content=\"https:\/\/sollen-design.com\/wp-content\/uploads\/canape-1-1024x1024.png\" \/>\n\t<meta property=\"og:image:width\" content=\"1024\" \/>\n\t<meta property=\"og:image:height\" content=\"1024\" \/>\n\t<meta property=\"og:image:type\" content=\"image\/png\" \/>\n<meta name=\"twitter:card\" content=\"summary_large_image\" \/>\n<meta name=\"twitter:label1\" content=\"Dur\u00e9e de lecture estim\u00e9e\" \/>\n\t<meta name=\"twitter:data1\" content=\"3 minutes\" \/>\n<script type=\"application\/ld+json\" class=\"yoast-schema-graph\">{\"@context\":\"https:\\\/\\\/schema.org\",\"@graph\":[{\"@type\":\"WebPage\",\"@id\":\"https:\\\/\\\/sollen-design.com\\\/produit\\\/canape-nuage\\\/\",\"url\":\"https:\\\/\\\/sollen-design.com\\\/produit\\\/canape-nuage\\\/\",\"name\":\"SOLLEN - Canap\u00e9 Ouranos\",\"isPartOf\":{\"@id\":\"https:\\\/\\\/sollen-design.com\\\/fr\\\/#website\"},\"primaryImageOfPage\":{\"@id\":\"https:\\\/\\\/sollen-design.com\\\/produit\\\/canape-nuage\\\/#primaryimage\"},\"image\":{\"@id\":\"https:\\\/\\\/sollen-design.com\\\/produit\\\/canape-nuage\\\/#primaryimage\"},\"thumbnailUrl\":\"https:\\\/\\\/sollen-design.com\\\/wp-content\\\/uploads\\\/canape-1-scaled.png\",\"datePublished\":\"2023-03-15T10:39:04+00:00\",\"dateModified\":\"2026-01-30T10:33:12+00:00\",\"description\":\"Voluptueux, g\u00e9n\u00e9reux et a\u00e9rien, le canap\u00e9 NUAGE associe parfaitement un confort d'exception \u00e0 un design unique. Un Must-Have dans vos int\u00e9rieurs.\",\"breadcrumb\":{\"@id\":\"https:\\\/\\\/sollen-design.com\\\/produit\\\/canape-nuage\\\/#breadcrumb\"},\"inLanguage\":\"fr-FR\",\"potentialAction\":[{\"@type\":\"ReadAction\",\"target\":[\"https:\\\/\\\/sollen-design.com\\\/produit\\\/canape-nuage\\\/\"]}]},{\"@type\":\"ImageObject\",\"inLanguage\":\"fr-FR\",\"@id\":\"https:\\\/\\\/sollen-design.com\\\/produit\\\/canape-nuage\\\/#primaryimage\",\"url\":\"https:\\\/\\\/sollen-design.com\\\/wp-content\\\/uploads\\\/canape-1-scaled.png\",\"contentUrl\":\"https:\\\/\\\/sollen-design.com\\\/wp-content\\\/uploads\\\/canape-1-scaled.png\",\"width\":2560,\"height\":2560},{\"@type\":\"BreadcrumbList\",\"@id\":\"https:\\\/\\\/sollen-design.com\\\/produit\\\/canape-nuage\\\/#breadcrumb\",\"itemListElement\":[{\"@type\":\"ListItem\",\"position\":1,\"name\":\"Accueil\",\"item\":\"https:\\\/\\\/sollen-design.com\\\/fr\\\/\"},{\"@type\":\"ListItem\",\"position\":2,\"name\":\"Catalogue\",\"item\":\"https:\\\/\\\/sollen-design.com\\\/en\\\/catalog\\\/\"},{\"@type\":\"ListItem\",\"position\":3,\"name\":\"Canap\u00e9 Ouranos\"}]},{\"@type\":\"WebSite\",\"@id\":\"https:\\\/\\\/sollen-design.com\\\/fr\\\/#website\",\"url\":\"https:\\\/\\\/sollen-design.com\\\/fr\\\/\",\"name\":\"SOLLEN\",\"description\":\"Maison d&#039;\u00e9dition de mobilier design\",\"publisher\":{\"@id\":\"https:\\\/\\\/sollen-design.com\\\/fr\\\/#organization\"},\"potentialAction\":[{\"@type\":\"SearchAction\",\"target\":{\"@type\":\"EntryPoint\",\"urlTemplate\":\"https:\\\/\\\/sollen-design.com\\\/fr\\\/?s={search_term_string}\"},\"query-input\":{\"@type\":\"PropertyValueSpecification\",\"valueRequired\":true,\"valueName\":\"search_term_string\"}}],\"inLanguage\":\"fr-FR\"},{\"@type\":\"Organization\",\"@id\":\"https:\\\/\\\/sollen-design.com\\\/fr\\\/#organization\",\"name\":\"SOLLEN\",\"url\":\"https:\\\/\\\/sollen-design.com\\\/fr\\\/\",\"logo\":{\"@type\":\"ImageObject\",\"inLanguage\":\"fr-FR\",\"@id\":\"https:\\\/\\\/sollen-design.com\\\/fr\\\/#\\\/schema\\\/logo\\\/image\\\/\",\"url\":\"https:\\\/\\\/sollen-design.com\\\/wp-content\\\/uploads\\\/2021\\\/10\\\/LOGO_RVB_NOIR_130px.png\",\"contentUrl\":\"https:\\\/\\\/sollen-design.com\\\/wp-content\\\/uploads\\\/2021\\\/10\\\/LOGO_RVB_NOIR_130px.png\",\"width\":130,\"height\":39,\"caption\":\"SOLLEN\"},\"image\":{\"@id\":\"https:\\\/\\\/sollen-design.com\\\/fr\\\/#\\\/schema\\\/logo\\\/image\\\/\"},\"sameAs\":[\"https:\\\/\\\/www.facebook.com\\\/sollendesign\\\/\",\"https:\\\/\\\/www.instagram.com\\\/sollendesign\\\/\",\"https:\\\/\\\/www.linkedin.com\\\/company\\\/sollendesign\\\/\",\"https:\\\/\\\/www.pinterest.fr\\\/sollendesign\\\/\"]}]}<\/script>\n<!-- \/ Yoast SEO plugin. -->","yoast_head_json":{"title":"SOLLEN - Canap\u00e9 Ouranos","description":"Voluptueux, g\u00e9n\u00e9reux et a\u00e9rien, le canap\u00e9 NUAGE associe parfaitement un confort d'exception \u00e0 un design unique. Un Must-Have dans vos int\u00e9rieurs.","robots":{"index":"index","follow":"follow","max-snippet":"max-snippet:-1","max-image-preview":"max-image-preview:large","max-video-preview":"max-video-preview:-1"},"canonical":"https:\/\/sollen-design.com\/fr\/produit\/canape-nuage\/","og_locale":"fr_FR","og_type":"article","og_title":"SOLLEN - Canap\u00e9 Ouranos","og_description":"Voluptueux, g\u00e9n\u00e9reux et a\u00e9rien, le canap\u00e9 NUAGE associe parfaitement un confort d'exception \u00e0 un design unique. Un Must-Have dans vos int\u00e9rieurs.","og_url":"https:\/\/sollen-design.com\/fr\/produit\/canape-nuage\/","og_site_name":"SOLLEN","article_publisher":"https:\/\/www.facebook.com\/sollendesign\/","article_modified_time":"2026-01-30T10:33:12+00:00","og_image":[{"width":1024,"height":1024,"url":"https:\/\/sollen-design.com\/wp-content\/uploads\/canape-1-1024x1024.png","type":"image\/png"}],"twitter_card":"summary_large_image","twitter_misc":{"Dur\u00e9e de lecture estim\u00e9e":"3 minutes"},"schema":{"@context":"https:\/\/schema.org","@graph":[{"@type":"WebPage","@id":"https:\/\/sollen-design.com\/produit\/canape-nuage\/","url":"https:\/\/sollen-design.com\/produit\/canape-nuage\/","name":"SOLLEN - Canap\u00e9 Ouranos","isPartOf":{"@id":"https:\/\/sollen-design.com\/fr\/#website"},"primaryImageOfPage":{"@id":"https:\/\/sollen-design.com\/produit\/canape-nuage\/#primaryimage"},"image":{"@id":"https:\/\/sollen-design.com\/produit\/canape-nuage\/#primaryimage"},"thumbnailUrl":"https:\/\/sollen-design.com\/wp-content\/uploads\/canape-1-scaled.png","datePublished":"2023-03-15T10:39:04+00:00","dateModified":"2026-01-30T10:33:12+00:00","description":"Voluptueux, g\u00e9n\u00e9reux et a\u00e9rien, le canap\u00e9 NUAGE associe parfaitement un confort d'exception \u00e0 un design unique. Un Must-Have dans vos int\u00e9rieurs.","breadcrumb":{"@id":"https:\/\/sollen-design.com\/produit\/canape-nuage\/#breadcrumb"},"inLanguage":"fr-FR","potentialAction":[{"@type":"ReadAction","target":["https:\/\/sollen-design.com\/produit\/canape-nuage\/"]}]},{"@type":"ImageObject","inLanguage":"fr-FR","@id":"https:\/\/sollen-design.com\/produit\/canape-nuage\/#primaryimage","url":"https:\/\/sollen-design.com\/wp-content\/uploads\/canape-1-scaled.png","contentUrl":"https:\/\/sollen-design.com\/wp-content\/uploads\/canape-1-scaled.png","width":2560,"height":2560},{"@type":"BreadcrumbList","@id":"https:\/\/sollen-design.com\/produit\/canape-nuage\/#breadcrumb","itemListElement":[{"@type":"ListItem","position":1,"name":"Accueil","item":"https:\/\/sollen-design.com\/fr\/"},{"@type":"ListItem","position":2,"name":"Catalogue","item":"https:\/\/sollen-design.com\/en\/catalog\/"},{"@type":"ListItem","position":3,"name":"Canap\u00e9 Ouranos"}]},{"@type":"WebSite","@id":"https:\/\/sollen-design.com\/fr\/#website","url":"https:\/\/sollen-design.com\/fr\/","name":"SOLLEN","description":"Maison d&#039;\u00e9dition de mobilier design","publisher":{"@id":"https:\/\/sollen-design.com\/fr\/#organization"},"potentialAction":[{"@type":"SearchAction","target":{"@type":"EntryPoint","urlTemplate":"https:\/\/sollen-design.com\/fr\/?s={search_term_string}"},"query-input":{"@type":"PropertyValueSpecification","valueRequired":true,"valueName":"search_term_string"}}],"inLanguage":"fr-FR"},{"@type":"Organization","@id":"https:\/\/sollen-design.com\/fr\/#organization","name":"SOLLEN","url":"https:\/\/sollen-design.com\/fr\/","logo":{"@type":"ImageObject","inLanguage":"fr-FR","@id":"https:\/\/sollen-design.com\/fr\/#\/schema\/logo\/image\/","url":"https:\/\/sollen-design.com\/wp-content\/uploads\/2021\/10\/LOGO_RVB_NOIR_130px.png","contentUrl":"https:\/\/sollen-design.com\/wp-content\/uploads\/2021\/10\/LOGO_RVB_NOIR_130px.png","width":130,"height":39,"caption":"SOLLEN"},"image":{"@id":"https:\/\/sollen-design.com\/fr\/#\/schema\/logo\/image\/"},"sameAs":["https:\/\/www.facebook.com\/sollendesign\/","https:\/\/www.instagram.com\/sollendesign\/","https:\/\/www.linkedin.com\/company\/sollendesign\/","https:\/\/www.pinterest.fr\/sollendesign\/"]}]}},"_links":{"self":[{"href":"https:\/\/sollen-design.com\/fr\/wp-json\/wp\/v2\/product\/15621","targetHints":{"allow":["GET"]}}],"collection":[{"href":"https:\/\/sollen-design.com\/fr\/wp-json\/wp\/v2\/product"}],"about":[{"href":"https:\/\/sollen-design.com\/fr\/wp-json\/wp\/v2\/types\/product"}],"replies":[{"embeddable":true,"href":"https:\/\/sollen-design.com\/fr\/wp-json\/wp\/v2\/comments?post=15621"}],"wp:featuredmedia":[{"embeddable":true,"href":"https:\/\/sollen-design.com\/fr\/wp-json\/wp\/v2\/media\/19131"}],"wp:attachment":[{"href":"https:\/\/sollen-design.com\/fr\/wp-json\/wp\/v2\/media?parent=15621"}],"wp:term":[{"taxonomy":"product_brand","embeddable":true,"href":"https:\/\/sollen-design.com\/fr\/wp-json\/wp\/v2\/product_brand?post=15621"},{"taxonomy":"product_cat","embeddable":true,"href":"https:\/\/sollen-design.com\/fr\/wp-json\/wp\/v2\/product_cat?post=15621"},{"taxonomy":"product_tag","embeddable":true,"href":"https:\/\/sollen-design.com\/fr\/wp-json\/wp\/v2\/product_tag?post=15621"}],"curies":[{"name":"wp","href":"https:\/\/api.w.org\/{rel}","templated":true}]}}