{"id":11760,"date":"2022-09-08T16:31:50","date_gmt":"2022-09-08T14:31:50","guid":{"rendered":"https:\/\/sollen-design.com\/?post_type=product&#038;p=11760"},"modified":"2026-01-30T11:36:25","modified_gmt":"2026-01-30T10:36:25","slug":"les-coussins-rectangulaires-monotwo","status":"publish","type":"product","link":"https:\/\/sollen-design.com\/fr\/produit\/les-coussins-rectangulaires-monotwo\/","title":{"rendered":"Coussin MONOTWO"},"content":{"rendered":"<p>La famille SOLLEN s\u2019agrandit avec cette collection de coussins griff\u00e9e du monogramme de la marque. Un design singulier o\u00f9 les lettres s\u2019entrelacent harmonieusement pour former un sceau graphique et sophistiqu\u00e9.<\/p>\n<p><span class=\"fontstyle0\">Innovation et savoir-faire sont les ma\u00eetres mots de l&rsquo;esprit SOLLEN. Pour notre premi\u00e8re gamme de coussins, c&rsquo;est sur le Pays basque que s&rsquo;est pos\u00e9 notre regard. En utilisant la laine des moutons Manex, SOLLEN poursuit son engagement dans la valorisation d&rsquo;une mati\u00e8re premi\u00e8re naturelle, locale et durable.<\/span><\/p>\n<p><span class=\"fontstyle0\">Garniture en laine de moutons Manex du Pays basque.<br \/>\nHousse de coussin \u00e0 l&rsquo;\u00e9ffet velours ultra doux au toucher (100% pes, 380 gr\/m2). <em>Fermeture invisible.<\/em><\/span><\/p>\n<p>Lieu de production :\u00a0Nouvelle-Aquitaine, France<\/p>\n","protected":false},"excerpt":{"rendered":"<p>La famille SOLLEN s\u2019agrandit avec cette collection de coussins griff\u00e9e du monogramme de la marque. Un design singulier o\u00f9 les lettres s\u2019entrelacent harmonieusement pour former un sceau graphique et sophistiqu\u00e9. Innovation et savoir-faire sont les ma\u00eetres mots de l&rsquo;esprit SOLLEN. Pour notre premi\u00e8re gamme de coussins, c&rsquo;est sur le Pays basque que s&rsquo;est pos\u00e9 notre [&hellip;]<\/p>\n","protected":false},"featured_media":20010,"comment_status":"open","ping_status":"closed","template":"","meta":[],"product_brand":[],"product_cat":[67],"product_tag":[],"class_list":{"0":"post-11760","1":"product","2":"type-product","3":"status-publish","4":"has-post-thumbnail","6":"product_cat-textile","8":"first","9":"instock","10":"taxable","11":"shipping-taxable","12":"purchasable","13":"product-type-variable","14":"has-default-attributes","15":"rtwpvs-product"},"yoast_head":"<!-- This site is optimized with the Yoast SEO plugin v27.3 - https:\/\/yoast.com\/product\/yoast-seo-wordpress\/ -->\n<title>SOLLEN - Coussin MONOTWO<\/title>\n<meta name=\"description\" content=\"Une collection de coussin griff\u00e9 du monogramme SOLLEN, fabriqu\u00e9 en France avec une garniture de laine de mouton Manex du pays-Basque.\" \/>\n<meta name=\"robots\" content=\"index, follow, max-snippet:-1, max-image-preview:large, max-video-preview:-1\" \/>\n<link rel=\"canonical\" href=\"https:\/\/sollen-design.com\/fr\/produit\/les-coussins-rectangulaires-monotwo\/\" \/>\n<meta property=\"og:locale\" content=\"fr_FR\" \/>\n<meta property=\"og:type\" content=\"article\" \/>\n<meta property=\"og:title\" content=\"SOLLEN - Coussin MONOTWO\" \/>\n<meta property=\"og:description\" content=\"Une collection de coussin griff\u00e9 du monogramme SOLLEN, fabriqu\u00e9 en France avec une garniture de laine de mouton Manex du pays-Basque.\" \/>\n<meta property=\"og:url\" content=\"https:\/\/sollen-design.com\/fr\/produit\/les-coussins-rectangulaires-monotwo\/\" \/>\n<meta property=\"og:site_name\" content=\"SOLLEN\" \/>\n<meta property=\"article:publisher\" content=\"https:\/\/www.facebook.com\/sollendesign\/\" \/>\n<meta property=\"article:modified_time\" content=\"2026-01-30T10:36:25+00:00\" \/>\n<meta property=\"og:image\" content=\"https:\/\/sollen-design.com\/wp-content\/uploads\/coussin-monotwo-face-1-scaled.png\" \/>\n\t<meta property=\"og:image:width\" content=\"2560\" \/>\n\t<meta property=\"og:image:height\" content=\"2560\" \/>\n\t<meta property=\"og:image:type\" content=\"image\/png\" \/>\n<meta name=\"twitter:card\" content=\"summary_large_image\" \/>\n<meta name=\"twitter:label1\" content=\"Dur\u00e9e de lecture estim\u00e9e\" \/>\n\t<meta name=\"twitter:data1\" content=\"3 minutes\" \/>\n<script type=\"application\/ld+json\" class=\"yoast-schema-graph\">{\"@context\":\"https:\\\/\\\/schema.org\",\"@graph\":[{\"@type\":\"WebPage\",\"@id\":\"https:\\\/\\\/sollen-design.com\\\/produit\\\/les-coussins-rectangulaires-monotwo\\\/\",\"url\":\"https:\\\/\\\/sollen-design.com\\\/produit\\\/les-coussins-rectangulaires-monotwo\\\/\",\"name\":\"SOLLEN - Coussin MONOTWO\",\"isPartOf\":{\"@id\":\"https:\\\/\\\/sollen-design.com\\\/fr\\\/#website\"},\"primaryImageOfPage\":{\"@id\":\"https:\\\/\\\/sollen-design.com\\\/produit\\\/les-coussins-rectangulaires-monotwo\\\/#primaryimage\"},\"image\":{\"@id\":\"https:\\\/\\\/sollen-design.com\\\/produit\\\/les-coussins-rectangulaires-monotwo\\\/#primaryimage\"},\"thumbnailUrl\":\"https:\\\/\\\/sollen-design.com\\\/wp-content\\\/uploads\\\/coussin-monotwo-face-1-scaled.png\",\"datePublished\":\"2022-09-08T14:31:50+00:00\",\"dateModified\":\"2026-01-30T10:36:25+00:00\",\"description\":\"Une collection de coussin griff\u00e9 du monogramme SOLLEN, fabriqu\u00e9 en France avec une garniture de laine de mouton Manex du pays-Basque.\",\"breadcrumb\":{\"@id\":\"https:\\\/\\\/sollen-design.com\\\/produit\\\/les-coussins-rectangulaires-monotwo\\\/#breadcrumb\"},\"inLanguage\":\"fr-FR\",\"potentialAction\":[{\"@type\":\"ReadAction\",\"target\":[\"https:\\\/\\\/sollen-design.com\\\/produit\\\/les-coussins-rectangulaires-monotwo\\\/\"]}]},{\"@type\":\"ImageObject\",\"inLanguage\":\"fr-FR\",\"@id\":\"https:\\\/\\\/sollen-design.com\\\/produit\\\/les-coussins-rectangulaires-monotwo\\\/#primaryimage\",\"url\":\"https:\\\/\\\/sollen-design.com\\\/wp-content\\\/uploads\\\/coussin-monotwo-face-1-scaled.png\",\"contentUrl\":\"https:\\\/\\\/sollen-design.com\\\/wp-content\\\/uploads\\\/coussin-monotwo-face-1-scaled.png\",\"width\":2560,\"height\":2560},{\"@type\":\"BreadcrumbList\",\"@id\":\"https:\\\/\\\/sollen-design.com\\\/produit\\\/les-coussins-rectangulaires-monotwo\\\/#breadcrumb\",\"itemListElement\":[{\"@type\":\"ListItem\",\"position\":1,\"name\":\"Accueil\",\"item\":\"https:\\\/\\\/sollen-design.com\\\/fr\\\/\"},{\"@type\":\"ListItem\",\"position\":2,\"name\":\"Catalogue\",\"item\":\"https:\\\/\\\/sollen-design.com\\\/en\\\/catalog\\\/\"},{\"@type\":\"ListItem\",\"position\":3,\"name\":\"Coussin MONOTWO\"}]},{\"@type\":\"WebSite\",\"@id\":\"https:\\\/\\\/sollen-design.com\\\/fr\\\/#website\",\"url\":\"https:\\\/\\\/sollen-design.com\\\/fr\\\/\",\"name\":\"SOLLEN\",\"description\":\"Maison d&#039;\u00e9dition de mobilier design\",\"publisher\":{\"@id\":\"https:\\\/\\\/sollen-design.com\\\/fr\\\/#organization\"},\"potentialAction\":[{\"@type\":\"SearchAction\",\"target\":{\"@type\":\"EntryPoint\",\"urlTemplate\":\"https:\\\/\\\/sollen-design.com\\\/fr\\\/?s={search_term_string}\"},\"query-input\":{\"@type\":\"PropertyValueSpecification\",\"valueRequired\":true,\"valueName\":\"search_term_string\"}}],\"inLanguage\":\"fr-FR\"},{\"@type\":\"Organization\",\"@id\":\"https:\\\/\\\/sollen-design.com\\\/fr\\\/#organization\",\"name\":\"SOLLEN\",\"url\":\"https:\\\/\\\/sollen-design.com\\\/fr\\\/\",\"logo\":{\"@type\":\"ImageObject\",\"inLanguage\":\"fr-FR\",\"@id\":\"https:\\\/\\\/sollen-design.com\\\/fr\\\/#\\\/schema\\\/logo\\\/image\\\/\",\"url\":\"https:\\\/\\\/sollen-design.com\\\/wp-content\\\/uploads\\\/2021\\\/10\\\/LOGO_RVB_NOIR_130px.png\",\"contentUrl\":\"https:\\\/\\\/sollen-design.com\\\/wp-content\\\/uploads\\\/2021\\\/10\\\/LOGO_RVB_NOIR_130px.png\",\"width\":130,\"height\":39,\"caption\":\"SOLLEN\"},\"image\":{\"@id\":\"https:\\\/\\\/sollen-design.com\\\/fr\\\/#\\\/schema\\\/logo\\\/image\\\/\"},\"sameAs\":[\"https:\\\/\\\/www.facebook.com\\\/sollendesign\\\/\",\"https:\\\/\\\/www.instagram.com\\\/sollendesign\\\/\",\"https:\\\/\\\/www.linkedin.com\\\/company\\\/sollendesign\\\/\",\"https:\\\/\\\/www.pinterest.fr\\\/sollendesign\\\/\"]}]}<\/script>\n<!-- \/ Yoast SEO plugin. -->","yoast_head_json":{"title":"SOLLEN - Coussin MONOTWO","description":"Une collection de coussin griff\u00e9 du monogramme SOLLEN, fabriqu\u00e9 en France avec une garniture de laine de mouton Manex du pays-Basque.","robots":{"index":"index","follow":"follow","max-snippet":"max-snippet:-1","max-image-preview":"max-image-preview:large","max-video-preview":"max-video-preview:-1"},"canonical":"https:\/\/sollen-design.com\/fr\/produit\/les-coussins-rectangulaires-monotwo\/","og_locale":"fr_FR","og_type":"article","og_title":"SOLLEN - Coussin MONOTWO","og_description":"Une collection de coussin griff\u00e9 du monogramme SOLLEN, fabriqu\u00e9 en France avec une garniture de laine de mouton Manex du pays-Basque.","og_url":"https:\/\/sollen-design.com\/fr\/produit\/les-coussins-rectangulaires-monotwo\/","og_site_name":"SOLLEN","article_publisher":"https:\/\/www.facebook.com\/sollendesign\/","article_modified_time":"2026-01-30T10:36:25+00:00","og_image":[{"width":2560,"height":2560,"url":"https:\/\/sollen-design.com\/wp-content\/uploads\/coussin-monotwo-face-1-scaled.png","type":"image\/png"}],"twitter_card":"summary_large_image","twitter_misc":{"Dur\u00e9e de lecture estim\u00e9e":"3 minutes"},"schema":{"@context":"https:\/\/schema.org","@graph":[{"@type":"WebPage","@id":"https:\/\/sollen-design.com\/produit\/les-coussins-rectangulaires-monotwo\/","url":"https:\/\/sollen-design.com\/produit\/les-coussins-rectangulaires-monotwo\/","name":"SOLLEN - Coussin MONOTWO","isPartOf":{"@id":"https:\/\/sollen-design.com\/fr\/#website"},"primaryImageOfPage":{"@id":"https:\/\/sollen-design.com\/produit\/les-coussins-rectangulaires-monotwo\/#primaryimage"},"image":{"@id":"https:\/\/sollen-design.com\/produit\/les-coussins-rectangulaires-monotwo\/#primaryimage"},"thumbnailUrl":"https:\/\/sollen-design.com\/wp-content\/uploads\/coussin-monotwo-face-1-scaled.png","datePublished":"2022-09-08T14:31:50+00:00","dateModified":"2026-01-30T10:36:25+00:00","description":"Une collection de coussin griff\u00e9 du monogramme SOLLEN, fabriqu\u00e9 en France avec une garniture de laine de mouton Manex du pays-Basque.","breadcrumb":{"@id":"https:\/\/sollen-design.com\/produit\/les-coussins-rectangulaires-monotwo\/#breadcrumb"},"inLanguage":"fr-FR","potentialAction":[{"@type":"ReadAction","target":["https:\/\/sollen-design.com\/produit\/les-coussins-rectangulaires-monotwo\/"]}]},{"@type":"ImageObject","inLanguage":"fr-FR","@id":"https:\/\/sollen-design.com\/produit\/les-coussins-rectangulaires-monotwo\/#primaryimage","url":"https:\/\/sollen-design.com\/wp-content\/uploads\/coussin-monotwo-face-1-scaled.png","contentUrl":"https:\/\/sollen-design.com\/wp-content\/uploads\/coussin-monotwo-face-1-scaled.png","width":2560,"height":2560},{"@type":"BreadcrumbList","@id":"https:\/\/sollen-design.com\/produit\/les-coussins-rectangulaires-monotwo\/#breadcrumb","itemListElement":[{"@type":"ListItem","position":1,"name":"Accueil","item":"https:\/\/sollen-design.com\/fr\/"},{"@type":"ListItem","position":2,"name":"Catalogue","item":"https:\/\/sollen-design.com\/en\/catalog\/"},{"@type":"ListItem","position":3,"name":"Coussin MONOTWO"}]},{"@type":"WebSite","@id":"https:\/\/sollen-design.com\/fr\/#website","url":"https:\/\/sollen-design.com\/fr\/","name":"SOLLEN","description":"Maison d&#039;\u00e9dition de mobilier design","publisher":{"@id":"https:\/\/sollen-design.com\/fr\/#organization"},"potentialAction":[{"@type":"SearchAction","target":{"@type":"EntryPoint","urlTemplate":"https:\/\/sollen-design.com\/fr\/?s={search_term_string}"},"query-input":{"@type":"PropertyValueSpecification","valueRequired":true,"valueName":"search_term_string"}}],"inLanguage":"fr-FR"},{"@type":"Organization","@id":"https:\/\/sollen-design.com\/fr\/#organization","name":"SOLLEN","url":"https:\/\/sollen-design.com\/fr\/","logo":{"@type":"ImageObject","inLanguage":"fr-FR","@id":"https:\/\/sollen-design.com\/fr\/#\/schema\/logo\/image\/","url":"https:\/\/sollen-design.com\/wp-content\/uploads\/2021\/10\/LOGO_RVB_NOIR_130px.png","contentUrl":"https:\/\/sollen-design.com\/wp-content\/uploads\/2021\/10\/LOGO_RVB_NOIR_130px.png","width":130,"height":39,"caption":"SOLLEN"},"image":{"@id":"https:\/\/sollen-design.com\/fr\/#\/schema\/logo\/image\/"},"sameAs":["https:\/\/www.facebook.com\/sollendesign\/","https:\/\/www.instagram.com\/sollendesign\/","https:\/\/www.linkedin.com\/company\/sollendesign\/","https:\/\/www.pinterest.fr\/sollendesign\/"]}]}},"_links":{"self":[{"href":"https:\/\/sollen-design.com\/fr\/wp-json\/wp\/v2\/product\/11760","targetHints":{"allow":["GET"]}}],"collection":[{"href":"https:\/\/sollen-design.com\/fr\/wp-json\/wp\/v2\/product"}],"about":[{"href":"https:\/\/sollen-design.com\/fr\/wp-json\/wp\/v2\/types\/product"}],"replies":[{"embeddable":true,"href":"https:\/\/sollen-design.com\/fr\/wp-json\/wp\/v2\/comments?post=11760"}],"wp:featuredmedia":[{"embeddable":true,"href":"https:\/\/sollen-design.com\/fr\/wp-json\/wp\/v2\/media\/20010"}],"wp:attachment":[{"href":"https:\/\/sollen-design.com\/fr\/wp-json\/wp\/v2\/media?parent=11760"}],"wp:term":[{"taxonomy":"product_brand","embeddable":true,"href":"https:\/\/sollen-design.com\/fr\/wp-json\/wp\/v2\/product_brand?post=11760"},{"taxonomy":"product_cat","embeddable":true,"href":"https:\/\/sollen-design.com\/fr\/wp-json\/wp\/v2\/product_cat?post=11760"},{"taxonomy":"product_tag","embeddable":true,"href":"https:\/\/sollen-design.com\/fr\/wp-json\/wp\/v2\/product_tag?post=11760"}],"curies":[{"name":"wp","href":"https:\/\/api.w.org\/{rel}","templated":true}]}}