{"id":8472,"date":"2022-02-04T09:48:35","date_gmt":"2022-02-04T08:48:35","guid":{"rendered":"https:\/\/sollen-design.com\/?page_id=8472"},"modified":"2022-10-26T09:48:21","modified_gmt":"2022-10-26T07:48:21","slug":"formulaire-demande-echantillons-tissus","status":"publish","type":"page","link":"https:\/\/sollen-design.com\/fr\/formulaire-demande-echantillons-tissus\/","title":{"rendered":"Formulaire demande d&rsquo;\u00e9chantillon"},"content":{"rendered":"\t\t<div data-elementor-type=\"wp-page\" data-elementor-id=\"8472\" class=\"elementor elementor-8472\" data-elementor-post-type=\"page\">\n\t\t\t\t\t\t<section class=\"elementor-section elementor-top-section elementor-element elementor-element-5304165 elementor-section-boxed elementor-section-height-default elementor-section-height-default\" data-id=\"5304165\" data-element_type=\"section\" data-e-type=\"section\">\n\t\t\t\t\t\t<div class=\"elementor-container elementor-column-gap-default\">\n\t\t\t\t\t<div class=\"elementor-column elementor-col-100 elementor-top-column elementor-element elementor-element-7374a24\" data-id=\"7374a24\" data-element_type=\"column\" data-e-type=\"column\">\n\t\t\t<div class=\"elementor-widget-wrap elementor-element-populated\">\n\t\t\t\t\t\t<div class=\"elementor-element elementor-element-654a2cb elementor-widget elementor-widget-text-editor\" data-id=\"654a2cb\" data-element_type=\"widget\" data-e-type=\"widget\" data-widget_type=\"text-editor.default\">\n\t\t\t\t<div class=\"elementor-widget-container\">\n\t\t\t\t\t\t\t\t\t<p>Compl\u00e9tez le formulaire ci-dessous pour <strong>recevoir gratuitement un ou plusieurs \u00e9chantillons de tissus<\/strong> composant nos produits.<\/p>\t\t\t\t\t\t\t\t<\/div>\n\t\t\t\t<\/div>\n\t\t\t\t<div class=\"elementor-element elementor-element-22e52ce elementor-widget elementor-widget-spacer\" data-id=\"22e52ce\" data-element_type=\"widget\" data-e-type=\"widget\" data-widget_type=\"spacer.default\">\n\t\t\t\t<div class=\"elementor-widget-container\">\n\t\t\t\t\t\t\t<div class=\"elementor-spacer\">\n\t\t\t<div class=\"elementor-spacer-inner\"><\/div>\n\t\t<\/div>\n\t\t\t\t\t\t<\/div>\n\t\t\t\t<\/div>\n\t\t\t\t<div class=\"elementor-element elementor-element-2a69481 sollen-nodecoration elementor-button-align-stretch elementor-widget elementor-widget-form\" data-id=\"2a69481\" data-element_type=\"widget\" data-e-type=\"widget\" data-settings=\"{&quot;step_next_label&quot;:&quot;Suivant&quot;,&quot;step_previous_label&quot;:&quot;Pr\\u00e9c\\u00e9dent&quot;,&quot;button_width&quot;:&quot;100&quot;,&quot;step_type&quot;:&quot;number_text&quot;,&quot;step_icon_shape&quot;:&quot;circle&quot;}\" data-widget_type=\"form.default\">\n\t\t\t\t<div class=\"elementor-widget-container\">\n\t\t\t\t\t\t\t<form class=\"elementor-form\" method=\"post\" name=\"Formulaire demande d&#039;\u00e9chantillon.\" aria-label=\"Formulaire demande d&#039;\u00e9chantillon.\">\n\t\t\t<input type=\"hidden\" name=\"post_id\" value=\"8472\"\/>\n\t\t\t<input type=\"hidden\" name=\"form_id\" value=\"2a69481\"\/>\n\t\t\t<input type=\"hidden\" name=\"referer_title\" value=\"SOLLEN - Formulaire demande d&#039;\u00e9chantillon\" \/>\n\n\t\t\t\t\t\t\t<input type=\"hidden\" name=\"queried_id\" value=\"8472\"\/>\n\t\t\t\n\t\t\t<div class=\"elementor-form-fields-wrapper elementor-labels-above\">\n\t\t\t\t\t\t\t\t<div class=\"elementor-field-type-text elementor-field-group elementor-column elementor-field-group-name elementor-col-50 elementor-field-required elementor-mark-required\">\n\t\t\t\t\t\t\t\t\t\t\t\t<label for=\"form-field-name\" class=\"elementor-field-label\">\n\t\t\t\t\t\t\t\tNom de la gamme - Echantillon n\u00b01\t\t\t\t\t\t\t<\/label>\n\t\t\t\t\t\t\t\t\t\t\t\t\t\t<input size=\"1\" type=\"text\" name=\"form_fields[name]\" id=\"form-field-name\" class=\"elementor-field elementor-size-sm  elementor-field-textual\" required=\"required\">\n\t\t\t\t\t\t\t\t\t\t\t<\/div>\n\t\t\t\t\t\t\t\t<div class=\"elementor-field-type-text elementor-field-group elementor-column elementor-field-group-field_896afcb elementor-col-50\">\n\t\t\t\t\t\t\t\t\t\t\t\t<label for=\"form-field-field_896afcb\" class=\"elementor-field-label\">\n\t\t\t\t\t\t\t\tNom de la gamme - Echantillon n\u00b02\t\t\t\t\t\t\t<\/label>\n\t\t\t\t\t\t\t\t\t\t\t\t\t\t<input size=\"1\" type=\"text\" name=\"form_fields[field_896afcb]\" id=\"form-field-field_896afcb\" class=\"elementor-field elementor-size-sm  elementor-field-textual\">\n\t\t\t\t\t\t\t\t\t\t\t<\/div>\n\t\t\t\t\t\t\t\t<div class=\"elementor-field-type-text elementor-field-group elementor-column elementor-field-group-field_1929870 elementor-col-50\">\n\t\t\t\t\t\t\t\t\t\t\t\t<label for=\"form-field-field_1929870\" class=\"elementor-field-label\">\n\t\t\t\t\t\t\t\tNom de la gamme - Echantillon n\u00b03\t\t\t\t\t\t\t<\/label>\n\t\t\t\t\t\t\t\t\t\t\t\t\t\t<input size=\"1\" type=\"text\" name=\"form_fields[field_1929870]\" id=\"form-field-field_1929870\" class=\"elementor-field elementor-size-sm  elementor-field-textual\">\n\t\t\t\t\t\t\t\t\t\t\t<\/div>\n\t\t\t\t\t\t\t\t<div class=\"elementor-field-type-text elementor-field-group elementor-column elementor-field-group-field_0a17a4b elementor-col-50\">\n\t\t\t\t\t\t\t\t\t\t\t\t<label for=\"form-field-field_0a17a4b\" class=\"elementor-field-label\">\n\t\t\t\t\t\t\t\tNom de la gamme - Echantillon n\u00b04\t\t\t\t\t\t\t<\/label>\n\t\t\t\t\t\t\t\t\t\t\t\t\t\t<input size=\"1\" type=\"text\" name=\"form_fields[field_0a17a4b]\" id=\"form-field-field_0a17a4b\" class=\"elementor-field elementor-size-sm  elementor-field-textual\">\n\t\t\t\t\t\t\t\t\t\t\t<\/div>\n\t\t\t\t\t\t\t\t<div class=\"elementor-field-type-text elementor-field-group elementor-column elementor-field-group-field_eda514f elementor-col-50 elementor-field-required elementor-mark-required\">\n\t\t\t\t\t\t\t\t\t\t\t\t<label for=\"form-field-field_eda514f\" class=\"elementor-field-label\">\n\t\t\t\t\t\t\t\tNom\t\t\t\t\t\t\t<\/label>\n\t\t\t\t\t\t\t\t\t\t\t\t\t\t<input size=\"1\" type=\"text\" name=\"form_fields[field_eda514f]\" id=\"form-field-field_eda514f\" class=\"elementor-field elementor-size-sm  elementor-field-textual\" required=\"required\">\n\t\t\t\t\t\t\t\t\t\t\t<\/div>\n\t\t\t\t\t\t\t\t<div class=\"elementor-field-type-text elementor-field-group elementor-column elementor-field-group-field_2616448 elementor-col-50 elementor-field-required elementor-mark-required\">\n\t\t\t\t\t\t\t\t\t\t\t\t<label for=\"form-field-field_2616448\" class=\"elementor-field-label\">\n\t\t\t\t\t\t\t\tPr\u00e9nom\t\t\t\t\t\t\t<\/label>\n\t\t\t\t\t\t\t\t\t\t\t\t\t\t<input size=\"1\" type=\"text\" name=\"form_fields[field_2616448]\" id=\"form-field-field_2616448\" class=\"elementor-field elementor-size-sm  elementor-field-textual\" required=\"required\">\n\t\t\t\t\t\t\t\t\t\t\t<\/div>\n\t\t\t\t\t\t\t\t<div class=\"elementor-field-type-text elementor-field-group elementor-column elementor-field-group-field_7692ef7 elementor-col-100 elementor-field-required elementor-mark-required\">\n\t\t\t\t\t\t\t\t\t\t\t\t<label for=\"form-field-field_7692ef7\" class=\"elementor-field-label\">\n\t\t\t\t\t\t\t\tAdresse\t\t\t\t\t\t\t<\/label>\n\t\t\t\t\t\t\t\t\t\t\t\t\t\t<input size=\"1\" type=\"text\" name=\"form_fields[field_7692ef7]\" id=\"form-field-field_7692ef7\" class=\"elementor-field elementor-size-sm  elementor-field-textual\" required=\"required\">\n\t\t\t\t\t\t\t\t\t\t\t<\/div>\n\t\t\t\t\t\t\t\t<div class=\"elementor-field-type-text elementor-field-group elementor-column elementor-field-group-field_02b0f24 elementor-col-100 elementor-field-required elementor-mark-required\">\n\t\t\t\t\t\t\t\t\t\t\t\t<label for=\"form-field-field_02b0f24\" class=\"elementor-field-label\">\n\t\t\t\t\t\t\t\tVille\t\t\t\t\t\t\t<\/label>\n\t\t\t\t\t\t\t\t\t\t\t\t\t\t<input size=\"1\" type=\"text\" name=\"form_fields[field_02b0f24]\" id=\"form-field-field_02b0f24\" class=\"elementor-field elementor-size-sm  elementor-field-textual\" required=\"required\">\n\t\t\t\t\t\t\t\t\t\t\t<\/div>\n\t\t\t\t\t\t\t\t<div class=\"elementor-field-type-text elementor-field-group elementor-column elementor-field-group-field_67d1be6 elementor-col-100 elementor-field-required elementor-mark-required\">\n\t\t\t\t\t\t\t\t\t\t\t\t<label for=\"form-field-field_67d1be6\" class=\"elementor-field-label\">\n\t\t\t\t\t\t\t\tCode postal\t\t\t\t\t\t\t<\/label>\n\t\t\t\t\t\t\t\t\t\t\t\t\t\t<input size=\"1\" type=\"text\" name=\"form_fields[field_67d1be6]\" id=\"form-field-field_67d1be6\" class=\"elementor-field elementor-size-sm  elementor-field-textual\" required=\"required\">\n\t\t\t\t\t\t\t\t\t\t\t<\/div>\n\t\t\t\t\t\t\t\t<div class=\"elementor-field-type-email elementor-field-group elementor-column elementor-field-group-email elementor-col-50 elementor-field-required elementor-mark-required\">\n\t\t\t\t\t\t\t\t\t\t\t\t<label for=\"form-field-email\" class=\"elementor-field-label\">\n\t\t\t\t\t\t\t\tAdresse e-mail\t\t\t\t\t\t\t<\/label>\n\t\t\t\t\t\t\t\t\t\t\t\t\t\t<input size=\"1\" type=\"email\" name=\"form_fields[email]\" id=\"form-field-email\" class=\"elementor-field elementor-size-sm  elementor-field-textual\" required=\"required\">\n\t\t\t\t\t\t\t\t\t\t\t<\/div>\n\t\t\t\t\t\t\t\t<div class=\"elementor-field-type-tel elementor-field-group elementor-column elementor-field-group-field_5404f20 elementor-col-50 elementor-field-required elementor-mark-required\">\n\t\t\t\t\t\t\t\t\t\t\t\t<label for=\"form-field-field_5404f20\" class=\"elementor-field-label\">\n\t\t\t\t\t\t\t\tNum\u00e9ro de t\u00e9l\u00e9phone\t\t\t\t\t\t\t<\/label>\n\t\t\t\t\t\t\t\t<input size=\"1\" type=\"tel\" name=\"form_fields[field_5404f20]\" id=\"form-field-field_5404f20\" class=\"elementor-field elementor-size-sm  elementor-field-textual\" required=\"required\" pattern=\"[0-9()#&amp;+*-=.]+\" title=\"Seuls les caract\u00e8res de num\u00e9ros de t\u00e9l\u00e9phone (#, -, *, etc.) sont accept\u00e9s.\">\n\n\t\t\t\t\t\t<\/div>\n\t\t\t\t\t\t\t\t<div class=\"elementor-field-type-text elementor-field-group elementor-column elementor-field-group-message elementor-col-100\">\n\t\t\t\t\t\t\t\t\t\t\t\t<label for=\"form-field-message\" class=\"elementor-field-label\">\n\t\t\t\t\t\t\t\tMessage\t\t\t\t\t\t\t<\/label>\n\t\t\t\t\t\t\t\t\t\t\t\t\t\t<input size=\"1\" type=\"text\" name=\"form_fields[message]\" id=\"form-field-message\" class=\"elementor-field elementor-size-sm  elementor-field-textual\" placeholder=\"N&#039;h\u00e9sitez pas si vous avez des questions compl\u00e9mentaires...\">\n\t\t\t\t\t\t\t\t\t\t\t<\/div>\n\t\t\t\t\t\t\t\t<div class=\"elementor-field-group elementor-column elementor-field-type-submit elementor-col-100 e-form__buttons\">\n\t\t\t\t\t<button class=\"elementor-button elementor-size-sm\" type=\"submit\">\n\t\t\t\t\t\t<span class=\"elementor-button-content-wrapper\">\n\t\t\t\t\t\t\t\t\t\t\t\t\t\t\t\t\t\t\t\t\t\t<span class=\"elementor-button-text\">Envoyer votre demande<\/span>\n\t\t\t\t\t\t\t\t\t\t\t\t\t<\/span>\n\t\t\t\t\t<\/button>\n\t\t\t\t<\/div>\n\t\t\t<\/div>\n\t\t<\/form>\n\t\t\t\t\t\t<\/div>\n\t\t\t\t<\/div>\n\t\t\t\t\t<\/div>\n\t\t<\/div>\n\t\t\t\t\t<\/div>\n\t\t<\/section>\n\t\t\t\t<\/div>\n\t\t","protected":false},"excerpt":{"rendered":"<p>Compl\u00e9tez le formulaire ci-dessous pour recevoir gratuitement un ou plusieurs \u00e9chantillons de tissus composant nos produits.<\/p>\n","protected":false},"author":1,"featured_media":0,"parent":0,"menu_order":0,"comment_status":"closed","ping_status":"closed","template":"","meta":{"footnotes":""},"class_list":["post-8472","page","type-page","status-publish","hentry"],"yoast_head":"<!-- This site is optimized with the Yoast SEO plugin v27.3 - https:\/\/yoast.com\/product\/yoast-seo-wordpress\/ -->\n<title>SOLLEN - Formulaire demande d&#039;\u00e9chantillon<\/title>\n<meta name=\"robots\" content=\"index, follow, max-snippet:-1, max-image-preview:large, max-video-preview:-1\" \/>\n<link rel=\"canonical\" href=\"https:\/\/sollen-design.com\/fr\/formulaire-demande-echantillons-tissus\/\" \/>\n<meta property=\"og:locale\" content=\"fr_FR\" \/>\n<meta property=\"og:type\" content=\"article\" \/>\n<meta property=\"og:title\" content=\"SOLLEN - Formulaire demande d&#039;\u00e9chantillon\" \/>\n<meta property=\"og:description\" content=\"Compl\u00e9tez le formulaire ci-dessous pour recevoir gratuitement un ou plusieurs \u00e9chantillons de tissus composant nos produits.\" \/>\n<meta property=\"og:url\" content=\"https:\/\/sollen-design.com\/fr\/formulaire-demande-echantillons-tissus\/\" \/>\n<meta property=\"og:site_name\" content=\"SOLLEN\" \/>\n<meta property=\"article:publisher\" content=\"https:\/\/www.facebook.com\/sollendesign\/\" \/>\n<meta property=\"article:modified_time\" content=\"2022-10-26T07:48:21+00:00\" \/>\n<meta property=\"og:image\" content=\"https:\/\/sollen-design.com\/wp-content\/uploads\/2021\/10\/Sans-titre-2.png\" \/>\n\t<meta property=\"og:image:width\" content=\"1620\" \/>\n\t<meta property=\"og:image:height\" content=\"1080\" \/>\n\t<meta property=\"og:image:type\" content=\"image\/png\" \/>\n<meta name=\"twitter:card\" content=\"summary_large_image\" \/>\n<meta name=\"twitter:label1\" content=\"Dur\u00e9e de lecture estim\u00e9e\" \/>\n\t<meta name=\"twitter:data1\" content=\"1 minute\" \/>\n<script type=\"application\/ld+json\" class=\"yoast-schema-graph\">{\"@context\":\"https:\\\/\\\/schema.org\",\"@graph\":[{\"@type\":\"WebPage\",\"@id\":\"https:\\\/\\\/sollen-design.com\\\/fr\\\/formulaire-demande-echantillons-tissus\\\/\",\"url\":\"https:\\\/\\\/sollen-design.com\\\/fr\\\/formulaire-demande-echantillons-tissus\\\/\",\"name\":\"SOLLEN - Formulaire demande d'\u00e9chantillon\",\"isPartOf\":{\"@id\":\"https:\\\/\\\/sollen-design.com\\\/fr\\\/#website\"},\"datePublished\":\"2022-02-04T08:48:35+00:00\",\"dateModified\":\"2022-10-26T07:48:21+00:00\",\"breadcrumb\":{\"@id\":\"https:\\\/\\\/sollen-design.com\\\/fr\\\/formulaire-demande-echantillons-tissus\\\/#breadcrumb\"},\"inLanguage\":\"fr-FR\",\"potentialAction\":[{\"@type\":\"ReadAction\",\"target\":[\"https:\\\/\\\/sollen-design.com\\\/fr\\\/formulaire-demande-echantillons-tissus\\\/\"]}]},{\"@type\":\"BreadcrumbList\",\"@id\":\"https:\\\/\\\/sollen-design.com\\\/fr\\\/formulaire-demande-echantillons-tissus\\\/#breadcrumb\",\"itemListElement\":[{\"@type\":\"ListItem\",\"position\":1,\"name\":\"Accueil\",\"item\":\"https:\\\/\\\/sollen-design.com\\\/fr\\\/\"},{\"@type\":\"ListItem\",\"position\":2,\"name\":\"Formulaire demande d&rsquo;\u00e9chantillon\"}]},{\"@type\":\"WebSite\",\"@id\":\"https:\\\/\\\/sollen-design.com\\\/fr\\\/#website\",\"url\":\"https:\\\/\\\/sollen-design.com\\\/fr\\\/\",\"name\":\"SOLLEN\",\"description\":\"Maison d&#039;\u00e9dition de mobilier design\",\"publisher\":{\"@id\":\"https:\\\/\\\/sollen-design.com\\\/fr\\\/#organization\"},\"potentialAction\":[{\"@type\":\"SearchAction\",\"target\":{\"@type\":\"EntryPoint\",\"urlTemplate\":\"https:\\\/\\\/sollen-design.com\\\/fr\\\/?s={search_term_string}\"},\"query-input\":{\"@type\":\"PropertyValueSpecification\",\"valueRequired\":true,\"valueName\":\"search_term_string\"}}],\"inLanguage\":\"fr-FR\"},{\"@type\":\"Organization\",\"@id\":\"https:\\\/\\\/sollen-design.com\\\/fr\\\/#organization\",\"name\":\"SOLLEN\",\"url\":\"https:\\\/\\\/sollen-design.com\\\/fr\\\/\",\"logo\":{\"@type\":\"ImageObject\",\"inLanguage\":\"fr-FR\",\"@id\":\"https:\\\/\\\/sollen-design.com\\\/fr\\\/#\\\/schema\\\/logo\\\/image\\\/\",\"url\":\"https:\\\/\\\/sollen-design.com\\\/wp-content\\\/uploads\\\/2021\\\/10\\\/LOGO_RVB_NOIR_130px.png\",\"contentUrl\":\"https:\\\/\\\/sollen-design.com\\\/wp-content\\\/uploads\\\/2021\\\/10\\\/LOGO_RVB_NOIR_130px.png\",\"width\":130,\"height\":39,\"caption\":\"SOLLEN\"},\"image\":{\"@id\":\"https:\\\/\\\/sollen-design.com\\\/fr\\\/#\\\/schema\\\/logo\\\/image\\\/\"},\"sameAs\":[\"https:\\\/\\\/www.facebook.com\\\/sollendesign\\\/\",\"https:\\\/\\\/www.instagram.com\\\/sollendesign\\\/\",\"https:\\\/\\\/www.linkedin.com\\\/company\\\/sollendesign\\\/\",\"https:\\\/\\\/www.pinterest.fr\\\/sollendesign\\\/\"]}]}<\/script>\n<!-- \/ Yoast SEO plugin. -->","yoast_head_json":{"title":"SOLLEN - Formulaire demande d'\u00e9chantillon","robots":{"index":"index","follow":"follow","max-snippet":"max-snippet:-1","max-image-preview":"max-image-preview:large","max-video-preview":"max-video-preview:-1"},"canonical":"https:\/\/sollen-design.com\/fr\/formulaire-demande-echantillons-tissus\/","og_locale":"fr_FR","og_type":"article","og_title":"SOLLEN - Formulaire demande d'\u00e9chantillon","og_description":"Compl\u00e9tez le formulaire ci-dessous pour recevoir gratuitement un ou plusieurs \u00e9chantillons de tissus composant nos produits.","og_url":"https:\/\/sollen-design.com\/fr\/formulaire-demande-echantillons-tissus\/","og_site_name":"SOLLEN","article_publisher":"https:\/\/www.facebook.com\/sollendesign\/","article_modified_time":"2022-10-26T07:48:21+00:00","og_image":[{"width":1620,"height":1080,"url":"https:\/\/sollen-design.com\/wp-content\/uploads\/2021\/10\/Sans-titre-2.png","type":"image\/png"}],"twitter_card":"summary_large_image","twitter_misc":{"Dur\u00e9e de lecture estim\u00e9e":"1 minute"},"schema":{"@context":"https:\/\/schema.org","@graph":[{"@type":"WebPage","@id":"https:\/\/sollen-design.com\/fr\/formulaire-demande-echantillons-tissus\/","url":"https:\/\/sollen-design.com\/fr\/formulaire-demande-echantillons-tissus\/","name":"SOLLEN - Formulaire demande d'\u00e9chantillon","isPartOf":{"@id":"https:\/\/sollen-design.com\/fr\/#website"},"datePublished":"2022-02-04T08:48:35+00:00","dateModified":"2022-10-26T07:48:21+00:00","breadcrumb":{"@id":"https:\/\/sollen-design.com\/fr\/formulaire-demande-echantillons-tissus\/#breadcrumb"},"inLanguage":"fr-FR","potentialAction":[{"@type":"ReadAction","target":["https:\/\/sollen-design.com\/fr\/formulaire-demande-echantillons-tissus\/"]}]},{"@type":"BreadcrumbList","@id":"https:\/\/sollen-design.com\/fr\/formulaire-demande-echantillons-tissus\/#breadcrumb","itemListElement":[{"@type":"ListItem","position":1,"name":"Accueil","item":"https:\/\/sollen-design.com\/fr\/"},{"@type":"ListItem","position":2,"name":"Formulaire demande d&rsquo;\u00e9chantillon"}]},{"@type":"WebSite","@id":"https:\/\/sollen-design.com\/fr\/#website","url":"https:\/\/sollen-design.com\/fr\/","name":"SOLLEN","description":"Maison d&#039;\u00e9dition de mobilier design","publisher":{"@id":"https:\/\/sollen-design.com\/fr\/#organization"},"potentialAction":[{"@type":"SearchAction","target":{"@type":"EntryPoint","urlTemplate":"https:\/\/sollen-design.com\/fr\/?s={search_term_string}"},"query-input":{"@type":"PropertyValueSpecification","valueRequired":true,"valueName":"search_term_string"}}],"inLanguage":"fr-FR"},{"@type":"Organization","@id":"https:\/\/sollen-design.com\/fr\/#organization","name":"SOLLEN","url":"https:\/\/sollen-design.com\/fr\/","logo":{"@type":"ImageObject","inLanguage":"fr-FR","@id":"https:\/\/sollen-design.com\/fr\/#\/schema\/logo\/image\/","url":"https:\/\/sollen-design.com\/wp-content\/uploads\/2021\/10\/LOGO_RVB_NOIR_130px.png","contentUrl":"https:\/\/sollen-design.com\/wp-content\/uploads\/2021\/10\/LOGO_RVB_NOIR_130px.png","width":130,"height":39,"caption":"SOLLEN"},"image":{"@id":"https:\/\/sollen-design.com\/fr\/#\/schema\/logo\/image\/"},"sameAs":["https:\/\/www.facebook.com\/sollendesign\/","https:\/\/www.instagram.com\/sollendesign\/","https:\/\/www.linkedin.com\/company\/sollendesign\/","https:\/\/www.pinterest.fr\/sollendesign\/"]}]}},"_links":{"self":[{"href":"https:\/\/sollen-design.com\/fr\/wp-json\/wp\/v2\/pages\/8472","targetHints":{"allow":["GET"]}}],"collection":[{"href":"https:\/\/sollen-design.com\/fr\/wp-json\/wp\/v2\/pages"}],"about":[{"href":"https:\/\/sollen-design.com\/fr\/wp-json\/wp\/v2\/types\/page"}],"author":[{"embeddable":true,"href":"https:\/\/sollen-design.com\/fr\/wp-json\/wp\/v2\/users\/1"}],"replies":[{"embeddable":true,"href":"https:\/\/sollen-design.com\/fr\/wp-json\/wp\/v2\/comments?post=8472"}],"version-history":[{"count":0,"href":"https:\/\/sollen-design.com\/fr\/wp-json\/wp\/v2\/pages\/8472\/revisions"}],"wp:attachment":[{"href":"https:\/\/sollen-design.com\/fr\/wp-json\/wp\/v2\/media?parent=8472"}],"curies":[{"name":"wp","href":"https:\/\/api.w.org\/{rel}","templated":true}]}}