{"id":8448,"date":"2022-02-04T10:09:18","date_gmt":"2022-02-04T09:09:18","guid":{"rendered":"https:\/\/sollen-design.com\/?page_id=8448"},"modified":"2023-03-16T17:02:10","modified_gmt":"2023-03-16T16:02:10","slug":"guide-entretien-fauteuil","status":"publish","type":"page","link":"https:\/\/sollen-design.com\/fr\/guide-entretien-fauteuil\/","title":{"rendered":"Guide d&rsquo;entretien."},"content":{"rendered":"\t\t<div data-elementor-type=\"wp-page\" data-elementor-id=\"8448\" class=\"elementor elementor-8448\" data-elementor-post-type=\"page\">\n\t\t\t\t\t\t<section class=\"elementor-section elementor-top-section elementor-element elementor-element-f4e37bb elementor-section-boxed elementor-section-height-default elementor-section-height-default\" data-id=\"f4e37bb\" data-element_type=\"section\" data-e-type=\"section\">\n\t\t\t\t\t\t<div class=\"elementor-container elementor-column-gap-wider\">\n\t\t\t\t\t<div class=\"elementor-column elementor-col-100 elementor-top-column elementor-element elementor-element-8dcf3f7\" data-id=\"8dcf3f7\" data-element_type=\"column\" data-e-type=\"column\">\n\t\t\t<div class=\"elementor-widget-wrap elementor-element-populated\">\n\t\t\t\t\t\t<div class=\"elementor-element elementor-element-a457d7b elementor-widget elementor-widget-heading\" data-id=\"a457d7b\" data-element_type=\"widget\" data-e-type=\"widget\" data-widget_type=\"heading.default\">\n\t\t\t\t<div class=\"elementor-widget-container\">\n\t\t\t\t\t<h2 class=\"elementor-heading-title elementor-size-default\">GUIDE D'ENTRETIEN.<\/h2>\t\t\t\t<\/div>\n\t\t\t\t<\/div>\n\t\t\t\t\t<\/div>\n\t\t<\/div>\n\t\t\t\t\t<\/div>\n\t\t<\/section>\n\t\t\t\t<section class=\"elementor-section elementor-top-section elementor-element elementor-element-cc8ae00 elementor-section-boxed elementor-section-height-default elementor-section-height-default\" data-id=\"cc8ae00\" data-element_type=\"section\" data-e-type=\"section\" data-settings=\"{&quot;background_background&quot;:&quot;classic&quot;}\">\n\t\t\t\t\t\t<div class=\"elementor-container elementor-column-gap-wider\">\n\t\t\t\t\t<div class=\"elementor-column elementor-col-100 elementor-top-column elementor-element elementor-element-6182ff8\" data-id=\"6182ff8\" data-element_type=\"column\" data-e-type=\"column\">\n\t\t\t<div class=\"elementor-widget-wrap elementor-element-populated\">\n\t\t\t\t\t\t<div class=\"elementor-element elementor-element-d4a1f15 elementor-widget elementor-widget-text-editor\" data-id=\"d4a1f15\" data-element_type=\"widget\" data-e-type=\"widget\" data-widget_type=\"text-editor.default\">\n\t\t\t\t<div class=\"elementor-widget-container\">\n\t\t\t\t\t\t\t\t\t<h3>SOLLEN s&rsquo;engage \u00e0 vous accompagner\u00a0<span style=\"background-color: var( --e-global-color-f1c9e79 );\">et vous donner\u00a0<\/span><\/h3><h3><span style=\"background-color: var( --e-global-color-f1c9e79 );\">tous les conseils n\u00e9cessaires\u00a0<\/span><span style=\"background-color: var( --e-global-color-f1c9e79 );\">pour l&rsquo;entretien de votre assise.<\/span><\/h3>\t\t\t\t\t\t\t\t<\/div>\n\t\t\t\t<\/div>\n\t\t\t\t<div class=\"elementor-element elementor-element-fb50175 elementor-widget elementor-widget-spacer\" data-id=\"fb50175\" data-element_type=\"widget\" data-e-type=\"widget\" data-widget_type=\"spacer.default\">\n\t\t\t\t<div class=\"elementor-widget-container\">\n\t\t\t\t\t\t\t<div class=\"elementor-spacer\">\n\t\t\t<div class=\"elementor-spacer-inner\"><\/div>\n\t\t<\/div>\n\t\t\t\t\t\t<\/div>\n\t\t\t\t<\/div>\n\t\t\t\t<div class=\"elementor-element elementor-element-0f9bffc elementor-widget elementor-widget-heading\" data-id=\"0f9bffc\" data-element_type=\"widget\" data-e-type=\"widget\" data-widget_type=\"heading.default\">\n\t\t\t\t<div class=\"elementor-widget-container\">\n\t\t\t\t\t<h2 class=\"elementor-heading-title elementor-size-default\">BOIS.<\/h2>\t\t\t\t<\/div>\n\t\t\t\t<\/div>\n\t\t\t\t<div class=\"elementor-element elementor-element-4a54160 elementor-widget elementor-widget-text-editor\" data-id=\"4a54160\" data-element_type=\"widget\" data-e-type=\"widget\" data-widget_type=\"text-editor.default\">\n\t\t\t\t<div class=\"elementor-widget-container\">\n\t\t\t\t\t\t\t\t\t<p>Pour en entretien quotidien, nous vous conseillons de <strong>nettoyer \u00e0 sec la structure bois de votre fauteuil.<\/strong><\/p>\t\t\t\t\t\t\t\t<\/div>\n\t\t\t\t<\/div>\n\t\t\t\t<div class=\"elementor-element elementor-element-aa13018 elementor-widget elementor-widget-spacer\" data-id=\"aa13018\" data-element_type=\"widget\" data-e-type=\"widget\" data-widget_type=\"spacer.default\">\n\t\t\t\t<div class=\"elementor-widget-container\">\n\t\t\t\t\t\t\t<div class=\"elementor-spacer\">\n\t\t\t<div class=\"elementor-spacer-inner\"><\/div>\n\t\t<\/div>\n\t\t\t\t\t\t<\/div>\n\t\t\t\t<\/div>\n\t\t\t\t<div class=\"elementor-element elementor-element-f09d95b elementor-widget elementor-widget-text-editor\" data-id=\"f09d95b\" data-element_type=\"widget\" data-e-type=\"widget\" data-widget_type=\"text-editor.default\">\n\t\t\t\t<div class=\"elementor-widget-container\">\n\t\t\t\t\t\t\t\t\t<p><strong><img fetchpriority=\"high\" decoding=\"async\" class=\"alignleft wp-image-7730\" src=\"https:\/\/sollen-design.com\/wp-content\/uploads\/2022\/01\/IMG_9274-683x1024.jpg\" alt=\"\" width=\"450\" height=\"675\" srcset=\"https:\/\/sollen-design.com\/wp-content\/uploads\/2022\/01\/IMG_9274-683x1024.jpg 683w, https:\/\/sollen-design.com\/wp-content\/uploads\/2022\/01\/IMG_9274-800x1200.jpg 800w, https:\/\/sollen-design.com\/wp-content\/uploads\/2022\/01\/IMG_9274-133x200.jpg 133w, https:\/\/sollen-design.com\/wp-content\/uploads\/2022\/01\/IMG_9274-1000x1500.jpg 1000w, https:\/\/sollen-design.com\/wp-content\/uploads\/2022\/01\/IMG_9274-200x300.jpg 200w, https:\/\/sollen-design.com\/wp-content\/uploads\/2022\/01\/IMG_9274-768x1152.jpg 768w, https:\/\/sollen-design.com\/wp-content\/uploads\/2022\/01\/IMG_9274-1024x1536.jpg 1024w, https:\/\/sollen-design.com\/wp-content\/uploads\/2022\/01\/IMG_9274-1366x2048.jpg 1366w, https:\/\/sollen-design.com\/wp-content\/uploads\/2022\/01\/IMG_9274.jpg 1667w\" sizes=\"(max-width: 450px) 100vw, 450px\" \/><\/strong><\/p><h1>GAMME NUAGE.<\/h1><h4>TISSU LAINE BOUCLETTE<\/h4><p>\u00a0<\/p><p><strong>Composition :\u00a0<\/strong><br \/>Tissu 100% en mati\u00e8re recycl\u00e9e : 94% de polyester recycl\u00e9, et 6% de coton recycl\u00e9.<\/p><p><strong>Entretien :\u00a0<br \/><\/strong>Ne r\u00e9siste pas au blanchiment, ni au chlore.<br \/>Repassage \u00e0 froid (110\u00b0), pas de vapeur.<br \/>Produits autoris\u00e9s : perchloro\u00e9thyl\u00e8ne, hydrocarbures.<\/p><p><strong>Nettoyage :\u00a0<br \/><\/strong><u>Nettoyage facile des t\u00e2ches.<\/u><\/p><p>Tout r\u00e9sidu exc\u00e9dentaire doit \u00eatre nettoy\u00e9 imm\u00e9diatement, \u00e0 l\u2019aide d\u2019un chiffon humide.<br \/>Nettoyez par la suite la t\u00e2che, avec une \u00e9ponge et de l\u2019eau (\u00e9ventuellement du savon doux, ou savon de Marseille)<br \/>Ensuite, laissez s\u00e9cher le tissu naturellement.<\/p><p>Nous vous conseillons d\u2019abord, de tester les d\u00e9tergents sur une petite zone, non-visible.<\/p><p>N\u2019essayer pas d\u2019arracher les salissures incrust\u00e9es, cela pourrait entra\u00eener une d\u00e9t\u00e9rioration des poils du tissu.<\/p><p>Toutes t\u00e2ches \u00e0 base de solvant (cigare, encre, rouge \u00e0 l\u00e8vre, vernis \u00e0 ongles\u2026) doivent \u00eatre trait\u00e9es par un professionnel.<\/p>\t\t\t\t\t\t\t\t<\/div>\n\t\t\t\t<\/div>\n\t\t\t\t<div class=\"elementor-element elementor-element-e21bf88 elementor-widget elementor-widget-spacer\" data-id=\"e21bf88\" data-element_type=\"widget\" data-e-type=\"widget\" data-widget_type=\"spacer.default\">\n\t\t\t\t<div class=\"elementor-widget-container\">\n\t\t\t\t\t\t\t<div class=\"elementor-spacer\">\n\t\t\t<div class=\"elementor-spacer-inner\"><\/div>\n\t\t<\/div>\n\t\t\t\t\t\t<\/div>\n\t\t\t\t<\/div>\n\t\t\t\t<div class=\"elementor-element elementor-element-571e01b elementor-widget elementor-widget-text-editor\" data-id=\"571e01b\" data-element_type=\"widget\" data-e-type=\"widget\" data-widget_type=\"text-editor.default\">\n\t\t\t\t<div class=\"elementor-widget-container\">\n\t\t\t\t\t\t\t\t\t<h1><img decoding=\"async\" class=\"alignright wp-image-10389\" src=\"https:\/\/sollen-design.com\/wp-content\/uploads\/2022\/04\/IMG_1525-683x1024.jpg\" alt=\"\" width=\"400\" height=\"600\" srcset=\"https:\/\/sollen-design.com\/wp-content\/uploads\/2022\/04\/IMG_1525-683x1024.jpg 683w, https:\/\/sollen-design.com\/wp-content\/uploads\/2022\/04\/IMG_1525-800x1200.jpg 800w, https:\/\/sollen-design.com\/wp-content\/uploads\/2022\/04\/IMG_1525-133x200.jpg 133w, https:\/\/sollen-design.com\/wp-content\/uploads\/2022\/04\/IMG_1525-1000x1500.jpg 1000w, https:\/\/sollen-design.com\/wp-content\/uploads\/2022\/04\/IMG_1525-200x300.jpg 200w, https:\/\/sollen-design.com\/wp-content\/uploads\/2022\/04\/IMG_1525-768x1152.jpg 768w, https:\/\/sollen-design.com\/wp-content\/uploads\/2022\/04\/IMG_1525-1024x1536.jpg 1024w, https:\/\/sollen-design.com\/wp-content\/uploads\/2022\/04\/IMG_1525.jpg 1365w\" sizes=\"(max-width: 400px) 100vw, 400px\" \/>GAMME RACINE.<\/h1><h4>TISSUS VELOURS\u00a0<\/h4><p>Aspirez r\u00e9guli\u00e8rement votre fauteuil, sans trop appuyer pour \u00e9viter de laisser des traces sur le velours qui reste un rev\u00eatement fragile. Vous pouvez \u00e9galement utiliser une brosse sp\u00e9ciale textile.\u00a0<\/p><p>L\u2019utilisation de l\u2019eau est \u00e0 \u00e9viter sur du velours. De la m\u00eame fa\u00e7on, n\u2019ayez pas recours au nettoyage vapeur, ce dernier pourrait ab\u00eemer votre fauteuil en velours. Si vous utilisez de l&rsquo;eau il faut l\u2019utiliser en petite dose, avec parcimonie, et ne pas tremper votre fauteuil, au risque d\u2019y laisser des aur\u00e9oles.<\/p><p>Si vous utilisez une technique \u00e0 base d\u2019eau pour nettoyer un fauteuil en velours, vous pourrez s\u00e9cher ce dernier \u00e0 l\u2019aide d\u2019un s\u00e8che-cheveux. Attention, il faudra envoyer de l\u2019air froid et non de l\u2019air chaud !<\/p><p>Selon le sens des poils, les traces sont in\u00e9vitables.<\/p><p>Agissez le plus t\u00f4t possible sur vos t\u00e2ches afin d\u2019\u00e9viter qu\u2019elles ne s\u2019impr\u00e8gnent.<\/p><p>Nettoyez enti\u00e8rement votre fauteuil en velours pour uniformiser la surface de votre canap\u00e9, et \u00e9viter des diff\u00e9rences de teintes, aur\u00e9oles ou autre.<\/p><p>Testez toujours la m\u00e9thode choisie sur une partie non visible du canap\u00e9 (par exemple au dos). Si la solution fonctionne, r\u00e9it\u00e9rez-la sur les t\u00e2ches puis sur l\u2019ensemble de votre canap\u00e9.<\/p>\t\t\t\t\t\t\t\t<\/div>\n\t\t\t\t<\/div>\n\t\t\t\t<div class=\"elementor-element elementor-element-7b8409c elementor-widget elementor-widget-spacer\" data-id=\"7b8409c\" data-element_type=\"widget\" data-e-type=\"widget\" data-widget_type=\"spacer.default\">\n\t\t\t\t<div class=\"elementor-widget-container\">\n\t\t\t\t\t\t\t<div class=\"elementor-spacer\">\n\t\t\t<div class=\"elementor-spacer-inner\"><\/div>\n\t\t<\/div>\n\t\t\t\t\t\t<\/div>\n\t\t\t\t<\/div>\n\t\t\t\t<div class=\"elementor-element elementor-element-7e933a6 elementor-widget elementor-widget-text-editor\" data-id=\"7e933a6\" data-element_type=\"widget\" data-e-type=\"widget\" data-widget_type=\"text-editor.default\">\n\t\t\t\t<div class=\"elementor-widget-container\">\n\t\t\t\t\t\t\t\t\t<h5>\ud83c\udf3f<strong> Chez SOLLEN, la garantie perdure toute la dur\u00e9e de vie de votre fauteuil.<\/strong><\/h5><h5>En cas de d\u00e9g\u00e2t irr\u00e9versible sur le tissu de votre mobilier, SOLLEN vous offre la possibilit\u00e9 de renouveler enti\u00e8rement la tapisserie de celui-ci. Il vous faudra alors nous contacter afin de mettre en place les conditions de retour, et de modification du tissu. Nous vous invitons \u00e0 regarder les nouveaux coloris disponibles, et nous contacter en cliquant<em> <a href=\"http:\/\/sollen-design.com\/contact\/\">ici<\/a>.<\/em>\u00a0<\/h5>\t\t\t\t\t\t\t\t<\/div>\n\t\t\t\t<\/div>\n\t\t\t\t\t<\/div>\n\t\t<\/div>\n\t\t\t\t\t<\/div>\n\t\t<\/section>\n\t\t\t\t<section class=\"elementor-section elementor-top-section elementor-element elementor-element-f1a0687 elementor-section-boxed elementor-section-height-default elementor-section-height-default\" data-id=\"f1a0687\" data-element_type=\"section\" data-e-type=\"section\" data-settings=\"{&quot;background_background&quot;:&quot;classic&quot;}\">\n\t\t\t\t\t\t<div class=\"elementor-container elementor-column-gap-wider\">\n\t\t\t\t\t<div class=\"elementor-column elementor-col-100 elementor-top-column elementor-element elementor-element-56bc9ae\" data-id=\"56bc9ae\" data-element_type=\"column\" data-e-type=\"column\">\n\t\t\t<div class=\"elementor-widget-wrap elementor-element-populated\">\n\t\t\t\t\t\t<div class=\"elementor-element elementor-element-f24592a elementor-widget elementor-widget-heading\" data-id=\"f24592a\" data-element_type=\"widget\" data-e-type=\"widget\" data-settings=\"{&quot;motion_fx_motion_fx_scrolling&quot;:&quot;yes&quot;,&quot;motion_fx_devices&quot;:[&quot;desktop&quot;,&quot;tablet&quot;,&quot;mobile&quot;]}\" data-widget_type=\"heading.default\">\n\t\t\t\t<div class=\"elementor-widget-container\">\n\t\t\t\t\t<h2 class=\"elementor-heading-title elementor-size-default\"><a href=\"http:\/\/sollen-design.com\/contact\/\">Vous avez encore quelques interrogations  ?<\/a><\/h2>\t\t\t\t<\/div>\n\t\t\t\t<\/div>\n\t\t\t\t<div class=\"elementor-element elementor-element-5cad29f elementor-align-center elementor-widget elementor-widget-button\" data-id=\"5cad29f\" data-element_type=\"widget\" data-e-type=\"widget\" data-widget_type=\"button.default\">\n\t\t\t\t<div class=\"elementor-widget-container\">\n\t\t\t\t\t\t\t\t\t<div class=\"elementor-button-wrapper\">\n\t\t\t\t\t<a class=\"elementor-button elementor-button-link elementor-size-sm\" href=\"http:\/\/sollen-design.com\/contact\/\">\n\t\t\t\t\t\t<span class=\"elementor-button-content-wrapper\">\n\t\t\t\t\t\t\t\t\t<span class=\"elementor-button-text\">Contactez-nous<\/span>\n\t\t\t\t\t<\/span>\n\t\t\t\t\t<\/a>\n\t\t\t\t<\/div>\n\t\t\t\t\t\t\t\t<\/div>\n\t\t\t\t<\/div>\n\t\t\t\t\t<\/div>\n\t\t<\/div>\n\t\t\t\t\t<\/div>\n\t\t<\/section>\n\t\t\t\t<\/div>\n\t\t","protected":false},"excerpt":{"rendered":"<p>GUIDE D&rsquo;ENTRETIEN. SOLLEN s&rsquo;engage \u00e0 vous accompagner\u00a0et vous donner\u00a0 tous les conseils n\u00e9cessaires\u00a0pour l&rsquo;entretien de votre assise. BOIS. Pour en entretien quotidien, nous vous conseillons de nettoyer \u00e0 sec la structure bois de votre fauteuil. GAMME NUAGE. TISSU LAINE BOUCLETTE \u00a0 Composition :\u00a0Tissu 100% en mati\u00e8re recycl\u00e9e : 94% de polyester recycl\u00e9, et 6% de [&hellip;]<\/p>\n","protected":false},"author":1,"featured_media":8454,"parent":0,"menu_order":0,"comment_status":"closed","ping_status":"closed","template":"","meta":{"footnotes":""},"class_list":["post-8448","page","type-page","status-publish","has-post-thumbnail","hentry"],"yoast_head":"<!-- This site is optimized with the Yoast SEO plugin v27.3 - https:\/\/yoast.com\/product\/yoast-seo-wordpress\/ -->\n<title>SOLLEN - Guide d&#039;entretien.<\/title>\n<meta name=\"robots\" content=\"index, follow, max-snippet:-1, max-image-preview:large, max-video-preview:-1\" \/>\n<link rel=\"canonical\" href=\"https:\/\/sollen-design.com\/fr\/guide-entretien-fauteuil\/\" \/>\n<meta property=\"og:locale\" content=\"fr_FR\" \/>\n<meta property=\"og:type\" content=\"article\" \/>\n<meta property=\"og:title\" content=\"SOLLEN - Guide d&#039;entretien.\" \/>\n<meta property=\"og:description\" content=\"GUIDE D&rsquo;ENTRETIEN. SOLLEN s&rsquo;engage \u00e0 vous accompagner\u00a0et vous donner\u00a0 tous les conseils n\u00e9cessaires\u00a0pour l&rsquo;entretien de votre assise. BOIS. Pour en entretien quotidien, nous vous conseillons de nettoyer \u00e0 sec la structure bois de votre fauteuil. GAMME NUAGE. TISSU LAINE BOUCLETTE \u00a0 Composition :\u00a0Tissu 100% en mati\u00e8re recycl\u00e9e : 94% de polyester recycl\u00e9, et 6% de [&hellip;]\" \/>\n<meta property=\"og:url\" content=\"https:\/\/sollen-design.com\/fr\/guide-entretien-fauteuil\/\" \/>\n<meta property=\"og:site_name\" content=\"SOLLEN\" \/>\n<meta property=\"article:publisher\" content=\"https:\/\/www.facebook.com\/sollendesign\/\" \/>\n<meta property=\"article:modified_time\" content=\"2023-03-16T16:02:10+00:00\" \/>\n<meta property=\"og:image\" content=\"https:\/\/sollen-design.com\/wp-content\/uploads\/2022\/02\/photo-1583907659441-addbe699e921-_1_-1.png\" \/>\n\t<meta property=\"og:image:width\" content=\"1374\" \/>\n\t<meta property=\"og:image:height\" content=\"1031\" \/>\n\t<meta property=\"og:image:type\" content=\"image\/png\" \/>\n<meta name=\"twitter:card\" content=\"summary_large_image\" \/>\n<meta name=\"twitter:label1\" content=\"Dur\u00e9e de lecture estim\u00e9e\" \/>\n\t<meta name=\"twitter:data1\" content=\"3 minutes\" \/>\n<script type=\"application\/ld+json\" class=\"yoast-schema-graph\">{\"@context\":\"https:\\\/\\\/schema.org\",\"@graph\":[{\"@type\":\"WebPage\",\"@id\":\"https:\\\/\\\/sollen-design.com\\\/fr\\\/guide-entretien-fauteuil\\\/\",\"url\":\"https:\\\/\\\/sollen-design.com\\\/fr\\\/guide-entretien-fauteuil\\\/\",\"name\":\"SOLLEN - Guide d'entretien.\",\"isPartOf\":{\"@id\":\"https:\\\/\\\/sollen-design.com\\\/fr\\\/#website\"},\"primaryImageOfPage\":{\"@id\":\"https:\\\/\\\/sollen-design.com\\\/fr\\\/guide-entretien-fauteuil\\\/#primaryimage\"},\"image\":{\"@id\":\"https:\\\/\\\/sollen-design.com\\\/fr\\\/guide-entretien-fauteuil\\\/#primaryimage\"},\"thumbnailUrl\":\"https:\\\/\\\/sollen-design.com\\\/wp-content\\\/uploads\\\/2022\\\/02\\\/photo-1583907659441-addbe699e921-_1_-1.png\",\"datePublished\":\"2022-02-04T09:09:18+00:00\",\"dateModified\":\"2023-03-16T16:02:10+00:00\",\"breadcrumb\":{\"@id\":\"https:\\\/\\\/sollen-design.com\\\/fr\\\/guide-entretien-fauteuil\\\/#breadcrumb\"},\"inLanguage\":\"fr-FR\",\"potentialAction\":[{\"@type\":\"ReadAction\",\"target\":[\"https:\\\/\\\/sollen-design.com\\\/fr\\\/guide-entretien-fauteuil\\\/\"]}]},{\"@type\":\"ImageObject\",\"inLanguage\":\"fr-FR\",\"@id\":\"https:\\\/\\\/sollen-design.com\\\/fr\\\/guide-entretien-fauteuil\\\/#primaryimage\",\"url\":\"https:\\\/\\\/sollen-design.com\\\/wp-content\\\/uploads\\\/2022\\\/02\\\/photo-1583907659441-addbe699e921-_1_-1.png\",\"contentUrl\":\"https:\\\/\\\/sollen-design.com\\\/wp-content\\\/uploads\\\/2022\\\/02\\\/photo-1583907659441-addbe699e921-_1_-1.png\",\"width\":1374,\"height\":1031},{\"@type\":\"BreadcrumbList\",\"@id\":\"https:\\\/\\\/sollen-design.com\\\/fr\\\/guide-entretien-fauteuil\\\/#breadcrumb\",\"itemListElement\":[{\"@type\":\"ListItem\",\"position\":1,\"name\":\"Accueil\",\"item\":\"https:\\\/\\\/sollen-design.com\\\/fr\\\/\"},{\"@type\":\"ListItem\",\"position\":2,\"name\":\"Guide d&rsquo;entretien.\"}]},{\"@type\":\"WebSite\",\"@id\":\"https:\\\/\\\/sollen-design.com\\\/fr\\\/#website\",\"url\":\"https:\\\/\\\/sollen-design.com\\\/fr\\\/\",\"name\":\"SOLLEN\",\"description\":\"Maison d&#039;\u00e9dition de mobilier design\",\"publisher\":{\"@id\":\"https:\\\/\\\/sollen-design.com\\\/fr\\\/#organization\"},\"potentialAction\":[{\"@type\":\"SearchAction\",\"target\":{\"@type\":\"EntryPoint\",\"urlTemplate\":\"https:\\\/\\\/sollen-design.com\\\/fr\\\/?s={search_term_string}\"},\"query-input\":{\"@type\":\"PropertyValueSpecification\",\"valueRequired\":true,\"valueName\":\"search_term_string\"}}],\"inLanguage\":\"fr-FR\"},{\"@type\":\"Organization\",\"@id\":\"https:\\\/\\\/sollen-design.com\\\/fr\\\/#organization\",\"name\":\"SOLLEN\",\"url\":\"https:\\\/\\\/sollen-design.com\\\/fr\\\/\",\"logo\":{\"@type\":\"ImageObject\",\"inLanguage\":\"fr-FR\",\"@id\":\"https:\\\/\\\/sollen-design.com\\\/fr\\\/#\\\/schema\\\/logo\\\/image\\\/\",\"url\":\"https:\\\/\\\/sollen-design.com\\\/wp-content\\\/uploads\\\/2021\\\/10\\\/LOGO_RVB_NOIR_130px.png\",\"contentUrl\":\"https:\\\/\\\/sollen-design.com\\\/wp-content\\\/uploads\\\/2021\\\/10\\\/LOGO_RVB_NOIR_130px.png\",\"width\":130,\"height\":39,\"caption\":\"SOLLEN\"},\"image\":{\"@id\":\"https:\\\/\\\/sollen-design.com\\\/fr\\\/#\\\/schema\\\/logo\\\/image\\\/\"},\"sameAs\":[\"https:\\\/\\\/www.facebook.com\\\/sollendesign\\\/\",\"https:\\\/\\\/www.instagram.com\\\/sollendesign\\\/\",\"https:\\\/\\\/www.linkedin.com\\\/company\\\/sollendesign\\\/\",\"https:\\\/\\\/www.pinterest.fr\\\/sollendesign\\\/\"]}]}<\/script>\n<!-- \/ Yoast SEO plugin. -->","yoast_head_json":{"title":"SOLLEN - Guide d'entretien.","robots":{"index":"index","follow":"follow","max-snippet":"max-snippet:-1","max-image-preview":"max-image-preview:large","max-video-preview":"max-video-preview:-1"},"canonical":"https:\/\/sollen-design.com\/fr\/guide-entretien-fauteuil\/","og_locale":"fr_FR","og_type":"article","og_title":"SOLLEN - Guide d'entretien.","og_description":"GUIDE D&rsquo;ENTRETIEN. SOLLEN s&rsquo;engage \u00e0 vous accompagner\u00a0et vous donner\u00a0 tous les conseils n\u00e9cessaires\u00a0pour l&rsquo;entretien de votre assise. BOIS. Pour en entretien quotidien, nous vous conseillons de nettoyer \u00e0 sec la structure bois de votre fauteuil. GAMME NUAGE. TISSU LAINE BOUCLETTE \u00a0 Composition :\u00a0Tissu 100% en mati\u00e8re recycl\u00e9e : 94% de polyester recycl\u00e9, et 6% de [&hellip;]","og_url":"https:\/\/sollen-design.com\/fr\/guide-entretien-fauteuil\/","og_site_name":"SOLLEN","article_publisher":"https:\/\/www.facebook.com\/sollendesign\/","article_modified_time":"2023-03-16T16:02:10+00:00","og_image":[{"width":1374,"height":1031,"url":"https:\/\/sollen-design.com\/wp-content\/uploads\/2022\/02\/photo-1583907659441-addbe699e921-_1_-1.png","type":"image\/png"}],"twitter_card":"summary_large_image","twitter_misc":{"Dur\u00e9e de lecture estim\u00e9e":"3 minutes"},"schema":{"@context":"https:\/\/schema.org","@graph":[{"@type":"WebPage","@id":"https:\/\/sollen-design.com\/fr\/guide-entretien-fauteuil\/","url":"https:\/\/sollen-design.com\/fr\/guide-entretien-fauteuil\/","name":"SOLLEN - Guide d'entretien.","isPartOf":{"@id":"https:\/\/sollen-design.com\/fr\/#website"},"primaryImageOfPage":{"@id":"https:\/\/sollen-design.com\/fr\/guide-entretien-fauteuil\/#primaryimage"},"image":{"@id":"https:\/\/sollen-design.com\/fr\/guide-entretien-fauteuil\/#primaryimage"},"thumbnailUrl":"https:\/\/sollen-design.com\/wp-content\/uploads\/2022\/02\/photo-1583907659441-addbe699e921-_1_-1.png","datePublished":"2022-02-04T09:09:18+00:00","dateModified":"2023-03-16T16:02:10+00:00","breadcrumb":{"@id":"https:\/\/sollen-design.com\/fr\/guide-entretien-fauteuil\/#breadcrumb"},"inLanguage":"fr-FR","potentialAction":[{"@type":"ReadAction","target":["https:\/\/sollen-design.com\/fr\/guide-entretien-fauteuil\/"]}]},{"@type":"ImageObject","inLanguage":"fr-FR","@id":"https:\/\/sollen-design.com\/fr\/guide-entretien-fauteuil\/#primaryimage","url":"https:\/\/sollen-design.com\/wp-content\/uploads\/2022\/02\/photo-1583907659441-addbe699e921-_1_-1.png","contentUrl":"https:\/\/sollen-design.com\/wp-content\/uploads\/2022\/02\/photo-1583907659441-addbe699e921-_1_-1.png","width":1374,"height":1031},{"@type":"BreadcrumbList","@id":"https:\/\/sollen-design.com\/fr\/guide-entretien-fauteuil\/#breadcrumb","itemListElement":[{"@type":"ListItem","position":1,"name":"Accueil","item":"https:\/\/sollen-design.com\/fr\/"},{"@type":"ListItem","position":2,"name":"Guide d&rsquo;entretien."}]},{"@type":"WebSite","@id":"https:\/\/sollen-design.com\/fr\/#website","url":"https:\/\/sollen-design.com\/fr\/","name":"SOLLEN","description":"Maison d&#039;\u00e9dition de mobilier design","publisher":{"@id":"https:\/\/sollen-design.com\/fr\/#organization"},"potentialAction":[{"@type":"SearchAction","target":{"@type":"EntryPoint","urlTemplate":"https:\/\/sollen-design.com\/fr\/?s={search_term_string}"},"query-input":{"@type":"PropertyValueSpecification","valueRequired":true,"valueName":"search_term_string"}}],"inLanguage":"fr-FR"},{"@type":"Organization","@id":"https:\/\/sollen-design.com\/fr\/#organization","name":"SOLLEN","url":"https:\/\/sollen-design.com\/fr\/","logo":{"@type":"ImageObject","inLanguage":"fr-FR","@id":"https:\/\/sollen-design.com\/fr\/#\/schema\/logo\/image\/","url":"https:\/\/sollen-design.com\/wp-content\/uploads\/2021\/10\/LOGO_RVB_NOIR_130px.png","contentUrl":"https:\/\/sollen-design.com\/wp-content\/uploads\/2021\/10\/LOGO_RVB_NOIR_130px.png","width":130,"height":39,"caption":"SOLLEN"},"image":{"@id":"https:\/\/sollen-design.com\/fr\/#\/schema\/logo\/image\/"},"sameAs":["https:\/\/www.facebook.com\/sollendesign\/","https:\/\/www.instagram.com\/sollendesign\/","https:\/\/www.linkedin.com\/company\/sollendesign\/","https:\/\/www.pinterest.fr\/sollendesign\/"]}]}},"_links":{"self":[{"href":"https:\/\/sollen-design.com\/fr\/wp-json\/wp\/v2\/pages\/8448","targetHints":{"allow":["GET"]}}],"collection":[{"href":"https:\/\/sollen-design.com\/fr\/wp-json\/wp\/v2\/pages"}],"about":[{"href":"https:\/\/sollen-design.com\/fr\/wp-json\/wp\/v2\/types\/page"}],"author":[{"embeddable":true,"href":"https:\/\/sollen-design.com\/fr\/wp-json\/wp\/v2\/users\/1"}],"replies":[{"embeddable":true,"href":"https:\/\/sollen-design.com\/fr\/wp-json\/wp\/v2\/comments?post=8448"}],"version-history":[{"count":0,"href":"https:\/\/sollen-design.com\/fr\/wp-json\/wp\/v2\/pages\/8448\/revisions"}],"wp:featuredmedia":[{"embeddable":true,"href":"https:\/\/sollen-design.com\/fr\/wp-json\/wp\/v2\/media\/8454"}],"wp:attachment":[{"href":"https:\/\/sollen-design.com\/fr\/wp-json\/wp\/v2\/media?parent=8448"}],"curies":[{"name":"wp","href":"https:\/\/api.w.org\/{rel}","templated":true}]}}