{"id":7634,"date":"2022-01-07T19:41:32","date_gmt":"2022-01-07T18:41:32","guid":{"rendered":"https:\/\/sollen-design.com\/?page_id=7634"},"modified":"2023-04-17T16:21:12","modified_gmt":"2023-04-17T14:21:12","slug":"etre-client-chez-sollen","status":"publish","type":"page","link":"https:\/\/sollen-design.com\/fr\/etre-client-chez-sollen\/","title":{"rendered":"\u00catre client chez SOLLEN."},"content":{"rendered":"\t\t<div data-elementor-type=\"wp-page\" data-elementor-id=\"7634\" class=\"elementor elementor-7634\" data-elementor-post-type=\"page\">\n\t\t\t\t\t\t<section class=\"elementor-section elementor-top-section elementor-element elementor-element-7948abe elementor-section-boxed elementor-section-height-default elementor-section-height-default\" data-id=\"7948abe\" data-element_type=\"section\" data-e-type=\"section\">\n\t\t\t\t\t\t<div class=\"elementor-container elementor-column-gap-wider\">\n\t\t\t\t\t<div class=\"elementor-column elementor-col-100 elementor-top-column elementor-element elementor-element-09d71a5\" data-id=\"09d71a5\" data-element_type=\"column\" data-e-type=\"column\">\n\t\t\t<div class=\"elementor-widget-wrap elementor-element-populated\">\n\t\t\t\t\t\t<div class=\"elementor-element elementor-element-997276b elementor-widget elementor-widget-heading\" data-id=\"997276b\" data-element_type=\"widget\" data-e-type=\"widget\" data-widget_type=\"heading.default\">\n\t\t\t\t<div class=\"elementor-widget-container\">\n\t\t\t\t\t<h2 class=\"elementor-heading-title elementor-size-default\">\u00caTRE CLIENT CHEZ SOLLEN.<\/h2>\t\t\t\t<\/div>\n\t\t\t\t<\/div>\n\t\t\t\t\t<\/div>\n\t\t<\/div>\n\t\t\t\t\t<\/div>\n\t\t<\/section>\n\t\t\t\t<section class=\"elementor-section elementor-top-section elementor-element elementor-element-ab86c8d elementor-section-boxed elementor-section-height-default elementor-section-height-default\" data-id=\"ab86c8d\" data-element_type=\"section\" data-e-type=\"section\" data-settings=\"{&quot;background_background&quot;:&quot;classic&quot;}\">\n\t\t\t\t\t\t<div class=\"elementor-container elementor-column-gap-wider\">\n\t\t\t\t\t<div class=\"elementor-column elementor-col-100 elementor-top-column elementor-element elementor-element-196fb20\" data-id=\"196fb20\" data-element_type=\"column\" data-e-type=\"column\">\n\t\t\t<div class=\"elementor-widget-wrap elementor-element-populated\">\n\t\t\t\t\t\t<div class=\"elementor-element elementor-element-dd53837 elementor-widget elementor-widget-text-editor\" data-id=\"dd53837\" data-element_type=\"widget\" data-e-type=\"widget\" data-widget_type=\"text-editor.default\">\n\t\t\t\t<div class=\"elementor-widget-container\">\n\t\t\t\t\t\t\t\t\t<p><strong>\u00catre client SOLLEN<\/strong>, c\u2019est b\u00e9n\u00e9ficier de nombreux avantages\u00a0!<\/p>\t\t\t\t\t\t\t\t<\/div>\n\t\t\t\t<\/div>\n\t\t\t\t<div class=\"elementor-element elementor-element-6c00c0b elementor-widget elementor-widget-heading\" data-id=\"6c00c0b\" data-element_type=\"widget\" data-e-type=\"widget\" data-widget_type=\"heading.default\">\n\t\t\t\t<div class=\"elementor-widget-container\">\n\t\t\t\t\t<h3 class=\"elementor-heading-title elementor-size-default\">\u00catre \u00e9co-responsable, notre pr\u00e9occupation.<\/h3>\t\t\t\t<\/div>\n\t\t\t\t<\/div>\n\t\t\t\t<div class=\"elementor-element elementor-element-d2bc49e elementor-widget elementor-widget-text-editor\" data-id=\"d2bc49e\" data-element_type=\"widget\" data-e-type=\"widget\" data-widget_type=\"text-editor.default\">\n\t\t\t\t<div class=\"elementor-widget-container\">\n\t\t\t\t\t\t\t\t\t<p><strong>Le respect de l\u2019environnement est primordial pour SOLLEN<\/strong>.<br \/>Nos meubles sont donc enti\u00e8rement fabriqu\u00e9s \u00e0 l\u2019aide de mat\u00e9riaux durables, et \u00e9co-responsables.<br \/>Nos bois sont issus de for\u00eats g\u00e9r\u00e9es durablement, labellis\u00e9es <strong>PEFC<\/strong> (Programme de Reconnaissance des Certifications Foresti\u00e8res).<br \/>De plus, une partie des tissus utilis\u00e9s sont recycl\u00e9s, tel que notre tissu Winnipeg pour la gamme NUAGE.<br \/>C\u2019est tout naturellement que nous fabriquons nos mobiliers en France, et plus particuli\u00e8rement en <strong>Nouvelle-Aquitaine<\/strong>, dans un p\u00e9rim\u00e8tre de 200km autour de <strong>Bordeaux<\/strong>.<\/p>\t\t\t\t\t\t\t\t<\/div>\n\t\t\t\t<\/div>\n\t\t\t\t<div class=\"elementor-element elementor-element-dffe143 elementor-widget elementor-widget-heading\" data-id=\"dffe143\" data-element_type=\"widget\" data-e-type=\"widget\" data-widget_type=\"heading.default\">\n\t\t\t\t<div class=\"elementor-widget-container\">\n\t\t\t\t\t<h3 class=\"elementor-heading-title elementor-size-default\">\u00catre fabriqu\u00e9 en France.<\/h3>\t\t\t\t<\/div>\n\t\t\t\t<\/div>\n\t\t\t\t<div class=\"elementor-element elementor-element-612a9b5 elementor-widget elementor-widget-text-editor\" data-id=\"612a9b5\" data-element_type=\"widget\" data-e-type=\"widget\" data-widget_type=\"text-editor.default\">\n\t\t\t\t<div class=\"elementor-widget-container\">\n\t\t\t\t\t\t\t\t\t<p>La fabrication fran\u00e7aise nous tient \u00e0 c\u0153ur, nous avons choisi de travailler en collaboration avec des fabricants et designers locaux, tous situ\u00e9s en <strong>Nouvelle<\/strong>&#8211;<strong>Aquitaine<\/strong> (17,33 et 40). <br \/>Nous privil\u00e9gions les industries locales, proches de nous et ainsi favoriser le circuit court.<\/p>\t\t\t\t\t\t\t\t<\/div>\n\t\t\t\t<\/div>\n\t\t\t\t<div class=\"elementor-element elementor-element-768f507 elementor-widget elementor-widget-heading\" data-id=\"768f507\" data-element_type=\"widget\" data-e-type=\"widget\" data-widget_type=\"heading.default\">\n\t\t\t\t<div class=\"elementor-widget-container\">\n\t\t\t\t\t<h3 class=\"elementor-heading-title elementor-size-default\">\u00catre avec vous pour la vie.<\/h3>\t\t\t\t<\/div>\n\t\t\t\t<\/div>\n\t\t\t\t<div class=\"elementor-element elementor-element-bf9fd32 elementor-widget elementor-widget-text-editor\" data-id=\"bf9fd32\" data-element_type=\"widget\" data-e-type=\"widget\" data-widget_type=\"text-editor.default\">\n\t\t\t\t<div class=\"elementor-widget-container\">\n\t\t\t\t\t\t\t\t\t<p>L&rsquo;ensemble de nos mobiliers sont garantis \u00e0 vie.<br \/>Nos mobiliers sont r\u00e9alis\u00e9s afin que ceux-ci vous accompagnent dans toutes les \u00e9tapes de votre vie.<br \/>Leur qualit\u00e9, leur confort, ainsi que leur durabilit\u00e9 ont \u00e9t\u00e9 \u00e9tudi\u00e9s minutieusement, leur garantissant une v\u00e9ritable p\u00e9rennit\u00e9.<\/p>\t\t\t\t\t\t\t\t<\/div>\n\t\t\t\t<\/div>\n\t\t\t\t<div class=\"elementor-element elementor-element-dfffd8f elementor-widget elementor-widget-heading\" data-id=\"dfffd8f\" data-element_type=\"widget\" data-e-type=\"widget\" data-widget_type=\"heading.default\">\n\t\t\t\t<div class=\"elementor-widget-container\">\n\t\t\t\t\t<h3 class=\"elementor-heading-title elementor-size-default\">\u00catre sur-mesure.<\/h3>\t\t\t\t<\/div>\n\t\t\t\t<\/div>\n\t\t\t\t<div class=\"elementor-element elementor-element-11a6aa6 elementor-widget elementor-widget-text-editor\" data-id=\"11a6aa6\" data-element_type=\"widget\" data-e-type=\"widget\" data-widget_type=\"text-editor.default\">\n\t\t\t\t<div class=\"elementor-widget-container\">\n\t\t\t\t\t\t\t\t\t<p>SOLLEN a d\u00e9cid\u00e9 de ne pas surstocker ses mobiliers et de les fabriquer \u00e0 la demande, car nous avons \u00e0 c\u0153ur de pr\u00e9server l\u2019environnement.<br \/>En fonction de vos choix \u00e0 la commande, nous lan\u00e7ons les productions afin de r\u00e9aliser votre mobilier uniquement pour vous.<br \/>Cet avantage n\u00e9cessite un d\u00e9lai de fabrication et de livraison estim\u00e9 de 6 \u00e0 8 semaines avant r\u00e9ception de votre commande.<\/p>\t\t\t\t\t\t\t\t<\/div>\n\t\t\t\t<\/div>\n\t\t\t\t<div class=\"elementor-element elementor-element-d623a44 elementor-widget elementor-widget-heading\" data-id=\"d623a44\" data-element_type=\"widget\" data-e-type=\"widget\" data-widget_type=\"heading.default\">\n\t\t\t\t<div class=\"elementor-widget-container\">\n\t\t\t\t\t<h3 class=\"elementor-heading-title elementor-size-default\">\u00catre privil\u00e9gi\u00e9.<\/h3>\t\t\t\t<\/div>\n\t\t\t\t<\/div>\n\t\t\t\t<div class=\"elementor-element elementor-element-b9c2b0b elementor-widget elementor-widget-text-editor\" data-id=\"b9c2b0b\" data-element_type=\"widget\" data-e-type=\"widget\" data-widget_type=\"text-editor.default\">\n\t\t\t\t<div class=\"elementor-widget-container\">\n\t\t\t\t\t\t\t\t\t<p>Chez <strong>SOLLEN<\/strong>, notre priorit\u00e9, <strong>c\u2019est votre satisfaction<\/strong>.<br \/>Vous souhaitez un conseil, obtenir un suivi, poser une question ou \u00e9changer avec nous ?<\/p><p>Vous pouvez nous contacter de diff\u00e9rentes fa\u00e7ons du <strong>lundi au vendredi de 9h \u00e0 18h <\/strong>:<strong><br \/>\u2022 Par t\u00e9l\u00e9phone<\/strong> au 05 47 74 30 10,<strong><br \/>\u2022 Par<\/strong> <strong>chat en ligne<\/strong>.<br \/>Aline et Th\u00e9o, se feront un plaisir de vous r\u00e9pondre.<\/p>\t\t\t\t\t\t\t\t<\/div>\n\t\t\t\t<\/div>\n\t\t\t\t<div class=\"elementor-element elementor-element-858970e elementor-widget elementor-widget-heading\" data-id=\"858970e\" data-element_type=\"widget\" data-e-type=\"widget\" data-widget_type=\"heading.default\">\n\t\t\t\t<div class=\"elementor-widget-container\">\n\t\t\t\t\t<h3 class=\"elementor-heading-title elementor-size-default\">\u00catre client Premium.<\/h3>\t\t\t\t<\/div>\n\t\t\t\t<\/div>\n\t\t\t\t<div class=\"elementor-element elementor-element-a6309dc elementor-widget elementor-widget-text-editor\" data-id=\"a6309dc\" data-element_type=\"widget\" data-e-type=\"widget\" data-widget_type=\"text-editor.default\">\n\t\t\t\t<div class=\"elementor-widget-container\">\n\t\t\t\t\t\t\t\t\t<p><strong>SOLLEN vous accompagne<\/strong>\u00a0!<\/p><p>D\u00e8s lors que vous passerez commande chez SOLLEN, vous b\u00e9n\u00e9ficierez d\u2019un suivi personnalis\u00e9, vous serez inform\u00e9s des diff\u00e9rentes \u00e9tapes de celle-ci. Nous restons pr\u00e9sents m\u00eame apr\u00e8s r\u00e9ception du mobilier\u00a0: pour toutes questions, la garantie, l\u2019entretien, les retours&#8230;<\/p><p>Par t\u00e9l\u00e9phone ou par chat, nous restons \u00e0 votre \u00e9coute\u00a0!<\/p>\t\t\t\t\t\t\t\t<\/div>\n\t\t\t\t<\/div>\n\t\t\t\t<div class=\"elementor-element elementor-element-37d9504 elementor-widget elementor-widget-heading\" data-id=\"37d9504\" data-element_type=\"widget\" data-e-type=\"widget\" data-widget_type=\"heading.default\">\n\t\t\t\t<div class=\"elementor-widget-container\">\n\t\t\t\t\t<h3 class=\"elementor-heading-title elementor-size-default\">\u00catre garanti.<\/h3>\t\t\t\t<\/div>\n\t\t\t\t<\/div>\n\t\t\t\t<div class=\"elementor-element elementor-element-ed00859 elementor-widget elementor-widget-text-editor\" data-id=\"ed00859\" data-element_type=\"widget\" data-e-type=\"widget\" data-widget_type=\"text-editor.default\">\n\t\t\t\t<div class=\"elementor-widget-container\">\n\t\t\t\t\t\t\t\t\t<p>SOLLEN vous offre une garantie \u00e0 vie de la structure en bois de chacun de vos mobiliers.<\/p><p>Nous vous offrons \u00e9galement la possibilit\u00e9 de renouveler votre assise en changeant le tissu, \u00e0 votre guise.<\/p>\t\t\t\t\t\t\t\t<\/div>\n\t\t\t\t<\/div>\n\t\t\t\t<div class=\"elementor-element elementor-element-0f8267c elementor-widget elementor-widget-spacer\" data-id=\"0f8267c\" data-element_type=\"widget\" data-e-type=\"widget\" data-widget_type=\"spacer.default\">\n\t\t\t\t<div class=\"elementor-widget-container\">\n\t\t\t\t\t\t\t<div class=\"elementor-spacer\">\n\t\t\t<div class=\"elementor-spacer-inner\"><\/div>\n\t\t<\/div>\n\t\t\t\t\t\t<\/div>\n\t\t\t\t<\/div>\n\t\t\t\t<div class=\"elementor-element elementor-element-92b4cce elementor-widget elementor-widget-heading\" data-id=\"92b4cce\" data-element_type=\"widget\" data-e-type=\"widget\" data-settings=\"{&quot;motion_fx_motion_fx_scrolling&quot;:&quot;yes&quot;,&quot;motion_fx_devices&quot;:[&quot;desktop&quot;,&quot;tablet&quot;,&quot;mobile&quot;]}\" data-widget_type=\"heading.default\">\n\t\t\t\t<div class=\"elementor-widget-container\">\n\t\t\t\t\t<h3 class=\"elementor-heading-title elementor-size-default\"><a href=\"http:\/\/sollen-design.com\/contact\/\">Pour davantage d\u2019informations, vous pouvez consulter nos Conditions G\u00e9n\u00e9rales de Vente.<\/a><\/h3>\t\t\t\t<\/div>\n\t\t\t\t<\/div>\n\t\t\t\t<div class=\"elementor-element elementor-element-52bf35f elementor-align-center elementor-widget elementor-widget-button\" data-id=\"52bf35f\" data-element_type=\"widget\" data-e-type=\"widget\" data-widget_type=\"button.default\">\n\t\t\t\t<div class=\"elementor-widget-container\">\n\t\t\t\t\t\t\t\t\t<div class=\"elementor-button-wrapper\">\n\t\t\t\t\t<a class=\"elementor-button elementor-button-link elementor-size-sm\" href=\"http:\/\/sollen-design.com\/contact\/\">\n\t\t\t\t\t\t<span class=\"elementor-button-content-wrapper\">\n\t\t\t\t\t\t\t\t\t<span class=\"elementor-button-text\">Contactez-nous<\/span>\n\t\t\t\t\t<\/span>\n\t\t\t\t\t<\/a>\n\t\t\t\t<\/div>\n\t\t\t\t\t\t\t\t<\/div>\n\t\t\t\t<\/div>\n\t\t\t\t\t<\/div>\n\t\t<\/div>\n\t\t\t\t\t<\/div>\n\t\t<\/section>\n\t\t\t\t<section class=\"elementor-section elementor-top-section elementor-element elementor-element-a9c4915 elementor-section-boxed elementor-section-height-default elementor-section-height-default\" data-id=\"a9c4915\" data-element_type=\"section\" data-e-type=\"section\">\n\t\t\t\t\t\t<div class=\"elementor-container elementor-column-gap-default\">\n\t\t\t\t\t<div class=\"elementor-column elementor-col-100 elementor-top-column elementor-element elementor-element-5d70e38\" data-id=\"5d70e38\" data-element_type=\"column\" data-e-type=\"column\">\n\t\t\t<div class=\"elementor-widget-wrap elementor-element-populated\">\n\t\t\t\t\t\t<div class=\"elementor-element elementor-element-6b8a1d3 elementor-view-default elementor-widget elementor-widget-icon\" data-id=\"6b8a1d3\" data-element_type=\"widget\" data-e-type=\"widget\" data-widget_type=\"icon.default\">\n\t\t\t\t<div class=\"elementor-widget-container\">\n\t\t\t\t\t\t\t<div class=\"elementor-icon-wrapper\">\n\t\t\t<div class=\"elementor-icon\">\n\t\t\t<i aria-hidden=\"true\" class=\"arrowssollen- arrows-sollen-down\"><\/i>\t\t\t<\/div>\n\t\t<\/div>\n\t\t\t\t\t\t<\/div>\n\t\t\t\t<\/div>\n\t\t\t\t\t<\/div>\n\t\t<\/div>\n\t\t\t\t\t<\/div>\n\t\t<\/section>\n\t\t\t\t<\/div>\n\t\t","protected":false},"excerpt":{"rendered":"<p>\u00caTRE CLIENT CHEZ SOLLEN. \u00catre client SOLLEN, c\u2019est b\u00e9n\u00e9ficier de nombreux avantages\u00a0! \u00catre \u00e9co-responsable, notre pr\u00e9occupation. Le respect de l\u2019environnement est primordial pour SOLLEN.Nos meubles sont donc enti\u00e8rement fabriqu\u00e9s \u00e0 l\u2019aide de mat\u00e9riaux durables, et \u00e9co-responsables.Nos bois sont issus de for\u00eats g\u00e9r\u00e9es durablement, labellis\u00e9es PEFC (Programme de Reconnaissance des Certifications Foresti\u00e8res).De plus, une partie des [&hellip;]<\/p>\n","protected":false},"author":1,"featured_media":0,"parent":0,"menu_order":0,"comment_status":"closed","ping_status":"closed","template":"","meta":{"footnotes":""},"class_list":["post-7634","page","type-page","status-publish","hentry"],"yoast_head":"<!-- This site is optimized with the Yoast SEO plugin v27.3 - https:\/\/yoast.com\/product\/yoast-seo-wordpress\/ -->\n<title>SOLLEN - \u00catre client chez SOLLEN.<\/title>\n<meta name=\"robots\" content=\"index, follow, max-snippet:-1, max-image-preview:large, max-video-preview:-1\" \/>\n<link rel=\"canonical\" href=\"https:\/\/sollen-design.com\/fr\/etre-client-chez-sollen\/\" \/>\n<meta property=\"og:locale\" content=\"fr_FR\" \/>\n<meta property=\"og:type\" content=\"article\" \/>\n<meta property=\"og:title\" content=\"SOLLEN - \u00catre client chez SOLLEN.\" \/>\n<meta property=\"og:description\" content=\"\u00caTRE CLIENT CHEZ SOLLEN. \u00catre client SOLLEN, c\u2019est b\u00e9n\u00e9ficier de nombreux avantages\u00a0! \u00catre \u00e9co-responsable, notre pr\u00e9occupation. Le respect de l\u2019environnement est primordial pour SOLLEN.Nos meubles sont donc enti\u00e8rement fabriqu\u00e9s \u00e0 l\u2019aide de mat\u00e9riaux durables, et \u00e9co-responsables.Nos bois sont issus de for\u00eats g\u00e9r\u00e9es durablement, labellis\u00e9es PEFC (Programme de Reconnaissance des Certifications Foresti\u00e8res).De plus, une partie des [&hellip;]\" \/>\n<meta property=\"og:url\" content=\"https:\/\/sollen-design.com\/fr\/etre-client-chez-sollen\/\" \/>\n<meta property=\"og:site_name\" content=\"SOLLEN\" \/>\n<meta property=\"article:publisher\" content=\"https:\/\/www.facebook.com\/sollendesign\/\" \/>\n<meta property=\"article:modified_time\" content=\"2023-04-17T14:21:12+00:00\" \/>\n<meta property=\"og:image\" content=\"https:\/\/sollen-design.com\/wp-content\/uploads\/2021\/10\/Sans-titre-2.png\" \/>\n\t<meta property=\"og:image:width\" content=\"1620\" \/>\n\t<meta property=\"og:image:height\" content=\"1080\" \/>\n\t<meta property=\"og:image:type\" content=\"image\/png\" \/>\n<meta name=\"twitter:card\" content=\"summary_large_image\" \/>\n<meta name=\"twitter:label1\" content=\"Dur\u00e9e de lecture estim\u00e9e\" \/>\n\t<meta name=\"twitter:data1\" content=\"3 minutes\" \/>\n<script type=\"application\/ld+json\" class=\"yoast-schema-graph\">{\"@context\":\"https:\\\/\\\/schema.org\",\"@graph\":[{\"@type\":\"WebPage\",\"@id\":\"https:\\\/\\\/sollen-design.com\\\/fr\\\/etre-client-chez-sollen\\\/\",\"url\":\"https:\\\/\\\/sollen-design.com\\\/fr\\\/etre-client-chez-sollen\\\/\",\"name\":\"SOLLEN - \u00catre client chez SOLLEN.\",\"isPartOf\":{\"@id\":\"https:\\\/\\\/sollen-design.com\\\/fr\\\/#website\"},\"datePublished\":\"2022-01-07T18:41:32+00:00\",\"dateModified\":\"2023-04-17T14:21:12+00:00\",\"breadcrumb\":{\"@id\":\"https:\\\/\\\/sollen-design.com\\\/fr\\\/etre-client-chez-sollen\\\/#breadcrumb\"},\"inLanguage\":\"fr-FR\",\"potentialAction\":[{\"@type\":\"ReadAction\",\"target\":[\"https:\\\/\\\/sollen-design.com\\\/fr\\\/etre-client-chez-sollen\\\/\"]}]},{\"@type\":\"BreadcrumbList\",\"@id\":\"https:\\\/\\\/sollen-design.com\\\/fr\\\/etre-client-chez-sollen\\\/#breadcrumb\",\"itemListElement\":[{\"@type\":\"ListItem\",\"position\":1,\"name\":\"Accueil\",\"item\":\"https:\\\/\\\/sollen-design.com\\\/fr\\\/\"},{\"@type\":\"ListItem\",\"position\":2,\"name\":\"\u00catre client chez SOLLEN.\"}]},{\"@type\":\"WebSite\",\"@id\":\"https:\\\/\\\/sollen-design.com\\\/fr\\\/#website\",\"url\":\"https:\\\/\\\/sollen-design.com\\\/fr\\\/\",\"name\":\"SOLLEN\",\"description\":\"Maison d&#039;\u00e9dition de mobilier design\",\"publisher\":{\"@id\":\"https:\\\/\\\/sollen-design.com\\\/fr\\\/#organization\"},\"potentialAction\":[{\"@type\":\"SearchAction\",\"target\":{\"@type\":\"EntryPoint\",\"urlTemplate\":\"https:\\\/\\\/sollen-design.com\\\/fr\\\/?s={search_term_string}\"},\"query-input\":{\"@type\":\"PropertyValueSpecification\",\"valueRequired\":true,\"valueName\":\"search_term_string\"}}],\"inLanguage\":\"fr-FR\"},{\"@type\":\"Organization\",\"@id\":\"https:\\\/\\\/sollen-design.com\\\/fr\\\/#organization\",\"name\":\"SOLLEN\",\"url\":\"https:\\\/\\\/sollen-design.com\\\/fr\\\/\",\"logo\":{\"@type\":\"ImageObject\",\"inLanguage\":\"fr-FR\",\"@id\":\"https:\\\/\\\/sollen-design.com\\\/fr\\\/#\\\/schema\\\/logo\\\/image\\\/\",\"url\":\"https:\\\/\\\/sollen-design.com\\\/wp-content\\\/uploads\\\/2021\\\/10\\\/LOGO_RVB_NOIR_130px.png\",\"contentUrl\":\"https:\\\/\\\/sollen-design.com\\\/wp-content\\\/uploads\\\/2021\\\/10\\\/LOGO_RVB_NOIR_130px.png\",\"width\":130,\"height\":39,\"caption\":\"SOLLEN\"},\"image\":{\"@id\":\"https:\\\/\\\/sollen-design.com\\\/fr\\\/#\\\/schema\\\/logo\\\/image\\\/\"},\"sameAs\":[\"https:\\\/\\\/www.facebook.com\\\/sollendesign\\\/\",\"https:\\\/\\\/www.instagram.com\\\/sollendesign\\\/\",\"https:\\\/\\\/www.linkedin.com\\\/company\\\/sollendesign\\\/\",\"https:\\\/\\\/www.pinterest.fr\\\/sollendesign\\\/\"]}]}<\/script>\n<!-- \/ Yoast SEO plugin. -->","yoast_head_json":{"title":"SOLLEN - \u00catre client chez SOLLEN.","robots":{"index":"index","follow":"follow","max-snippet":"max-snippet:-1","max-image-preview":"max-image-preview:large","max-video-preview":"max-video-preview:-1"},"canonical":"https:\/\/sollen-design.com\/fr\/etre-client-chez-sollen\/","og_locale":"fr_FR","og_type":"article","og_title":"SOLLEN - \u00catre client chez SOLLEN.","og_description":"\u00caTRE CLIENT CHEZ SOLLEN. \u00catre client SOLLEN, c\u2019est b\u00e9n\u00e9ficier de nombreux avantages\u00a0! \u00catre \u00e9co-responsable, notre pr\u00e9occupation. Le respect de l\u2019environnement est primordial pour SOLLEN.Nos meubles sont donc enti\u00e8rement fabriqu\u00e9s \u00e0 l\u2019aide de mat\u00e9riaux durables, et \u00e9co-responsables.Nos bois sont issus de for\u00eats g\u00e9r\u00e9es durablement, labellis\u00e9es PEFC (Programme de Reconnaissance des Certifications Foresti\u00e8res).De plus, une partie des [&hellip;]","og_url":"https:\/\/sollen-design.com\/fr\/etre-client-chez-sollen\/","og_site_name":"SOLLEN","article_publisher":"https:\/\/www.facebook.com\/sollendesign\/","article_modified_time":"2023-04-17T14:21:12+00:00","og_image":[{"width":1620,"height":1080,"url":"https:\/\/sollen-design.com\/wp-content\/uploads\/2021\/10\/Sans-titre-2.png","type":"image\/png"}],"twitter_card":"summary_large_image","twitter_misc":{"Dur\u00e9e de lecture estim\u00e9e":"3 minutes"},"schema":{"@context":"https:\/\/schema.org","@graph":[{"@type":"WebPage","@id":"https:\/\/sollen-design.com\/fr\/etre-client-chez-sollen\/","url":"https:\/\/sollen-design.com\/fr\/etre-client-chez-sollen\/","name":"SOLLEN - \u00catre client chez SOLLEN.","isPartOf":{"@id":"https:\/\/sollen-design.com\/fr\/#website"},"datePublished":"2022-01-07T18:41:32+00:00","dateModified":"2023-04-17T14:21:12+00:00","breadcrumb":{"@id":"https:\/\/sollen-design.com\/fr\/etre-client-chez-sollen\/#breadcrumb"},"inLanguage":"fr-FR","potentialAction":[{"@type":"ReadAction","target":["https:\/\/sollen-design.com\/fr\/etre-client-chez-sollen\/"]}]},{"@type":"BreadcrumbList","@id":"https:\/\/sollen-design.com\/fr\/etre-client-chez-sollen\/#breadcrumb","itemListElement":[{"@type":"ListItem","position":1,"name":"Accueil","item":"https:\/\/sollen-design.com\/fr\/"},{"@type":"ListItem","position":2,"name":"\u00catre client chez SOLLEN."}]},{"@type":"WebSite","@id":"https:\/\/sollen-design.com\/fr\/#website","url":"https:\/\/sollen-design.com\/fr\/","name":"SOLLEN","description":"Maison d&#039;\u00e9dition de mobilier design","publisher":{"@id":"https:\/\/sollen-design.com\/fr\/#organization"},"potentialAction":[{"@type":"SearchAction","target":{"@type":"EntryPoint","urlTemplate":"https:\/\/sollen-design.com\/fr\/?s={search_term_string}"},"query-input":{"@type":"PropertyValueSpecification","valueRequired":true,"valueName":"search_term_string"}}],"inLanguage":"fr-FR"},{"@type":"Organization","@id":"https:\/\/sollen-design.com\/fr\/#organization","name":"SOLLEN","url":"https:\/\/sollen-design.com\/fr\/","logo":{"@type":"ImageObject","inLanguage":"fr-FR","@id":"https:\/\/sollen-design.com\/fr\/#\/schema\/logo\/image\/","url":"https:\/\/sollen-design.com\/wp-content\/uploads\/2021\/10\/LOGO_RVB_NOIR_130px.png","contentUrl":"https:\/\/sollen-design.com\/wp-content\/uploads\/2021\/10\/LOGO_RVB_NOIR_130px.png","width":130,"height":39,"caption":"SOLLEN"},"image":{"@id":"https:\/\/sollen-design.com\/fr\/#\/schema\/logo\/image\/"},"sameAs":["https:\/\/www.facebook.com\/sollendesign\/","https:\/\/www.instagram.com\/sollendesign\/","https:\/\/www.linkedin.com\/company\/sollendesign\/","https:\/\/www.pinterest.fr\/sollendesign\/"]}]}},"_links":{"self":[{"href":"https:\/\/sollen-design.com\/fr\/wp-json\/wp\/v2\/pages\/7634","targetHints":{"allow":["GET"]}}],"collection":[{"href":"https:\/\/sollen-design.com\/fr\/wp-json\/wp\/v2\/pages"}],"about":[{"href":"https:\/\/sollen-design.com\/fr\/wp-json\/wp\/v2\/types\/page"}],"author":[{"embeddable":true,"href":"https:\/\/sollen-design.com\/fr\/wp-json\/wp\/v2\/users\/1"}],"replies":[{"embeddable":true,"href":"https:\/\/sollen-design.com\/fr\/wp-json\/wp\/v2\/comments?post=7634"}],"version-history":[{"count":0,"href":"https:\/\/sollen-design.com\/fr\/wp-json\/wp\/v2\/pages\/7634\/revisions"}],"wp:attachment":[{"href":"https:\/\/sollen-design.com\/fr\/wp-json\/wp\/v2\/media?parent=7634"}],"curies":[{"name":"wp","href":"https:\/\/api.w.org\/{rel}","templated":true}]}}