{"id":365,"date":"2021-10-26T15:51:12","date_gmt":"2021-10-26T13:51:12","guid":{"rendered":"https:\/\/sollen-design.com\/?page_id=365"},"modified":"2022-02-18T13:56:55","modified_gmt":"2022-02-18T12:56:55","slug":"f-a-q","status":"publish","type":"page","link":"https:\/\/sollen-design.com\/fr\/f-a-q\/","title":{"rendered":"F.A.Q"},"content":{"rendered":"\t\t<div data-elementor-type=\"wp-page\" data-elementor-id=\"365\" class=\"elementor elementor-365\" data-elementor-post-type=\"page\">\n\t\t\t\t\t\t<section class=\"elementor-section elementor-top-section elementor-element elementor-element-d15a5a4 elementor-section-boxed elementor-section-height-default elementor-section-height-default\" data-id=\"d15a5a4\" data-element_type=\"section\" data-e-type=\"section\">\n\t\t\t\t\t\t<div class=\"elementor-container elementor-column-gap-wider\">\n\t\t\t\t\t<div class=\"elementor-column elementor-col-100 elementor-top-column elementor-element elementor-element-e0f93c6\" data-id=\"e0f93c6\" data-element_type=\"column\" data-e-type=\"column\">\n\t\t\t<div class=\"elementor-widget-wrap elementor-element-populated\">\n\t\t\t\t\t\t<div class=\"elementor-element elementor-element-ddc857d elementor-widget elementor-widget-heading\" data-id=\"ddc857d\" data-element_type=\"widget\" data-e-type=\"widget\" data-widget_type=\"heading.default\">\n\t\t\t\t<div class=\"elementor-widget-container\">\n\t\t\t\t\t<h2 class=\"elementor-heading-title elementor-size-default\">FOIRE AUX QUESTIONS.<\/h2>\t\t\t\t<\/div>\n\t\t\t\t<\/div>\n\t\t\t\t\t<\/div>\n\t\t<\/div>\n\t\t\t\t\t<\/div>\n\t\t<\/section>\n\t\t\t\t<section class=\"elementor-section elementor-top-section elementor-element elementor-element-df85c4f elementor-section-boxed elementor-section-height-default elementor-section-height-default\" data-id=\"df85c4f\" data-element_type=\"section\" data-e-type=\"section\" data-settings=\"{&quot;background_background&quot;:&quot;classic&quot;}\">\n\t\t\t\t\t\t<div class=\"elementor-container elementor-column-gap-wider\">\n\t\t\t\t\t<div class=\"elementor-column elementor-col-100 elementor-top-column elementor-element elementor-element-e969097\" data-id=\"e969097\" data-element_type=\"column\" data-e-type=\"column\">\n\t\t\t<div class=\"elementor-widget-wrap elementor-element-populated\">\n\t\t\t\t\t\t<div class=\"elementor-element elementor-element-f795b78 elementor-widget elementor-widget-qi_addons_for_elementor_accordion\" data-id=\"f795b78\" data-element_type=\"widget\" data-e-type=\"widget\" data-widget_type=\"qi_addons_for_elementor_accordion.default\">\n\t\t\t\t<div class=\"elementor-widget-container\">\n\t\t\t\t\t<div class=\"qodef-shortcode qodef-m qodef-qi-accordion qodef-qi-clear qodef-behavior--toggle qodef-layout--simple qodef-style--standard\">\n\t<h3 class=\"qodef-e-title-holder\">\n\t<span class=\"qodef-e-title\">NOS MOBILIERS<\/span>\n\t<span class=\"qodef-e-mark\">\n\t\t<span class=\"qodef-icon--plus\">\n\t\t\t\t<span class=\"qodef-e-icon\">\n\t\t<i aria-hidden=\"true\" class=\"arrow arrow-down\"><\/i>\t<\/span>\n\t\t\t<\/span>\n\t\t<span class=\"qodef-icon--minus\">\n\t\t\t\t<span class=\"qodef-e-icon\">\n\t\t<i aria-hidden=\"true\" class=\"arrow arrow-up\"><\/i>\t<\/span>\n\t\t\t<\/span>\n\t<\/span>\n<\/h3>\n<div class=\"qodef-e-content\">\n\t<div class=\"qodef-e-content-inner\">\n\t\t<h4>En quoi la marque a-t-elle un engagement \u00e9co-responsable\u00a0?<\/h4><p>SOLLEN est une marque \u00e9co-responsable : nous r\u00e9duisons notre empreinte \u00e9cologique\u00a0gr\u00e2ce \u00e0 notre conception locale.<\/p><p>Nous fabriquons vos commandes \u00e0 la demande afin de limiter notre impact environnemental. De ce fait, les d\u00e9lais de livraison sont de 6 \u00e0 8 semaines.<\/p><p>Nos mobiliers d\u2019assise sont produits en France principalement, et en Europe. Les mat\u00e9riaux que nous utilisons sont nobles et durables.<\/p><p>R\u00e9f\u00e9rez-vous \u00e0 chaque fiche produit pour avoir le d\u00e9tail des mat\u00e9riaux utilis\u00e9s.<\/p><h4>Que deviennent les produits ab\u00eem\u00e9s, cass\u00e9s, retourn\u00e9s par les clients\u00a0?<\/h4><p>SOLLEN s\u2019engage \u00e0 offrir une seconde vie \u00e0 ses mobiliers, et \u00e0 les redistribuer.<\/p><h4>J\u2019ai ab\u00eem\u00e9 mon mobilier, que puis-je faire ?<\/h4><p>Contactez le Service Client, nous vous proposerons une solution adapt\u00e9e.<\/p><h4>Comment prendre soin de mes produits ?<\/h4><p>La lumi\u00e8re naturelle peut alt\u00e9rer les bois et placages. Nous vous conseillons de ne pas exposer votre mobilier \u00e0 la lumi\u00e8re du soleil. Nettoyez r\u00e9guli\u00e8rement le pi\u00e8tement \u00e0 l\u2019aide d\u2019un chiffon sec.<\/p><p>Tout type de liquide est susceptible d\u2019endommager le bois de votre mobilier. Si vous venez \u00e0 en renverser, \u00e9pongez le tout tr\u00e8s rapidement.<\/p><p>Concernant le rev\u00eatement de l\u2019assise, r\u00e9f\u00e9rez-vous \u00e0 la fiche du produit concern\u00e9.<\/p>\t<\/div>\n<\/div>\n<h3 class=\"qodef-e-title-holder\">\n\t<span class=\"qodef-e-title\">VOTRE COMMANDE<\/span>\n\t<span class=\"qodef-e-mark\">\n\t\t<span class=\"qodef-icon--plus\">\n\t\t\t\t<span class=\"qodef-e-icon\">\n\t\t<i aria-hidden=\"true\" class=\"arrow arrow-down\"><\/i>\t<\/span>\n\t\t\t<\/span>\n\t\t<span class=\"qodef-icon--minus\">\n\t\t\t\t<span class=\"qodef-e-icon\">\n\t\t<i aria-hidden=\"true\" class=\"arrow arrow-up\"><\/i>\t<\/span>\n\t\t\t<\/span>\n\t<\/span>\n<\/h3>\n<div class=\"qodef-e-content\">\n\t<div class=\"qodef-e-content-inner\">\n\t\t<h4>Combien de temps ai-je pour retourner mon produit, s\u2019il ne me convient pas\u00a0?<\/h4><p>Vous b\u00e9n\u00e9ficiez d\u2019un d\u00e9lai de 60 jours pour nous retourner le mobilier achet\u00e9.<\/p><p>Apr\u00e8s r\u00e9ception et v\u00e9rification du produit chez SOLLEN, le remboursement vous sera effectu\u00e9.<\/p><p>Les frais sont \u00e0 votre charge.<\/p><p>Pour plus de d\u00e9tails, voir les CGV.<\/p><h4>Puis-je modifier ma commande ?<\/h4><p>Une commande n\u2019est pas modifiable apr\u00e8s paiement.<\/p><h4>Comment annuler ma commande ?<\/h4><p>Apr\u00e8s validation de votre commande, il ne vous sera plus possible de l'annuler. La validation est instantan\u00e9e apr\u00e8s paiement.<\/p><h4>Puis-je commander en tant que professionnel ?<\/h4><p>Contactez nous \u00e0 <a href=\"mailto:france@sollen-design.com\">france@sollen-design.com<\/a><\/p>\t<\/div>\n<\/div>\n<h3 class=\"qodef-e-title-holder\">\n\t<span class=\"qodef-e-title\">LE PAIEMENT<\/span>\n\t<span class=\"qodef-e-mark\">\n\t\t<span class=\"qodef-icon--plus\">\n\t\t\t\t<span class=\"qodef-e-icon\">\n\t\t<i aria-hidden=\"true\" class=\"arrow arrow-down\"><\/i>\t<\/span>\n\t\t\t<\/span>\n\t\t<span class=\"qodef-icon--minus\">\n\t\t\t\t<span class=\"qodef-e-icon\">\n\t\t<i aria-hidden=\"true\" class=\"arrow arrow-up\"><\/i>\t<\/span>\n\t\t\t<\/span>\n\t<\/span>\n<\/h3>\n<div class=\"qodef-e-content\">\n\t<div class=\"qodef-e-content-inner\">\n\t\t<h4>Mes paiements sont-ils s\u00e9curis\u00e9s\u00a0?<\/h4><p>SOLLEN a int\u00e9gr\u00e9 \u00e0 son site une protection de paiement afin que vous puissiez effectuer vos paiements en toute s\u00e9r\u00e9nit\u00e9.<\/p><p>Vous pouvez \u00e9galement v\u00e9rifier la s\u00e9curit\u00e9 de notre site gr\u00e2ce \u00e0 France Verif.<\/p><h4>Quels sont les modes de paiement ?<\/h4><p>Il est possible de r\u00e9gler en carte bancaire VISA ou MASTERCARD, ou via PAYPAL.<\/p>\t<\/div>\n<\/div>\n<h3 class=\"qodef-e-title-holder\">\n\t<span class=\"qodef-e-title\">LA LIVRAISON<\/span>\n\t<span class=\"qodef-e-mark\">\n\t\t<span class=\"qodef-icon--plus\">\n\t\t\t\t<span class=\"qodef-e-icon\">\n\t\t<i aria-hidden=\"true\" class=\"arrow arrow-down\"><\/i>\t<\/span>\n\t\t\t<\/span>\n\t\t<span class=\"qodef-icon--minus\">\n\t\t\t\t<span class=\"qodef-e-icon\">\n\t\t<i aria-hidden=\"true\" class=\"arrow arrow-up\"><\/i>\t<\/span>\n\t\t\t<\/span>\n\t<\/span>\n<\/h3>\n<div class=\"qodef-e-content\">\n\t<div class=\"qodef-e-content-inner\">\n\t\t<h4>Qu'est ce que la livraison confort ?<\/h4><p>Nos partenaires assurent la livraison confort de votre mobilier.<\/p><p>Vous avez l'opportunit\u00e9 de choisir la date et l'horaire de livraison de votre mobilier.<\/p><p>Pour votre confort, votre mobilier est livr\u00e9 mont\u00e9 et install\u00e9 dans la pi\u00e8ce de vie de votre choix.\u00a0<\/p><p>Veillez tout de m\u00eame \u00e0 transmettre au transporteur toutes les informations n\u00e9cessaires.<\/p><p>Veillez \u00e9galement \u00e0 vous assurer que l'acc\u00e8s \u00e0 la pi\u00e8ce de vie peut se faire sans encombres.\u00a0<\/p><h4>Puis-je modifier mon adresse de livraison ?<\/h4><p>Il vous est possible de modifier l\u2019adresse de livraison avant l\u2019exp\u00e9dition du produit.<\/p><h4>Mon mobilier est-il livr\u00e9 mont\u00e9\u00a0?<\/h4><p>SOLLEN vous offre ce service. Nos produits sont pr\u00e9par\u00e9s dans nos ateliers par des professionnels, et vous sont livr\u00e9s mont\u00e9s.<\/p><h4>Que faire si mon mobilier arrive endommag\u00e9 ?<\/h4><p>Nous sommes sinc\u00e8rement d\u00e9sol\u00e9s pour ce d\u00e9sagr\u00e9ment.<\/p><p>SOLLEN accorde le plus grand soin \u00e0 la pr\u00e9paration de votre commande : nous v\u00e9rifions l\u2019\u00e9tat de nos produits plusieurs fois avant exp\u00e9dition.<\/p><p>Si le d\u00e9faut est visible lors de la livraison, refusez le mobilier en indiquant sur le bon de livraison les d\u00e9fauts rencontr\u00e9s. Prenez-le \u00e9galement en photo.<\/p><p>Si le d\u00e9faut est visible post-livraison, nous vous invitons \u00e0 nous contacter sous 3jours. Nous trouverons la solution la plus adapt\u00e9e et satisfaisante pour vous.<\/p><p>Veuillez \u00e9galement remplir le formulaire de r\u00e9clamation. <em>(voir CGV)<\/em><\/p><h4>Puis-je me faire livrer \u00e0 l\u2019\u00e9tranger\u00a0?<\/h4><p>Il vous est tout \u00e0 fait possible de commander depuis un pays \u00e9tranger. Cependant, cela implique des frais de livraison suppl\u00e9mentaires. R\u00e9f\u00e9rez-vous \u00e0 la grille tarifaire.<\/p>\t<\/div>\n<\/div>\n<\/div>\n\t\t\t\t<\/div>\n\t\t\t\t<\/div>\n\t\t\t\t\t<\/div>\n\t\t<\/div>\n\t\t\t\t\t<\/div>\n\t\t<\/section>\n\t\t\t\t<section class=\"elementor-section elementor-top-section elementor-element elementor-element-46ebbba elementor-section-boxed elementor-section-height-default elementor-section-height-default\" data-id=\"46ebbba\" data-element_type=\"section\" data-e-type=\"section\" data-settings=\"{&quot;background_background&quot;:&quot;classic&quot;}\">\n\t\t\t\t\t\t<div class=\"elementor-container elementor-column-gap-wider\">\n\t\t\t\t\t<div class=\"elementor-column elementor-col-100 elementor-top-column elementor-element elementor-element-06b6f89\" data-id=\"06b6f89\" data-element_type=\"column\" data-e-type=\"column\">\n\t\t\t<div class=\"elementor-widget-wrap elementor-element-populated\">\n\t\t\t\t\t\t<div class=\"elementor-element elementor-element-a76d815 elementor-widget elementor-widget-heading\" data-id=\"a76d815\" data-element_type=\"widget\" data-e-type=\"widget\" data-settings=\"{&quot;motion_fx_motion_fx_scrolling&quot;:&quot;yes&quot;,&quot;motion_fx_devices&quot;:[&quot;desktop&quot;,&quot;tablet&quot;,&quot;mobile&quot;]}\" data-widget_type=\"heading.default\">\n\t\t\t\t<div class=\"elementor-widget-container\">\n\t\t\t\t\t<h2 class=\"elementor-heading-title elementor-size-default\"><a href=\"http:\/\/sollen-design.com\/contact\/\">Vous ne trouvez toujours pas les r\u00e9ponses \u00e0 vos questions ?<\/a><\/h2>\t\t\t\t<\/div>\n\t\t\t\t<\/div>\n\t\t\t\t<div class=\"elementor-element elementor-element-f7c1ac4 elementor-align-center elementor-widget elementor-widget-button\" data-id=\"f7c1ac4\" data-element_type=\"widget\" data-e-type=\"widget\" data-widget_type=\"button.default\">\n\t\t\t\t<div class=\"elementor-widget-container\">\n\t\t\t\t\t\t\t\t\t<div class=\"elementor-button-wrapper\">\n\t\t\t\t\t<a class=\"elementor-button elementor-button-link elementor-size-sm\" href=\"http:\/\/sollen-design.com\/contact\/\">\n\t\t\t\t\t\t<span class=\"elementor-button-content-wrapper\">\n\t\t\t\t\t\t\t\t\t<span class=\"elementor-button-text\">Contactez-nous<\/span>\n\t\t\t\t\t<\/span>\n\t\t\t\t\t<\/a>\n\t\t\t\t<\/div>\n\t\t\t\t\t\t\t\t<\/div>\n\t\t\t\t<\/div>\n\t\t\t\t\t<\/div>\n\t\t<\/div>\n\t\t\t\t\t<\/div>\n\t\t<\/section>\n\t\t\t\t<\/div>\n\t\t","protected":false},"excerpt":{"rendered":"<p>FOIRE AUX QUESTIONS. NOS MOBILIERS En quoi la marque a-t-elle un engagement \u00e9co-responsable\u00a0? SOLLEN est une marque \u00e9co-responsable : nous r\u00e9duisons notre empreinte \u00e9cologique\u00a0gr\u00e2ce \u00e0 notre conception locale. Nous fabriquons vos commandes \u00e0 la demande afin de limiter notre impact environnemental. De ce fait, les d\u00e9lais de livraison sont de 6 \u00e0 8 semaines. Nos [&hellip;]<\/p>\n","protected":false},"author":1,"featured_media":0,"parent":0,"menu_order":0,"comment_status":"closed","ping_status":"closed","template":"","meta":{"footnotes":""},"class_list":["post-365","page","type-page","status-publish","hentry"],"yoast_head":"<!-- This site is optimized with the Yoast SEO plugin v27.4 - https:\/\/yoast.com\/product\/yoast-seo-wordpress\/ -->\n<title>SOLLEN - F.A.Q<\/title>\n<meta name=\"robots\" content=\"index, follow, max-snippet:-1, max-image-preview:large, max-video-preview:-1\" \/>\n<link rel=\"canonical\" href=\"https:\/\/sollen-design.com\/fr\/f-a-q\/\" \/>\n<meta property=\"og:locale\" content=\"fr_FR\" \/>\n<meta property=\"og:type\" content=\"article\" \/>\n<meta property=\"og:title\" content=\"SOLLEN - F.A.Q\" \/>\n<meta property=\"og:description\" content=\"FOIRE AUX QUESTIONS. NOS MOBILIERS En quoi la marque a-t-elle un engagement \u00e9co-responsable\u00a0? SOLLEN est une marque \u00e9co-responsable : nous r\u00e9duisons notre empreinte \u00e9cologique\u00a0gr\u00e2ce \u00e0 notre conception locale. Nous fabriquons vos commandes \u00e0 la demande afin de limiter notre impact environnemental. De ce fait, les d\u00e9lais de livraison sont de 6 \u00e0 8 semaines. Nos [&hellip;]\" \/>\n<meta property=\"og:url\" content=\"https:\/\/sollen-design.com\/fr\/f-a-q\/\" \/>\n<meta property=\"og:site_name\" content=\"SOLLEN\" \/>\n<meta property=\"article:publisher\" content=\"https:\/\/www.facebook.com\/sollendesign\/\" \/>\n<meta property=\"article:modified_time\" content=\"2022-02-18T12:56:55+00:00\" \/>\n<meta property=\"og:image\" content=\"https:\/\/sollen-design.com\/wp-content\/uploads\/2021\/10\/Sans-titre-2.png\" \/>\n\t<meta property=\"og:image:width\" content=\"1620\" \/>\n\t<meta property=\"og:image:height\" content=\"1080\" \/>\n\t<meta property=\"og:image:type\" content=\"image\/png\" \/>\n<meta name=\"twitter:card\" content=\"summary_large_image\" \/>\n<meta name=\"twitter:label1\" content=\"Dur\u00e9e de lecture estim\u00e9e\" \/>\n\t<meta name=\"twitter:data1\" content=\"4 minutes\" \/>\n<script type=\"application\/ld+json\" class=\"yoast-schema-graph\">{\"@context\":\"https:\\\/\\\/schema.org\",\"@graph\":[{\"@type\":\"WebPage\",\"@id\":\"https:\\\/\\\/sollen-design.com\\\/fr\\\/f-a-q\\\/\",\"url\":\"https:\\\/\\\/sollen-design.com\\\/fr\\\/f-a-q\\\/\",\"name\":\"SOLLEN - F.A.Q\",\"isPartOf\":{\"@id\":\"https:\\\/\\\/sollen-design.com\\\/fr\\\/#website\"},\"datePublished\":\"2021-10-26T13:51:12+00:00\",\"dateModified\":\"2022-02-18T12:56:55+00:00\",\"breadcrumb\":{\"@id\":\"https:\\\/\\\/sollen-design.com\\\/fr\\\/f-a-q\\\/#breadcrumb\"},\"inLanguage\":\"fr-FR\",\"potentialAction\":[{\"@type\":\"ReadAction\",\"target\":[\"https:\\\/\\\/sollen-design.com\\\/fr\\\/f-a-q\\\/\"]}]},{\"@type\":\"BreadcrumbList\",\"@id\":\"https:\\\/\\\/sollen-design.com\\\/fr\\\/f-a-q\\\/#breadcrumb\",\"itemListElement\":[{\"@type\":\"ListItem\",\"position\":1,\"name\":\"Accueil\",\"item\":\"https:\\\/\\\/sollen-design.com\\\/fr\\\/\"},{\"@type\":\"ListItem\",\"position\":2,\"name\":\"F.A.Q\"}]},{\"@type\":\"WebSite\",\"@id\":\"https:\\\/\\\/sollen-design.com\\\/fr\\\/#website\",\"url\":\"https:\\\/\\\/sollen-design.com\\\/fr\\\/\",\"name\":\"SOLLEN\",\"description\":\"Maison d&#039;\u00e9dition de mobilier design\",\"publisher\":{\"@id\":\"https:\\\/\\\/sollen-design.com\\\/fr\\\/#organization\"},\"potentialAction\":[{\"@type\":\"SearchAction\",\"target\":{\"@type\":\"EntryPoint\",\"urlTemplate\":\"https:\\\/\\\/sollen-design.com\\\/fr\\\/?s={search_term_string}\"},\"query-input\":{\"@type\":\"PropertyValueSpecification\",\"valueRequired\":true,\"valueName\":\"search_term_string\"}}],\"inLanguage\":\"fr-FR\"},{\"@type\":\"Organization\",\"@id\":\"https:\\\/\\\/sollen-design.com\\\/fr\\\/#organization\",\"name\":\"SOLLEN\",\"url\":\"https:\\\/\\\/sollen-design.com\\\/fr\\\/\",\"logo\":{\"@type\":\"ImageObject\",\"inLanguage\":\"fr-FR\",\"@id\":\"https:\\\/\\\/sollen-design.com\\\/fr\\\/#\\\/schema\\\/logo\\\/image\\\/\",\"url\":\"https:\\\/\\\/sollen-design.com\\\/wp-content\\\/uploads\\\/2021\\\/10\\\/LOGO_RVB_NOIR_130px.png\",\"contentUrl\":\"https:\\\/\\\/sollen-design.com\\\/wp-content\\\/uploads\\\/2021\\\/10\\\/LOGO_RVB_NOIR_130px.png\",\"width\":130,\"height\":39,\"caption\":\"SOLLEN\"},\"image\":{\"@id\":\"https:\\\/\\\/sollen-design.com\\\/fr\\\/#\\\/schema\\\/logo\\\/image\\\/\"},\"sameAs\":[\"https:\\\/\\\/www.facebook.com\\\/sollendesign\\\/\",\"https:\\\/\\\/www.instagram.com\\\/sollendesign\\\/\",\"https:\\\/\\\/www.linkedin.com\\\/company\\\/sollendesign\\\/\",\"https:\\\/\\\/www.pinterest.fr\\\/sollendesign\\\/\"]}]}<\/script>\n<!-- \/ Yoast SEO plugin. -->","yoast_head_json":{"title":"SOLLEN - F.A.Q","robots":{"index":"index","follow":"follow","max-snippet":"max-snippet:-1","max-image-preview":"max-image-preview:large","max-video-preview":"max-video-preview:-1"},"canonical":"https:\/\/sollen-design.com\/fr\/f-a-q\/","og_locale":"fr_FR","og_type":"article","og_title":"SOLLEN - F.A.Q","og_description":"FOIRE AUX QUESTIONS. NOS MOBILIERS En quoi la marque a-t-elle un engagement \u00e9co-responsable\u00a0? SOLLEN est une marque \u00e9co-responsable : nous r\u00e9duisons notre empreinte \u00e9cologique\u00a0gr\u00e2ce \u00e0 notre conception locale. Nous fabriquons vos commandes \u00e0 la demande afin de limiter notre impact environnemental. De ce fait, les d\u00e9lais de livraison sont de 6 \u00e0 8 semaines. Nos [&hellip;]","og_url":"https:\/\/sollen-design.com\/fr\/f-a-q\/","og_site_name":"SOLLEN","article_publisher":"https:\/\/www.facebook.com\/sollendesign\/","article_modified_time":"2022-02-18T12:56:55+00:00","og_image":[{"width":1620,"height":1080,"url":"https:\/\/sollen-design.com\/wp-content\/uploads\/2021\/10\/Sans-titre-2.png","type":"image\/png"}],"twitter_card":"summary_large_image","twitter_misc":{"Dur\u00e9e de lecture estim\u00e9e":"4 minutes"},"schema":{"@context":"https:\/\/schema.org","@graph":[{"@type":"WebPage","@id":"https:\/\/sollen-design.com\/fr\/f-a-q\/","url":"https:\/\/sollen-design.com\/fr\/f-a-q\/","name":"SOLLEN - F.A.Q","isPartOf":{"@id":"https:\/\/sollen-design.com\/fr\/#website"},"datePublished":"2021-10-26T13:51:12+00:00","dateModified":"2022-02-18T12:56:55+00:00","breadcrumb":{"@id":"https:\/\/sollen-design.com\/fr\/f-a-q\/#breadcrumb"},"inLanguage":"fr-FR","potentialAction":[{"@type":"ReadAction","target":["https:\/\/sollen-design.com\/fr\/f-a-q\/"]}]},{"@type":"BreadcrumbList","@id":"https:\/\/sollen-design.com\/fr\/f-a-q\/#breadcrumb","itemListElement":[{"@type":"ListItem","position":1,"name":"Accueil","item":"https:\/\/sollen-design.com\/fr\/"},{"@type":"ListItem","position":2,"name":"F.A.Q"}]},{"@type":"WebSite","@id":"https:\/\/sollen-design.com\/fr\/#website","url":"https:\/\/sollen-design.com\/fr\/","name":"SOLLEN","description":"Maison d&#039;\u00e9dition de mobilier design","publisher":{"@id":"https:\/\/sollen-design.com\/fr\/#organization"},"potentialAction":[{"@type":"SearchAction","target":{"@type":"EntryPoint","urlTemplate":"https:\/\/sollen-design.com\/fr\/?s={search_term_string}"},"query-input":{"@type":"PropertyValueSpecification","valueRequired":true,"valueName":"search_term_string"}}],"inLanguage":"fr-FR"},{"@type":"Organization","@id":"https:\/\/sollen-design.com\/fr\/#organization","name":"SOLLEN","url":"https:\/\/sollen-design.com\/fr\/","logo":{"@type":"ImageObject","inLanguage":"fr-FR","@id":"https:\/\/sollen-design.com\/fr\/#\/schema\/logo\/image\/","url":"https:\/\/sollen-design.com\/wp-content\/uploads\/2021\/10\/LOGO_RVB_NOIR_130px.png","contentUrl":"https:\/\/sollen-design.com\/wp-content\/uploads\/2021\/10\/LOGO_RVB_NOIR_130px.png","width":130,"height":39,"caption":"SOLLEN"},"image":{"@id":"https:\/\/sollen-design.com\/fr\/#\/schema\/logo\/image\/"},"sameAs":["https:\/\/www.facebook.com\/sollendesign\/","https:\/\/www.instagram.com\/sollendesign\/","https:\/\/www.linkedin.com\/company\/sollendesign\/","https:\/\/www.pinterest.fr\/sollendesign\/"]}]}},"_links":{"self":[{"href":"https:\/\/sollen-design.com\/fr\/wp-json\/wp\/v2\/pages\/365","targetHints":{"allow":["GET"]}}],"collection":[{"href":"https:\/\/sollen-design.com\/fr\/wp-json\/wp\/v2\/pages"}],"about":[{"href":"https:\/\/sollen-design.com\/fr\/wp-json\/wp\/v2\/types\/page"}],"author":[{"embeddable":true,"href":"https:\/\/sollen-design.com\/fr\/wp-json\/wp\/v2\/users\/1"}],"replies":[{"embeddable":true,"href":"https:\/\/sollen-design.com\/fr\/wp-json\/wp\/v2\/comments?post=365"}],"version-history":[{"count":0,"href":"https:\/\/sollen-design.com\/fr\/wp-json\/wp\/v2\/pages\/365\/revisions"}],"wp:attachment":[{"href":"https:\/\/sollen-design.com\/fr\/wp-json\/wp\/v2\/media?parent=365"}],"curies":[{"name":"wp","href":"https:\/\/api.w.org\/{rel}","templated":true}]}}