{"id":19605,"date":"2026-01-08T16:25:24","date_gmt":"2026-01-08T15:25:24","guid":{"rendered":"https:\/\/sollen-design.com\/?page_id=19605"},"modified":"2026-01-28T10:43:15","modified_gmt":"2026-01-28T09:43:15","slug":"nos-designers","status":"publish","type":"page","link":"https:\/\/sollen-design.com\/fr\/nos-designers\/","title":{"rendered":"Nos designers"},"content":{"rendered":"\t\t<div data-elementor-type=\"wp-page\" data-elementor-id=\"19605\" class=\"elementor elementor-19605\" data-elementor-post-type=\"page\">\n\t\t\t\t\t\t<section class=\"elementor-section elementor-top-section elementor-element elementor-element-d54c781 elementor-reverse-mobile elementor-reverse-tablet elementor-section-boxed elementor-section-height-default elementor-section-height-default\" data-id=\"d54c781\" data-element_type=\"section\" data-e-type=\"section\" data-settings=\"{&quot;background_background&quot;:&quot;classic&quot;}\">\n\t\t\t\t\t\t<div class=\"elementor-container elementor-column-gap-default\">\n\t\t\t\t\t<div class=\"elementor-column elementor-col-100 elementor-top-column elementor-element elementor-element-1b9a98a\" data-id=\"1b9a98a\" data-element_type=\"column\" data-e-type=\"column\">\n\t\t\t<div class=\"elementor-widget-wrap elementor-element-populated\">\n\t\t\t\t\t\t<div class=\"elementor-element elementor-element-dbdd062 elementor-widget elementor-widget-heading\" data-id=\"dbdd062\" data-element_type=\"widget\" data-e-type=\"widget\" data-widget_type=\"heading.default\">\n\t\t\t\t<div class=\"elementor-widget-container\">\n\t\t\t\t\t<h2 class=\"elementor-heading-title elementor-size-default\">NOS<br> DESIGNERS<\/h2>\t\t\t\t<\/div>\n\t\t\t\t<\/div>\n\t\t\t\t<div class=\"elementor-element elementor-element-2a75ffd elementor-widget elementor-widget-text-editor\" data-id=\"2a75ffd\" data-element_type=\"widget\" data-e-type=\"widget\" data-widget_type=\"text-editor.default\">\n\t\t\t\t<div class=\"elementor-widget-container\">\n\t\t\t\t\t\t\t\t\t<p>SOLLEN d\u00e9veloppe ses collections en partenariat avec des designers fran\u00e7ais aux talents confirm\u00e9s et r\u00e9compens\u00e9s. De ces collaborations naissent des mobiliers \u00e9l\u00e9gants et innovants alliant confort, design, et esth\u00e9tique.<\/p>\t\t\t\t\t\t\t\t<\/div>\n\t\t\t\t<\/div>\n\t\t\t\t<div class=\"elementor-element elementor-element-d4be764 elementor-widget elementor-widget-spacer\" data-id=\"d4be764\" data-element_type=\"widget\" data-e-type=\"widget\" data-widget_type=\"spacer.default\">\n\t\t\t\t<div class=\"elementor-widget-container\">\n\t\t\t\t\t\t\t<div class=\"elementor-spacer\">\n\t\t\t<div class=\"elementor-spacer-inner\"><\/div>\n\t\t<\/div>\n\t\t\t\t\t\t<\/div>\n\t\t\t\t<\/div>\n\t\t\t\t\t<\/div>\n\t\t<\/div>\n\t\t\t\t\t<\/div>\n\t\t<\/section>\n\t\t<div class=\"elementor-element elementor-element-7a5076d e-flex e-con-boxed e-con e-parent\" data-id=\"7a5076d\" data-element_type=\"container\" data-e-type=\"container\">\n\t\t\t\t\t<div class=\"e-con-inner\">\n\t\t<div class=\"elementor-element elementor-element-f884b85 e-con-full e-flex e-con e-child\" data-id=\"f884b85\" data-element_type=\"container\" data-e-type=\"container\">\n\t\t\t\t<div class=\"elementor-element elementor-element-f77309a elementor-widget elementor-widget-heading\" data-id=\"f77309a\" data-element_type=\"widget\" data-e-type=\"widget\" data-widget_type=\"heading.default\">\n\t\t\t\t<div class=\"elementor-widget-container\">\n\t\t\t\t\t<h2 class=\"elementor-heading-title elementor-size-default\">Arthur Garrigos<\/h2>\t\t\t\t<\/div>\n\t\t\t\t<\/div>\n\t\t\t\t<div class=\"elementor-element elementor-element-dd46e7e elementor-widget elementor-widget-text-editor\" data-id=\"dd46e7e\" data-element_type=\"widget\" data-e-type=\"widget\" data-widget_type=\"text-editor.default\">\n\t\t\t\t<div class=\"elementor-widget-container\">\n\t\t\t\t\t\t\t\t\t<p>Designer dipl\u00f4m\u00e9 d\u2019\u00e9cole sup\u00e9rieure de design. Apr\u00e8s avoir \u00e9t\u00e9 designer \u00e0 Paris, en entreprise puis en tant qu\u2019ind\u00e9pendant, il rejoint l\u2019agence Garrigos Design en 2019.<\/p>\t\t\t\t\t\t\t\t<\/div>\n\t\t\t\t<\/div>\n\t\t\t\t<\/div>\n\t\t<div class=\"elementor-element elementor-element-7cb8a9e e-con-full e-flex e-con e-child\" data-id=\"7cb8a9e\" data-element_type=\"container\" data-e-type=\"container\">\n\t\t\t\t<div class=\"elementor-element elementor-element-c27718c elementor-widget elementor-widget-heading\" data-id=\"c27718c\" data-element_type=\"widget\" data-e-type=\"widget\" data-widget_type=\"heading.default\">\n\t\t\t\t<div class=\"elementor-widget-container\">\n\t\t\t\t\t<h2 class=\"elementor-heading-title elementor-size-default\">Didier Garrigos<\/h2>\t\t\t\t<\/div>\n\t\t\t\t<\/div>\n\t\t\t\t<div class=\"elementor-element elementor-element-89aeae6 elementor-widget elementor-widget-text-editor\" data-id=\"89aeae6\" data-element_type=\"widget\" data-e-type=\"widget\" data-widget_type=\"text-editor.default\">\n\t\t\t\t<div class=\"elementor-widget-container\">\n\t\t\t\t\t\t\t\t\t<p>Designer dipl\u00f4m\u00e9 d\u2019\u00e9cole sup\u00e9rieure de design. Apr\u00e8s avoir \u00e9t\u00e9 designer \u00e0 Paris, en entreprise puis en tant qu\u2019ind\u00e9pendant, il rejoint l\u2019agence Garrigos Design en 2019.<\/p>\t\t\t\t\t\t\t\t<\/div>\n\t\t\t\t<\/div>\n\t\t\t\t<\/div>\n\t\t\t\t\t<\/div>\n\t\t\t\t<\/div>\n\t\t<div class=\"elementor-element elementor-element-7670847 e-flex e-con-boxed e-con e-parent\" data-id=\"7670847\" data-element_type=\"container\" data-e-type=\"container\">\n\t\t\t\t\t<div class=\"e-con-inner\">\n\t\t\t\t<div class=\"elementor-element elementor-element-52863d3 elementor-widget elementor-widget-image\" data-id=\"52863d3\" data-element_type=\"widget\" data-e-type=\"widget\" data-widget_type=\"image.default\">\n\t\t\t\t<div class=\"elementor-widget-container\">\n\t\t\t\t\t\t\t\t\t\t\t\t\t\t\t<img fetchpriority=\"high\" decoding=\"async\" width=\"227\" height=\"226\" src=\"https:\/\/sollen-design.com\/wp-content\/uploads\/Garrigos-Design-Logo.jpg\" class=\"attachment-large size-large wp-image-18376 wp-post-image\" alt=\"\" srcset=\"https:\/\/sollen-design.com\/wp-content\/uploads\/Garrigos-Design-Logo.jpg 227w, https:\/\/sollen-design.com\/wp-content\/uploads\/Garrigos-Design-Logo-150x150.jpg 150w, https:\/\/sollen-design.com\/wp-content\/uploads\/Garrigos-Design-Logo-12x12.jpg 12w, https:\/\/sollen-design.com\/wp-content\/uploads\/Garrigos-Design-Logo-200x200.jpg 200w\" sizes=\"(max-width: 227px) 100vw, 227px\" \/>\t\t\t\t\t\t\t\t\t\t\t\t\t\t\t<\/div>\n\t\t\t\t<\/div>\n\t\t\t\t\t<\/div>\n\t\t\t\t<\/div>\n\t\t\t\t<\/div>\n\t\t","protected":false},"excerpt":{"rendered":"<p>NOS DESIGNERS SOLLEN d\u00e9veloppe ses collections en partenariat avec des designers fran\u00e7ais aux talents confirm\u00e9s et r\u00e9compens\u00e9s. De ces collaborations naissent des mobiliers \u00e9l\u00e9gants et innovants alliant confort, design, et esth\u00e9tique. Arthur Garrigos Designer dipl\u00f4m\u00e9 d\u2019\u00e9cole sup\u00e9rieure de design. Apr\u00e8s avoir \u00e9t\u00e9 designer \u00e0 Paris, en entreprise puis en tant qu\u2019ind\u00e9pendant, il rejoint l\u2019agence Garrigos [&hellip;]<\/p>\n","protected":false},"author":42,"featured_media":0,"parent":0,"menu_order":0,"comment_status":"closed","ping_status":"closed","template":"","meta":{"footnotes":""},"class_list":["post-19605","page","type-page","status-publish","hentry"],"yoast_head":"<!-- This site is optimized with the Yoast SEO plugin v27.4 - https:\/\/yoast.com\/product\/yoast-seo-wordpress\/ -->\n<title>SOLLEN - Nos designers<\/title>\n<meta name=\"robots\" content=\"index, follow, max-snippet:-1, max-image-preview:large, max-video-preview:-1\" \/>\n<link rel=\"canonical\" href=\"https:\/\/sollen-design.com\/fr\/nos-designers\/\" \/>\n<meta property=\"og:locale\" content=\"fr_FR\" \/>\n<meta property=\"og:type\" content=\"article\" \/>\n<meta property=\"og:title\" content=\"SOLLEN - Nos designers\" \/>\n<meta property=\"og:description\" content=\"NOS DESIGNERS SOLLEN d\u00e9veloppe ses collections en partenariat avec des designers fran\u00e7ais aux talents confirm\u00e9s et r\u00e9compens\u00e9s. De ces collaborations naissent des mobiliers \u00e9l\u00e9gants et innovants alliant confort, design, et esth\u00e9tique. Arthur Garrigos Designer dipl\u00f4m\u00e9 d\u2019\u00e9cole sup\u00e9rieure de design. Apr\u00e8s avoir \u00e9t\u00e9 designer \u00e0 Paris, en entreprise puis en tant qu\u2019ind\u00e9pendant, il rejoint l\u2019agence Garrigos [&hellip;]\" \/>\n<meta property=\"og:url\" content=\"https:\/\/sollen-design.com\/fr\/nos-designers\/\" \/>\n<meta property=\"og:site_name\" content=\"SOLLEN\" \/>\n<meta property=\"article:publisher\" content=\"https:\/\/www.facebook.com\/sollendesign\/\" \/>\n<meta property=\"article:modified_time\" content=\"2026-01-28T09:43:15+00:00\" \/>\n<meta property=\"og:image\" content=\"https:\/\/sollen-design.com\/wp-content\/uploads\/Garrigos-Design-Logo.jpg\" \/>\n\t<meta property=\"og:image:width\" content=\"227\" \/>\n\t<meta property=\"og:image:height\" content=\"226\" \/>\n\t<meta property=\"og:image:type\" content=\"image\/jpeg\" \/>\n<meta name=\"twitter:card\" content=\"summary_large_image\" \/>\n<meta name=\"twitter:label1\" content=\"Dur\u00e9e de lecture estim\u00e9e\" \/>\n\t<meta name=\"twitter:data1\" content=\"1 minute\" \/>\n<script type=\"application\/ld+json\" class=\"yoast-schema-graph\">{\"@context\":\"https:\\\/\\\/schema.org\",\"@graph\":[{\"@type\":\"WebPage\",\"@id\":\"https:\\\/\\\/sollen-design.com\\\/nos-designers\\\/\",\"url\":\"https:\\\/\\\/sollen-design.com\\\/nos-designers\\\/\",\"name\":\"SOLLEN - Nos designers\",\"isPartOf\":{\"@id\":\"https:\\\/\\\/sollen-design.com\\\/fr\\\/#website\"},\"primaryImageOfPage\":{\"@id\":\"https:\\\/\\\/sollen-design.com\\\/nos-designers\\\/#primaryimage\"},\"image\":{\"@id\":\"https:\\\/\\\/sollen-design.com\\\/nos-designers\\\/#primaryimage\"},\"thumbnailUrl\":\"https:\\\/\\\/sollen-design.com\\\/wp-content\\\/uploads\\\/Garrigos-Design-Logo.jpg\",\"datePublished\":\"2026-01-08T15:25:24+00:00\",\"dateModified\":\"2026-01-28T09:43:15+00:00\",\"breadcrumb\":{\"@id\":\"https:\\\/\\\/sollen-design.com\\\/nos-designers\\\/#breadcrumb\"},\"inLanguage\":\"fr-FR\",\"potentialAction\":[{\"@type\":\"ReadAction\",\"target\":[\"https:\\\/\\\/sollen-design.com\\\/nos-designers\\\/\"]}]},{\"@type\":\"ImageObject\",\"inLanguage\":\"fr-FR\",\"@id\":\"https:\\\/\\\/sollen-design.com\\\/nos-designers\\\/#primaryimage\",\"url\":\"https:\\\/\\\/sollen-design.com\\\/wp-content\\\/uploads\\\/Garrigos-Design-Logo.jpg\",\"contentUrl\":\"https:\\\/\\\/sollen-design.com\\\/wp-content\\\/uploads\\\/Garrigos-Design-Logo.jpg\"},{\"@type\":\"BreadcrumbList\",\"@id\":\"https:\\\/\\\/sollen-design.com\\\/nos-designers\\\/#breadcrumb\",\"itemListElement\":[{\"@type\":\"ListItem\",\"position\":1,\"name\":\"Accueil\",\"item\":\"https:\\\/\\\/sollen-design.com\\\/fr\\\/\"},{\"@type\":\"ListItem\",\"position\":2,\"name\":\"Nos designers\"}]},{\"@type\":\"WebSite\",\"@id\":\"https:\\\/\\\/sollen-design.com\\\/fr\\\/#website\",\"url\":\"https:\\\/\\\/sollen-design.com\\\/fr\\\/\",\"name\":\"SOLLEN\",\"description\":\"Maison d&#039;\u00e9dition de mobilier design\",\"publisher\":{\"@id\":\"https:\\\/\\\/sollen-design.com\\\/fr\\\/#organization\"},\"potentialAction\":[{\"@type\":\"SearchAction\",\"target\":{\"@type\":\"EntryPoint\",\"urlTemplate\":\"https:\\\/\\\/sollen-design.com\\\/fr\\\/?s={search_term_string}\"},\"query-input\":{\"@type\":\"PropertyValueSpecification\",\"valueRequired\":true,\"valueName\":\"search_term_string\"}}],\"inLanguage\":\"fr-FR\"},{\"@type\":\"Organization\",\"@id\":\"https:\\\/\\\/sollen-design.com\\\/fr\\\/#organization\",\"name\":\"SOLLEN\",\"url\":\"https:\\\/\\\/sollen-design.com\\\/fr\\\/\",\"logo\":{\"@type\":\"ImageObject\",\"inLanguage\":\"fr-FR\",\"@id\":\"https:\\\/\\\/sollen-design.com\\\/fr\\\/#\\\/schema\\\/logo\\\/image\\\/\",\"url\":\"https:\\\/\\\/sollen-design.com\\\/wp-content\\\/uploads\\\/2021\\\/10\\\/LOGO_RVB_NOIR_130px.png\",\"contentUrl\":\"https:\\\/\\\/sollen-design.com\\\/wp-content\\\/uploads\\\/2021\\\/10\\\/LOGO_RVB_NOIR_130px.png\",\"width\":130,\"height\":39,\"caption\":\"SOLLEN\"},\"image\":{\"@id\":\"https:\\\/\\\/sollen-design.com\\\/fr\\\/#\\\/schema\\\/logo\\\/image\\\/\"},\"sameAs\":[\"https:\\\/\\\/www.facebook.com\\\/sollendesign\\\/\",\"https:\\\/\\\/www.instagram.com\\\/sollendesign\\\/\",\"https:\\\/\\\/www.linkedin.com\\\/company\\\/sollendesign\\\/\",\"https:\\\/\\\/www.pinterest.fr\\\/sollendesign\\\/\"]}]}<\/script>\n<!-- \/ Yoast SEO plugin. -->","yoast_head_json":{"title":"SOLLEN - Nos designers","robots":{"index":"index","follow":"follow","max-snippet":"max-snippet:-1","max-image-preview":"max-image-preview:large","max-video-preview":"max-video-preview:-1"},"canonical":"https:\/\/sollen-design.com\/fr\/nos-designers\/","og_locale":"fr_FR","og_type":"article","og_title":"SOLLEN - Nos designers","og_description":"NOS DESIGNERS SOLLEN d\u00e9veloppe ses collections en partenariat avec des designers fran\u00e7ais aux talents confirm\u00e9s et r\u00e9compens\u00e9s. De ces collaborations naissent des mobiliers \u00e9l\u00e9gants et innovants alliant confort, design, et esth\u00e9tique. Arthur Garrigos Designer dipl\u00f4m\u00e9 d\u2019\u00e9cole sup\u00e9rieure de design. Apr\u00e8s avoir \u00e9t\u00e9 designer \u00e0 Paris, en entreprise puis en tant qu\u2019ind\u00e9pendant, il rejoint l\u2019agence Garrigos [&hellip;]","og_url":"https:\/\/sollen-design.com\/fr\/nos-designers\/","og_site_name":"SOLLEN","article_publisher":"https:\/\/www.facebook.com\/sollendesign\/","article_modified_time":"2026-01-28T09:43:15+00:00","og_image":[{"width":227,"height":226,"url":"https:\/\/sollen-design.com\/wp-content\/uploads\/Garrigos-Design-Logo.jpg","type":"image\/jpeg"}],"twitter_card":"summary_large_image","twitter_misc":{"Dur\u00e9e de lecture estim\u00e9e":"1 minute"},"schema":{"@context":"https:\/\/schema.org","@graph":[{"@type":"WebPage","@id":"https:\/\/sollen-design.com\/nos-designers\/","url":"https:\/\/sollen-design.com\/nos-designers\/","name":"SOLLEN - Nos designers","isPartOf":{"@id":"https:\/\/sollen-design.com\/fr\/#website"},"primaryImageOfPage":{"@id":"https:\/\/sollen-design.com\/nos-designers\/#primaryimage"},"image":{"@id":"https:\/\/sollen-design.com\/nos-designers\/#primaryimage"},"thumbnailUrl":"https:\/\/sollen-design.com\/wp-content\/uploads\/Garrigos-Design-Logo.jpg","datePublished":"2026-01-08T15:25:24+00:00","dateModified":"2026-01-28T09:43:15+00:00","breadcrumb":{"@id":"https:\/\/sollen-design.com\/nos-designers\/#breadcrumb"},"inLanguage":"fr-FR","potentialAction":[{"@type":"ReadAction","target":["https:\/\/sollen-design.com\/nos-designers\/"]}]},{"@type":"ImageObject","inLanguage":"fr-FR","@id":"https:\/\/sollen-design.com\/nos-designers\/#primaryimage","url":"https:\/\/sollen-design.com\/wp-content\/uploads\/Garrigos-Design-Logo.jpg","contentUrl":"https:\/\/sollen-design.com\/wp-content\/uploads\/Garrigos-Design-Logo.jpg"},{"@type":"BreadcrumbList","@id":"https:\/\/sollen-design.com\/nos-designers\/#breadcrumb","itemListElement":[{"@type":"ListItem","position":1,"name":"Accueil","item":"https:\/\/sollen-design.com\/fr\/"},{"@type":"ListItem","position":2,"name":"Nos designers"}]},{"@type":"WebSite","@id":"https:\/\/sollen-design.com\/fr\/#website","url":"https:\/\/sollen-design.com\/fr\/","name":"SOLLEN","description":"Maison d&#039;\u00e9dition de mobilier design","publisher":{"@id":"https:\/\/sollen-design.com\/fr\/#organization"},"potentialAction":[{"@type":"SearchAction","target":{"@type":"EntryPoint","urlTemplate":"https:\/\/sollen-design.com\/fr\/?s={search_term_string}"},"query-input":{"@type":"PropertyValueSpecification","valueRequired":true,"valueName":"search_term_string"}}],"inLanguage":"fr-FR"},{"@type":"Organization","@id":"https:\/\/sollen-design.com\/fr\/#organization","name":"SOLLEN","url":"https:\/\/sollen-design.com\/fr\/","logo":{"@type":"ImageObject","inLanguage":"fr-FR","@id":"https:\/\/sollen-design.com\/fr\/#\/schema\/logo\/image\/","url":"https:\/\/sollen-design.com\/wp-content\/uploads\/2021\/10\/LOGO_RVB_NOIR_130px.png","contentUrl":"https:\/\/sollen-design.com\/wp-content\/uploads\/2021\/10\/LOGO_RVB_NOIR_130px.png","width":130,"height":39,"caption":"SOLLEN"},"image":{"@id":"https:\/\/sollen-design.com\/fr\/#\/schema\/logo\/image\/"},"sameAs":["https:\/\/www.facebook.com\/sollendesign\/","https:\/\/www.instagram.com\/sollendesign\/","https:\/\/www.linkedin.com\/company\/sollendesign\/","https:\/\/www.pinterest.fr\/sollendesign\/"]}]}},"_links":{"self":[{"href":"https:\/\/sollen-design.com\/fr\/wp-json\/wp\/v2\/pages\/19605","targetHints":{"allow":["GET"]}}],"collection":[{"href":"https:\/\/sollen-design.com\/fr\/wp-json\/wp\/v2\/pages"}],"about":[{"href":"https:\/\/sollen-design.com\/fr\/wp-json\/wp\/v2\/types\/page"}],"author":[{"embeddable":true,"href":"https:\/\/sollen-design.com\/fr\/wp-json\/wp\/v2\/users\/42"}],"replies":[{"embeddable":true,"href":"https:\/\/sollen-design.com\/fr\/wp-json\/wp\/v2\/comments?post=19605"}],"version-history":[{"count":20,"href":"https:\/\/sollen-design.com\/fr\/wp-json\/wp\/v2\/pages\/19605\/revisions"}],"predecessor-version":[{"id":19985,"href":"https:\/\/sollen-design.com\/fr\/wp-json\/wp\/v2\/pages\/19605\/revisions\/19985"}],"wp:attachment":[{"href":"https:\/\/sollen-design.com\/fr\/wp-json\/wp\/v2\/media?parent=19605"}],"curies":[{"name":"wp","href":"https:\/\/api.w.org\/{rel}","templated":true}]}}