{"id":19565,"date":"2026-01-08T15:40:30","date_gmt":"2026-01-08T14:40:30","guid":{"rendered":"https:\/\/sollen-design.com\/?page_id=19565"},"modified":"2026-01-30T13:50:58","modified_gmt":"2026-01-30T12:50:58","slug":"personnalisation-tissu-outdoor","status":"publish","type":"page","link":"https:\/\/sollen-design.com\/fr\/personnalisation-tissu-outdoor\/","title":{"rendered":"Personnalisation tissus OUTDOOR"},"content":{"rendered":"\t\t<div data-elementor-type=\"wp-page\" data-elementor-id=\"19565\" class=\"elementor elementor-19565\" data-elementor-post-type=\"page\">\n\t\t\t\t<div class=\"elementor-element elementor-element-9946d31 e-flex e-con-boxed e-con e-parent\" data-id=\"9946d31\" data-element_type=\"container\" data-e-type=\"container\">\n\t\t\t\t\t<div class=\"e-con-inner\">\n\t\t\t\t<div class=\"elementor-element elementor-element-a97620c elementor-position-left elementor-vertical-align-bottom elementor-widget elementor-widget-image-box\" data-id=\"a97620c\" data-element_type=\"widget\" data-e-type=\"widget\" data-widget_type=\"image-box.default\">\n\t\t\t\t<div class=\"elementor-widget-container\">\n\t\t\t\t\t<div class=\"elementor-image-box-wrapper\"><figure class=\"elementor-image-box-img\"><img fetchpriority=\"high\" decoding=\"async\" width=\"680\" height=\"480\" src=\"https:\/\/sollen-design.com\/wp-content\/uploads\/loop_pearl_680x480_96996.webp\" class=\"attachment-full size-full wp-image-19571 wp-post-image\" alt=\"\" srcset=\"https:\/\/sollen-design.com\/wp-content\/uploads\/loop_pearl_680x480_96996.webp 680w, https:\/\/sollen-design.com\/wp-content\/uploads\/loop_pearl_680x480_96996-300x212.webp 300w, https:\/\/sollen-design.com\/wp-content\/uploads\/loop_pearl_680x480_96996-18x12.webp 18w, https:\/\/sollen-design.com\/wp-content\/uploads\/loop_pearl_680x480_96996-200x141.webp 200w\" sizes=\"(max-width: 680px) 100vw, 680px\" \/><\/figure><div class=\"elementor-image-box-content\"><h3 class=\"elementor-image-box-title\">Tissus LOOP<\/h3><p class=\"elementor-image-box-description\">PERLE - LOOP 1000814 160<\/p><\/div><\/div>\t\t\t\t<\/div>\n\t\t\t\t<\/div>\n\t\t\t\t\t<\/div>\n\t\t\t\t<\/div>\n\t\t<div class=\"elementor-element elementor-element-7784b444 e-flex e-con-boxed e-con e-parent\" data-id=\"7784b444\" data-element_type=\"container\" data-e-type=\"container\">\n\t\t\t\t\t<div class=\"e-con-inner\">\n\t\t<div class=\"elementor-element elementor-element-230ea8de e-con-full e-flex e-con e-child\" data-id=\"230ea8de\" data-element_type=\"container\" data-e-type=\"container\">\n\t\t\t\t<div class=\"elementor-element elementor-element-75f72ce5 elementor-position-left elementor-vertical-align-bottom elementor-widget elementor-widget-image-box\" data-id=\"75f72ce5\" data-element_type=\"widget\" data-e-type=\"widget\" data-widget_type=\"image-box.default\">\n\t\t\t\t<div class=\"elementor-widget-container\">\n\t\t\t\t\t<div class=\"elementor-image-box-wrapper\"><figure class=\"elementor-image-box-img\"><img decoding=\"async\" width=\"680\" height=\"480\" src=\"https:\/\/sollen-design.com\/wp-content\/uploads\/loop_granite_680x480_137906.webp\" class=\"attachment-full size-full wp-image-19568 wp-post-image\" alt=\"\" srcset=\"https:\/\/sollen-design.com\/wp-content\/uploads\/loop_granite_680x480_137906.webp 680w, https:\/\/sollen-design.com\/wp-content\/uploads\/loop_granite_680x480_137906-300x212.webp 300w, https:\/\/sollen-design.com\/wp-content\/uploads\/loop_granite_680x480_137906-18x12.webp 18w, https:\/\/sollen-design.com\/wp-content\/uploads\/loop_granite_680x480_137906-200x141.webp 200w\" sizes=\"(max-width: 680px) 100vw, 680px\" \/><\/figure><div class=\"elementor-image-box-content\"><p class=\"elementor-image-box-description\">GRANIT - LOOP 1000803 160<\/p><\/div><\/div>\t\t\t\t<\/div>\n\t\t\t\t<\/div>\n\t\t\t\t<div class=\"elementor-element elementor-element-5d7a919 elementor-position-left elementor-vertical-align-bottom elementor-widget elementor-widget-image-box\" data-id=\"5d7a919\" data-element_type=\"widget\" data-e-type=\"widget\" data-widget_type=\"image-box.default\">\n\t\t\t\t<div class=\"elementor-widget-container\">\n\t\t\t\t\t<div class=\"elementor-image-box-wrapper\"><figure class=\"elementor-image-box-img\"><img decoding=\"async\" width=\"680\" height=\"480\" src=\"https:\/\/sollen-design.com\/wp-content\/uploads\/loop_gravel_680x480_121657.webp\" class=\"attachment-full size-full wp-image-19569 wp-post-image\" alt=\"\" srcset=\"https:\/\/sollen-design.com\/wp-content\/uploads\/loop_gravel_680x480_121657.webp 680w, https:\/\/sollen-design.com\/wp-content\/uploads\/loop_gravel_680x480_121657-300x212.webp 300w, https:\/\/sollen-design.com\/wp-content\/uploads\/loop_gravel_680x480_121657-18x12.webp 18w, https:\/\/sollen-design.com\/wp-content\/uploads\/loop_gravel_680x480_121657-200x141.webp 200w\" sizes=\"(max-width: 680px) 100vw, 680px\" \/><\/figure><div class=\"elementor-image-box-content\"><p class=\"elementor-image-box-description\">GRAVEL - LOOP 1000810 160<\/p><\/div><\/div>\t\t\t\t<\/div>\n\t\t\t\t<\/div>\n\t\t\t\t<div class=\"elementor-element elementor-element-19ef2d5d elementor-position-left elementor-vertical-align-bottom elementor-widget elementor-widget-image-box\" data-id=\"19ef2d5d\" data-element_type=\"widget\" data-e-type=\"widget\" data-widget_type=\"image-box.default\">\n\t\t\t\t<div class=\"elementor-widget-container\">\n\t\t\t\t\t<div class=\"elementor-image-box-wrapper\"><figure class=\"elementor-image-box-img\"><img loading=\"lazy\" decoding=\"async\" width=\"680\" height=\"480\" src=\"https:\/\/sollen-design.com\/wp-content\/uploads\/loop_mushroom_680x480_118265.webp\" class=\"attachment-full size-full wp-image-19570 wp-post-image\" alt=\"\" srcset=\"https:\/\/sollen-design.com\/wp-content\/uploads\/loop_mushroom_680x480_118265.webp 680w, https:\/\/sollen-design.com\/wp-content\/uploads\/loop_mushroom_680x480_118265-300x212.webp 300w, https:\/\/sollen-design.com\/wp-content\/uploads\/loop_mushroom_680x480_118265-18x12.webp 18w, https:\/\/sollen-design.com\/wp-content\/uploads\/loop_mushroom_680x480_118265-200x141.webp 200w\" sizes=\"(max-width: 680px) 100vw, 680px\" \/><\/figure><div class=\"elementor-image-box-content\"><p class=\"elementor-image-box-description\">MUSHROOM - LOOP 1000809 160<\/p><\/div><\/div>\t\t\t\t<\/div>\n\t\t\t\t<\/div>\n\t\t\t\t<\/div>\n\t\t<div class=\"elementor-element elementor-element-2bb61d1 e-con-full e-flex e-con e-child\" data-id=\"2bb61d1\" data-element_type=\"container\" data-e-type=\"container\">\n\t\t\t\t<div class=\"elementor-element elementor-element-4140b9d0 elementor-position-left elementor-vertical-align-bottom elementor-widget elementor-widget-image-box\" data-id=\"4140b9d0\" data-element_type=\"widget\" data-e-type=\"widget\" data-widget_type=\"image-box.default\">\n\t\t\t\t<div class=\"elementor-widget-container\">\n\t\t\t\t\t<div class=\"elementor-image-box-wrapper\"><figure class=\"elementor-image-box-img\"><img loading=\"lazy\" decoding=\"async\" width=\"680\" height=\"480\" src=\"https:\/\/sollen-design.com\/wp-content\/uploads\/loop_sand_680x480_131663.webp\" class=\"attachment-full size-full wp-image-19572 wp-post-image\" alt=\"\" srcset=\"https:\/\/sollen-design.com\/wp-content\/uploads\/loop_sand_680x480_131663.webp 680w, https:\/\/sollen-design.com\/wp-content\/uploads\/loop_sand_680x480_131663-300x212.webp 300w, https:\/\/sollen-design.com\/wp-content\/uploads\/loop_sand_680x480_131663-18x12.webp 18w, https:\/\/sollen-design.com\/wp-content\/uploads\/loop_sand_680x480_131663-200x141.webp 200w\" sizes=\"(max-width: 680px) 100vw, 680px\" \/><\/figure><div class=\"elementor-image-box-content\"><p class=\"elementor-image-box-description\">SAND - LOOP 1000805 160<\/p><\/div><\/div>\t\t\t\t<\/div>\n\t\t\t\t<\/div>\n\t\t\t\t<div class=\"elementor-element elementor-element-4739ce24 elementor-position-left elementor-vertical-align-bottom elementor-widget elementor-widget-image-box\" data-id=\"4739ce24\" data-element_type=\"widget\" data-e-type=\"widget\" data-widget_type=\"image-box.default\">\n\t\t\t\t<div class=\"elementor-widget-container\">\n\t\t\t\t\t<div class=\"elementor-image-box-wrapper\"><figure class=\"elementor-image-box-img\"><img loading=\"lazy\" decoding=\"async\" width=\"680\" height=\"480\" src=\"https:\/\/sollen-design.com\/wp-content\/uploads\/loop_spa_680x480_134037.webp\" class=\"attachment-full size-full wp-image-19573 wp-post-image\" alt=\"\" srcset=\"https:\/\/sollen-design.com\/wp-content\/uploads\/loop_spa_680x480_134037.webp 680w, https:\/\/sollen-design.com\/wp-content\/uploads\/loop_spa_680x480_134037-300x212.webp 300w, https:\/\/sollen-design.com\/wp-content\/uploads\/loop_spa_680x480_134037-18x12.webp 18w, https:\/\/sollen-design.com\/wp-content\/uploads\/loop_spa_680x480_134037-200x141.webp 200w\" sizes=\"(max-width: 680px) 100vw, 680px\" \/><\/figure><div class=\"elementor-image-box-content\"><p class=\"elementor-image-box-description\">SPA - LOOP 1000811 160<\/p><\/div><\/div>\t\t\t\t<\/div>\n\t\t\t\t<\/div>\n\t\t\t\t<div class=\"elementor-element elementor-element-739e6152 elementor-position-left elementor-vertical-align-bottom elementor-widget elementor-widget-image-box\" data-id=\"739e6152\" data-element_type=\"widget\" data-e-type=\"widget\" data-widget_type=\"image-box.default\">\n\t\t\t\t<div class=\"elementor-widget-container\">\n\t\t\t\t\t<div class=\"elementor-image-box-wrapper\"><figure class=\"elementor-image-box-img\"><img loading=\"lazy\" decoding=\"async\" width=\"680\" height=\"480\" src=\"https:\/\/sollen-design.com\/wp-content\/uploads\/loop_speedster_680x480_90180.webp\" class=\"attachment-full size-full wp-image-19574 wp-post-image\" alt=\"\" srcset=\"https:\/\/sollen-design.com\/wp-content\/uploads\/loop_speedster_680x480_90180.webp 680w, https:\/\/sollen-design.com\/wp-content\/uploads\/loop_speedster_680x480_90180-300x212.webp 300w, https:\/\/sollen-design.com\/wp-content\/uploads\/loop_speedster_680x480_90180-18x12.webp 18w, https:\/\/sollen-design.com\/wp-content\/uploads\/loop_speedster_680x480_90180-200x141.webp 200w\" sizes=\"(max-width: 680px) 100vw, 680px\" \/><\/figure><div class=\"elementor-image-box-content\"><p class=\"elementor-image-box-description\">SPEEDSTER - LOOP 1000804 160<\/p><\/div><\/div>\t\t\t\t<\/div>\n\t\t\t\t<\/div>\n\t\t\t\t<\/div>\n\t\t\t\t\t<\/div>\n\t\t\t\t<\/div>\n\t\t<div class=\"elementor-element elementor-element-213a6682 e-flex e-con-boxed e-con e-parent\" data-id=\"213a6682\" data-element_type=\"container\" data-e-type=\"container\">\n\t\t\t\t\t<div class=\"e-con-inner\">\n\t\t\t\t<div class=\"elementor-element elementor-element-4dec40e2 elementor-widget elementor-widget-n-accordion\" data-id=\"4dec40e2\" data-element_type=\"widget\" data-e-type=\"widget\" data-settings=\"{&quot;default_state&quot;:&quot;expanded&quot;,&quot;max_items_expended&quot;:&quot;one&quot;,&quot;n_accordion_animation_duration&quot;:{&quot;unit&quot;:&quot;ms&quot;,&quot;size&quot;:400,&quot;sizes&quot;:[]}}\" data-widget_type=\"nested-accordion.default\">\n\t\t\t\t<div class=\"elementor-widget-container\">\n\t\t\t\t\t\t\t<div class=\"e-n-accordion\" aria-label=\"Accordion. Open links with Enter or Space, close with Escape, and navigate with Arrow Keys\">\n\t\t\t\t\t\t<details id=\"e-n-accordion-item-1300\" class=\"e-n-accordion-item\" open>\n\t\t\t\t<summary class=\"e-n-accordion-item-title\" data-accordion-index=\"1\" tabindex=\"0\" aria-expanded=\"true\" aria-controls=\"e-n-accordion-item-1300\" >\n\t\t\t\t\t<span class='e-n-accordion-item-title-header'><div class=\"e-n-accordion-item-title-text\"> SPECIFICATIONS <\/div><\/span>\n\t\t\t\t\t\t\t<span class='e-n-accordion-item-title-icon'>\n\t\t\t<span class='e-opened' ><i aria-hidden=\"true\" class=\"fas fa-caret-up\"><\/i><\/span>\n\t\t\t<span class='e-closed'><i aria-hidden=\"true\" class=\"fas fa-sort-down\"><\/i><\/span>\n\t\t<\/span>\n\n\t\t\t\t\t\t<\/summary>\n\t\t\t\t<div role=\"region\" aria-labelledby=\"e-n-accordion-item-1300\" class=\"elementor-element elementor-element-675f5782 e-con-full e-flex e-con e-child\" data-id=\"675f5782\" data-element_type=\"container\" data-e-type=\"container\">\n\t\t\t\t<div class=\"elementor-element elementor-element-62cee5e elementor-widget elementor-widget-text-editor\" data-id=\"62cee5e\" data-element_type=\"widget\" data-e-type=\"widget\" data-widget_type=\"text-editor.default\">\n\t\t\t\t<div class=\"elementor-widget-container\">\n\t\t\t\t\t\t\t\t\t<p>Composition: <br \/>64,7% acrylique, 33,6% polyester <br \/>&amp; 1.7% Lycra<br \/>Armure: Tricot boucl\u00e9<br \/>Poids: 732 g\/m<br \/>Roll length: 27 m<br \/>Width: 160 cm<\/p>\t\t\t\t\t\t\t\t<\/div>\n\t\t\t\t<\/div>\n\t\t\t\t<\/div>\n\t\t\t\t\t<\/details>\n\t\t\t\t\t\t<details id=\"e-n-accordion-item-1301\" class=\"e-n-accordion-item\" >\n\t\t\t\t<summary class=\"e-n-accordion-item-title\" data-accordion-index=\"2\" tabindex=\"-1\" aria-expanded=\"false\" aria-controls=\"e-n-accordion-item-1301\" >\n\t\t\t\t\t<span class='e-n-accordion-item-title-header'><div class=\"e-n-accordion-item-title-text\"> ENTRETIEN <\/div><\/span>\n\t\t\t\t\t\t\t<span class='e-n-accordion-item-title-icon'>\n\t\t\t<span class='e-opened' ><i aria-hidden=\"true\" class=\"fas fa-caret-up\"><\/i><\/span>\n\t\t\t<span class='e-closed'><i aria-hidden=\"true\" class=\"fas fa-sort-down\"><\/i><\/span>\n\t\t<\/span>\n\n\t\t\t\t\t\t<\/summary>\n\t\t\t\t<div role=\"region\" aria-labelledby=\"e-n-accordion-item-1301\" class=\"elementor-element elementor-element-4b0d5b4 e-con-full e-flex e-con e-child\" data-id=\"4b0d5b4\" data-element_type=\"container\" data-e-type=\"container\">\n\t\t\t\t<div class=\"elementor-element elementor-element-8f60e87 elementor-widget elementor-widget-text-editor\" data-id=\"8f60e87\" data-element_type=\"widget\" data-e-type=\"widget\" data-widget_type=\"text-editor.default\">\n\t\t\t\t<div class=\"elementor-widget-container\">\n\t\t\t\t\t\t\t\t\t<h4>Conseils d\u2019entretien tissu Loop Sunbrella\u00ae :<\/h4><p>Les tissus d\u2019ext\u00e9rieur trait\u00e9s au fluocarbone deviennent imperm\u00e9ables et r\u00e9sistent mieux \u00e0 l\u2019eau, aux salissures, et aux moisissures. Avec le temps, leur efficacit\u00e9 diminue, n\u00e9cessitant un nettoyage et un traitement r\u00e9guliers pour maintenir leur qualit\u00e9 et prolonger leur dur\u00e9e de vie.<\/p><p><img loading=\"lazy\" decoding=\"async\" class=\"alignnone wp-image-18347 size-full\" src=\"https:\/\/sollen-design.com\/wp-content\/uploads\/Conseils-entetien-Loop-Sunbrella.png\" alt=\"\" width=\"753\" height=\"169\" srcset=\"https:\/\/sollen-design.com\/wp-content\/uploads\/Conseils-entetien-Loop-Sunbrella.png 753w, https:\/\/sollen-design.com\/wp-content\/uploads\/Conseils-entetien-Loop-Sunbrella-300x67.png 300w, https:\/\/sollen-design.com\/wp-content\/uploads\/Conseils-entetien-Loop-Sunbrella-18x4.png 18w, https:\/\/sollen-design.com\/wp-content\/uploads\/Conseils-entetien-Loop-Sunbrella-200x45.png 200w\" sizes=\"(max-width: 753px) 100vw, 753px\" \/><\/p><h4>Conseils d\u2019entretien\u00a0<strong>mousse QuickDry\u00ae Foam<\/strong>\u00a0:<\/h4><p>Pour pr\u00e9server l\u2019\u00e9tat et la long\u00e9vit\u00e9 de vos coussins d\u2019ext\u00e9rieur, un entretien r\u00e9gulier est crucial. D\u00e9barrassez-les de la poussi\u00e8re avec une brosse douce ou un aspirateur, puis nettoyez-les \u00e0 l\u2019eau claire. Les coussins peuvent rester dehors toute l\u2019ann\u00e9e, mais il est conseill\u00e9 de les stocker dans un endroit sec ou sous une housse pendant l\u2019hiver pour une protection optimale.<\/p>\t\t\t\t\t\t\t\t<\/div>\n\t\t\t\t<\/div>\n\t\t\t\t<\/div>\n\t\t\t\t\t<\/details>\n\t\t\t\t\t<\/div>\n\t\t\t\t\t\t<\/div>\n\t\t\t\t<\/div>\n\t\t\t\t\t<\/div>\n\t\t\t\t<\/div>\n\t\t\t\t<\/div>\n\t\t","protected":false},"excerpt":{"rendered":"<p>Tissus LOOP PERLE &#8211; LOOP 1000814 160 GRANIT &#8211; LOOP 1000803 160 GRAVEL &#8211; LOOP 1000810 160 MUSHROOM &#8211; LOOP 1000809 160 SAND &#8211; LOOP 1000805 160 SPA &#8211; LOOP 1000811 160 SPEEDSTER &#8211; LOOP 1000804 160 SPECIFICATIONS Composition: 64,7% acrylique, 33,6% polyester &amp; 1.7% LycraArmure: Tricot boucl\u00e9Poids: 732 g\/mRoll length: 27 mWidth: 160 cm [&hellip;]<\/p>\n","protected":false},"author":42,"featured_media":0,"parent":0,"menu_order":0,"comment_status":"closed","ping_status":"closed","template":"","meta":{"footnotes":""},"class_list":["post-19565","page","type-page","status-publish","hentry"],"yoast_head":"<!-- This site is optimized with the Yoast SEO plugin v27.4 - https:\/\/yoast.com\/product\/yoast-seo-wordpress\/ -->\n<title>SOLLEN - Personnalisation tissus OUTDOOR<\/title>\n<meta name=\"robots\" content=\"index, follow, max-snippet:-1, max-image-preview:large, max-video-preview:-1\" \/>\n<link rel=\"canonical\" href=\"https:\/\/sollen-design.com\/fr\/personnalisation-tissu-outdoor\/\" \/>\n<meta property=\"og:locale\" content=\"fr_FR\" \/>\n<meta property=\"og:type\" content=\"article\" \/>\n<meta property=\"og:title\" content=\"SOLLEN - Personnalisation tissus OUTDOOR\" \/>\n<meta property=\"og:description\" content=\"Tissus LOOP PERLE &#8211; LOOP 1000814 160 GRANIT &#8211; LOOP 1000803 160 GRAVEL &#8211; LOOP 1000810 160 MUSHROOM &#8211; LOOP 1000809 160 SAND &#8211; LOOP 1000805 160 SPA &#8211; LOOP 1000811 160 SPEEDSTER &#8211; LOOP 1000804 160 SPECIFICATIONS Composition: 64,7% acrylique, 33,6% polyester &amp; 1.7% LycraArmure: Tricot boucl\u00e9Poids: 732 g\/mRoll length: 27 mWidth: 160 cm [&hellip;]\" \/>\n<meta property=\"og:url\" content=\"https:\/\/sollen-design.com\/fr\/personnalisation-tissu-outdoor\/\" \/>\n<meta property=\"og:site_name\" content=\"SOLLEN\" \/>\n<meta property=\"article:publisher\" content=\"https:\/\/www.facebook.com\/sollendesign\/\" \/>\n<meta property=\"article:modified_time\" content=\"2026-01-30T12:50:58+00:00\" \/>\n<meta property=\"og:image\" content=\"https:\/\/sollen-design.com\/wp-content\/uploads\/loop_pearl_680x480_96996.webp\" \/>\n\t<meta property=\"og:image:width\" content=\"680\" \/>\n\t<meta property=\"og:image:height\" content=\"480\" \/>\n\t<meta property=\"og:image:type\" content=\"image\/webp\" \/>\n<meta name=\"twitter:card\" content=\"summary_large_image\" \/>\n<meta name=\"twitter:label1\" content=\"Dur\u00e9e de lecture estim\u00e9e\" \/>\n\t<meta name=\"twitter:data1\" content=\"4 minutes\" \/>\n<script type=\"application\/ld+json\" class=\"yoast-schema-graph\">{\"@context\":\"https:\\\/\\\/schema.org\",\"@graph\":[{\"@type\":\"WebPage\",\"@id\":\"https:\\\/\\\/sollen-design.com\\\/personnalisation-tissu-outdoor\\\/\",\"url\":\"https:\\\/\\\/sollen-design.com\\\/personnalisation-tissu-outdoor\\\/\",\"name\":\"SOLLEN - Personnalisation tissus OUTDOOR\",\"isPartOf\":{\"@id\":\"https:\\\/\\\/sollen-design.com\\\/fr\\\/#website\"},\"primaryImageOfPage\":{\"@id\":\"https:\\\/\\\/sollen-design.com\\\/personnalisation-tissu-outdoor\\\/#primaryimage\"},\"image\":{\"@id\":\"https:\\\/\\\/sollen-design.com\\\/personnalisation-tissu-outdoor\\\/#primaryimage\"},\"thumbnailUrl\":\"https:\\\/\\\/sollen-design.com\\\/wp-content\\\/uploads\\\/loop_pearl_680x480_96996.webp\",\"datePublished\":\"2026-01-08T14:40:30+00:00\",\"dateModified\":\"2026-01-30T12:50:58+00:00\",\"breadcrumb\":{\"@id\":\"https:\\\/\\\/sollen-design.com\\\/personnalisation-tissu-outdoor\\\/#breadcrumb\"},\"inLanguage\":\"fr-FR\",\"potentialAction\":[{\"@type\":\"ReadAction\",\"target\":[\"https:\\\/\\\/sollen-design.com\\\/personnalisation-tissu-outdoor\\\/\"]}]},{\"@type\":\"ImageObject\",\"inLanguage\":\"fr-FR\",\"@id\":\"https:\\\/\\\/sollen-design.com\\\/personnalisation-tissu-outdoor\\\/#primaryimage\",\"url\":\"https:\\\/\\\/sollen-design.com\\\/wp-content\\\/uploads\\\/loop_pearl_680x480_96996.webp\",\"contentUrl\":\"https:\\\/\\\/sollen-design.com\\\/wp-content\\\/uploads\\\/loop_pearl_680x480_96996.webp\"},{\"@type\":\"BreadcrumbList\",\"@id\":\"https:\\\/\\\/sollen-design.com\\\/personnalisation-tissu-outdoor\\\/#breadcrumb\",\"itemListElement\":[{\"@type\":\"ListItem\",\"position\":1,\"name\":\"Accueil\",\"item\":\"https:\\\/\\\/sollen-design.com\\\/fr\\\/\"},{\"@type\":\"ListItem\",\"position\":2,\"name\":\"Personnalisation tissus OUTDOOR\"}]},{\"@type\":\"WebSite\",\"@id\":\"https:\\\/\\\/sollen-design.com\\\/fr\\\/#website\",\"url\":\"https:\\\/\\\/sollen-design.com\\\/fr\\\/\",\"name\":\"SOLLEN\",\"description\":\"Maison d&#039;\u00e9dition de mobilier design\",\"publisher\":{\"@id\":\"https:\\\/\\\/sollen-design.com\\\/fr\\\/#organization\"},\"potentialAction\":[{\"@type\":\"SearchAction\",\"target\":{\"@type\":\"EntryPoint\",\"urlTemplate\":\"https:\\\/\\\/sollen-design.com\\\/fr\\\/?s={search_term_string}\"},\"query-input\":{\"@type\":\"PropertyValueSpecification\",\"valueRequired\":true,\"valueName\":\"search_term_string\"}}],\"inLanguage\":\"fr-FR\"},{\"@type\":\"Organization\",\"@id\":\"https:\\\/\\\/sollen-design.com\\\/fr\\\/#organization\",\"name\":\"SOLLEN\",\"url\":\"https:\\\/\\\/sollen-design.com\\\/fr\\\/\",\"logo\":{\"@type\":\"ImageObject\",\"inLanguage\":\"fr-FR\",\"@id\":\"https:\\\/\\\/sollen-design.com\\\/fr\\\/#\\\/schema\\\/logo\\\/image\\\/\",\"url\":\"https:\\\/\\\/sollen-design.com\\\/wp-content\\\/uploads\\\/2021\\\/10\\\/LOGO_RVB_NOIR_130px.png\",\"contentUrl\":\"https:\\\/\\\/sollen-design.com\\\/wp-content\\\/uploads\\\/2021\\\/10\\\/LOGO_RVB_NOIR_130px.png\",\"width\":130,\"height\":39,\"caption\":\"SOLLEN\"},\"image\":{\"@id\":\"https:\\\/\\\/sollen-design.com\\\/fr\\\/#\\\/schema\\\/logo\\\/image\\\/\"},\"sameAs\":[\"https:\\\/\\\/www.facebook.com\\\/sollendesign\\\/\",\"https:\\\/\\\/www.instagram.com\\\/sollendesign\\\/\",\"https:\\\/\\\/www.linkedin.com\\\/company\\\/sollendesign\\\/\",\"https:\\\/\\\/www.pinterest.fr\\\/sollendesign\\\/\"]}]}<\/script>\n<!-- \/ Yoast SEO plugin. -->","yoast_head_json":{"title":"SOLLEN - Personnalisation tissus OUTDOOR","robots":{"index":"index","follow":"follow","max-snippet":"max-snippet:-1","max-image-preview":"max-image-preview:large","max-video-preview":"max-video-preview:-1"},"canonical":"https:\/\/sollen-design.com\/fr\/personnalisation-tissu-outdoor\/","og_locale":"fr_FR","og_type":"article","og_title":"SOLLEN - Personnalisation tissus OUTDOOR","og_description":"Tissus LOOP PERLE &#8211; LOOP 1000814 160 GRANIT &#8211; LOOP 1000803 160 GRAVEL &#8211; LOOP 1000810 160 MUSHROOM &#8211; LOOP 1000809 160 SAND &#8211; LOOP 1000805 160 SPA &#8211; LOOP 1000811 160 SPEEDSTER &#8211; LOOP 1000804 160 SPECIFICATIONS Composition: 64,7% acrylique, 33,6% polyester &amp; 1.7% LycraArmure: Tricot boucl\u00e9Poids: 732 g\/mRoll length: 27 mWidth: 160 cm [&hellip;]","og_url":"https:\/\/sollen-design.com\/fr\/personnalisation-tissu-outdoor\/","og_site_name":"SOLLEN","article_publisher":"https:\/\/www.facebook.com\/sollendesign\/","article_modified_time":"2026-01-30T12:50:58+00:00","og_image":[{"width":680,"height":480,"url":"https:\/\/sollen-design.com\/wp-content\/uploads\/loop_pearl_680x480_96996.webp","type":"image\/webp"}],"twitter_card":"summary_large_image","twitter_misc":{"Dur\u00e9e de lecture estim\u00e9e":"4 minutes"},"schema":{"@context":"https:\/\/schema.org","@graph":[{"@type":"WebPage","@id":"https:\/\/sollen-design.com\/personnalisation-tissu-outdoor\/","url":"https:\/\/sollen-design.com\/personnalisation-tissu-outdoor\/","name":"SOLLEN - Personnalisation tissus OUTDOOR","isPartOf":{"@id":"https:\/\/sollen-design.com\/fr\/#website"},"primaryImageOfPage":{"@id":"https:\/\/sollen-design.com\/personnalisation-tissu-outdoor\/#primaryimage"},"image":{"@id":"https:\/\/sollen-design.com\/personnalisation-tissu-outdoor\/#primaryimage"},"thumbnailUrl":"https:\/\/sollen-design.com\/wp-content\/uploads\/loop_pearl_680x480_96996.webp","datePublished":"2026-01-08T14:40:30+00:00","dateModified":"2026-01-30T12:50:58+00:00","breadcrumb":{"@id":"https:\/\/sollen-design.com\/personnalisation-tissu-outdoor\/#breadcrumb"},"inLanguage":"fr-FR","potentialAction":[{"@type":"ReadAction","target":["https:\/\/sollen-design.com\/personnalisation-tissu-outdoor\/"]}]},{"@type":"ImageObject","inLanguage":"fr-FR","@id":"https:\/\/sollen-design.com\/personnalisation-tissu-outdoor\/#primaryimage","url":"https:\/\/sollen-design.com\/wp-content\/uploads\/loop_pearl_680x480_96996.webp","contentUrl":"https:\/\/sollen-design.com\/wp-content\/uploads\/loop_pearl_680x480_96996.webp"},{"@type":"BreadcrumbList","@id":"https:\/\/sollen-design.com\/personnalisation-tissu-outdoor\/#breadcrumb","itemListElement":[{"@type":"ListItem","position":1,"name":"Accueil","item":"https:\/\/sollen-design.com\/fr\/"},{"@type":"ListItem","position":2,"name":"Personnalisation tissus OUTDOOR"}]},{"@type":"WebSite","@id":"https:\/\/sollen-design.com\/fr\/#website","url":"https:\/\/sollen-design.com\/fr\/","name":"SOLLEN","description":"Maison d&#039;\u00e9dition de mobilier design","publisher":{"@id":"https:\/\/sollen-design.com\/fr\/#organization"},"potentialAction":[{"@type":"SearchAction","target":{"@type":"EntryPoint","urlTemplate":"https:\/\/sollen-design.com\/fr\/?s={search_term_string}"},"query-input":{"@type":"PropertyValueSpecification","valueRequired":true,"valueName":"search_term_string"}}],"inLanguage":"fr-FR"},{"@type":"Organization","@id":"https:\/\/sollen-design.com\/fr\/#organization","name":"SOLLEN","url":"https:\/\/sollen-design.com\/fr\/","logo":{"@type":"ImageObject","inLanguage":"fr-FR","@id":"https:\/\/sollen-design.com\/fr\/#\/schema\/logo\/image\/","url":"https:\/\/sollen-design.com\/wp-content\/uploads\/2021\/10\/LOGO_RVB_NOIR_130px.png","contentUrl":"https:\/\/sollen-design.com\/wp-content\/uploads\/2021\/10\/LOGO_RVB_NOIR_130px.png","width":130,"height":39,"caption":"SOLLEN"},"image":{"@id":"https:\/\/sollen-design.com\/fr\/#\/schema\/logo\/image\/"},"sameAs":["https:\/\/www.facebook.com\/sollendesign\/","https:\/\/www.instagram.com\/sollendesign\/","https:\/\/www.linkedin.com\/company\/sollendesign\/","https:\/\/www.pinterest.fr\/sollendesign\/"]}]}},"_links":{"self":[{"href":"https:\/\/sollen-design.com\/fr\/wp-json\/wp\/v2\/pages\/19565","targetHints":{"allow":["GET"]}}],"collection":[{"href":"https:\/\/sollen-design.com\/fr\/wp-json\/wp\/v2\/pages"}],"about":[{"href":"https:\/\/sollen-design.com\/fr\/wp-json\/wp\/v2\/types\/page"}],"author":[{"embeddable":true,"href":"https:\/\/sollen-design.com\/fr\/wp-json\/wp\/v2\/users\/42"}],"replies":[{"embeddable":true,"href":"https:\/\/sollen-design.com\/fr\/wp-json\/wp\/v2\/comments?post=19565"}],"version-history":[{"count":20,"href":"https:\/\/sollen-design.com\/fr\/wp-json\/wp\/v2\/pages\/19565\/revisions"}],"predecessor-version":[{"id":20124,"href":"https:\/\/sollen-design.com\/fr\/wp-json\/wp\/v2\/pages\/19565\/revisions\/20124"}],"wp:attachment":[{"href":"https:\/\/sollen-design.com\/fr\/wp-json\/wp\/v2\/media?parent=19565"}],"curies":[{"name":"wp","href":"https:\/\/api.w.org\/{rel}","templated":true}]}}