{"id":12959,"date":"2022-11-20T18:32:56","date_gmt":"2022-11-20T17:32:56","guid":{"rendered":"https:\/\/sollen-design.com\/?page_id=12959"},"modified":"2026-01-28T10:43:03","modified_gmt":"2026-01-28T09:43:03","slug":"nos-engagements","status":"publish","type":"page","link":"https:\/\/sollen-design.com\/fr\/nos-engagements\/","title":{"rendered":"Fabrication"},"content":{"rendered":"\t\t<div data-elementor-type=\"wp-page\" data-elementor-id=\"12959\" class=\"elementor elementor-12959\" data-elementor-post-type=\"page\">\n\t\t\t\t\t\t<section class=\"elementor-section elementor-top-section elementor-element elementor-element-33a9881 elementor-section-full_width elementor-section-height-min-height elementor-section-items-stretch elementor-section-content-middle elementor-section-height-default\" data-id=\"33a9881\" data-element_type=\"section\" data-e-type=\"section\" data-settings=\"{&quot;background_background&quot;:&quot;classic&quot;}\">\n\t\t\t\t\t\t<div class=\"elementor-container elementor-column-gap-no\">\n\t\t\t\t\t<div class=\"elementor-column elementor-col-100 elementor-top-column elementor-element elementor-element-cb7adaf\" data-id=\"cb7adaf\" data-element_type=\"column\" data-e-type=\"column\" data-settings=\"{&quot;background_background&quot;:&quot;classic&quot;}\">\n\t\t\t<div class=\"elementor-widget-wrap elementor-element-populated\">\n\t\t\t\t\t\t<div class=\"elementor-element elementor-element-aa0c10a elementor-widget elementor-widget-heading\" data-id=\"aa0c10a\" data-element_type=\"widget\" data-e-type=\"widget\" data-widget_type=\"heading.default\">\n\t\t\t\t<div class=\"elementor-widget-container\">\n\t\t\t\t\t<h1 class=\"elementor-heading-title elementor-size-default\">Nos engagements <\/h1>\t\t\t\t<\/div>\n\t\t\t\t<\/div>\n\t\t\t\t<div class=\"elementor-element elementor-element-a2e6d78 elementor-widget elementor-widget-heading\" data-id=\"a2e6d78\" data-element_type=\"widget\" data-e-type=\"widget\" data-widget_type=\"heading.default\">\n\t\t\t\t<div class=\"elementor-widget-container\">\n\t\t\t\t\t<h6 class=\"elementor-heading-title elementor-size-default\">Fran\u00e7aise, durable et \u00e9co-responsable<\/h6>\t\t\t\t<\/div>\n\t\t\t\t<\/div>\n\t\t\t\t\t<\/div>\n\t\t<\/div>\n\t\t\t\t\t<\/div>\n\t\t<\/section>\n\t\t\t\t<section class=\"elementor-section elementor-top-section elementor-element elementor-element-8fc128c elementor-section-boxed elementor-section-height-default elementor-section-height-default\" data-id=\"8fc128c\" data-element_type=\"section\" data-e-type=\"section\">\n\t\t\t\t\t\t<div class=\"elementor-container elementor-column-gap-no\">\n\t\t\t\t\t<div class=\"elementor-column elementor-col-100 elementor-top-column elementor-element elementor-element-855bfbb\" data-id=\"855bfbb\" data-element_type=\"column\" data-e-type=\"column\">\n\t\t\t<div class=\"elementor-widget-wrap elementor-element-populated\">\n\t\t\t\t\t\t<div class=\"elementor-element elementor-element-8bb6770 elementor-widget elementor-widget-heading\" data-id=\"8bb6770\" data-element_type=\"widget\" data-e-type=\"widget\" data-widget_type=\"heading.default\">\n\t\t\t\t<div class=\"elementor-widget-container\">\n\t\t\t\t\t<h2 class=\"elementor-heading-title elementor-size-default\">ECO IMPACT<\/h2>\t\t\t\t<\/div>\n\t\t\t\t<\/div>\n\t\t\t\t<div class=\"elementor-element elementor-element-55bdceb elementor-widget elementor-widget-text-editor\" data-id=\"55bdceb\" data-element_type=\"widget\" data-e-type=\"widget\" data-widget_type=\"text-editor.default\">\n\t\t\t\t<div class=\"elementor-widget-container\">\n\t\t\t\t\t\t\t\t\t<p>Chez SOLLEN, <strong>nous nous engageons en faveur de la durabilit\u00e9 de nos produits et assumons, en tant que fabricant, notre responsabilit\u00e9 vis \u00e0 vis de l\u2019environnement.<\/strong> Afin de mesurer objectivement notre impact, nous avons souhait\u00e9 collaborer avec <strong>ECO IMPACT<\/strong>, un organisme ind\u00e9pendant sp\u00e9cialis\u00e9 dans l&rsquo;\u00e9valuation rigoureuse de l&rsquo;impact environnemental et social des produits d&rsquo;ameublement.<\/p><p>Notre collaboration avec <strong>ECO IMPACT<\/strong> nous a permis d&rsquo;obtenir un point de vue ext\u00e9rieur sur nos produits, prendre du recul sur nos process et identifier de nouvelles pistes d&rsquo;am\u00e9lioration.<\/p><p>Aussi, tous nos produits ont \u00e9t\u00e9 \u00e9valu\u00e9s individuellement, en prenant en compte l\u2019ensemble des \u00e9tapes de leur cycle de vie.<\/p><p>En utilisant <strong>ECO IMPACT<\/strong>, nous sommes donc en mesure de communiquer de mani\u00e8re transparente sur l&rsquo;impact environnemental de nos produits et de poursuivre notre objectif d\u2019am\u00e9lioration continue afin de garantir notre promesse : des mobiliers design et durables \u00e0 la signature \u00e9co-responsable.<\/p>\t\t\t\t\t\t\t\t<\/div>\n\t\t\t\t<\/div>\n\t\t\t\t<div class=\"elementor-element elementor-element-059cd92 elementor-widget elementor-widget-button\" data-id=\"059cd92\" data-element_type=\"widget\" data-e-type=\"widget\" data-widget_type=\"button.default\">\n\t\t\t\t<div class=\"elementor-widget-container\">\n\t\t\t\t\t\t\t\t\t<div class=\"elementor-button-wrapper\">\n\t\t\t\t\t<a class=\"elementor-button elementor-button-link elementor-size-xs\" href=\"https:\/\/www.eco-impact.io\/\">\n\t\t\t\t\t\t<span class=\"elementor-button-content-wrapper\">\n\t\t\t\t\t\t\t\t\t<span class=\"elementor-button-text\">En savoir plus sur notre notation<\/span>\n\t\t\t\t\t<\/span>\n\t\t\t\t\t<\/a>\n\t\t\t\t<\/div>\n\t\t\t\t\t\t\t\t<\/div>\n\t\t\t\t<\/div>\n\t\t\t\t\t<\/div>\n\t\t<\/div>\n\t\t\t\t\t<\/div>\n\t\t<\/section>\n\t\t\t\t<section class=\"elementor-section elementor-top-section elementor-element elementor-element-7971f72 elementor-reverse-tablet elementor-reverse-mobile elementor-section-boxed elementor-section-height-default elementor-section-height-default\" data-id=\"7971f72\" data-element_type=\"section\" data-e-type=\"section\">\n\t\t\t\t\t\t<div class=\"elementor-container elementor-column-gap-default\">\n\t\t\t\t\t<div class=\"elementor-column elementor-col-100 elementor-top-column elementor-element elementor-element-686b214\" data-id=\"686b214\" data-element_type=\"column\" data-e-type=\"column\">\n\t\t\t<div class=\"elementor-widget-wrap elementor-element-populated\">\n\t\t\t\t\t\t<div class=\"elementor-element elementor-element-a2cce96 elementor-widget elementor-widget-heading\" data-id=\"a2cce96\" data-element_type=\"widget\" data-e-type=\"widget\" data-widget_type=\"heading.default\">\n\t\t\t\t<div class=\"elementor-widget-container\">\n\t\t\t\t\t<h2 class=\"elementor-heading-title elementor-size-default\">ECO-RESPONSABLE<\/h2>\t\t\t\t<\/div>\n\t\t\t\t<\/div>\n\t\t\t\t<div class=\"elementor-element elementor-element-e2c01e5 elementor-widget elementor-widget-text-editor\" data-id=\"e2c01e5\" data-element_type=\"widget\" data-e-type=\"widget\" data-widget_type=\"text-editor.default\">\n\t\t\t\t<div class=\"elementor-widget-container\">\n\t\t\t\t\t\t\t\t\t<p>L\u2019\u00e9coconception, ou \u00e9codesign, est une d\u00e9marche pr\u00e9ventive qui consiste \u00e0 concevoir un produit, d\u00e8s la phase de design, en sorte de minimiser son impact environnemental en prenant en compte ses impacts sur l&rsquo;environnement tout au long de son cycle de vie, de l&rsquo;extraction des mati\u00e8res premi\u00e8re \u00e0 sa valorisation en fin de vie.<\/p><p>La qualit\u00e9 de la fabrication et des mat\u00e9riaux assure la durabilit\u00e9 et la r\u00e9parabilit\u00e9 pour augmenter la dur\u00e9e de vie de nos meubles afin d&rsquo;en minimiser l&rsquo;impact environnemental.\u00a0Par exemple, la colle \u00e0 bois que nous utilisons <strong>est exempte de formald\u00e9hyde<\/strong>\u00a0et n&rsquo;est pas nocive pour l&rsquo;homme ou l&rsquo;environnement. L&rsquo;huile de finition assure une protection naturelle, durable et facilement r\u00e9parable.<\/p>\t\t\t\t\t\t\t\t<\/div>\n\t\t\t\t<\/div>\n\t\t\t\t<div class=\"elementor-element elementor-element-1cdb0fa elementor-widget elementor-widget-heading\" data-id=\"1cdb0fa\" data-element_type=\"widget\" data-e-type=\"widget\" data-widget_type=\"heading.default\">\n\t\t\t\t<div class=\"elementor-widget-container\">\n\t\t\t\t\t<h2 class=\"elementor-heading-title elementor-size-default\">BOIS ISSUS DE FOR\u00caTS G\u00c9R\u00c9ES DURABLEMENT<\/h2>\t\t\t\t<\/div>\n\t\t\t\t<\/div>\n\t\t\t\t<div class=\"elementor-element elementor-element-8c76dd2 elementor-widget elementor-widget-text-editor\" data-id=\"8c76dd2\" data-element_type=\"widget\" data-e-type=\"widget\" data-widget_type=\"text-editor.default\">\n\t\t\t\t<div class=\"elementor-widget-container\">\n\t\t\t\t\t\t\t\t\t<p>Pour s&rsquo;assurer de cette exploitation raisonn\u00e9e,\u00a0nous s\u00e9lectionnons des\u00a0<strong>bois certifi\u00e9 PEFC<\/strong> tout au long de la fili\u00e8re depuis la for\u00eat d&rsquo;origine. Plus d&rsquo;information sur le site officiel : <a href=\"https:\/\/www.pefc-france.org\/qu-est-ce-que-pefc\/\" target=\"_blank\" rel=\"noopener\">https:\/\/www.pefc-france.org<\/a><\/p>\t\t\t\t\t\t\t\t<\/div>\n\t\t\t\t<\/div>\n\t\t\t\t<div class=\"elementor-element elementor-element-b77fff9 elementor-widget elementor-widget-heading\" data-id=\"b77fff9\" data-element_type=\"widget\" data-e-type=\"widget\" data-widget_type=\"heading.default\">\n\t\t\t\t<div class=\"elementor-widget-container\">\n\t\t\t\t\t<h2 class=\"elementor-heading-title elementor-size-default\">DES TISSUS rECYCL\u00c9S<\/h2>\t\t\t\t<\/div>\n\t\t\t\t<\/div>\n\t\t\t\t<div class=\"elementor-element elementor-element-35f5e9c elementor-widget elementor-widget-text-editor\" data-id=\"35f5e9c\" data-element_type=\"widget\" data-e-type=\"widget\" data-widget_type=\"text-editor.default\">\n\t\t\t\t<div class=\"elementor-widget-container\">\n\t\t\t\t\t\t\t\t\t<p>Dans la mesure du possible, nous utilisons des tissus \u00e0 base de mati\u00e8res recycl\u00e9es. Par exemple, notre gamme NUAGE utilise de la laine bouclette faite de 94% de polyester recycl\u00e9 et 6% de coton recycl\u00e9.<\/p>\t\t\t\t\t\t\t\t<\/div>\n\t\t\t\t<\/div>\n\t\t\t\t\t<\/div>\n\t\t<\/div>\n\t\t\t\t\t<\/div>\n\t\t<\/section>\n\t\t\t\t<section class=\"elementor-section elementor-top-section elementor-element elementor-element-a98ebf2 elementor-section-boxed elementor-section-height-default elementor-section-height-default\" data-id=\"a98ebf2\" data-element_type=\"section\" data-e-type=\"section\">\n\t\t\t\t\t\t<div class=\"elementor-container elementor-column-gap-no\">\n\t\t\t\t\t<div class=\"elementor-column elementor-col-50 elementor-top-column elementor-element elementor-element-b22cfb3\" data-id=\"b22cfb3\" data-element_type=\"column\" data-e-type=\"column\">\n\t\t\t<div class=\"elementor-widget-wrap elementor-element-populated\">\n\t\t\t\t\t\t<div class=\"elementor-element elementor-element-818dcf3 elementor-widget elementor-widget-heading\" data-id=\"818dcf3\" data-element_type=\"widget\" data-e-type=\"widget\" data-widget_type=\"heading.default\">\n\t\t\t\t<div class=\"elementor-widget-container\">\n\t\t\t\t\t<h2 class=\"elementor-heading-title elementor-size-default\">NOS PARTENAIRES<\/h2>\t\t\t\t<\/div>\n\t\t\t\t<\/div>\n\t\t\t\t<div class=\"elementor-element elementor-element-24409e2 elementor-widget elementor-widget-text-editor\" data-id=\"24409e2\" data-element_type=\"widget\" data-e-type=\"widget\" data-widget_type=\"text-editor.default\">\n\t\t\t\t<div class=\"elementor-widget-container\">\n\t\t\t\t\t\t\t\t\t<p>Nous travaillons avec des partenaires reconnus pour leur savoir-faire d&rsquo;excellence&nbsp; et leur engagement dans la protection de l&rsquo;environnement.&nbsp;<\/p><p><span style=\"letter-spacing: 0px;\">Nos fabricants les plus importants sont lab\u00e9lis\u00e9s \u00ab\u00a0Entreprises du Patrimoine Vivant\u00a0\u00bb ou EPV par l&rsquo;\u00e9tat fran\u00e7ais. Cette marque a \u00e9t\u00e9 mise en place pour distinguer des entreprises fran\u00e7aises aux savoir-faire artisanaux et industriels d\u2019excellence et \u00e9viter la disparition de talents \u00e9conomiques et culturels d\u2019exception, trop souvent menac\u00e9s.<\/span><br><\/p>\n<p>Plus d&rsquo;informations sur le site officiel du minist\u00e8re: <a href=\"https:\/\/www.entreprises.gouv.fr\/fr\/commerce-et-artisanat\/dispositifs-et-labels\/label-entreprise-du-patrimoine-vivant\" target=\"_blank\" rel=\"noopener\">www.entreprises.gouv.fr<\/a><\/p>\t\t\t\t\t\t\t\t<\/div>\n\t\t\t\t<\/div>\n\t\t\t\t<div class=\"elementor-element elementor-element-96a06ed elementor-widget elementor-widget-image\" data-id=\"96a06ed\" data-element_type=\"widget\" data-e-type=\"widget\" data-widget_type=\"image.default\">\n\t\t\t\t<div class=\"elementor-widget-container\">\n\t\t\t\t\t\t\t\t\t\t\t\t\t\t\t<img decoding=\"async\" width=\"150\" height=\"150\" src=\"https:\/\/sollen-design.com\/wp-content\/uploads\/logo-epv-menu-150x150.png\" class=\"attachment-thumbnail size-thumbnail wp-image-19796 wp-post-image\" alt=\"\" srcset=\"https:\/\/sollen-design.com\/wp-content\/uploads\/logo-epv-menu-150x150.png 150w, https:\/\/sollen-design.com\/wp-content\/uploads\/logo-epv-menu-300x300.png 300w, https:\/\/sollen-design.com\/wp-content\/uploads\/logo-epv-menu-12x12.png 12w, https:\/\/sollen-design.com\/wp-content\/uploads\/logo-epv-menu-200x200.png 200w, https:\/\/sollen-design.com\/wp-content\/uploads\/logo-epv-menu.png 440w\" sizes=\"(max-width: 150px) 100vw, 150px\" \/>\t\t\t\t\t\t\t\t\t\t\t\t\t\t\t<\/div>\n\t\t\t\t<\/div>\n\t\t\t\t\t<\/div>\n\t\t<\/div>\n\t\t\t\t<div class=\"elementor-column elementor-col-50 elementor-top-column elementor-element elementor-element-1761811\" data-id=\"1761811\" data-element_type=\"column\" data-e-type=\"column\" data-settings=\"{&quot;background_background&quot;:&quot;classic&quot;}\">\n\t\t\t<div class=\"elementor-widget-wrap elementor-element-populated\">\n\t\t\t\t\t\t<div class=\"elementor-element elementor-element-f746deb elementor-widget elementor-widget-spacer\" data-id=\"f746deb\" data-element_type=\"widget\" data-e-type=\"widget\" data-widget_type=\"spacer.default\">\n\t\t\t\t<div class=\"elementor-widget-container\">\n\t\t\t\t\t\t\t<div class=\"elementor-spacer\">\n\t\t\t<div class=\"elementor-spacer-inner\"><\/div>\n\t\t<\/div>\n\t\t\t\t\t\t<\/div>\n\t\t\t\t<\/div>\n\t\t\t\t\t<\/div>\n\t\t<\/div>\n\t\t\t\t\t<\/div>\n\t\t<\/section>\n\t\t\t\t<\/div>\n\t\t","protected":false},"excerpt":{"rendered":"<p>Nos engagements Fran\u00e7aise, durable et \u00e9co-responsable ECO IMPACT Chez SOLLEN, nous nous engageons en faveur de la durabilit\u00e9 de nos produits et assumons, en tant que fabricant, notre responsabilit\u00e9 vis \u00e0 vis de l\u2019environnement. Afin de mesurer objectivement notre impact, nous avons souhait\u00e9 collaborer avec ECO IMPACT, un organisme ind\u00e9pendant sp\u00e9cialis\u00e9 dans l&rsquo;\u00e9valuation rigoureuse de [&hellip;]<\/p>\n","protected":false},"author":1,"featured_media":0,"parent":0,"menu_order":0,"comment_status":"closed","ping_status":"closed","template":"","meta":{"footnotes":""},"class_list":["post-12959","page","type-page","status-publish","hentry"],"yoast_head":"<!-- This site is optimized with the Yoast SEO plugin v27.4 - https:\/\/yoast.com\/product\/yoast-seo-wordpress\/ -->\n<title>SOLLEN - Fabrication<\/title>\n<meta name=\"robots\" content=\"index, follow, max-snippet:-1, max-image-preview:large, max-video-preview:-1\" \/>\n<link rel=\"canonical\" href=\"https:\/\/sollen-design.com\/fr\/nos-engagements\/\" \/>\n<meta property=\"og:locale\" content=\"fr_FR\" \/>\n<meta property=\"og:type\" content=\"article\" \/>\n<meta property=\"og:title\" content=\"SOLLEN - Fabrication\" \/>\n<meta property=\"og:description\" content=\"Nos engagements Fran\u00e7aise, durable et \u00e9co-responsable ECO IMPACT Chez SOLLEN, nous nous engageons en faveur de la durabilit\u00e9 de nos produits et assumons, en tant que fabricant, notre responsabilit\u00e9 vis \u00e0 vis de l\u2019environnement. Afin de mesurer objectivement notre impact, nous avons souhait\u00e9 collaborer avec ECO IMPACT, un organisme ind\u00e9pendant sp\u00e9cialis\u00e9 dans l&rsquo;\u00e9valuation rigoureuse de [&hellip;]\" \/>\n<meta property=\"og:url\" content=\"https:\/\/sollen-design.com\/fr\/nos-engagements\/\" \/>\n<meta property=\"og:site_name\" content=\"SOLLEN\" \/>\n<meta property=\"article:publisher\" content=\"https:\/\/www.facebook.com\/sollendesign\/\" \/>\n<meta property=\"article:modified_time\" content=\"2026-01-28T09:43:03+00:00\" \/>\n<meta property=\"og:image\" content=\"https:\/\/sollen-design.com\/wp-content\/uploads\/logo-epv-menu.png\" \/>\n\t<meta property=\"og:image:width\" content=\"440\" \/>\n\t<meta property=\"og:image:height\" content=\"440\" \/>\n\t<meta property=\"og:image:type\" content=\"image\/png\" \/>\n<meta name=\"twitter:card\" content=\"summary_large_image\" \/>\n<meta name=\"twitter:label1\" content=\"Dur\u00e9e de lecture estim\u00e9e\" \/>\n\t<meta name=\"twitter:data1\" content=\"3 minutes\" \/>\n<script type=\"application\/ld+json\" class=\"yoast-schema-graph\">{\"@context\":\"https:\\\/\\\/schema.org\",\"@graph\":[{\"@type\":\"WebPage\",\"@id\":\"https:\\\/\\\/sollen-design.com\\\/nos-engagements\\\/\",\"url\":\"https:\\\/\\\/sollen-design.com\\\/nos-engagements\\\/\",\"name\":\"SOLLEN - Fabrication\",\"isPartOf\":{\"@id\":\"https:\\\/\\\/sollen-design.com\\\/fr\\\/#website\"},\"primaryImageOfPage\":{\"@id\":\"https:\\\/\\\/sollen-design.com\\\/nos-engagements\\\/#primaryimage\"},\"image\":{\"@id\":\"https:\\\/\\\/sollen-design.com\\\/nos-engagements\\\/#primaryimage\"},\"thumbnailUrl\":\"https:\\\/\\\/sollen-design.com\\\/wp-content\\\/uploads\\\/logo-epv-menu-150x150.png\",\"datePublished\":\"2022-11-20T17:32:56+00:00\",\"dateModified\":\"2026-01-28T09:43:03+00:00\",\"breadcrumb\":{\"@id\":\"https:\\\/\\\/sollen-design.com\\\/nos-engagements\\\/#breadcrumb\"},\"inLanguage\":\"fr-FR\",\"potentialAction\":[{\"@type\":\"ReadAction\",\"target\":[\"https:\\\/\\\/sollen-design.com\\\/nos-engagements\\\/\"]}]},{\"@type\":\"ImageObject\",\"inLanguage\":\"fr-FR\",\"@id\":\"https:\\\/\\\/sollen-design.com\\\/nos-engagements\\\/#primaryimage\",\"url\":\"https:\\\/\\\/sollen-design.com\\\/wp-content\\\/uploads\\\/logo-epv-menu-150x150.png\",\"contentUrl\":\"https:\\\/\\\/sollen-design.com\\\/wp-content\\\/uploads\\\/logo-epv-menu-150x150.png\"},{\"@type\":\"BreadcrumbList\",\"@id\":\"https:\\\/\\\/sollen-design.com\\\/nos-engagements\\\/#breadcrumb\",\"itemListElement\":[{\"@type\":\"ListItem\",\"position\":1,\"name\":\"Accueil\",\"item\":\"https:\\\/\\\/sollen-design.com\\\/fr\\\/\"},{\"@type\":\"ListItem\",\"position\":2,\"name\":\"Fabrication\"}]},{\"@type\":\"WebSite\",\"@id\":\"https:\\\/\\\/sollen-design.com\\\/fr\\\/#website\",\"url\":\"https:\\\/\\\/sollen-design.com\\\/fr\\\/\",\"name\":\"SOLLEN\",\"description\":\"Maison d&#039;\u00e9dition de mobilier design\",\"publisher\":{\"@id\":\"https:\\\/\\\/sollen-design.com\\\/fr\\\/#organization\"},\"potentialAction\":[{\"@type\":\"SearchAction\",\"target\":{\"@type\":\"EntryPoint\",\"urlTemplate\":\"https:\\\/\\\/sollen-design.com\\\/fr\\\/?s={search_term_string}\"},\"query-input\":{\"@type\":\"PropertyValueSpecification\",\"valueRequired\":true,\"valueName\":\"search_term_string\"}}],\"inLanguage\":\"fr-FR\"},{\"@type\":\"Organization\",\"@id\":\"https:\\\/\\\/sollen-design.com\\\/fr\\\/#organization\",\"name\":\"SOLLEN\",\"url\":\"https:\\\/\\\/sollen-design.com\\\/fr\\\/\",\"logo\":{\"@type\":\"ImageObject\",\"inLanguage\":\"fr-FR\",\"@id\":\"https:\\\/\\\/sollen-design.com\\\/fr\\\/#\\\/schema\\\/logo\\\/image\\\/\",\"url\":\"https:\\\/\\\/sollen-design.com\\\/wp-content\\\/uploads\\\/2021\\\/10\\\/LOGO_RVB_NOIR_130px.png\",\"contentUrl\":\"https:\\\/\\\/sollen-design.com\\\/wp-content\\\/uploads\\\/2021\\\/10\\\/LOGO_RVB_NOIR_130px.png\",\"width\":130,\"height\":39,\"caption\":\"SOLLEN\"},\"image\":{\"@id\":\"https:\\\/\\\/sollen-design.com\\\/fr\\\/#\\\/schema\\\/logo\\\/image\\\/\"},\"sameAs\":[\"https:\\\/\\\/www.facebook.com\\\/sollendesign\\\/\",\"https:\\\/\\\/www.instagram.com\\\/sollendesign\\\/\",\"https:\\\/\\\/www.linkedin.com\\\/company\\\/sollendesign\\\/\",\"https:\\\/\\\/www.pinterest.fr\\\/sollendesign\\\/\"]}]}<\/script>\n<!-- \/ Yoast SEO plugin. -->","yoast_head_json":{"title":"SOLLEN - Fabrication","robots":{"index":"index","follow":"follow","max-snippet":"max-snippet:-1","max-image-preview":"max-image-preview:large","max-video-preview":"max-video-preview:-1"},"canonical":"https:\/\/sollen-design.com\/fr\/nos-engagements\/","og_locale":"fr_FR","og_type":"article","og_title":"SOLLEN - Fabrication","og_description":"Nos engagements Fran\u00e7aise, durable et \u00e9co-responsable ECO IMPACT Chez SOLLEN, nous nous engageons en faveur de la durabilit\u00e9 de nos produits et assumons, en tant que fabricant, notre responsabilit\u00e9 vis \u00e0 vis de l\u2019environnement. Afin de mesurer objectivement notre impact, nous avons souhait\u00e9 collaborer avec ECO IMPACT, un organisme ind\u00e9pendant sp\u00e9cialis\u00e9 dans l&rsquo;\u00e9valuation rigoureuse de [&hellip;]","og_url":"https:\/\/sollen-design.com\/fr\/nos-engagements\/","og_site_name":"SOLLEN","article_publisher":"https:\/\/www.facebook.com\/sollendesign\/","article_modified_time":"2026-01-28T09:43:03+00:00","og_image":[{"width":440,"height":440,"url":"https:\/\/sollen-design.com\/wp-content\/uploads\/logo-epv-menu.png","type":"image\/png"}],"twitter_card":"summary_large_image","twitter_misc":{"Dur\u00e9e de lecture estim\u00e9e":"3 minutes"},"schema":{"@context":"https:\/\/schema.org","@graph":[{"@type":"WebPage","@id":"https:\/\/sollen-design.com\/nos-engagements\/","url":"https:\/\/sollen-design.com\/nos-engagements\/","name":"SOLLEN - Fabrication","isPartOf":{"@id":"https:\/\/sollen-design.com\/fr\/#website"},"primaryImageOfPage":{"@id":"https:\/\/sollen-design.com\/nos-engagements\/#primaryimage"},"image":{"@id":"https:\/\/sollen-design.com\/nos-engagements\/#primaryimage"},"thumbnailUrl":"https:\/\/sollen-design.com\/wp-content\/uploads\/logo-epv-menu-150x150.png","datePublished":"2022-11-20T17:32:56+00:00","dateModified":"2026-01-28T09:43:03+00:00","breadcrumb":{"@id":"https:\/\/sollen-design.com\/nos-engagements\/#breadcrumb"},"inLanguage":"fr-FR","potentialAction":[{"@type":"ReadAction","target":["https:\/\/sollen-design.com\/nos-engagements\/"]}]},{"@type":"ImageObject","inLanguage":"fr-FR","@id":"https:\/\/sollen-design.com\/nos-engagements\/#primaryimage","url":"https:\/\/sollen-design.com\/wp-content\/uploads\/logo-epv-menu-150x150.png","contentUrl":"https:\/\/sollen-design.com\/wp-content\/uploads\/logo-epv-menu-150x150.png"},{"@type":"BreadcrumbList","@id":"https:\/\/sollen-design.com\/nos-engagements\/#breadcrumb","itemListElement":[{"@type":"ListItem","position":1,"name":"Accueil","item":"https:\/\/sollen-design.com\/fr\/"},{"@type":"ListItem","position":2,"name":"Fabrication"}]},{"@type":"WebSite","@id":"https:\/\/sollen-design.com\/fr\/#website","url":"https:\/\/sollen-design.com\/fr\/","name":"SOLLEN","description":"Maison d&#039;\u00e9dition de mobilier design","publisher":{"@id":"https:\/\/sollen-design.com\/fr\/#organization"},"potentialAction":[{"@type":"SearchAction","target":{"@type":"EntryPoint","urlTemplate":"https:\/\/sollen-design.com\/fr\/?s={search_term_string}"},"query-input":{"@type":"PropertyValueSpecification","valueRequired":true,"valueName":"search_term_string"}}],"inLanguage":"fr-FR"},{"@type":"Organization","@id":"https:\/\/sollen-design.com\/fr\/#organization","name":"SOLLEN","url":"https:\/\/sollen-design.com\/fr\/","logo":{"@type":"ImageObject","inLanguage":"fr-FR","@id":"https:\/\/sollen-design.com\/fr\/#\/schema\/logo\/image\/","url":"https:\/\/sollen-design.com\/wp-content\/uploads\/2021\/10\/LOGO_RVB_NOIR_130px.png","contentUrl":"https:\/\/sollen-design.com\/wp-content\/uploads\/2021\/10\/LOGO_RVB_NOIR_130px.png","width":130,"height":39,"caption":"SOLLEN"},"image":{"@id":"https:\/\/sollen-design.com\/fr\/#\/schema\/logo\/image\/"},"sameAs":["https:\/\/www.facebook.com\/sollendesign\/","https:\/\/www.instagram.com\/sollendesign\/","https:\/\/www.linkedin.com\/company\/sollendesign\/","https:\/\/www.pinterest.fr\/sollendesign\/"]}]}},"_links":{"self":[{"href":"https:\/\/sollen-design.com\/fr\/wp-json\/wp\/v2\/pages\/12959","targetHints":{"allow":["GET"]}}],"collection":[{"href":"https:\/\/sollen-design.com\/fr\/wp-json\/wp\/v2\/pages"}],"about":[{"href":"https:\/\/sollen-design.com\/fr\/wp-json\/wp\/v2\/types\/page"}],"author":[{"embeddable":true,"href":"https:\/\/sollen-design.com\/fr\/wp-json\/wp\/v2\/users\/1"}],"replies":[{"embeddable":true,"href":"https:\/\/sollen-design.com\/fr\/wp-json\/wp\/v2\/comments?post=12959"}],"version-history":[{"count":36,"href":"https:\/\/sollen-design.com\/fr\/wp-json\/wp\/v2\/pages\/12959\/revisions"}],"predecessor-version":[{"id":19982,"href":"https:\/\/sollen-design.com\/fr\/wp-json\/wp\/v2\/pages\/12959\/revisions\/19982"}],"wp:attachment":[{"href":"https:\/\/sollen-design.com\/fr\/wp-json\/wp\/v2\/media?parent=12959"}],"curies":[{"name":"wp","href":"https:\/\/api.w.org\/{rel}","templated":true}]}}