{"id":389,"date":"2021-10-26T18:02:33","date_gmt":"2021-10-26T16:02:33","guid":{"rendered":"https:\/\/sollen-design.com\/?post_type=product&#038;p=389"},"modified":"2026-01-30T11:41:07","modified_gmt":"2026-01-30T10:41:07","slug":"cloud-chair-2","status":"publish","type":"product","link":"https:\/\/sollen-design.com\/en\/product-2\/cloud-chair-2\/","title":{"rendered":"Hypnos Armchair"},"content":{"rendered":"<p style=\"text-align: left;\">\u00ab&quot;Hypnos envelops the body in a light calm.&quot;.<br \/>\nThe cloud becomes the cradle of silence.<br \/>\nBreathing slows, thoughts calm down.<br \/>\nRest takes shape under the gentle sky.\u00bb<\/p>","protected":false},"excerpt":{"rendered":"<p style=\"text-align: left;\"><em>Wooden edition<\/em><\/p>\n<p style=\"text-align: left;\"><strong>Archiproducts Design Awards Winner 2022 Milan<\/strong><\/p>","protected":false},"featured_media":18628,"comment_status":"open","ping_status":"closed","template":"","meta":[],"product_brand":[],"product_cat":[22],"product_tag":[],"class_list":{"0":"post-389","1":"product","2":"type-product","3":"status-publish","4":"has-post-thumbnail","6":"product_cat-nuage-bois","8":"first","9":"instock","10":"featured","11":"taxable","12":"shipping-taxable","13":"purchasable","14":"product-type-variable","15":"has-default-attributes","16":"rtwpvs-product"},"yoast_head":"<!-- This site is optimized with the Yoast SEO plugin v27.3 - https:\/\/yoast.com\/product\/yoast-seo-wordpress\/ -->\n<title>SOLLEN - Fauteuil Hypnos<\/title>\n<meta name=\"description\" content=\"Impossible de r\u00e9sister \u00e0 ce fauteuil \u00e0 l\u2019apparence d\u2019un beau nuage. L\u00e9ger et a\u00e9rien, ce majestueux fauteuil vous convie \u00e0 la d\u00e9tente.\" \/>\n<meta name=\"robots\" content=\"index, follow, max-snippet:-1, max-image-preview:large, max-video-preview:-1\" \/>\n<link rel=\"canonical\" href=\"https:\/\/sollen-design.com\/en\/product-2\/cloud-chair-2\/\" \/>\n<meta property=\"og:locale\" content=\"en_GB\" \/>\n<meta property=\"og:type\" content=\"article\" \/>\n<meta property=\"og:title\" content=\"SOLLEN - Fauteuil Hypnos\" \/>\n<meta property=\"og:description\" content=\"Impossible de r\u00e9sister \u00e0 ce fauteuil \u00e0 l\u2019apparence d\u2019un beau nuage. L\u00e9ger et a\u00e9rien, ce majestueux fauteuil vous convie \u00e0 la d\u00e9tente.\" \/>\n<meta property=\"og:url\" content=\"https:\/\/sollen-design.com\/en\/product-2\/cloud-chair-2\/\" \/>\n<meta property=\"og:site_name\" content=\"SOLLEN\" \/>\n<meta property=\"article:publisher\" content=\"https:\/\/www.facebook.com\/sollendesign\/\" \/>\n<meta property=\"article:modified_time\" content=\"2026-01-30T10:41:07+00:00\" \/>\n<meta property=\"og:image\" content=\"https:\/\/sollen-design.com\/wp-content\/uploads\/fauteuil-nuage-side--1024x1024.png\" \/>\n\t<meta property=\"og:image:width\" content=\"1024\" \/>\n\t<meta property=\"og:image:height\" content=\"1024\" \/>\n\t<meta property=\"og:image:type\" content=\"image\/png\" \/>\n<meta name=\"twitter:card\" content=\"summary_large_image\" \/>\n<meta name=\"twitter:label1\" content=\"Estimated reading time\" \/>\n\t<meta name=\"twitter:data1\" content=\"3 minutes\" \/>\n<script type=\"application\/ld+json\" class=\"yoast-schema-graph\">{\"@context\":\"https:\\\/\\\/schema.org\",\"@graph\":[{\"@type\":\"WebPage\",\"@id\":\"https:\\\/\\\/sollen-design.com\\\/produit\\\/fauteuil-nuage\\\/\",\"url\":\"https:\\\/\\\/sollen-design.com\\\/produit\\\/fauteuil-nuage\\\/\",\"name\":\"SOLLEN - Fauteuil Hypnos\",\"isPartOf\":{\"@id\":\"https:\\\/\\\/sollen-design.com\\\/fr\\\/#website\"},\"primaryImageOfPage\":{\"@id\":\"https:\\\/\\\/sollen-design.com\\\/produit\\\/fauteuil-nuage\\\/#primaryimage\"},\"image\":{\"@id\":\"https:\\\/\\\/sollen-design.com\\\/produit\\\/fauteuil-nuage\\\/#primaryimage\"},\"thumbnailUrl\":\"https:\\\/\\\/sollen-design.com\\\/wp-content\\\/uploads\\\/fauteuil-nuage-side-.png\",\"datePublished\":\"2021-10-26T16:02:33+00:00\",\"dateModified\":\"2026-01-30T10:41:07+00:00\",\"description\":\"Impossible de r\u00e9sister \u00e0 ce fauteuil \u00e0 l\u2019apparence d\u2019un beau nuage. L\u00e9ger et a\u00e9rien, ce majestueux fauteuil vous convie \u00e0 la d\u00e9tente.\",\"breadcrumb\":{\"@id\":\"https:\\\/\\\/sollen-design.com\\\/produit\\\/fauteuil-nuage\\\/#breadcrumb\"},\"inLanguage\":\"en-GB\",\"potentialAction\":[{\"@type\":\"ReadAction\",\"target\":[\"https:\\\/\\\/sollen-design.com\\\/produit\\\/fauteuil-nuage\\\/\"]}]},{\"@type\":\"ImageObject\",\"inLanguage\":\"en-GB\",\"@id\":\"https:\\\/\\\/sollen-design.com\\\/produit\\\/fauteuil-nuage\\\/#primaryimage\",\"url\":\"https:\\\/\\\/sollen-design.com\\\/wp-content\\\/uploads\\\/fauteuil-nuage-side-.png\",\"contentUrl\":\"https:\\\/\\\/sollen-design.com\\\/wp-content\\\/uploads\\\/fauteuil-nuage-side-.png\",\"width\":2560,\"height\":2560,\"caption\":\"fauteuil nuage indoor side blanc chene\"},{\"@type\":\"BreadcrumbList\",\"@id\":\"https:\\\/\\\/sollen-design.com\\\/produit\\\/fauteuil-nuage\\\/#breadcrumb\",\"itemListElement\":[{\"@type\":\"ListItem\",\"position\":1,\"name\":\"Accueil\",\"item\":\"https:\\\/\\\/sollen-design.com\\\/fr\\\/\"},{\"@type\":\"ListItem\",\"position\":2,\"name\":\"Catalogue\",\"item\":\"https:\\\/\\\/sollen-design.com\\\/en\\\/catalog\\\/\"},{\"@type\":\"ListItem\",\"position\":3,\"name\":\"Fauteuil Hypnos\"}]},{\"@type\":\"WebSite\",\"@id\":\"https:\\\/\\\/sollen-design.com\\\/fr\\\/#website\",\"url\":\"https:\\\/\\\/sollen-design.com\\\/fr\\\/\",\"name\":\"SOLLEN\",\"description\":\"Maison d&#039;\u00e9dition de mobilier design\",\"publisher\":{\"@id\":\"https:\\\/\\\/sollen-design.com\\\/fr\\\/#organization\"},\"potentialAction\":[{\"@type\":\"SearchAction\",\"target\":{\"@type\":\"EntryPoint\",\"urlTemplate\":\"https:\\\/\\\/sollen-design.com\\\/fr\\\/?s={search_term_string}\"},\"query-input\":{\"@type\":\"PropertyValueSpecification\",\"valueRequired\":true,\"valueName\":\"search_term_string\"}}],\"inLanguage\":\"en-GB\"},{\"@type\":\"Organization\",\"@id\":\"https:\\\/\\\/sollen-design.com\\\/fr\\\/#organization\",\"name\":\"SOLLEN\",\"url\":\"https:\\\/\\\/sollen-design.com\\\/fr\\\/\",\"logo\":{\"@type\":\"ImageObject\",\"inLanguage\":\"en-GB\",\"@id\":\"https:\\\/\\\/sollen-design.com\\\/fr\\\/#\\\/schema\\\/logo\\\/image\\\/\",\"url\":\"https:\\\/\\\/sollen-design.com\\\/wp-content\\\/uploads\\\/2021\\\/10\\\/LOGO_RVB_NOIR_130px.png\",\"contentUrl\":\"https:\\\/\\\/sollen-design.com\\\/wp-content\\\/uploads\\\/2021\\\/10\\\/LOGO_RVB_NOIR_130px.png\",\"width\":130,\"height\":39,\"caption\":\"SOLLEN\"},\"image\":{\"@id\":\"https:\\\/\\\/sollen-design.com\\\/fr\\\/#\\\/schema\\\/logo\\\/image\\\/\"},\"sameAs\":[\"https:\\\/\\\/www.facebook.com\\\/sollendesign\\\/\",\"https:\\\/\\\/www.instagram.com\\\/sollendesign\\\/\",\"https:\\\/\\\/www.linkedin.com\\\/company\\\/sollendesign\\\/\",\"https:\\\/\\\/www.pinterest.fr\\\/sollendesign\\\/\"]}]}<\/script>\n<!-- \/ Yoast SEO plugin. -->","yoast_head_json":{"title":"SOLLEN - Hypnos Armchair","description":"Impossible to resist this armchair with the appearance of a beautiful cloud. Light and airy, this majestic armchair invites you to relax.","robots":{"index":"index","follow":"follow","max-snippet":"max-snippet:-1","max-image-preview":"max-image-preview:large","max-video-preview":"max-video-preview:-1"},"canonical":"https:\/\/sollen-design.com\/en\/product-2\/cloud-chair-2\/","og_locale":"en_GB","og_type":"article","og_title":"SOLLEN - Fauteuil Hypnos","og_description":"Impossible de r\u00e9sister \u00e0 ce fauteuil \u00e0 l\u2019apparence d\u2019un beau nuage. L\u00e9ger et a\u00e9rien, ce majestueux fauteuil vous convie \u00e0 la d\u00e9tente.","og_url":"https:\/\/sollen-design.com\/en\/product-2\/cloud-chair-2\/","og_site_name":"SOLLEN","article_publisher":"https:\/\/www.facebook.com\/sollendesign\/","article_modified_time":"2026-01-30T10:41:07+00:00","og_image":[{"width":1024,"height":1024,"url":"https:\/\/sollen-design.com\/wp-content\/uploads\/fauteuil-nuage-side--1024x1024.png","type":"image\/png"}],"twitter_card":"summary_large_image","twitter_misc":{"Estimated reading time":"3 minutes"},"schema":{"@context":"https:\/\/schema.org","@graph":[{"@type":"WebPage","@id":"https:\/\/sollen-design.com\/produit\/fauteuil-nuage\/","url":"https:\/\/sollen-design.com\/produit\/fauteuil-nuage\/","name":"SOLLEN - Hypnos Armchair","isPartOf":{"@id":"https:\/\/sollen-design.com\/fr\/#website"},"primaryImageOfPage":{"@id":"https:\/\/sollen-design.com\/produit\/fauteuil-nuage\/#primaryimage"},"image":{"@id":"https:\/\/sollen-design.com\/produit\/fauteuil-nuage\/#primaryimage"},"thumbnailUrl":"https:\/\/sollen-design.com\/wp-content\/uploads\/fauteuil-nuage-side-.png","datePublished":"2021-10-26T16:02:33+00:00","dateModified":"2026-01-30T10:41:07+00:00","description":"Impossible to resist this armchair with the appearance of a beautiful cloud. Light and airy, this majestic armchair invites you to relax.","breadcrumb":{"@id":"https:\/\/sollen-design.com\/produit\/fauteuil-nuage\/#breadcrumb"},"inLanguage":"en-GB","potentialAction":[{"@type":"ReadAction","target":["https:\/\/sollen-design.com\/produit\/fauteuil-nuage\/"]}]},{"@type":"ImageObject","inLanguage":"en-GB","@id":"https:\/\/sollen-design.com\/produit\/fauteuil-nuage\/#primaryimage","url":"https:\/\/sollen-design.com\/wp-content\/uploads\/fauteuil-nuage-side-.png","contentUrl":"https:\/\/sollen-design.com\/wp-content\/uploads\/fauteuil-nuage-side-.png","width":2560,"height":2560,"caption":"fauteuil nuage indoor side blanc chene"},{"@type":"BreadcrumbList","@id":"https:\/\/sollen-design.com\/produit\/fauteuil-nuage\/#breadcrumb","itemListElement":[{"@type":"ListItem","position":1,"name":"Accueil","item":"https:\/\/sollen-design.com\/fr\/"},{"@type":"ListItem","position":2,"name":"Catalogue","item":"https:\/\/sollen-design.com\/en\/catalog\/"},{"@type":"ListItem","position":3,"name":"Fauteuil Hypnos"}]},{"@type":"WebSite","@id":"https:\/\/sollen-design.com\/fr\/#website","url":"https:\/\/sollen-design.com\/fr\/","name":"SOLLEN","description":"Designer furniture publishing house","publisher":{"@id":"https:\/\/sollen-design.com\/fr\/#organization"},"potentialAction":[{"@type":"SearchAction","target":{"@type":"EntryPoint","urlTemplate":"https:\/\/sollen-design.com\/fr\/?s={search_term_string}"},"query-input":{"@type":"PropertyValueSpecification","valueRequired":true,"valueName":"search_term_string"}}],"inLanguage":"en-GB"},{"@type":"Organization","@id":"https:\/\/sollen-design.com\/fr\/#organization","name":"SOLLEN","url":"https:\/\/sollen-design.com\/fr\/","logo":{"@type":"ImageObject","inLanguage":"en-GB","@id":"https:\/\/sollen-design.com\/fr\/#\/schema\/logo\/image\/","url":"https:\/\/sollen-design.com\/wp-content\/uploads\/2021\/10\/LOGO_RVB_NOIR_130px.png","contentUrl":"https:\/\/sollen-design.com\/wp-content\/uploads\/2021\/10\/LOGO_RVB_NOIR_130px.png","width":130,"height":39,"caption":"SOLLEN"},"image":{"@id":"https:\/\/sollen-design.com\/fr\/#\/schema\/logo\/image\/"},"sameAs":["https:\/\/www.facebook.com\/sollendesign\/","https:\/\/www.instagram.com\/sollendesign\/","https:\/\/www.linkedin.com\/company\/sollendesign\/","https:\/\/www.pinterest.fr\/sollendesign\/"]}]}},"_links":{"self":[{"href":"https:\/\/sollen-design.com\/en\/wp-json\/wp\/v2\/product\/389","targetHints":{"allow":["GET"]}}],"collection":[{"href":"https:\/\/sollen-design.com\/en\/wp-json\/wp\/v2\/product"}],"about":[{"href":"https:\/\/sollen-design.com\/en\/wp-json\/wp\/v2\/types\/product"}],"replies":[{"embeddable":true,"href":"https:\/\/sollen-design.com\/en\/wp-json\/wp\/v2\/comments?post=389"}],"wp:featuredmedia":[{"embeddable":true,"href":"https:\/\/sollen-design.com\/en\/wp-json\/wp\/v2\/media\/18628"}],"wp:attachment":[{"href":"https:\/\/sollen-design.com\/en\/wp-json\/wp\/v2\/media?parent=389"}],"wp:term":[{"taxonomy":"product_brand","embeddable":true,"href":"https:\/\/sollen-design.com\/en\/wp-json\/wp\/v2\/product_brand?post=389"},{"taxonomy":"product_cat","embeddable":true,"href":"https:\/\/sollen-design.com\/en\/wp-json\/wp\/v2\/product_cat?post=389"},{"taxonomy":"product_tag","embeddable":true,"href":"https:\/\/sollen-design.com\/en\/wp-json\/wp\/v2\/product_tag?post=389"}],"curies":[{"name":"wp","href":"https:\/\/api.w.org\/{rel}","templated":true}]}}