{"id":15771,"date":"2023-03-15T14:00:26","date_gmt":"2023-03-15T13:00:26","guid":{"rendered":"https:\/\/sollen-design.com\/?post_type=product&#038;p=15771"},"modified":"2026-01-30T11:32:24","modified_gmt":"2026-01-30T10:32:24","slug":"daybed-nuage","status":"publish","type":"product","link":"https:\/\/sollen-design.com\/en\/product-2\/daybed-nuage\/","title":{"rendered":"Morpheus Daybed"},"content":{"rendered":"<p style=\"text-align: left;\">\u00ab&quot;On the cloud, Morpheus shapes the light.&quot;.<br \/>\nDreams take shape, sweet as the expansive dawn.<br \/>\nReality fades away under the caress of silence.<br \/>\nAnd the day, half-awake, allows itself to dream.\u00bb<\/p>","protected":false},"excerpt":{"rendered":"<p><em>Wooden edition<\/em><\/p>","protected":false},"featured_media":18696,"comment_status":"open","ping_status":"closed","template":"","meta":[],"product_brand":[],"product_cat":[22],"product_tag":[],"class_list":{"0":"post-15771","1":"product","2":"type-product","3":"status-publish","4":"has-post-thumbnail","6":"product_cat-nuage-bois","8":"first","9":"instock","10":"featured","11":"taxable","12":"shipping-taxable","13":"purchasable","14":"product-type-variable","15":"has-default-attributes","16":"rtwpvs-product"},"yoast_head":"<!-- This site is optimized with the Yoast SEO plugin v27.3 - https:\/\/yoast.com\/product\/yoast-seo-wordpress\/ -->\n<title>SOLLEN - Lit de jour Morph\u00e9e<\/title>\n<meta name=\"description\" content=\"Cet \u00e9l\u00e9gant lit de jour NUAGE est une v\u00e9ritable invitation \u00e0 la d\u00e9tente. Il r\u00e9pond \u00e0 notre besoin tr\u00e8s contemporain de ralentir : le &quot;Slow Life&quot;.\" \/>\n<meta name=\"robots\" content=\"index, follow, max-snippet:-1, max-image-preview:large, max-video-preview:-1\" \/>\n<link rel=\"canonical\" href=\"https:\/\/sollen-design.com\/en\/product-2\/daybed-nuage\/\" \/>\n<meta property=\"og:locale\" content=\"en_GB\" \/>\n<meta property=\"og:type\" content=\"article\" \/>\n<meta property=\"og:title\" content=\"SOLLEN - Lit de jour Morph\u00e9e\" \/>\n<meta property=\"og:description\" content=\"Cet \u00e9l\u00e9gant lit de jour NUAGE est une v\u00e9ritable invitation \u00e0 la d\u00e9tente. Il r\u00e9pond \u00e0 notre besoin tr\u00e8s contemporain de ralentir : le &quot;Slow Life&quot;.\" \/>\n<meta property=\"og:url\" content=\"https:\/\/sollen-design.com\/en\/product-2\/daybed-nuage\/\" \/>\n<meta property=\"og:site_name\" content=\"SOLLEN\" \/>\n<meta property=\"article:publisher\" content=\"https:\/\/www.facebook.com\/sollendesign\/\" \/>\n<meta property=\"article:modified_time\" content=\"2026-01-30T10:32:24+00:00\" \/>\n<meta property=\"og:image\" content=\"https:\/\/sollen-design.com\/wp-content\/uploads\/lit-de-jour-clair--1024x1024.png\" \/>\n\t<meta property=\"og:image:width\" content=\"1024\" \/>\n\t<meta property=\"og:image:height\" content=\"1024\" \/>\n\t<meta property=\"og:image:type\" content=\"image\/png\" \/>\n<meta name=\"twitter:card\" content=\"summary_large_image\" \/>\n<meta name=\"twitter:label1\" content=\"Estimated reading time\" \/>\n\t<meta name=\"twitter:data1\" content=\"3 minutes\" \/>\n<script type=\"application\/ld+json\" class=\"yoast-schema-graph\">{\"@context\":\"https:\\\/\\\/schema.org\",\"@graph\":[{\"@type\":\"WebPage\",\"@id\":\"https:\\\/\\\/sollen-design.com\\\/produit\\\/lit-de-jour-nuage\\\/\",\"url\":\"https:\\\/\\\/sollen-design.com\\\/produit\\\/lit-de-jour-nuage\\\/\",\"name\":\"SOLLEN - Lit de jour Morph\u00e9e\",\"isPartOf\":{\"@id\":\"https:\\\/\\\/sollen-design.com\\\/fr\\\/#website\"},\"primaryImageOfPage\":{\"@id\":\"https:\\\/\\\/sollen-design.com\\\/produit\\\/lit-de-jour-nuage\\\/#primaryimage\"},\"image\":{\"@id\":\"https:\\\/\\\/sollen-design.com\\\/produit\\\/lit-de-jour-nuage\\\/#primaryimage\"},\"thumbnailUrl\":\"https:\\\/\\\/sollen-design.com\\\/wp-content\\\/uploads\\\/lit-de-jour-clair-.png\",\"datePublished\":\"2023-03-15T13:00:26+00:00\",\"dateModified\":\"2026-01-30T10:32:24+00:00\",\"description\":\"Cet \u00e9l\u00e9gant lit de jour NUAGE est une v\u00e9ritable invitation \u00e0 la d\u00e9tente. Il r\u00e9pond \u00e0 notre besoin tr\u00e8s contemporain de ralentir : le \\\"Slow Life\\\".\",\"breadcrumb\":{\"@id\":\"https:\\\/\\\/sollen-design.com\\\/produit\\\/lit-de-jour-nuage\\\/#breadcrumb\"},\"inLanguage\":\"en-GB\",\"potentialAction\":[{\"@type\":\"ReadAction\",\"target\":[\"https:\\\/\\\/sollen-design.com\\\/produit\\\/lit-de-jour-nuage\\\/\"]}]},{\"@type\":\"ImageObject\",\"inLanguage\":\"en-GB\",\"@id\":\"https:\\\/\\\/sollen-design.com\\\/produit\\\/lit-de-jour-nuage\\\/#primaryimage\",\"url\":\"https:\\\/\\\/sollen-design.com\\\/wp-content\\\/uploads\\\/lit-de-jour-clair-.png\",\"contentUrl\":\"https:\\\/\\\/sollen-design.com\\\/wp-content\\\/uploads\\\/lit-de-jour-clair-.png\",\"width\":1600,\"height\":1600,\"caption\":\"lit de jour nuage indoor chene face\"},{\"@type\":\"BreadcrumbList\",\"@id\":\"https:\\\/\\\/sollen-design.com\\\/produit\\\/lit-de-jour-nuage\\\/#breadcrumb\",\"itemListElement\":[{\"@type\":\"ListItem\",\"position\":1,\"name\":\"Accueil\",\"item\":\"https:\\\/\\\/sollen-design.com\\\/fr\\\/\"},{\"@type\":\"ListItem\",\"position\":2,\"name\":\"Catalogue\",\"item\":\"https:\\\/\\\/sollen-design.com\\\/en\\\/catalog\\\/\"},{\"@type\":\"ListItem\",\"position\":3,\"name\":\"Lit de jour Morph\u00e9e\"}]},{\"@type\":\"WebSite\",\"@id\":\"https:\\\/\\\/sollen-design.com\\\/fr\\\/#website\",\"url\":\"https:\\\/\\\/sollen-design.com\\\/fr\\\/\",\"name\":\"SOLLEN\",\"description\":\"Maison d&#039;\u00e9dition de mobilier design\",\"publisher\":{\"@id\":\"https:\\\/\\\/sollen-design.com\\\/fr\\\/#organization\"},\"potentialAction\":[{\"@type\":\"SearchAction\",\"target\":{\"@type\":\"EntryPoint\",\"urlTemplate\":\"https:\\\/\\\/sollen-design.com\\\/fr\\\/?s={search_term_string}\"},\"query-input\":{\"@type\":\"PropertyValueSpecification\",\"valueRequired\":true,\"valueName\":\"search_term_string\"}}],\"inLanguage\":\"en-GB\"},{\"@type\":\"Organization\",\"@id\":\"https:\\\/\\\/sollen-design.com\\\/fr\\\/#organization\",\"name\":\"SOLLEN\",\"url\":\"https:\\\/\\\/sollen-design.com\\\/fr\\\/\",\"logo\":{\"@type\":\"ImageObject\",\"inLanguage\":\"en-GB\",\"@id\":\"https:\\\/\\\/sollen-design.com\\\/fr\\\/#\\\/schema\\\/logo\\\/image\\\/\",\"url\":\"https:\\\/\\\/sollen-design.com\\\/wp-content\\\/uploads\\\/2021\\\/10\\\/LOGO_RVB_NOIR_130px.png\",\"contentUrl\":\"https:\\\/\\\/sollen-design.com\\\/wp-content\\\/uploads\\\/2021\\\/10\\\/LOGO_RVB_NOIR_130px.png\",\"width\":130,\"height\":39,\"caption\":\"SOLLEN\"},\"image\":{\"@id\":\"https:\\\/\\\/sollen-design.com\\\/fr\\\/#\\\/schema\\\/logo\\\/image\\\/\"},\"sameAs\":[\"https:\\\/\\\/www.facebook.com\\\/sollendesign\\\/\",\"https:\\\/\\\/www.instagram.com\\\/sollendesign\\\/\",\"https:\\\/\\\/www.linkedin.com\\\/company\\\/sollendesign\\\/\",\"https:\\\/\\\/www.pinterest.fr\\\/sollendesign\\\/\"]}]}<\/script>\n<!-- \/ Yoast SEO plugin. -->","yoast_head_json":{"title":"SOLLEN - Morph\u00e9e Daybed","description":"This elegant NUAGE daybed is a real invitation to relaxation. It responds to our very contemporary need to slow down: \u201cSlow Life\u201d.","robots":{"index":"index","follow":"follow","max-snippet":"max-snippet:-1","max-image-preview":"max-image-preview:large","max-video-preview":"max-video-preview:-1"},"canonical":"https:\/\/sollen-design.com\/en\/product-2\/daybed-nuage\/","og_locale":"en_GB","og_type":"article","og_title":"SOLLEN - Lit de jour Morph\u00e9e","og_description":"Cet \u00e9l\u00e9gant lit de jour NUAGE est une v\u00e9ritable invitation \u00e0 la d\u00e9tente. Il r\u00e9pond \u00e0 notre besoin tr\u00e8s contemporain de ralentir : le \"Slow Life\".","og_url":"https:\/\/sollen-design.com\/en\/product-2\/daybed-nuage\/","og_site_name":"SOLLEN","article_publisher":"https:\/\/www.facebook.com\/sollendesign\/","article_modified_time":"2026-01-30T10:32:24+00:00","og_image":[{"width":1024,"height":1024,"url":"https:\/\/sollen-design.com\/wp-content\/uploads\/lit-de-jour-clair--1024x1024.png","type":"image\/png"}],"twitter_card":"summary_large_image","twitter_misc":{"Estimated reading time":"3 minutes"},"schema":{"@context":"https:\/\/schema.org","@graph":[{"@type":"WebPage","@id":"https:\/\/sollen-design.com\/produit\/lit-de-jour-nuage\/","url":"https:\/\/sollen-design.com\/produit\/lit-de-jour-nuage\/","name":"SOLLEN - Morph\u00e9e Daybed","isPartOf":{"@id":"https:\/\/sollen-design.com\/fr\/#website"},"primaryImageOfPage":{"@id":"https:\/\/sollen-design.com\/produit\/lit-de-jour-nuage\/#primaryimage"},"image":{"@id":"https:\/\/sollen-design.com\/produit\/lit-de-jour-nuage\/#primaryimage"},"thumbnailUrl":"https:\/\/sollen-design.com\/wp-content\/uploads\/lit-de-jour-clair-.png","datePublished":"2023-03-15T13:00:26+00:00","dateModified":"2026-01-30T10:32:24+00:00","description":"This elegant NUAGE daybed is a real invitation to relaxation. It responds to our very contemporary need to slow down: \u201cSlow Life\u201d.","breadcrumb":{"@id":"https:\/\/sollen-design.com\/produit\/lit-de-jour-nuage\/#breadcrumb"},"inLanguage":"en-GB","potentialAction":[{"@type":"ReadAction","target":["https:\/\/sollen-design.com\/produit\/lit-de-jour-nuage\/"]}]},{"@type":"ImageObject","inLanguage":"en-GB","@id":"https:\/\/sollen-design.com\/produit\/lit-de-jour-nuage\/#primaryimage","url":"https:\/\/sollen-design.com\/wp-content\/uploads\/lit-de-jour-clair-.png","contentUrl":"https:\/\/sollen-design.com\/wp-content\/uploads\/lit-de-jour-clair-.png","width":1600,"height":1600,"caption":"lit de jour nuage indoor chene face"},{"@type":"BreadcrumbList","@id":"https:\/\/sollen-design.com\/produit\/lit-de-jour-nuage\/#breadcrumb","itemListElement":[{"@type":"ListItem","position":1,"name":"Accueil","item":"https:\/\/sollen-design.com\/fr\/"},{"@type":"ListItem","position":2,"name":"Catalogue","item":"https:\/\/sollen-design.com\/en\/catalog\/"},{"@type":"ListItem","position":3,"name":"Lit de jour Morph\u00e9e"}]},{"@type":"WebSite","@id":"https:\/\/sollen-design.com\/fr\/#website","url":"https:\/\/sollen-design.com\/fr\/","name":"SOLLEN","description":"Designer furniture publishing house","publisher":{"@id":"https:\/\/sollen-design.com\/fr\/#organization"},"potentialAction":[{"@type":"SearchAction","target":{"@type":"EntryPoint","urlTemplate":"https:\/\/sollen-design.com\/fr\/?s={search_term_string}"},"query-input":{"@type":"PropertyValueSpecification","valueRequired":true,"valueName":"search_term_string"}}],"inLanguage":"en-GB"},{"@type":"Organization","@id":"https:\/\/sollen-design.com\/fr\/#organization","name":"SOLLEN","url":"https:\/\/sollen-design.com\/fr\/","logo":{"@type":"ImageObject","inLanguage":"en-GB","@id":"https:\/\/sollen-design.com\/fr\/#\/schema\/logo\/image\/","url":"https:\/\/sollen-design.com\/wp-content\/uploads\/2021\/10\/LOGO_RVB_NOIR_130px.png","contentUrl":"https:\/\/sollen-design.com\/wp-content\/uploads\/2021\/10\/LOGO_RVB_NOIR_130px.png","width":130,"height":39,"caption":"SOLLEN"},"image":{"@id":"https:\/\/sollen-design.com\/fr\/#\/schema\/logo\/image\/"},"sameAs":["https:\/\/www.facebook.com\/sollendesign\/","https:\/\/www.instagram.com\/sollendesign\/","https:\/\/www.linkedin.com\/company\/sollendesign\/","https:\/\/www.pinterest.fr\/sollendesign\/"]}]}},"_links":{"self":[{"href":"https:\/\/sollen-design.com\/en\/wp-json\/wp\/v2\/product\/15771","targetHints":{"allow":["GET"]}}],"collection":[{"href":"https:\/\/sollen-design.com\/en\/wp-json\/wp\/v2\/product"}],"about":[{"href":"https:\/\/sollen-design.com\/en\/wp-json\/wp\/v2\/types\/product"}],"replies":[{"embeddable":true,"href":"https:\/\/sollen-design.com\/en\/wp-json\/wp\/v2\/comments?post=15771"}],"wp:featuredmedia":[{"embeddable":true,"href":"https:\/\/sollen-design.com\/en\/wp-json\/wp\/v2\/media\/18696"}],"wp:attachment":[{"href":"https:\/\/sollen-design.com\/en\/wp-json\/wp\/v2\/media?parent=15771"}],"wp:term":[{"taxonomy":"product_brand","embeddable":true,"href":"https:\/\/sollen-design.com\/en\/wp-json\/wp\/v2\/product_brand?post=15771"},{"taxonomy":"product_cat","embeddable":true,"href":"https:\/\/sollen-design.com\/en\/wp-json\/wp\/v2\/product_cat?post=15771"},{"taxonomy":"product_tag","embeddable":true,"href":"https:\/\/sollen-design.com\/en\/wp-json\/wp\/v2\/product_tag?post=15771"}],"curies":[{"name":"wp","href":"https:\/\/api.w.org\/{rel}","templated":true}]}}