{"id":11750,"date":"2022-09-08T16:13:34","date_gmt":"2022-09-08T14:13:34","guid":{"rendered":"https:\/\/sollen-design.com\/?post_type=product&#038;p=11750"},"modified":"2026-01-30T11:37:20","modified_gmt":"2026-01-30T10:37:20","slug":"monoone-square-cushions","status":"publish","type":"product","link":"https:\/\/sollen-design.com\/en\/product-2\/monoone-square-cushions\/","title":{"rendered":"MONOONE cushion"},"content":{"rendered":"<p>The SOLLEN family expands with this collection of cushions bearing the brand&#039;s monogram. A unique design where the letters intertwine harmoniously to form a sophisticated, graphic seal.<\/p>\n<p><span class=\"fontstyle0\">Innovation and expertise are the cornerstones of the SOLLEN spirit. For our first cushion collection, we turned our attention to the Basque Country. By using wool from Manex sheep, SOLLEN continues its commitment to promoting a natural, local, and sustainable raw material.<\/span><\/p>\n<p>&nbsp;<\/p>","protected":false},"excerpt":{"rendered":"<p>La famille SOLLEN s\u2019agrandit avec cette collection de coussins griff\u00e9e du monogramme de la marque. Un design singulier o\u00f9 les lettres s\u2019entrelacent harmonieusement pour former un sceau graphique et sophistiqu\u00e9. Innovation et savoir-faire sont les ma\u00eetres mots de l&rsquo;esprit SOLLEN. Pour notre premi\u00e8re gamme de coussins, c&rsquo;est sur le Pays basque que s&rsquo;est pos\u00e9 notre [&hellip;]<\/p>\n","protected":false},"featured_media":20011,"comment_status":"open","ping_status":"closed","template":"","meta":[],"product_brand":[],"product_cat":[67],"product_tag":[],"class_list":{"0":"post-11750","1":"product","2":"type-product","3":"status-publish","4":"has-post-thumbnail","6":"product_cat-textile","8":"first","9":"instock","10":"taxable","11":"shipping-taxable","12":"purchasable","13":"product-type-variable","14":"has-default-attributes","15":"rtwpvs-product"},"yoast_head":"<!-- This site is optimized with the Yoast SEO plugin v27.3 - https:\/\/yoast.com\/product\/yoast-seo-wordpress\/ -->\n<title>SOLLEN - Coussin MONOONE<\/title>\n<meta name=\"description\" content=\"Ajoutez une touche de sophistication \u00e0 votre int\u00e9rieur avec nos coussins SOLLEN, fabriqu\u00e9s en France. Un design singulier pour un int\u00e9rieur harmonieux.\" \/>\n<meta name=\"robots\" content=\"index, follow, max-snippet:-1, max-image-preview:large, max-video-preview:-1\" \/>\n<link rel=\"canonical\" href=\"https:\/\/sollen-design.com\/en\/product-2\/monoone-square-cushions\/\" \/>\n<meta property=\"og:locale\" content=\"en_GB\" \/>\n<meta property=\"og:type\" content=\"article\" \/>\n<meta property=\"og:title\" content=\"SOLLEN - Coussin MONOONE\" \/>\n<meta property=\"og:description\" content=\"Ajoutez une touche de sophistication \u00e0 votre int\u00e9rieur avec nos coussins SOLLEN, fabriqu\u00e9s en France. Un design singulier pour un int\u00e9rieur harmonieux.\" \/>\n<meta property=\"og:url\" content=\"https:\/\/sollen-design.com\/en\/product-2\/monoone-square-cushions\/\" \/>\n<meta property=\"og:site_name\" content=\"SOLLEN\" \/>\n<meta property=\"article:publisher\" content=\"https:\/\/www.facebook.com\/sollendesign\/\" \/>\n<meta property=\"article:modified_time\" content=\"2026-01-30T10:37:20+00:00\" \/>\n<meta property=\"og:image\" content=\"https:\/\/sollen-design.com\/wp-content\/uploads\/coussin-monoone-face-1-scaled.png\" \/>\n\t<meta property=\"og:image:width\" content=\"2560\" \/>\n\t<meta property=\"og:image:height\" content=\"2560\" \/>\n\t<meta property=\"og:image:type\" content=\"image\/png\" \/>\n<meta name=\"twitter:card\" content=\"summary_large_image\" \/>\n<meta name=\"twitter:label1\" content=\"Estimated reading time\" \/>\n\t<meta name=\"twitter:data1\" content=\"3 minutes\" \/>\n<script type=\"application\/ld+json\" class=\"yoast-schema-graph\">{\"@context\":\"https:\\\/\\\/schema.org\",\"@graph\":[{\"@type\":\"WebPage\",\"@id\":\"https:\\\/\\\/sollen-design.com\\\/produit\\\/les-coussins-carres-monoone\\\/\",\"url\":\"https:\\\/\\\/sollen-design.com\\\/produit\\\/les-coussins-carres-monoone\\\/\",\"name\":\"SOLLEN - Coussin MONOONE\",\"isPartOf\":{\"@id\":\"https:\\\/\\\/sollen-design.com\\\/fr\\\/#website\"},\"primaryImageOfPage\":{\"@id\":\"https:\\\/\\\/sollen-design.com\\\/produit\\\/les-coussins-carres-monoone\\\/#primaryimage\"},\"image\":{\"@id\":\"https:\\\/\\\/sollen-design.com\\\/produit\\\/les-coussins-carres-monoone\\\/#primaryimage\"},\"thumbnailUrl\":\"https:\\\/\\\/sollen-design.com\\\/wp-content\\\/uploads\\\/coussin-monoone-face-1-scaled.png\",\"datePublished\":\"2022-09-08T14:13:34+00:00\",\"dateModified\":\"2026-01-30T10:37:20+00:00\",\"description\":\"Ajoutez une touche de sophistication \u00e0 votre int\u00e9rieur avec nos coussins SOLLEN, fabriqu\u00e9s en France. Un design singulier pour un int\u00e9rieur harmonieux.\",\"breadcrumb\":{\"@id\":\"https:\\\/\\\/sollen-design.com\\\/produit\\\/les-coussins-carres-monoone\\\/#breadcrumb\"},\"inLanguage\":\"en-GB\",\"potentialAction\":[{\"@type\":\"ReadAction\",\"target\":[\"https:\\\/\\\/sollen-design.com\\\/produit\\\/les-coussins-carres-monoone\\\/\"]}]},{\"@type\":\"ImageObject\",\"inLanguage\":\"en-GB\",\"@id\":\"https:\\\/\\\/sollen-design.com\\\/produit\\\/les-coussins-carres-monoone\\\/#primaryimage\",\"url\":\"https:\\\/\\\/sollen-design.com\\\/wp-content\\\/uploads\\\/coussin-monoone-face-1-scaled.png\",\"contentUrl\":\"https:\\\/\\\/sollen-design.com\\\/wp-content\\\/uploads\\\/coussin-monoone-face-1-scaled.png\",\"width\":2560,\"height\":2560},{\"@type\":\"BreadcrumbList\",\"@id\":\"https:\\\/\\\/sollen-design.com\\\/produit\\\/les-coussins-carres-monoone\\\/#breadcrumb\",\"itemListElement\":[{\"@type\":\"ListItem\",\"position\":1,\"name\":\"Accueil\",\"item\":\"https:\\\/\\\/sollen-design.com\\\/fr\\\/\"},{\"@type\":\"ListItem\",\"position\":2,\"name\":\"Catalogue\",\"item\":\"https:\\\/\\\/sollen-design.com\\\/en\\\/catalog\\\/\"},{\"@type\":\"ListItem\",\"position\":3,\"name\":\"Coussin MONOONE\"}]},{\"@type\":\"WebSite\",\"@id\":\"https:\\\/\\\/sollen-design.com\\\/fr\\\/#website\",\"url\":\"https:\\\/\\\/sollen-design.com\\\/fr\\\/\",\"name\":\"SOLLEN\",\"description\":\"Maison d&#039;\u00e9dition de mobilier design\",\"publisher\":{\"@id\":\"https:\\\/\\\/sollen-design.com\\\/fr\\\/#organization\"},\"potentialAction\":[{\"@type\":\"SearchAction\",\"target\":{\"@type\":\"EntryPoint\",\"urlTemplate\":\"https:\\\/\\\/sollen-design.com\\\/fr\\\/?s={search_term_string}\"},\"query-input\":{\"@type\":\"PropertyValueSpecification\",\"valueRequired\":true,\"valueName\":\"search_term_string\"}}],\"inLanguage\":\"en-GB\"},{\"@type\":\"Organization\",\"@id\":\"https:\\\/\\\/sollen-design.com\\\/fr\\\/#organization\",\"name\":\"SOLLEN\",\"url\":\"https:\\\/\\\/sollen-design.com\\\/fr\\\/\",\"logo\":{\"@type\":\"ImageObject\",\"inLanguage\":\"en-GB\",\"@id\":\"https:\\\/\\\/sollen-design.com\\\/fr\\\/#\\\/schema\\\/logo\\\/image\\\/\",\"url\":\"https:\\\/\\\/sollen-design.com\\\/wp-content\\\/uploads\\\/2021\\\/10\\\/LOGO_RVB_NOIR_130px.png\",\"contentUrl\":\"https:\\\/\\\/sollen-design.com\\\/wp-content\\\/uploads\\\/2021\\\/10\\\/LOGO_RVB_NOIR_130px.png\",\"width\":130,\"height\":39,\"caption\":\"SOLLEN\"},\"image\":{\"@id\":\"https:\\\/\\\/sollen-design.com\\\/fr\\\/#\\\/schema\\\/logo\\\/image\\\/\"},\"sameAs\":[\"https:\\\/\\\/www.facebook.com\\\/sollendesign\\\/\",\"https:\\\/\\\/www.instagram.com\\\/sollendesign\\\/\",\"https:\\\/\\\/www.linkedin.com\\\/company\\\/sollendesign\\\/\",\"https:\\\/\\\/www.pinterest.fr\\\/sollendesign\\\/\"]}]}<\/script>\n<!-- \/ Yoast SEO plugin. -->","yoast_head_json":{"title":"SOLLEN - MONOONE cushion","description":"Add a touch of sophistication to your interior with our SOLLEN cushions, made in France. A unique design for a harmonious interior.","robots":{"index":"index","follow":"follow","max-snippet":"max-snippet:-1","max-image-preview":"max-image-preview:large","max-video-preview":"max-video-preview:-1"},"canonical":"https:\/\/sollen-design.com\/en\/product-2\/monoone-square-cushions\/","og_locale":"en_GB","og_type":"article","og_title":"SOLLEN - Coussin MONOONE","og_description":"Ajoutez une touche de sophistication \u00e0 votre int\u00e9rieur avec nos coussins SOLLEN, fabriqu\u00e9s en France. Un design singulier pour un int\u00e9rieur harmonieux.","og_url":"https:\/\/sollen-design.com\/en\/product-2\/monoone-square-cushions\/","og_site_name":"SOLLEN","article_publisher":"https:\/\/www.facebook.com\/sollendesign\/","article_modified_time":"2026-01-30T10:37:20+00:00","og_image":[{"width":2560,"height":2560,"url":"https:\/\/sollen-design.com\/wp-content\/uploads\/coussin-monoone-face-1-scaled.png","type":"image\/png"}],"twitter_card":"summary_large_image","twitter_misc":{"Estimated reading time":"3 minutes"},"schema":{"@context":"https:\/\/schema.org","@graph":[{"@type":"WebPage","@id":"https:\/\/sollen-design.com\/produit\/les-coussins-carres-monoone\/","url":"https:\/\/sollen-design.com\/produit\/les-coussins-carres-monoone\/","name":"SOLLEN - MONOONE cushion","isPartOf":{"@id":"https:\/\/sollen-design.com\/fr\/#website"},"primaryImageOfPage":{"@id":"https:\/\/sollen-design.com\/produit\/les-coussins-carres-monoone\/#primaryimage"},"image":{"@id":"https:\/\/sollen-design.com\/produit\/les-coussins-carres-monoone\/#primaryimage"},"thumbnailUrl":"https:\/\/sollen-design.com\/wp-content\/uploads\/coussin-monoone-face-1-scaled.png","datePublished":"2022-09-08T14:13:34+00:00","dateModified":"2026-01-30T10:37:20+00:00","description":"Add a touch of sophistication to your interior with our SOLLEN cushions, made in France. A unique design for a harmonious interior.","breadcrumb":{"@id":"https:\/\/sollen-design.com\/produit\/les-coussins-carres-monoone\/#breadcrumb"},"inLanguage":"en-GB","potentialAction":[{"@type":"ReadAction","target":["https:\/\/sollen-design.com\/produit\/les-coussins-carres-monoone\/"]}]},{"@type":"ImageObject","inLanguage":"en-GB","@id":"https:\/\/sollen-design.com\/produit\/les-coussins-carres-monoone\/#primaryimage","url":"https:\/\/sollen-design.com\/wp-content\/uploads\/coussin-monoone-face-1-scaled.png","contentUrl":"https:\/\/sollen-design.com\/wp-content\/uploads\/coussin-monoone-face-1-scaled.png","width":2560,"height":2560},{"@type":"BreadcrumbList","@id":"https:\/\/sollen-design.com\/produit\/les-coussins-carres-monoone\/#breadcrumb","itemListElement":[{"@type":"ListItem","position":1,"name":"Accueil","item":"https:\/\/sollen-design.com\/fr\/"},{"@type":"ListItem","position":2,"name":"Catalogue","item":"https:\/\/sollen-design.com\/en\/catalog\/"},{"@type":"ListItem","position":3,"name":"Coussin MONOONE"}]},{"@type":"WebSite","@id":"https:\/\/sollen-design.com\/fr\/#website","url":"https:\/\/sollen-design.com\/fr\/","name":"SOLLEN","description":"Designer furniture publishing house","publisher":{"@id":"https:\/\/sollen-design.com\/fr\/#organization"},"potentialAction":[{"@type":"SearchAction","target":{"@type":"EntryPoint","urlTemplate":"https:\/\/sollen-design.com\/fr\/?s={search_term_string}"},"query-input":{"@type":"PropertyValueSpecification","valueRequired":true,"valueName":"search_term_string"}}],"inLanguage":"en-GB"},{"@type":"Organization","@id":"https:\/\/sollen-design.com\/fr\/#organization","name":"SOLLEN","url":"https:\/\/sollen-design.com\/fr\/","logo":{"@type":"ImageObject","inLanguage":"en-GB","@id":"https:\/\/sollen-design.com\/fr\/#\/schema\/logo\/image\/","url":"https:\/\/sollen-design.com\/wp-content\/uploads\/2021\/10\/LOGO_RVB_NOIR_130px.png","contentUrl":"https:\/\/sollen-design.com\/wp-content\/uploads\/2021\/10\/LOGO_RVB_NOIR_130px.png","width":130,"height":39,"caption":"SOLLEN"},"image":{"@id":"https:\/\/sollen-design.com\/fr\/#\/schema\/logo\/image\/"},"sameAs":["https:\/\/www.facebook.com\/sollendesign\/","https:\/\/www.instagram.com\/sollendesign\/","https:\/\/www.linkedin.com\/company\/sollendesign\/","https:\/\/www.pinterest.fr\/sollendesign\/"]}]}},"_links":{"self":[{"href":"https:\/\/sollen-design.com\/en\/wp-json\/wp\/v2\/product\/11750","targetHints":{"allow":["GET"]}}],"collection":[{"href":"https:\/\/sollen-design.com\/en\/wp-json\/wp\/v2\/product"}],"about":[{"href":"https:\/\/sollen-design.com\/en\/wp-json\/wp\/v2\/types\/product"}],"replies":[{"embeddable":true,"href":"https:\/\/sollen-design.com\/en\/wp-json\/wp\/v2\/comments?post=11750"}],"wp:featuredmedia":[{"embeddable":true,"href":"https:\/\/sollen-design.com\/en\/wp-json\/wp\/v2\/media\/20011"}],"wp:attachment":[{"href":"https:\/\/sollen-design.com\/en\/wp-json\/wp\/v2\/media?parent=11750"}],"wp:term":[{"taxonomy":"product_brand","embeddable":true,"href":"https:\/\/sollen-design.com\/en\/wp-json\/wp\/v2\/product_brand?post=11750"},{"taxonomy":"product_cat","embeddable":true,"href":"https:\/\/sollen-design.com\/en\/wp-json\/wp\/v2\/product_cat?post=11750"},{"taxonomy":"product_tag","embeddable":true,"href":"https:\/\/sollen-design.com\/en\/wp-json\/wp\/v2\/product_tag?post=11750"}],"curies":[{"name":"wp","href":"https:\/\/api.w.org\/{rel}","templated":true}]}}