{"id":3,"date":"2021-10-24T19:15:22","date_gmt":"2021-10-24T17:15:22","guid":{"rendered":"https:\/\/sollen-design.com\/?page_id=3"},"modified":"2023-04-17T16:30:23","modified_gmt":"2023-04-17T14:30:23","slug":"privacy-policy","status":"publish","type":"page","link":"https:\/\/sollen-design.com\/en\/politique-de-confidentialite\/","title":{"rendered":"Privacy Policy"},"content":{"rendered":"<div data-elementor-type=\"wp-page\" data-elementor-id=\"3\" class=\"elementor elementor-3\" data-elementor-post-type=\"page\">\n\t\t\t\t\t\t<section class=\"elementor-section elementor-top-section elementor-element elementor-element-d7398db elementor-section-boxed elementor-section-height-default elementor-section-height-default\" data-id=\"d7398db\" data-element_type=\"section\" data-e-type=\"section\">\n\t\t\t\t\t\t<div class=\"elementor-container elementor-column-gap-wider\">\n\t\t\t\t\t<div class=\"elementor-column elementor-col-100 elementor-top-column elementor-element elementor-element-68f7bf7\" data-id=\"68f7bf7\" data-element_type=\"column\" data-e-type=\"column\">\n\t\t\t<div class=\"elementor-widget-wrap elementor-element-populated\">\n\t\t\t\t\t\t<div class=\"elementor-element elementor-element-0a7e936 elementor-widget elementor-widget-heading\" data-id=\"0a7e936\" data-element_type=\"widget\" data-e-type=\"widget\" data-widget_type=\"heading.default\">\n\t\t\t\t<div class=\"elementor-widget-container\">\n\t\t\t\t\t<h2 class=\"elementor-heading-title elementor-size-default\">PRIVACY POLICY.<\/h2>\t\t\t\t<\/div>\n\t\t\t\t<\/div>\n\t\t\t\t\t<\/div>\n\t\t<\/div>\n\t\t\t\t\t<\/div>\n\t\t<\/section>\n\t\t\t\t<section class=\"elementor-section elementor-top-section elementor-element elementor-element-7a4d8947 elementor-section-boxed elementor-section-height-default elementor-section-height-default\" data-id=\"7a4d8947\" data-element_type=\"section\" data-e-type=\"section\" data-settings=\"{&quot;background_background&quot;:&quot;classic&quot;}\">\n\t\t\t\t\t\t<div class=\"elementor-container elementor-column-gap-wider\">\n\t\t\t\t\t<div class=\"elementor-column elementor-col-100 elementor-top-column elementor-element elementor-element-6121e11c\" data-id=\"6121e11c\" data-element_type=\"column\" data-e-type=\"column\">\n\t\t\t<div class=\"elementor-widget-wrap elementor-element-populated\">\n\t\t\t\t\t\t<div class=\"elementor-element elementor-element-e2684d elementor-widget elementor-widget-text-editor\" data-id=\"e2684d\" data-element_type=\"widget\" data-e-type=\"widget\" data-widget_type=\"text-editor.default\">\n\t\t\t\t<div class=\"elementor-widget-container\">\n\t\t\t\t\t\t\t\t\t<h5><a href=\"mailto:france@sollen-design.com\">france@sollen-design.com<\/a><\/h5>\n<p>\u00a0<\/p>\n<p>The purpose of this confidentiality charter is to inform users of our site of the personal data that we will collect as well as the following information, if applicable:<\/p>\n<p>Personal data we will collect<\/p>\n<p>Use of collected data<\/p>\n<p>Who has access to the data collected<\/p>\n<p>The rights of site users<\/p>\n<p>The site&#039;s cookie policy<\/p>\n<p>This privacy policy operates alongside the general conditions of use of our site.<\/p>\n<p>\u00a0<\/p>\n<h2>Applicable laws.<\/h2>\n<p>In accordance with the General Data Protection Regulation (GDPR), this confidentiality charter complies with the following regulations.<\/p>\n<p>Personal data must be:<\/p>\n<p>processed in a lawful, fair and transparent manner with regard to the person concerned (lawfulness, loyalty, transparency);<\/p>\n<p>collected for specific, explicit and legitimate purposes, and not subsequently processed in a manner incompatible with these purposes; further processing for archival purposes in the public interest, for scientific or historical research purposes or for statistical purposes is not considered, in accordance with Article 89(1), to be incompatible with the original purposes (limitation purposes);<\/p>\n<p>adequate, relevant and limited to what is necessary for the purposes for which they are processed (data minimization);<\/p>\n<p>accurate and, if necessary, kept up to date; all reasonable measures must be taken to ensure that personal data which are inaccurate, having regard to the purposes for which they are processed, are erased or rectified without delay (accuracy);<\/p>\n<p>kept in a form allowing the identification of the persons concerned for a period not exceeding that necessary for the purposes for which they are processed; personal data may be retained for longer periods to the extent that they will be processed exclusively for archival purposes in the public interest, for scientific or historical research purposes or for statistical purposes in accordance with Article 89 , paragraph 1, provided that the appropriate technical and organizational measures required by the regulation are implemented in order to guarantee the rights and freedoms of the data subject (retention limitation);<\/p>\n<p>processed in a manner that ensures appropriate security of personal data, including protection against unauthorized or unlawful processing and against accidental loss, destruction or damage, using appropriate technical or organizational measures (integrity and confidentiality).<\/p>\n<p>\u00a0<\/p>\n<p>Processing is only lawful if and to the extent that at least one of the following conditions is met:<\/p>\n<p>the data subject has consented to the processing of his or her personal data for one or more specific purposes;<\/p>\n<p>the processing is necessary for the performance of a contract to which the data subject is party or for the execution of pre-contractual measures taken at the request of the data subject;<\/p>\n<p>the processing is necessary for compliance with a legal obligation to which the data controller is subject;<\/p>\n<p>the processing is necessary to safeguard the vital interests of the data subject or of another natural person;<\/p>\n<p>the processing is necessary for the performance of a mission of public interest or relating to the exercise of public authority vested in the controller;<\/p>\n<p>processing is necessary for the purposes of the legitimate interests pursued by the controller or by a third party, unless overridden by the interests or fundamental rights and freedoms of the data subject which require protection of personal data, in particular where the person concerned is a child.<\/p>\n<p>For residents of the State of California, this privacy policy is intended to comply with the California Consumer Privacy Act (CCPA). If there are inconsistencies between this document and the CCPA, state law will apply. If we find any inconsistencies, we will change our policy to comply with the relevant law.<\/p>\n<h2><strong>Consent<\/strong><strong>ement.<\/strong><\/h2>\n<p>Users agree that by using our site, they consent to:<\/p>\n<p>the conditions set out in this privacy policy and<\/p>\n<p>the collection, use and retention of the data listed in this policy.<\/p>\n<h2><strong>Data collected automatically.<\/strong><\/h2>\n<p>When you visit and use our site, we may automatically collect and store the following information:<\/p>\n<p>IP adress<\/p>\n<p>Place<\/p>\n<p>Hardware and software details<\/p>\n<p>Links a user clicks while using the site<\/p>\n<p>Content that the user views on your site<\/p>\n<h2><strong>Data collected non-automatically.<\/strong><\/h2>\n<p>We do not collect additional data when the user performs certain functions on our site.<\/p>\n<p>Please note that we only collect data that helps us achieve the purpose set out in this privacy policy. We will not collect additional data without first informing you.<\/p>\n<h2><strong>How we use personal data?<\/strong><\/h2>\n<p>Personal data collected on our site will only be used for the purposes specified in this policy or indicated on the relevant pages of our site. We will not use your data beyond what we disclose.<\/p>\n<h2><strong>Who do we share personal data with?<\/strong><\/h2>\n<h3><strong>Employees.<\/strong><\/h3>\n<p>We may disclose to any member of our organization such user data as they reasonably need to carry out the purposes set out in this policy.<\/p>\n<h3><strong>Third parties<\/strong> <strong>parts.<\/strong><\/h3>\n<p>Third parties will not be able to access user data beyond what is reasonably necessary to achieve the given purpose.<\/p>\n<h2><strong>Other Disclosures.<\/strong><\/h2>\n<p>We undertake not to sell or share your data with third parties, except in the following cases:<\/p>\n<p>if required by law<\/p>\n<p>if it is required for any legal proceedings<\/p>\n<p>to prove or protect our legal rights<\/p>\n<p>to buyers or potential buyers of this company in the event that we seek to sell the company<\/p>\n<p>If you follow hyperlinks from our site to another site, please note that we are not responsible for and have no control over their privacy policies and practices.<\/p>\n<h2><strong>How long do we store personal data?<\/strong><\/h2>\n<p>We do not retain user data beyond what is necessary to fulfill the purposes for which it is collected.<\/p>\n<h2><strong>How we protect your personal data?<\/strong><\/h2>\n<p>To ensure your security is protected, we use transport layer security protocol to transmit personal information in our system.<\/p>\n<p>While we take all reasonable precautions to ensure that our user data is secure and users are protected, there always remains the risk of harm. The Internet as a whole can be, at times, insecure and therefore we are unable to guarantee the security of user data beyond what is reasonably practical.<\/p>\n<h2><strong>Minors.<\/strong><\/h2>\n<p>The GDPR specifies that people under the age of 15 are considered minors for the purposes of data collection. Minors must have the consent of a legal representative for their data to be collected, processed and used.<\/p>\n<h2><strong>Your rights as a user:<\/strong><\/h2>\n<p>Under the GDPR, users have the following rights as data subjects:<\/p>\n<p>permission to access<\/p>\n<p>right of rectification<\/p>\n<p>right to erasure<\/p>\n<p>right to restrict processing<\/p>\n<p>right to data portability<\/p>\n<p>right to object<\/p>\n<p>You will find further information on these rights in chapter 3 (art 12-23) of the GDPR.<\/p>\n<h2><strong>How to modify, delete or contest the data collected?<\/strong><\/h2>\n<p>If you would like your information deleted or otherwise modified, please contact our Privacy Officer here:<\/p>\n<p>France@sollen-design.com<\/p>\n<h2><strong>Cookie Policy.<\/strong><\/h2>\n<p>A cookie is a small file, stored on a user&#039;s hard drive by the website. Its purpose is to collect data relating to the user&#039;s browsing habits.<\/p>\n<p>We use the following types of cookies on our site:<\/p>\n<ol>\n<li>\n<h3><strong> Functional cookies.<\/strong><\/h3>\n<\/li>\n<\/ol>\n<p>We use them to remember any selections you make on our site so that they are saved for future visits.<\/p>\n<ol start=\"2\">\n<li>\n<h3><strong> Analytical cookies.<\/strong><\/h3>\n<\/li>\n<\/ol>\n<p>This allows us to improve the design and functionality of our site by collecting data about the content you access and engage with while using our site.<\/p>\n<ol start=\"3\">\n<li>\n<h3><strong> Targeting cookies.<\/strong><\/h3>\n<\/li>\n<\/ol>\n<p>These cookies collect data about how you use the site and your preferences. This allows us to make the information you see on our site more promotional and targeted to you.<\/p>\n<p>You can choose to be notified each time a cookie is transmitted. You can also choose to disable cookies entirely in your Internet browser, but this may decrease the quality of your user experience.<\/p>\n<h2><strong>Changes.<\/strong><\/h2>\n<p>This Privacy Policy may be amended from time to time to maintain compliance with the law and to reflect any changes to our data collection process. We recommend that our users check our policy from time to time to ensure that they are informed of any updates. If necessary, we may notify users by email of changes to this policy.<\/p>\t\t\t\t\t\t\t\t<\/div>\n\t\t\t\t<\/div>\n\t\t\t\t\t<\/div>\n\t\t<\/div>\n\t\t\t\t\t<\/div>\n\t\t<\/section>\n\t\t\t\t<section class=\"elementor-section elementor-top-section elementor-element elementor-element-b99199a elementor-section-boxed elementor-section-height-default elementor-section-height-default\" data-id=\"b99199a\" data-element_type=\"section\" data-e-type=\"section\">\n\t\t\t\t\t\t<div class=\"elementor-container elementor-column-gap-default\">\n\t\t\t\t\t<div class=\"elementor-column elementor-col-100 elementor-top-column elementor-element elementor-element-aef4e1a\" data-id=\"aef4e1a\" data-element_type=\"column\" data-e-type=\"column\">\n\t\t\t<div class=\"elementor-widget-wrap elementor-element-populated\">\n\t\t\t\t\t\t<div class=\"elementor-element elementor-element-6fc8f04 elementor-widget elementor-widget-spacer\" data-id=\"6fc8f04\" data-element_type=\"widget\" data-e-type=\"widget\" data-widget_type=\"spacer.default\">\n\t\t\t\t<div class=\"elementor-widget-container\">\n\t\t\t\t\t\t\t<div class=\"elementor-spacer\">\n\t\t\t<div class=\"elementor-spacer-inner\"><\/div>\n\t\t<\/div>\n\t\t\t\t\t\t<\/div>\n\t\t\t\t<\/div>\n\t\t\t\t\t<\/div>\n\t\t<\/div>\n\t\t\t\t\t<\/div>\n\t\t<\/section>\n\t\t\t\t<\/div>","protected":false},"excerpt":{"rendered":"<p>CHARTE DE CONFIDENTIALIT\u00c9. france@sollen-design.com \u00a0 Le but de cette charte de confidentialit\u00e9 est d&rsquo;informer les utilisateurs de notre site des donn\u00e9es personnelles que nous recueillerons ainsi que les informations suivantes, le cas \u00e9ch\u00e9ant : Les donn\u00e9es personnelles que nous recueillerons L\u2019utilisation des donn\u00e9es recueillies Qui a acc\u00e8s aux donn\u00e9es recueillies Les droits des utilisateurs du [&hellip;]<\/p>\n","protected":false},"author":1,"featured_media":0,"parent":0,"menu_order":0,"comment_status":"closed","ping_status":"open","template":"","meta":{"footnotes":""},"class_list":["post-3","page","type-page","status-publish","hentry"],"yoast_head":"<!-- This site is optimized with the Yoast SEO plugin v27.3 - https:\/\/yoast.com\/product\/yoast-seo-wordpress\/ -->\n<title>SOLLEN - Politique de confidentialit\u00e9<\/title>\n<meta name=\"robots\" content=\"index, follow, max-snippet:-1, max-image-preview:large, max-video-preview:-1\" \/>\n<link rel=\"canonical\" href=\"https:\/\/sollen-design.com\/en\/privacy-policy\/\" \/>\n<meta property=\"og:locale\" content=\"en_GB\" \/>\n<meta property=\"og:type\" content=\"article\" \/>\n<meta property=\"og:title\" content=\"SOLLEN - Politique de confidentialit\u00e9\" \/>\n<meta property=\"og:description\" content=\"CHARTE DE CONFIDENTIALIT\u00c9. france@sollen-design.com \u00a0 Le but de cette charte de confidentialit\u00e9 est d&rsquo;informer les utilisateurs de notre site des donn\u00e9es personnelles que nous recueillerons ainsi que les informations suivantes, le cas \u00e9ch\u00e9ant : Les donn\u00e9es personnelles que nous recueillerons L\u2019utilisation des donn\u00e9es recueillies Qui a acc\u00e8s aux donn\u00e9es recueillies Les droits des utilisateurs du [&hellip;]\" \/>\n<meta property=\"og:url\" content=\"https:\/\/sollen-design.com\/en\/privacy-policy\/\" \/>\n<meta property=\"og:site_name\" content=\"SOLLEN\" \/>\n<meta property=\"article:publisher\" content=\"https:\/\/www.facebook.com\/sollendesign\/\" \/>\n<meta property=\"article:modified_time\" content=\"2023-04-17T14:30:23+00:00\" \/>\n<meta property=\"og:image\" content=\"https:\/\/sollen-design.com\/wp-content\/uploads\/2021\/10\/Sans-titre-2.png\" \/>\n\t<meta property=\"og:image:width\" content=\"1620\" \/>\n\t<meta property=\"og:image:height\" content=\"1080\" \/>\n\t<meta property=\"og:image:type\" content=\"image\/png\" \/>\n<meta name=\"twitter:card\" content=\"summary_large_image\" \/>\n<meta name=\"twitter:label1\" content=\"Estimated reading time\" \/>\n\t<meta name=\"twitter:data1\" content=\"8 minutes\" \/>\n<script type=\"application\/ld+json\" class=\"yoast-schema-graph\">{\"@context\":\"https:\\\/\\\/schema.org\",\"@graph\":[{\"@type\":\"WebPage\",\"@id\":\"https:\\\/\\\/sollen-design.com\\\/fr\\\/politique-de-confidentialite\\\/\",\"url\":\"https:\\\/\\\/sollen-design.com\\\/fr\\\/politique-de-confidentialite\\\/\",\"name\":\"SOLLEN - Politique de confidentialit\u00e9\",\"isPartOf\":{\"@id\":\"https:\\\/\\\/sollen-design.com\\\/fr\\\/#website\"},\"datePublished\":\"2021-10-24T17:15:22+00:00\",\"dateModified\":\"2023-04-17T14:30:23+00:00\",\"breadcrumb\":{\"@id\":\"https:\\\/\\\/sollen-design.com\\\/fr\\\/politique-de-confidentialite\\\/#breadcrumb\"},\"inLanguage\":\"en-GB\",\"potentialAction\":[{\"@type\":\"ReadAction\",\"target\":[\"https:\\\/\\\/sollen-design.com\\\/fr\\\/politique-de-confidentialite\\\/\"]}]},{\"@type\":\"BreadcrumbList\",\"@id\":\"https:\\\/\\\/sollen-design.com\\\/fr\\\/politique-de-confidentialite\\\/#breadcrumb\",\"itemListElement\":[{\"@type\":\"ListItem\",\"position\":1,\"name\":\"Accueil\",\"item\":\"https:\\\/\\\/sollen-design.com\\\/fr\\\/\"},{\"@type\":\"ListItem\",\"position\":2,\"name\":\"Politique de confidentialit\u00e9\"}]},{\"@type\":\"WebSite\",\"@id\":\"https:\\\/\\\/sollen-design.com\\\/fr\\\/#website\",\"url\":\"https:\\\/\\\/sollen-design.com\\\/fr\\\/\",\"name\":\"SOLLEN\",\"description\":\"Maison d&#039;\u00e9dition de mobilier design\",\"publisher\":{\"@id\":\"https:\\\/\\\/sollen-design.com\\\/fr\\\/#organization\"},\"potentialAction\":[{\"@type\":\"SearchAction\",\"target\":{\"@type\":\"EntryPoint\",\"urlTemplate\":\"https:\\\/\\\/sollen-design.com\\\/fr\\\/?s={search_term_string}\"},\"query-input\":{\"@type\":\"PropertyValueSpecification\",\"valueRequired\":true,\"valueName\":\"search_term_string\"}}],\"inLanguage\":\"en-GB\"},{\"@type\":\"Organization\",\"@id\":\"https:\\\/\\\/sollen-design.com\\\/fr\\\/#organization\",\"name\":\"SOLLEN\",\"url\":\"https:\\\/\\\/sollen-design.com\\\/fr\\\/\",\"logo\":{\"@type\":\"ImageObject\",\"inLanguage\":\"en-GB\",\"@id\":\"https:\\\/\\\/sollen-design.com\\\/fr\\\/#\\\/schema\\\/logo\\\/image\\\/\",\"url\":\"https:\\\/\\\/sollen-design.com\\\/wp-content\\\/uploads\\\/2021\\\/10\\\/LOGO_RVB_NOIR_130px.png\",\"contentUrl\":\"https:\\\/\\\/sollen-design.com\\\/wp-content\\\/uploads\\\/2021\\\/10\\\/LOGO_RVB_NOIR_130px.png\",\"width\":130,\"height\":39,\"caption\":\"SOLLEN\"},\"image\":{\"@id\":\"https:\\\/\\\/sollen-design.com\\\/fr\\\/#\\\/schema\\\/logo\\\/image\\\/\"},\"sameAs\":[\"https:\\\/\\\/www.facebook.com\\\/sollendesign\\\/\",\"https:\\\/\\\/www.instagram.com\\\/sollendesign\\\/\",\"https:\\\/\\\/www.linkedin.com\\\/company\\\/sollendesign\\\/\",\"https:\\\/\\\/www.pinterest.fr\\\/sollendesign\\\/\"]}]}<\/script>\n<!-- \/ Yoast SEO plugin. -->","yoast_head_json":{"title":"SOLLEN - Privacy policy","robots":{"index":"index","follow":"follow","max-snippet":"max-snippet:-1","max-image-preview":"max-image-preview:large","max-video-preview":"max-video-preview:-1"},"canonical":"https:\/\/sollen-design.com\/en\/privacy-policy\/","og_locale":"en_GB","og_type":"article","og_title":"SOLLEN - Politique de confidentialit\u00e9","og_description":"CHARTE DE CONFIDENTIALIT\u00c9. france@sollen-design.com \u00a0 Le but de cette charte de confidentialit\u00e9 est d&rsquo;informer les utilisateurs de notre site des donn\u00e9es personnelles que nous recueillerons ainsi que les informations suivantes, le cas \u00e9ch\u00e9ant : Les donn\u00e9es personnelles que nous recueillerons L\u2019utilisation des donn\u00e9es recueillies Qui a acc\u00e8s aux donn\u00e9es recueillies Les droits des utilisateurs du [&hellip;]","og_url":"https:\/\/sollen-design.com\/en\/privacy-policy\/","og_site_name":"SOLLEN","article_publisher":"https:\/\/www.facebook.com\/sollendesign\/","article_modified_time":"2023-04-17T14:30:23+00:00","og_image":[{"width":1620,"height":1080,"url":"https:\/\/sollen-design.com\/wp-content\/uploads\/2021\/10\/Sans-titre-2.png","type":"image\/png"}],"twitter_card":"summary_large_image","twitter_misc":{"Estimated reading time":"8 minutes"},"schema":{"@context":"https:\/\/schema.org","@graph":[{"@type":"WebPage","@id":"https:\/\/sollen-design.com\/fr\/politique-de-confidentialite\/","url":"https:\/\/sollen-design.com\/fr\/politique-de-confidentialite\/","name":"SOLLEN - Privacy policy","isPartOf":{"@id":"https:\/\/sollen-design.com\/fr\/#website"},"datePublished":"2021-10-24T17:15:22+00:00","dateModified":"2023-04-17T14:30:23+00:00","breadcrumb":{"@id":"https:\/\/sollen-design.com\/fr\/politique-de-confidentialite\/#breadcrumb"},"inLanguage":"en-GB","potentialAction":[{"@type":"ReadAction","target":["https:\/\/sollen-design.com\/fr\/politique-de-confidentialite\/"]}]},{"@type":"BreadcrumbList","@id":"https:\/\/sollen-design.com\/fr\/politique-de-confidentialite\/#breadcrumb","itemListElement":[{"@type":"ListItem","position":1,"name":"Accueil","item":"https:\/\/sollen-design.com\/fr\/"},{"@type":"ListItem","position":2,"name":"Politique de confidentialit\u00e9"}]},{"@type":"WebSite","@id":"https:\/\/sollen-design.com\/fr\/#website","url":"https:\/\/sollen-design.com\/fr\/","name":"SOLLEN","description":"Designer furniture publishing house","publisher":{"@id":"https:\/\/sollen-design.com\/fr\/#organization"},"potentialAction":[{"@type":"SearchAction","target":{"@type":"EntryPoint","urlTemplate":"https:\/\/sollen-design.com\/fr\/?s={search_term_string}"},"query-input":{"@type":"PropertyValueSpecification","valueRequired":true,"valueName":"search_term_string"}}],"inLanguage":"en-GB"},{"@type":"Organization","@id":"https:\/\/sollen-design.com\/fr\/#organization","name":"SOLLEN","url":"https:\/\/sollen-design.com\/fr\/","logo":{"@type":"ImageObject","inLanguage":"en-GB","@id":"https:\/\/sollen-design.com\/fr\/#\/schema\/logo\/image\/","url":"https:\/\/sollen-design.com\/wp-content\/uploads\/2021\/10\/LOGO_RVB_NOIR_130px.png","contentUrl":"https:\/\/sollen-design.com\/wp-content\/uploads\/2021\/10\/LOGO_RVB_NOIR_130px.png","width":130,"height":39,"caption":"SOLLEN"},"image":{"@id":"https:\/\/sollen-design.com\/fr\/#\/schema\/logo\/image\/"},"sameAs":["https:\/\/www.facebook.com\/sollendesign\/","https:\/\/www.instagram.com\/sollendesign\/","https:\/\/www.linkedin.com\/company\/sollendesign\/","https:\/\/www.pinterest.fr\/sollendesign\/"]}]}},"_links":{"self":[{"href":"https:\/\/sollen-design.com\/en\/wp-json\/wp\/v2\/pages\/3","targetHints":{"allow":["GET"]}}],"collection":[{"href":"https:\/\/sollen-design.com\/en\/wp-json\/wp\/v2\/pages"}],"about":[{"href":"https:\/\/sollen-design.com\/en\/wp-json\/wp\/v2\/types\/page"}],"author":[{"embeddable":true,"href":"https:\/\/sollen-design.com\/en\/wp-json\/wp\/v2\/users\/1"}],"replies":[{"embeddable":true,"href":"https:\/\/sollen-design.com\/en\/wp-json\/wp\/v2\/comments?post=3"}],"version-history":[{"count":0,"href":"https:\/\/sollen-design.com\/en\/wp-json\/wp\/v2\/pages\/3\/revisions"}],"wp:attachment":[{"href":"https:\/\/sollen-design.com\/en\/wp-json\/wp\/v2\/media?parent=3"}],"curies":[{"name":"wp","href":"https:\/\/api.w.org\/{rel}","templated":true}]}}