{"id":19440,"date":"2026-01-08T11:41:43","date_gmt":"2026-01-08T10:41:43","guid":{"rendered":"https:\/\/sollen-design.com\/?page_id=19440"},"modified":"2026-01-30T13:45:50","modified_gmt":"2026-01-30T12:45:50","slug":"wood-customization","status":"publish","type":"page","link":"https:\/\/sollen-design.com\/en\/wood-customization\/","title":{"rendered":"Custom Wood"},"content":{"rendered":"<div data-elementor-type=\"wp-page\" data-elementor-id=\"19440\" class=\"elementor elementor-19440\" data-elementor-post-type=\"page\">\n\t\t\t\t<div class=\"elementor-element elementor-element-a006b26 e-flex e-con-boxed e-con e-parent\" data-id=\"a006b26\" data-element_type=\"container\" data-e-type=\"container\">\n\t\t\t\t\t<div class=\"e-con-inner\">\n\t\t<div class=\"elementor-element elementor-element-7231221 e-con-full e-flex e-con e-child\" data-id=\"7231221\" data-element_type=\"container\" data-e-type=\"container\">\n\t\t\t\t<div class=\"elementor-element elementor-element-8fd2ac3 elementor-position-left elementor-vertical-align-bottom elementor-widget elementor-widget-image-box\" data-id=\"8fd2ac3\" data-element_type=\"widget\" data-e-type=\"widget\" data-widget_type=\"image-box.default\">\n\t\t\t\t<div class=\"elementor-widget-container\">\n\t\t\t\t\t<div class=\"elementor-image-box-wrapper\"><figure class=\"elementor-image-box-img\"><img fetchpriority=\"high\" decoding=\"async\" width=\"2560\" height=\"1707\" src=\"https:\/\/sollen-design.com\/wp-content\/uploads\/chene-scaled.png\" class=\"attachment-full size-full wp-image-19442 wp-post-image\" alt=\"\" srcset=\"https:\/\/sollen-design.com\/wp-content\/uploads\/chene-scaled.png 2560w, https:\/\/sollen-design.com\/wp-content\/uploads\/chene-300x200.png 300w, https:\/\/sollen-design.com\/wp-content\/uploads\/chene-1024x683.png 1024w, https:\/\/sollen-design.com\/wp-content\/uploads\/chene-768x512.png 768w, https:\/\/sollen-design.com\/wp-content\/uploads\/chene-1536x1024.png 1536w, https:\/\/sollen-design.com\/wp-content\/uploads\/chene-2048x1365.png 2048w, https:\/\/sollen-design.com\/wp-content\/uploads\/chene-18x12.png 18w, https:\/\/sollen-design.com\/wp-content\/uploads\/chene-800x533.png 800w, https:\/\/sollen-design.com\/wp-content\/uploads\/chene-2000x1333.png 2000w, https:\/\/sollen-design.com\/wp-content\/uploads\/chene-200x133.png 200w\" sizes=\"(max-width: 2560px) 100vw, 2560px\" \/><\/figure><div class=\"elementor-image-box-content\"><h3 class=\"elementor-image-box-title\">Oak<\/h3><\/div><\/div>\t\t\t\t<\/div>\n\t\t\t\t<\/div>\n\t\t\t\t<\/div>\n\t\t\t\t\t<\/div>\n\t\t\t\t<\/div>\n\t\t<div class=\"elementor-element elementor-element-8bc76bd e-flex e-con-boxed e-con e-parent\" data-id=\"8bc76bd\" data-element_type=\"container\" data-e-type=\"container\">\n\t\t\t\t\t<div class=\"e-con-inner\">\n\t\t<div class=\"elementor-element elementor-element-65f466c e-con-full e-flex e-con e-child\" data-id=\"65f466c\" data-element_type=\"container\" data-e-type=\"container\">\n\t\t\t\t<div class=\"elementor-element elementor-element-3f4839a elementor-position-left elementor-vertical-align-bottom elementor-widget elementor-widget-image-box\" data-id=\"3f4839a\" data-element_type=\"widget\" data-e-type=\"widget\" data-widget_type=\"image-box.default\">\n\t\t\t\t<div class=\"elementor-widget-container\">\n\t\t\t\t\t<div class=\"elementor-image-box-wrapper\"><figure class=\"elementor-image-box-img\"><img decoding=\"async\" width=\"2560\" height=\"1707\" src=\"https:\/\/sollen-design.com\/wp-content\/uploads\/noyer-scaled.png\" class=\"attachment-full size-full wp-image-19443 wp-post-image\" alt=\"\" srcset=\"https:\/\/sollen-design.com\/wp-content\/uploads\/noyer-scaled.png 2560w, https:\/\/sollen-design.com\/wp-content\/uploads\/noyer-300x200.png 300w, https:\/\/sollen-design.com\/wp-content\/uploads\/noyer-1024x683.png 1024w, https:\/\/sollen-design.com\/wp-content\/uploads\/noyer-768x512.png 768w, https:\/\/sollen-design.com\/wp-content\/uploads\/noyer-1536x1024.png 1536w, https:\/\/sollen-design.com\/wp-content\/uploads\/noyer-2048x1365.png 2048w, https:\/\/sollen-design.com\/wp-content\/uploads\/noyer-18x12.png 18w, https:\/\/sollen-design.com\/wp-content\/uploads\/noyer-800x533.png 800w, https:\/\/sollen-design.com\/wp-content\/uploads\/noyer-2000x1333.png 2000w, https:\/\/sollen-design.com\/wp-content\/uploads\/noyer-200x133.png 200w\" sizes=\"(max-width: 2560px) 100vw, 2560px\" \/><\/figure><div class=\"elementor-image-box-content\"><h3 class=\"elementor-image-box-title\">Walnut<\/h3><\/div><\/div>\t\t\t\t<\/div>\n\t\t\t\t<\/div>\n\t\t\t\t<\/div>\n\t\t\t\t\t<\/div>\n\t\t\t\t<\/div>\n\t\t<div class=\"elementor-element elementor-element-3c55b85 e-flex e-con-boxed e-con e-parent\" data-id=\"3c55b85\" data-element_type=\"container\" data-e-type=\"container\">\n\t\t\t\t\t<div class=\"e-con-inner\">\n\t\t\t\t<div class=\"elementor-element elementor-element-37a34a5 elementor-widget elementor-widget-n-accordion\" data-id=\"37a34a5\" data-element_type=\"widget\" data-e-type=\"widget\" data-settings=\"{&quot;default_state&quot;:&quot;expanded&quot;,&quot;max_items_expended&quot;:&quot;one&quot;,&quot;n_accordion_animation_duration&quot;:{&quot;unit&quot;:&quot;ms&quot;,&quot;size&quot;:400,&quot;sizes&quot;:[]}}\" data-widget_type=\"nested-accordion.default\">\n\t\t\t\t<div class=\"elementor-widget-container\">\n\t\t\t\t\t\t\t<div class=\"e-n-accordion\" aria-label=\"Accordion. Open links with Enter or Space, close with Escape, and navigate with Arrow Keys\">\n\t\t\t\t\t\t<details id=\"e-n-accordion-item-5830\" class=\"e-n-accordion-item\" open>\n\t\t\t\t<summary class=\"e-n-accordion-item-title\" data-accordion-index=\"1\" tabindex=\"0\" aria-expanded=\"true\" aria-controls=\"e-n-accordion-item-5830\" >\n\t\t\t\t\t<span class='e-n-accordion-item-title-header'><div class=\"e-n-accordion-item-title-text\"> SPECIFICATIONS <\/div><\/span>\n\t\t\t\t\t\t\t<span class='e-n-accordion-item-title-icon'>\n\t\t\t<span class='e-opened' ><i aria-hidden=\"true\" class=\"fas fa-caret-up\"><\/i><\/span>\n\t\t\t<span class='e-closed'><i aria-hidden=\"true\" class=\"fas fa-sort-down\"><\/i><\/span>\n\t\t<\/span>\n\n\t\t\t\t\t\t<\/summary>\n\t\t\t\t<div role=\"region\" aria-labelledby=\"e-n-accordion-item-5830\" class=\"elementor-element elementor-element-8f1c570 e-con-full e-flex e-con e-child\" data-id=\"8f1c570\" data-element_type=\"container\" data-e-type=\"container\">\n\t\t\t\t<div class=\"elementor-element elementor-element-80f8c40 elementor-widget elementor-widget-text-editor\" data-id=\"80f8c40\" data-element_type=\"widget\" data-e-type=\"widget\" data-widget_type=\"text-editor.default\">\n\t\t\t\t<div class=\"elementor-widget-container\">\n\t\t\t\t\t\t\t\t\t<p>These woods come from sustainably managed forests and are PEFC (Programme for the Endorsement of Forest Certification) certified.<\/p>\t\t\t\t\t\t\t\t<\/div>\n\t\t\t\t<\/div>\n\t\t\t\t<\/div>\n\t\t\t\t\t<\/details>\n\t\t\t\t\t\t<details id=\"e-n-accordion-item-5831\" class=\"e-n-accordion-item\" >\n\t\t\t\t<summary class=\"e-n-accordion-item-title\" data-accordion-index=\"2\" tabindex=\"-1\" aria-expanded=\"false\" aria-controls=\"e-n-accordion-item-5831\" >\n\t\t\t\t\t<span class='e-n-accordion-item-title-header'><div class=\"e-n-accordion-item-title-text\"> INTERVIEW <\/div><\/span>\n\t\t\t\t\t\t\t<span class='e-n-accordion-item-title-icon'>\n\t\t\t<span class='e-opened' ><i aria-hidden=\"true\" class=\"fas fa-caret-up\"><\/i><\/span>\n\t\t\t<span class='e-closed'><i aria-hidden=\"true\" class=\"fas fa-sort-down\"><\/i><\/span>\n\t\t<\/span>\n\n\t\t\t\t\t\t<\/summary>\n\t\t\t\t<div role=\"region\" aria-labelledby=\"e-n-accordion-item-5831\" class=\"elementor-element elementor-element-582481c e-con-full e-flex e-con e-child\" data-id=\"582481c\" data-element_type=\"container\" data-e-type=\"container\">\n\t\t\t\t<div class=\"elementor-element elementor-element-58eb282 elementor-widget elementor-widget-text-editor\" data-id=\"58eb282\" data-element_type=\"widget\" data-e-type=\"widget\" data-widget_type=\"text-editor.default\">\n\t\t\t\t<div class=\"elementor-widget-container\">\n\t\t\t\t\t\t\t\t\t<h4>Here are some recommendations to keep your SOLLEN furniture in perfect condition:<\/h4><p>Wooden elements should be cleaned with a soft, dry cloth to remove dust. To maintain the wood&#039;s luster, you can occasionally apply a wax or a specific wood care product, following the manufacturer&#039;s instructions. Make sure the product is suitable for the type of wood your furniture is made of (oak or walnut).<\/p><p>Ensure your furniture is placed in a well-ventilated environment to prevent moisture buildup that could affect the wood.<\/p><p>By following these care instructions, your furniture will retain its appearance and comfort for many years, while reflecting the elegance and quality that characterize SOLLEN creations.<\/p>\t\t\t\t\t\t\t\t<\/div>\n\t\t\t\t<\/div>\n\t\t\t\t<\/div>\n\t\t\t\t\t<\/details>\n\t\t\t\t\t<\/div>\n\t\t\t\t\t\t<\/div>\n\t\t\t\t<\/div>\n\t\t\t\t\t<\/div>\n\t\t\t\t<\/div>\n\t\t\t\t<\/div>","protected":false},"excerpt":{"rendered":"<p>Ch\u00eane Noyer SPECIFICATIONS Ces bois sont issus de for\u00eats g\u00e9r\u00e9es durablement et sont labellis\u00e9s PEFC (Programme for the Endorsement of Forest Certification) ENTRETIEN Voici quelques recommandations pour maintenir votre mobilier SOLLEN en parfait \u00e9tat : Les \u00e9l\u00e9ments en bois doivent \u00eatre nettoy\u00e9s avec un chiffon doux et sec pour \u00e9liminer la poussi\u00e8re. Pour maintenir l\u2019\u00e9clat [&hellip;]<\/p>\n","protected":false},"author":42,"featured_media":0,"parent":0,"menu_order":0,"comment_status":"closed","ping_status":"closed","template":"","meta":{"footnotes":""},"class_list":["post-19440","page","type-page","status-publish","hentry"],"yoast_head":"<!-- This site is optimized with the Yoast SEO plugin v27.3 - https:\/\/yoast.com\/product\/yoast-seo-wordpress\/ -->\n<title>SOLLEN - Personnalisation Bois<\/title>\n<meta name=\"robots\" content=\"index, follow, max-snippet:-1, max-image-preview:large, max-video-preview:-1\" \/>\n<link rel=\"canonical\" href=\"https:\/\/sollen-design.com\/en\/wood-customization\/\" \/>\n<meta property=\"og:locale\" content=\"en_GB\" \/>\n<meta property=\"og:type\" content=\"article\" \/>\n<meta property=\"og:title\" content=\"SOLLEN - Personnalisation Bois\" \/>\n<meta property=\"og:description\" content=\"Ch\u00eane Noyer SPECIFICATIONS Ces bois sont issus de for\u00eats g\u00e9r\u00e9es durablement et sont labellis\u00e9s PEFC (Programme for the Endorsement of Forest Certification) ENTRETIEN Voici quelques recommandations pour maintenir votre mobilier SOLLEN en parfait \u00e9tat : Les \u00e9l\u00e9ments en bois doivent \u00eatre nettoy\u00e9s avec un chiffon doux et sec pour \u00e9liminer la poussi\u00e8re. Pour maintenir l\u2019\u00e9clat [&hellip;]\" \/>\n<meta property=\"og:url\" content=\"https:\/\/sollen-design.com\/en\/wood-customization\/\" \/>\n<meta property=\"og:site_name\" content=\"SOLLEN\" \/>\n<meta property=\"article:publisher\" content=\"https:\/\/www.facebook.com\/sollendesign\/\" \/>\n<meta property=\"article:modified_time\" content=\"2026-01-30T12:45:50+00:00\" \/>\n<meta property=\"og:image\" content=\"https:\/\/sollen-design.com\/wp-content\/uploads\/chene-1024x683.png\" \/>\n\t<meta property=\"og:image:width\" content=\"1024\" \/>\n\t<meta property=\"og:image:height\" content=\"683\" \/>\n\t<meta property=\"og:image:type\" content=\"image\/png\" \/>\n<meta name=\"twitter:card\" content=\"summary_large_image\" \/>\n<meta name=\"twitter:label1\" content=\"Estimated reading time\" \/>\n\t<meta name=\"twitter:data1\" content=\"2 minutes\" \/>\n<script type=\"application\/ld+json\" class=\"yoast-schema-graph\">{\"@context\":\"https:\\\/\\\/schema.org\",\"@graph\":[{\"@type\":\"WebPage\",\"@id\":\"https:\\\/\\\/sollen-design.com\\\/personnalisation-bois\\\/\",\"url\":\"https:\\\/\\\/sollen-design.com\\\/personnalisation-bois\\\/\",\"name\":\"SOLLEN - Personnalisation Bois\",\"isPartOf\":{\"@id\":\"https:\\\/\\\/sollen-design.com\\\/fr\\\/#website\"},\"primaryImageOfPage\":{\"@id\":\"https:\\\/\\\/sollen-design.com\\\/personnalisation-bois\\\/#primaryimage\"},\"image\":{\"@id\":\"https:\\\/\\\/sollen-design.com\\\/personnalisation-bois\\\/#primaryimage\"},\"thumbnailUrl\":\"https:\\\/\\\/sollen-design.com\\\/wp-content\\\/uploads\\\/chene-scaled.png\",\"datePublished\":\"2026-01-08T10:41:43+00:00\",\"dateModified\":\"2026-01-30T12:45:50+00:00\",\"breadcrumb\":{\"@id\":\"https:\\\/\\\/sollen-design.com\\\/personnalisation-bois\\\/#breadcrumb\"},\"inLanguage\":\"en-GB\",\"potentialAction\":[{\"@type\":\"ReadAction\",\"target\":[\"https:\\\/\\\/sollen-design.com\\\/personnalisation-bois\\\/\"]}]},{\"@type\":\"ImageObject\",\"inLanguage\":\"en-GB\",\"@id\":\"https:\\\/\\\/sollen-design.com\\\/personnalisation-bois\\\/#primaryimage\",\"url\":\"https:\\\/\\\/sollen-design.com\\\/wp-content\\\/uploads\\\/chene-scaled.png\",\"contentUrl\":\"https:\\\/\\\/sollen-design.com\\\/wp-content\\\/uploads\\\/chene-scaled.png\"},{\"@type\":\"BreadcrumbList\",\"@id\":\"https:\\\/\\\/sollen-design.com\\\/personnalisation-bois\\\/#breadcrumb\",\"itemListElement\":[{\"@type\":\"ListItem\",\"position\":1,\"name\":\"Accueil\",\"item\":\"https:\\\/\\\/sollen-design.com\\\/fr\\\/\"},{\"@type\":\"ListItem\",\"position\":2,\"name\":\"Personnalisation Bois\"}]},{\"@type\":\"WebSite\",\"@id\":\"https:\\\/\\\/sollen-design.com\\\/fr\\\/#website\",\"url\":\"https:\\\/\\\/sollen-design.com\\\/fr\\\/\",\"name\":\"SOLLEN\",\"description\":\"Maison d&#039;\u00e9dition de mobilier design\",\"publisher\":{\"@id\":\"https:\\\/\\\/sollen-design.com\\\/fr\\\/#organization\"},\"potentialAction\":[{\"@type\":\"SearchAction\",\"target\":{\"@type\":\"EntryPoint\",\"urlTemplate\":\"https:\\\/\\\/sollen-design.com\\\/fr\\\/?s={search_term_string}\"},\"query-input\":{\"@type\":\"PropertyValueSpecification\",\"valueRequired\":true,\"valueName\":\"search_term_string\"}}],\"inLanguage\":\"en-GB\"},{\"@type\":\"Organization\",\"@id\":\"https:\\\/\\\/sollen-design.com\\\/fr\\\/#organization\",\"name\":\"SOLLEN\",\"url\":\"https:\\\/\\\/sollen-design.com\\\/fr\\\/\",\"logo\":{\"@type\":\"ImageObject\",\"inLanguage\":\"en-GB\",\"@id\":\"https:\\\/\\\/sollen-design.com\\\/fr\\\/#\\\/schema\\\/logo\\\/image\\\/\",\"url\":\"https:\\\/\\\/sollen-design.com\\\/wp-content\\\/uploads\\\/2021\\\/10\\\/LOGO_RVB_NOIR_130px.png\",\"contentUrl\":\"https:\\\/\\\/sollen-design.com\\\/wp-content\\\/uploads\\\/2021\\\/10\\\/LOGO_RVB_NOIR_130px.png\",\"width\":130,\"height\":39,\"caption\":\"SOLLEN\"},\"image\":{\"@id\":\"https:\\\/\\\/sollen-design.com\\\/fr\\\/#\\\/schema\\\/logo\\\/image\\\/\"},\"sameAs\":[\"https:\\\/\\\/www.facebook.com\\\/sollendesign\\\/\",\"https:\\\/\\\/www.instagram.com\\\/sollendesign\\\/\",\"https:\\\/\\\/www.linkedin.com\\\/company\\\/sollendesign\\\/\",\"https:\\\/\\\/www.pinterest.fr\\\/sollendesign\\\/\"]}]}<\/script>\n<!-- \/ Yoast SEO plugin. -->","yoast_head_json":{"title":"SOLLEN - Custom Wood","robots":{"index":"index","follow":"follow","max-snippet":"max-snippet:-1","max-image-preview":"max-image-preview:large","max-video-preview":"max-video-preview:-1"},"canonical":"https:\/\/sollen-design.com\/en\/wood-customization\/","og_locale":"en_GB","og_type":"article","og_title":"SOLLEN - Personnalisation Bois","og_description":"Ch\u00eane Noyer SPECIFICATIONS Ces bois sont issus de for\u00eats g\u00e9r\u00e9es durablement et sont labellis\u00e9s PEFC (Programme for the Endorsement of Forest Certification) ENTRETIEN Voici quelques recommandations pour maintenir votre mobilier SOLLEN en parfait \u00e9tat : Les \u00e9l\u00e9ments en bois doivent \u00eatre nettoy\u00e9s avec un chiffon doux et sec pour \u00e9liminer la poussi\u00e8re. Pour maintenir l\u2019\u00e9clat [&hellip;]","og_url":"https:\/\/sollen-design.com\/en\/wood-customization\/","og_site_name":"SOLLEN","article_publisher":"https:\/\/www.facebook.com\/sollendesign\/","article_modified_time":"2026-01-30T12:45:50+00:00","og_image":[{"width":1024,"height":683,"url":"https:\/\/sollen-design.com\/wp-content\/uploads\/chene-1024x683.png","type":"image\/png"}],"twitter_card":"summary_large_image","twitter_misc":{"Estimated reading time":"2 minutes"},"schema":{"@context":"https:\/\/schema.org","@graph":[{"@type":"WebPage","@id":"https:\/\/sollen-design.com\/personnalisation-bois\/","url":"https:\/\/sollen-design.com\/personnalisation-bois\/","name":"SOLLEN - Custom Wood","isPartOf":{"@id":"https:\/\/sollen-design.com\/fr\/#website"},"primaryImageOfPage":{"@id":"https:\/\/sollen-design.com\/personnalisation-bois\/#primaryimage"},"image":{"@id":"https:\/\/sollen-design.com\/personnalisation-bois\/#primaryimage"},"thumbnailUrl":"https:\/\/sollen-design.com\/wp-content\/uploads\/chene-scaled.png","datePublished":"2026-01-08T10:41:43+00:00","dateModified":"2026-01-30T12:45:50+00:00","breadcrumb":{"@id":"https:\/\/sollen-design.com\/personnalisation-bois\/#breadcrumb"},"inLanguage":"en-GB","potentialAction":[{"@type":"ReadAction","target":["https:\/\/sollen-design.com\/personnalisation-bois\/"]}]},{"@type":"ImageObject","inLanguage":"en-GB","@id":"https:\/\/sollen-design.com\/personnalisation-bois\/#primaryimage","url":"https:\/\/sollen-design.com\/wp-content\/uploads\/chene-scaled.png","contentUrl":"https:\/\/sollen-design.com\/wp-content\/uploads\/chene-scaled.png"},{"@type":"BreadcrumbList","@id":"https:\/\/sollen-design.com\/personnalisation-bois\/#breadcrumb","itemListElement":[{"@type":"ListItem","position":1,"name":"Accueil","item":"https:\/\/sollen-design.com\/fr\/"},{"@type":"ListItem","position":2,"name":"Personnalisation Bois"}]},{"@type":"WebSite","@id":"https:\/\/sollen-design.com\/fr\/#website","url":"https:\/\/sollen-design.com\/fr\/","name":"SOLLEN","description":"Designer furniture publishing house","publisher":{"@id":"https:\/\/sollen-design.com\/fr\/#organization"},"potentialAction":[{"@type":"SearchAction","target":{"@type":"EntryPoint","urlTemplate":"https:\/\/sollen-design.com\/fr\/?s={search_term_string}"},"query-input":{"@type":"PropertyValueSpecification","valueRequired":true,"valueName":"search_term_string"}}],"inLanguage":"en-GB"},{"@type":"Organization","@id":"https:\/\/sollen-design.com\/fr\/#organization","name":"SOLLEN","url":"https:\/\/sollen-design.com\/fr\/","logo":{"@type":"ImageObject","inLanguage":"en-GB","@id":"https:\/\/sollen-design.com\/fr\/#\/schema\/logo\/image\/","url":"https:\/\/sollen-design.com\/wp-content\/uploads\/2021\/10\/LOGO_RVB_NOIR_130px.png","contentUrl":"https:\/\/sollen-design.com\/wp-content\/uploads\/2021\/10\/LOGO_RVB_NOIR_130px.png","width":130,"height":39,"caption":"SOLLEN"},"image":{"@id":"https:\/\/sollen-design.com\/fr\/#\/schema\/logo\/image\/"},"sameAs":["https:\/\/www.facebook.com\/sollendesign\/","https:\/\/www.instagram.com\/sollendesign\/","https:\/\/www.linkedin.com\/company\/sollendesign\/","https:\/\/www.pinterest.fr\/sollendesign\/"]}]}},"_links":{"self":[{"href":"https:\/\/sollen-design.com\/en\/wp-json\/wp\/v2\/pages\/19440","targetHints":{"allow":["GET"]}}],"collection":[{"href":"https:\/\/sollen-design.com\/en\/wp-json\/wp\/v2\/pages"}],"about":[{"href":"https:\/\/sollen-design.com\/en\/wp-json\/wp\/v2\/types\/page"}],"author":[{"embeddable":true,"href":"https:\/\/sollen-design.com\/en\/wp-json\/wp\/v2\/users\/42"}],"replies":[{"embeddable":true,"href":"https:\/\/sollen-design.com\/en\/wp-json\/wp\/v2\/comments?post=19440"}],"version-history":[{"count":31,"href":"https:\/\/sollen-design.com\/en\/wp-json\/wp\/v2\/pages\/19440\/revisions"}],"predecessor-version":[{"id":20115,"href":"https:\/\/sollen-design.com\/en\/wp-json\/wp\/v2\/pages\/19440\/revisions\/20115"}],"wp:attachment":[{"href":"https:\/\/sollen-design.com\/en\/wp-json\/wp\/v2\/media?parent=19440"}],"curies":[{"name":"wp","href":"https:\/\/api.w.org\/{rel}","templated":true}]}}