{"id":14269,"date":"2023-01-09T17:02:05","date_gmt":"2023-01-09T16:02:05","guid":{"rendered":"https:\/\/sollen-design.com\/?page_id=14269"},"modified":"2024-02-22T10:12:45","modified_gmt":"2024-02-22T09:12:45","slug":"legal-notice","status":"publish","type":"page","link":"https:\/\/sollen-design.com\/en\/mentions-legales\/","title":{"rendered":"Legal Notice"},"content":{"rendered":"<div data-elementor-type=\"wp-page\" data-elementor-id=\"14269\" class=\"elementor elementor-14269\" data-elementor-post-type=\"page\">\n\t\t\t\t\t\t<section class=\"elementor-section elementor-top-section elementor-element elementor-element-df118cf elementor-section-boxed elementor-section-height-default elementor-section-height-default\" data-id=\"df118cf\" data-element_type=\"section\" data-e-type=\"section\">\n\t\t\t\t\t\t<div class=\"elementor-container elementor-column-gap-default\">\n\t\t\t\t\t<div class=\"elementor-column elementor-col-100 elementor-top-column elementor-element elementor-element-641c017\" data-id=\"641c017\" data-element_type=\"column\" data-e-type=\"column\">\n\t\t\t<div class=\"elementor-widget-wrap elementor-element-populated\">\n\t\t\t\t\t\t<div class=\"elementor-element elementor-element-cc15996 elementor-widget elementor-widget-text-editor\" data-id=\"cc15996\" data-element_type=\"widget\" data-e-type=\"widget\" data-widget_type=\"text-editor.default\">\n\t\t\t\t<div class=\"elementor-widget-container\">\n\t\t\t\t\t\t\t\t\tPlease read carefully the different terms of use of this site before browsing its pages. By connecting to this site, you accept, without reservation, these terms and conditions. Also, in accordance with article n\u00b06 of Law n\u00b02004-575 of June 21, 2004 for confidence in the digital economy, those responsible for this website https:\/\/sollen-design.com [\u2026]\n\n<b>Site Editor:<\/b>\n\nSOLLEN SAS SIRET number: 89751842900021 Editorial manager: Aline Brard Address: 8 place Saint Christoly 33000 Bordeaux Telephone: 05 47 74 30 10 Email: france@sollen-design.com Website:\u00a0<span style=\"color: var( --e-global-color-text ); font-family: var( --e-global-typography-text-font-family ), Sans-serif; font-weight: var( --e-global-typography-text-font-weight ); font-size: 1rem;\">https:\/\/sollen-design.com<\/span>\n\n<b>Accommodation:<\/b>\n\nHost :\u00a0<span style=\"color: #202124; font-family: arial, sans-serif;\">Kinsta Inc., headquartered at 8605 Santa Monica Blvd #92581 West Hollywood, CA 90069 \u2013 United States<\/span><span style=\"color: #202124; font-family: arial, sans-serif;\">.<\/span>\n\nWebsite :\u00a0<span style=\"font-family: var( --e-global-typography-text-font-family ), Sans-serif;\"><span style=\"font-weight: var( --e-global-typography-text-font-weight ); font-size: 1rem; background-color: #ffffff;\">https:\/\/kinsta.com\/fr\/<\/span><\/span>\n\n<b>Development<\/b><b>\u00a0:<\/b>\n\nSOLLEN SAS Address:\u00a0<span style=\"color: var( --e-global-color-text ); font-family: var( --e-global-typography-text-font-family ), Sans-serif; font-weight: var( --e-global-typography-text-font-weight ); font-size: 1rem;\">8 place Saint Christoly 33000 Bordeaux<\/span>\n\nWebsite :\u00a0<span style=\"color: var( --e-global-color-text ); font-family: var( --e-global-typography-text-font-family ), Sans-serif; font-weight: var( --e-global-typography-text-font-weight ); font-size: 1rem;\">https:\/\/sollen-design.com<\/span>\n\n<b>Terms of use :<\/b>\n\nThis site (<span style=\"color: var( --e-global-color-text ); font-family: var( --e-global-typography-text-font-family ), Sans-serif; font-weight: var( --e-global-typography-text-font-weight ); font-size: 1rem;\">https:\/\/sollen-design.com<\/span><span style=\"color: var( --e-global-color-text ); font-family: var( --e-global-typography-text-font-family ), Sans-serif; font-weight: var( --e-global-typography-text-font-weight ); font-size: 1rem;\">) is offered in different web languages (HTML, HTML5, Javascript, CSS, etc.) for better ease of use and more pleasant graphics.<\/span>\n\nWe recommend that you use modern browsers such as Internet Explorer, Safari, Firefox, Google Chrome, etc.<b>\u00a0<\/b>implements all the means at its disposal to ensure reliable information and reliable updating of its websites. However, errors or omissions may occur. The Internet user must therefore ensure the accuracy of the information with SOLLEN, and report any modifications to the site that he considers useful. SOLLEN is in no way responsible for the use made of this information, and for any direct or indirect damage that may result therefrom.\n\n<b>Cookies<\/b>\u00a0: The site https:\/\/sollen-design.com may ask you to accept cookies for statistical and display purposes. A cookie is information placed on your hard drive by the server of the site you are visiting. It contains several pieces of data that are stored on your computer in a simple text file that a server accesses to read and save information. Certain parts of this site cannot be functional without accepting cookies.\n\n<b>Hypertext links:<\/b>\u00a0The websites of may offer links to other websites or other resources available on the Internet. SOLLEN has no means of controlling the sites connected to its websites. SOLLEN does not answer for or guarantee the availability of such sites and external sources. It cannot be held responsible for any damage, of any nature whatsoever, resulting from the content of these sites or external sources, and in particular from the information, products or services they offer, or from any use that may be made of them. these elements. The risks associated with this use are entirely the responsibility of the Internet user, who must comply with their conditions of use. Users, subscribers and visitors to websites cannot set up a hyperlink to this site without the express prior authorization of SOLLEN. In the event that a user or visitor would like to set up a hyperlink to one of SOLLEN&#039;s websites, it will be up to them to send an email accessible on the site in order to formulate their request for setting up a hyperlink. SOLLEN reserves the right to accept or refuse a hyperlink without having to justify its decision.\n\n<b>Services provided:<\/b>\n\nAll of the company&#039;s activities as well as its information are presented on our site https:\/\/sollen-design.com. SOLLEN strives to provide information as accurate as possible on the site www.sollen-design.com. The information on the site https:\/\/sollen-design.com is not exhaustive and the photos are not contractual. They are given subject to modifications having been made since they were put online. Furthermore, all the information indicated on the site www.sollen-design.com<b>\u00a0<\/b>are given for information purposes only, and are subject to change or evolve without notice.\n\n<b>Contractual limitations on data:<\/b>\n\nThe information contained on this site is as accurate as possible and the site updated at different times of the year, but may contain inaccuracies or omissions. If you notice a gap, error or what appears to be a malfunction, please report it by email to france@sollen-design.com, describing the problem as precisely as possible (page asking problem, type of computer and browser used, etc.). Any content downloaded is done at the user&#039;s own risk and under their sole responsibility. Consequently, cannot be held responsible for any damage suffered by the user&#039;s computer or any loss of data following downloading. In addition, the user of the site undertakes to access the site using recent equipment, not containing viruses and with an updated latest generation browser. The hypertext links set up within the framework of this website towards other resources present on the Internet network cannot engage the responsibility of SOLLEN.\n\n<b>Intellectual property :<\/b>\n\nAll content of this site https:\/\/sollen-design.com, including, without limitation, graphics, images, texts, videos, animations, sounds, logos, gifs and icons as well as their formatting are the property exclusive of the company with the exception of brands, logos or content belonging to other partner companies or authors. Any reproduction, distribution, modification, adaptation, retransmission or publication, even partial, of these various elements is strictly prohibited without the express written consent of SOLLEN. This representation or reproduction, by any means whatsoever, constitutes an infringement punishable by articles L.335-2 et seq. of the Intellectual Property Code. Failure to comply with this prohibition constitutes an infringement which may result in civil and criminal liability for the infringer. In addition, the owners of the copied Content may take legal action against you.\n\n<b>Declaration to the CNIL:<\/b>\n\nIn accordance with law 78-17 of January 6, 1978 (amended by law 2004-801 of August 6, 2004 relating to the protection of individuals with regard to the processing of personal data) relating to computing, files and freedoms, this site has been the subject of a declaration 1656629 to the National Commission for Information Technology and Liberties (<a href=\"https:\/\/www.cnil.fr\/\">www.cnil.fr<\/a>).\n\n<b>Disputes:<\/b>\n\nThese conditions of the site https:\/\/sollen-design.com are governed by French laws and any dispute or litigation which could arise from the interpretation or execution of these will be the exclusive jurisdiction of the courts on which depends the head office of the company. The reference language for settling any disputes is French.\n\n<b>Personal data :<\/b>\n\nGenerally speaking, you are not required to provide us with your personal data when you visit our website https:\/\/sollen-design.com. However, this principle has certain exceptions. Indeed, for certain services offered by our site, you may be required to communicate certain data to us such as: your name, your position, the name of your company, your email address, and your telephone number. This is the case when you complete the form offered to you online, in the \u201c\u00a0<a href=\"https:\/\/www.sollen-design.com.fr\/contact\/\">contact<\/a>\u00a0&quot;. In any case, you can refuse to provide your personal data. In this case, you will not be able to use the services of the site, in particular that of requesting information about our company, or receiving newsletters. Finally, we may automatically collect certain information about you during a simple navigation on our website, in particular: information concerning the use of our site, such as the areas you visit and the services you access, your address IP, your browser type, your access times. Such information is used exclusively for internal statistical purposes, in order to improve the quality of the services offered to you. The databases are protected by the provisions of the law of July 1, 1998 transposing directive 96\/9 of March 11, 1996 relating to the legal protection of databases.\t\t\t\t\t\t\t\t<\/div>\n\t\t\t\t<\/div>\n\t\t\t\t\t<\/div>\n\t\t<\/div>\n\t\t\t\t\t<\/div>\n\t\t<\/section>\n\t\t\t\t<\/div>","protected":false},"excerpt":{"rendered":"<p>Merci de lire avec attention les diff\u00e9rentes modalit\u00e9s d\u2019utilisation du pr\u00e9sent site avant d\u2019y parcourir ses pages. En vous connectant sur ce site, vous acceptez, sans r\u00e9serves, les pr\u00e9sentes modalit\u00e9s. Aussi, conform\u00e9ment \u00e0 l\u2019article n\u00b06 de la Loi n\u00b02004-575 du 21 Juin 2004 pour la confiance dans l\u2019\u00e9conomie num\u00e9rique, les responsables du pr\u00e9sent site internet\u00a0https:\/\/sollen-design.com [&hellip;]<\/p>\n","protected":false},"author":1,"featured_media":0,"parent":0,"menu_order":0,"comment_status":"closed","ping_status":"closed","template":"","meta":{"footnotes":""},"class_list":["post-14269","page","type-page","status-publish","hentry"],"yoast_head":"<!-- This site is optimized with the Yoast SEO plugin v27.3 - https:\/\/yoast.com\/product\/yoast-seo-wordpress\/ -->\n<title>SOLLEN - Mentions L\u00e9gales<\/title>\n<meta name=\"robots\" content=\"noindex, nofollow\" \/>\n<meta property=\"og:locale\" content=\"en_GB\" \/>\n<meta property=\"og:type\" content=\"article\" \/>\n<meta property=\"og:title\" content=\"SOLLEN - Mentions L\u00e9gales\" \/>\n<meta property=\"og:description\" content=\"Merci de lire avec attention les diff\u00e9rentes modalit\u00e9s d\u2019utilisation du pr\u00e9sent site avant d\u2019y parcourir ses pages. En vous connectant sur ce site, vous acceptez, sans r\u00e9serves, les pr\u00e9sentes modalit\u00e9s. Aussi, conform\u00e9ment \u00e0 l\u2019article n\u00b06 de la Loi n\u00b02004-575 du 21 Juin 2004 pour la confiance dans l\u2019\u00e9conomie num\u00e9rique, les responsables du pr\u00e9sent site internet\u00a0https:\/\/sollen-design.com [&hellip;]\" \/>\n<meta property=\"og:url\" content=\"https:\/\/sollen-design.com\/en\/legal-notice\/\" \/>\n<meta property=\"og:site_name\" content=\"SOLLEN\" \/>\n<meta property=\"article:publisher\" content=\"https:\/\/www.facebook.com\/sollendesign\/\" \/>\n<meta property=\"article:modified_time\" content=\"2024-02-22T09:12:45+00:00\" \/>\n<meta property=\"og:image\" content=\"https:\/\/sollen-design.com\/wp-content\/uploads\/2021\/10\/Sans-titre-2.png\" \/>\n\t<meta property=\"og:image:width\" content=\"1620\" \/>\n\t<meta property=\"og:image:height\" content=\"1080\" \/>\n\t<meta property=\"og:image:type\" content=\"image\/png\" \/>\n<meta name=\"twitter:card\" content=\"summary_large_image\" \/>\n<meta name=\"twitter:label1\" content=\"Estimated reading time\" \/>\n\t<meta name=\"twitter:data1\" content=\"6 minutes\" \/>\n<script type=\"application\/ld+json\" class=\"yoast-schema-graph\">{\"@context\":\"https:\\\/\\\/schema.org\",\"@graph\":[{\"@type\":\"WebPage\",\"@id\":\"https:\\\/\\\/sollen-design.com\\\/fr\\\/mentions-legales\\\/\",\"url\":\"https:\\\/\\\/sollen-design.com\\\/fr\\\/mentions-legales\\\/\",\"name\":\"SOLLEN - Mentions L\u00e9gales\",\"isPartOf\":{\"@id\":\"https:\\\/\\\/sollen-design.com\\\/fr\\\/#website\"},\"datePublished\":\"2023-01-09T16:02:05+00:00\",\"dateModified\":\"2024-02-22T09:12:45+00:00\",\"breadcrumb\":{\"@id\":\"https:\\\/\\\/sollen-design.com\\\/fr\\\/mentions-legales\\\/#breadcrumb\"},\"inLanguage\":\"en-GB\",\"potentialAction\":[{\"@type\":\"ReadAction\",\"target\":[\"https:\\\/\\\/sollen-design.com\\\/fr\\\/mentions-legales\\\/\"]}]},{\"@type\":\"BreadcrumbList\",\"@id\":\"https:\\\/\\\/sollen-design.com\\\/fr\\\/mentions-legales\\\/#breadcrumb\",\"itemListElement\":[{\"@type\":\"ListItem\",\"position\":1,\"name\":\"Accueil\",\"item\":\"https:\\\/\\\/sollen-design.com\\\/fr\\\/\"},{\"@type\":\"ListItem\",\"position\":2,\"name\":\"Mentions L\u00e9gales\"}]},{\"@type\":\"WebSite\",\"@id\":\"https:\\\/\\\/sollen-design.com\\\/fr\\\/#website\",\"url\":\"https:\\\/\\\/sollen-design.com\\\/fr\\\/\",\"name\":\"SOLLEN\",\"description\":\"Maison d&#039;\u00e9dition de mobilier design\",\"publisher\":{\"@id\":\"https:\\\/\\\/sollen-design.com\\\/fr\\\/#organization\"},\"potentialAction\":[{\"@type\":\"SearchAction\",\"target\":{\"@type\":\"EntryPoint\",\"urlTemplate\":\"https:\\\/\\\/sollen-design.com\\\/fr\\\/?s={search_term_string}\"},\"query-input\":{\"@type\":\"PropertyValueSpecification\",\"valueRequired\":true,\"valueName\":\"search_term_string\"}}],\"inLanguage\":\"en-GB\"},{\"@type\":\"Organization\",\"@id\":\"https:\\\/\\\/sollen-design.com\\\/fr\\\/#organization\",\"name\":\"SOLLEN\",\"url\":\"https:\\\/\\\/sollen-design.com\\\/fr\\\/\",\"logo\":{\"@type\":\"ImageObject\",\"inLanguage\":\"en-GB\",\"@id\":\"https:\\\/\\\/sollen-design.com\\\/fr\\\/#\\\/schema\\\/logo\\\/image\\\/\",\"url\":\"https:\\\/\\\/sollen-design.com\\\/wp-content\\\/uploads\\\/2021\\\/10\\\/LOGO_RVB_NOIR_130px.png\",\"contentUrl\":\"https:\\\/\\\/sollen-design.com\\\/wp-content\\\/uploads\\\/2021\\\/10\\\/LOGO_RVB_NOIR_130px.png\",\"width\":130,\"height\":39,\"caption\":\"SOLLEN\"},\"image\":{\"@id\":\"https:\\\/\\\/sollen-design.com\\\/fr\\\/#\\\/schema\\\/logo\\\/image\\\/\"},\"sameAs\":[\"https:\\\/\\\/www.facebook.com\\\/sollendesign\\\/\",\"https:\\\/\\\/www.instagram.com\\\/sollendesign\\\/\",\"https:\\\/\\\/www.linkedin.com\\\/company\\\/sollendesign\\\/\",\"https:\\\/\\\/www.pinterest.fr\\\/sollendesign\\\/\"]}]}<\/script>\n<!-- \/ Yoast SEO plugin. -->","yoast_head_json":{"title":"SOLLEN - Legal Notices","robots":{"index":"noindex","follow":"nofollow"},"og_locale":"en_GB","og_type":"article","og_title":"SOLLEN - Mentions L\u00e9gales","og_description":"Merci de lire avec attention les diff\u00e9rentes modalit\u00e9s d\u2019utilisation du pr\u00e9sent site avant d\u2019y parcourir ses pages. En vous connectant sur ce site, vous acceptez, sans r\u00e9serves, les pr\u00e9sentes modalit\u00e9s. Aussi, conform\u00e9ment \u00e0 l\u2019article n\u00b06 de la Loi n\u00b02004-575 du 21 Juin 2004 pour la confiance dans l\u2019\u00e9conomie num\u00e9rique, les responsables du pr\u00e9sent site internet\u00a0https:\/\/sollen-design.com [&hellip;]","og_url":"https:\/\/sollen-design.com\/en\/legal-notice\/","og_site_name":"SOLLEN","article_publisher":"https:\/\/www.facebook.com\/sollendesign\/","article_modified_time":"2024-02-22T09:12:45+00:00","og_image":[{"width":1620,"height":1080,"url":"https:\/\/sollen-design.com\/wp-content\/uploads\/2021\/10\/Sans-titre-2.png","type":"image\/png"}],"twitter_card":"summary_large_image","twitter_misc":{"Estimated reading time":"6 minutes"},"schema":{"@context":"https:\/\/schema.org","@graph":[{"@type":"WebPage","@id":"https:\/\/sollen-design.com\/fr\/mentions-legales\/","url":"https:\/\/sollen-design.com\/fr\/mentions-legales\/","name":"SOLLEN - Legal Notices","isPartOf":{"@id":"https:\/\/sollen-design.com\/fr\/#website"},"datePublished":"2023-01-09T16:02:05+00:00","dateModified":"2024-02-22T09:12:45+00:00","breadcrumb":{"@id":"https:\/\/sollen-design.com\/fr\/mentions-legales\/#breadcrumb"},"inLanguage":"en-GB","potentialAction":[{"@type":"ReadAction","target":["https:\/\/sollen-design.com\/fr\/mentions-legales\/"]}]},{"@type":"BreadcrumbList","@id":"https:\/\/sollen-design.com\/fr\/mentions-legales\/#breadcrumb","itemListElement":[{"@type":"ListItem","position":1,"name":"Accueil","item":"https:\/\/sollen-design.com\/fr\/"},{"@type":"ListItem","position":2,"name":"Mentions L\u00e9gales"}]},{"@type":"WebSite","@id":"https:\/\/sollen-design.com\/fr\/#website","url":"https:\/\/sollen-design.com\/fr\/","name":"SOLLEN","description":"Designer furniture publishing house","publisher":{"@id":"https:\/\/sollen-design.com\/fr\/#organization"},"potentialAction":[{"@type":"SearchAction","target":{"@type":"EntryPoint","urlTemplate":"https:\/\/sollen-design.com\/fr\/?s={search_term_string}"},"query-input":{"@type":"PropertyValueSpecification","valueRequired":true,"valueName":"search_term_string"}}],"inLanguage":"en-GB"},{"@type":"Organization","@id":"https:\/\/sollen-design.com\/fr\/#organization","name":"SOLLEN","url":"https:\/\/sollen-design.com\/fr\/","logo":{"@type":"ImageObject","inLanguage":"en-GB","@id":"https:\/\/sollen-design.com\/fr\/#\/schema\/logo\/image\/","url":"https:\/\/sollen-design.com\/wp-content\/uploads\/2021\/10\/LOGO_RVB_NOIR_130px.png","contentUrl":"https:\/\/sollen-design.com\/wp-content\/uploads\/2021\/10\/LOGO_RVB_NOIR_130px.png","width":130,"height":39,"caption":"SOLLEN"},"image":{"@id":"https:\/\/sollen-design.com\/fr\/#\/schema\/logo\/image\/"},"sameAs":["https:\/\/www.facebook.com\/sollendesign\/","https:\/\/www.instagram.com\/sollendesign\/","https:\/\/www.linkedin.com\/company\/sollendesign\/","https:\/\/www.pinterest.fr\/sollendesign\/"]}]}},"_links":{"self":[{"href":"https:\/\/sollen-design.com\/en\/wp-json\/wp\/v2\/pages\/14269","targetHints":{"allow":["GET"]}}],"collection":[{"href":"https:\/\/sollen-design.com\/en\/wp-json\/wp\/v2\/pages"}],"about":[{"href":"https:\/\/sollen-design.com\/en\/wp-json\/wp\/v2\/types\/page"}],"author":[{"embeddable":true,"href":"https:\/\/sollen-design.com\/en\/wp-json\/wp\/v2\/users\/1"}],"replies":[{"embeddable":true,"href":"https:\/\/sollen-design.com\/en\/wp-json\/wp\/v2\/comments?post=14269"}],"version-history":[{"count":0,"href":"https:\/\/sollen-design.com\/en\/wp-json\/wp\/v2\/pages\/14269\/revisions"}],"wp:attachment":[{"href":"https:\/\/sollen-design.com\/en\/wp-json\/wp\/v2\/media?parent=14269"}],"curies":[{"name":"wp","href":"https:\/\/api.w.org\/{rel}","templated":true}]}}