{"id":11559,"date":"2022-08-29T16:28:34","date_gmt":"2022-08-29T14:28:34","guid":{"rendered":"https:\/\/sollen-design.com\/?page_id=11559"},"modified":"2022-08-30T11:29:16","modified_gmt":"2022-08-30T09:29:16","slug":"pdw-contact-form","status":"publish","type":"page","link":"https:\/\/sollen-design.com\/en\/formulaire-de-contact-pdw\/","title":{"rendered":"PDW contact form"},"content":{"rendered":"\t\t<div data-elementor-type=\"wp-page\" data-elementor-id=\"11559\" class=\"elementor elementor-11559\" data-elementor-post-type=\"page\">\n\t\t\t\t\t\t<section class=\"elementor-section elementor-top-section elementor-element elementor-element-b9a6f3e elementor-section-boxed elementor-section-height-default elementor-section-height-default\" data-id=\"b9a6f3e\" data-element_type=\"section\" data-e-type=\"section\">\n\t\t\t\t\t\t<div class=\"elementor-container elementor-column-gap-default\">\n\t\t\t\t\t<div class=\"elementor-column elementor-col-100 elementor-top-column elementor-element elementor-element-d9172b2\" data-id=\"d9172b2\" data-element_type=\"column\" data-e-type=\"column\">\n\t\t\t<div class=\"elementor-widget-wrap elementor-element-populated\">\n\t\t\t\t\t\t<div class=\"elementor-element elementor-element-ed2a79d elementor-widget elementor-widget-spacer\" data-id=\"ed2a79d\" data-element_type=\"widget\" data-e-type=\"widget\" data-widget_type=\"spacer.default\">\n\t\t\t\t<div class=\"elementor-widget-container\">\n\t\t\t\t\t\t\t<div class=\"elementor-spacer\">\n\t\t\t<div class=\"elementor-spacer-inner\"><\/div>\n\t\t<\/div>\n\t\t\t\t\t\t<\/div>\n\t\t\t\t<\/div>\n\t\t\t\t<div class=\"elementor-element elementor-element-1fdbb36 elementor-widget elementor-widget-text-editor\" data-id=\"1fdbb36\" data-element_type=\"widget\" data-e-type=\"widget\" data-widget_type=\"text-editor.default\">\n\t\t\t\t<div class=\"elementor-widget-container\">\n\t\t\t\t\t\t\t\t\t<p><strong>Vous \u00eates int\u00e9ress\u00e9-e-s par SOLLEN, nos mobiliers et leur fabrication ?\u00a0<\/strong><\/p>\t\t\t\t\t\t\t\t<\/div>\n\t\t\t\t<\/div>\n\t\t\t\t<div class=\"elementor-element elementor-element-5ac76b9 elementor-widget elementor-widget-text-editor\" data-id=\"5ac76b9\" data-element_type=\"widget\" data-e-type=\"widget\" data-widget_type=\"text-editor.default\">\n\t\t\t\t<div class=\"elementor-widget-container\">\n\t\t\t\t\t\t\t\t\t<p><span style=\"font-family: var( --e-global-typography-text-font-family ), Sans-serif; font-size: 1rem; font-weight: var( --e-global-typography-text-font-weight );\">\u2193 Laissez nous vos coordonn\u00e9es ci-dessous.\u00a0Nous serions ravis de pouvoir vous recontacter afin de vous apporter toutes les r\u00e9ponses \u00e0 vos questions. \u2193<\/span><\/p>\t\t\t\t\t\t\t\t<\/div>\n\t\t\t\t<\/div>\n\t\t\t\t<div class=\"elementor-element elementor-element-191ef6f elementor-button-align-stretch elementor-widget elementor-widget-form\" data-id=\"191ef6f\" data-element_type=\"widget\" data-e-type=\"widget\" data-settings=\"{&quot;step_next_label&quot;:&quot;Suivant&quot;,&quot;step_previous_label&quot;:&quot;Pr\\u00e9c\\u00e9dent&quot;,&quot;button_width&quot;:&quot;100&quot;,&quot;step_type&quot;:&quot;number_text&quot;,&quot;step_icon_shape&quot;:&quot;circle&quot;}\" data-widget_type=\"form.default\">\n\t\t\t\t<div class=\"elementor-widget-container\">\n\t\t\t\t\t\t\t<form class=\"elementor-form\" method=\"post\" name=\"SOLLEN \" aria-label=\"SOLLEN \">\n\t\t\t<input type=\"hidden\" name=\"post_id\" value=\"11559\"\/>\n\t\t\t<input type=\"hidden\" name=\"form_id\" value=\"191ef6f\"\/>\n\t\t\t<input type=\"hidden\" name=\"referer_title\" value=\"SOLLEN - Formulaire de contact PDW\" \/>\n\n\t\t\t\t\t\t\t<input type=\"hidden\" name=\"queried_id\" value=\"11559\"\/>\n\t\t\t\n\t\t\t<div class=\"elementor-form-fields-wrapper elementor-labels-above\">\n\t\t\t\t\t\t\t\t<div class=\"elementor-field-type-text elementor-field-group elementor-column elementor-field-group-name elementor-col-50 elementor-field-required elementor-mark-required\">\n\t\t\t\t\t\t\t\t\t\t\t\t<label for=\"form-field-name\" class=\"elementor-field-label\">\n\t\t\t\t\t\t\t\tNom\t\t\t\t\t\t\t<\/label>\n\t\t\t\t\t\t\t\t\t\t\t\t\t\t<input size=\"1\" type=\"text\" name=\"form_fields[name]\" id=\"form-field-name\" class=\"elementor-field elementor-size-md  elementor-field-textual\" placeholder=\"Nom\" required=\"required\">\n\t\t\t\t\t\t\t\t\t\t\t<\/div>\n\t\t\t\t\t\t\t\t<div class=\"elementor-field-type-text elementor-field-group elementor-column elementor-field-group-field_2b37f8b elementor-col-50 elementor-field-required elementor-mark-required\">\n\t\t\t\t\t\t\t\t\t\t\t\t<label for=\"form-field-field_2b37f8b\" class=\"elementor-field-label\">\n\t\t\t\t\t\t\t\tPr\u00e9nom\t\t\t\t\t\t\t<\/label>\n\t\t\t\t\t\t\t\t\t\t\t\t\t\t<input size=\"1\" type=\"text\" name=\"form_fields[field_2b37f8b]\" id=\"form-field-field_2b37f8b\" class=\"elementor-field elementor-size-md  elementor-field-textual\" placeholder=\"Pr\u00e9nom\" required=\"required\">\n\t\t\t\t\t\t\t\t\t\t\t<\/div>\n\t\t\t\t\t\t\t\t<div class=\"elementor-field-type-tel elementor-field-group elementor-column elementor-field-group-field_0f5dc33 elementor-col-50 elementor-field-required elementor-mark-required\">\n\t\t\t\t\t\t\t\t\t\t\t\t<label for=\"form-field-field_0f5dc33\" class=\"elementor-field-label\">\n\t\t\t\t\t\t\t\tNum\u00e9ro de t\u00e9l\u00e9phone\t\t\t\t\t\t\t<\/label>\n\t\t\t\t\t\t\t\t<input size=\"1\" type=\"tel\" name=\"form_fields[field_0f5dc33]\" id=\"form-field-field_0f5dc33\" class=\"elementor-field elementor-size-md  elementor-field-textual\" placeholder=\"Num\u00e9ro de t\u00e9l\u00e9phone\" required=\"required\" pattern=\"[0-9()#&amp;+*-=.]+\" title=\"Seuls les caract\u00e8res de num\u00e9ros de t\u00e9l\u00e9phone (#, -, *, etc.) sont accept\u00e9s.\">\n\n\t\t\t\t\t\t<\/div>\n\t\t\t\t\t\t\t\t<div class=\"elementor-field-type-email elementor-field-group elementor-column elementor-field-group-email elementor-col-50 elementor-field-required elementor-mark-required\">\n\t\t\t\t\t\t\t\t\t\t\t\t<label for=\"form-field-email\" class=\"elementor-field-label\">\n\t\t\t\t\t\t\t\tE-mail\t\t\t\t\t\t\t<\/label>\n\t\t\t\t\t\t\t\t\t\t\t\t\t\t<input size=\"1\" type=\"email\" name=\"form_fields[email]\" id=\"form-field-email\" class=\"elementor-field elementor-size-md  elementor-field-textual\" placeholder=\"E-mail\" required=\"required\">\n\t\t\t\t\t\t\t\t\t\t\t<\/div>\n\t\t\t\t\t\t\t\t<div class=\"elementor-field-type-textarea elementor-field-group elementor-column elementor-field-group-message elementor-col-100\">\n\t\t\t\t\t\t\t\t\t\t\t\t<label for=\"form-field-message\" class=\"elementor-field-label\">\n\t\t\t\t\t\t\t\tMessage\t\t\t\t\t\t\t<\/label>\n\t\t\t\t\t\t<textarea class=\"elementor-field-textual elementor-field  elementor-size-md\" name=\"form_fields[message]\" id=\"form-field-message\" rows=\"4\" placeholder=\"Si vous avez une question particuli\u00e8re, ou une pr\u00e9f\u00e9rence concernant la prise de contact, n&#039;h\u00e9sitez \u00e0 nous le faire savoir juste ici. \"><\/textarea>\t\t\t\t<\/div>\n\t\t\t\t\t\t\t\t<div class=\"elementor-field-group elementor-column elementor-field-type-submit elementor-col-100 e-form__buttons\">\n\t\t\t\t\t<button class=\"elementor-button elementor-size-sm\" type=\"submit\">\n\t\t\t\t\t\t<span class=\"elementor-button-content-wrapper\">\n\t\t\t\t\t\t\t\t\t\t\t\t\t\t\t\t\t\t\t\t\t\t<span class=\"elementor-button-text\">Envoyer<\/span>\n\t\t\t\t\t\t\t\t\t\t\t\t\t<\/span>\n\t\t\t\t\t<\/button>\n\t\t\t\t<\/div>\n\t\t\t<\/div>\n\t\t<\/form>\n\t\t\t\t\t\t<\/div>\n\t\t\t\t<\/div>\n\t\t\t\t<div class=\"elementor-element elementor-element-a52ba4c elementor-widget elementor-widget-spacer\" data-id=\"a52ba4c\" data-element_type=\"widget\" data-e-type=\"widget\" data-widget_type=\"spacer.default\">\n\t\t\t\t<div class=\"elementor-widget-container\">\n\t\t\t\t\t\t\t<div class=\"elementor-spacer\">\n\t\t\t<div class=\"elementor-spacer-inner\"><\/div>\n\t\t<\/div>\n\t\t\t\t\t\t<\/div>\n\t\t\t\t<\/div>\n\t\t\t\t\t<\/div>\n\t\t<\/div>\n\t\t\t\t\t<\/div>\n\t\t<\/section>\n\t\t\t\t<\/div>\n\t\t","protected":false},"excerpt":{"rendered":"<p>Are you interested in SOLLEN, our furniture and their manufacturing? \u2193 Leave us your contact details below. We would be delighted to be able to contact you again to provide you with all the answers to your questions. \u2193<\/p>","protected":false},"author":1,"featured_media":0,"parent":0,"menu_order":0,"comment_status":"closed","ping_status":"closed","template":"elementor_header_footer","meta":{"footnotes":""},"class_list":["post-11559","page","type-page","status-publish","hentry"],"yoast_head":"<!-- This site is optimized with the Yoast SEO plugin v27.3 - https:\/\/yoast.com\/product\/yoast-seo-wordpress\/ -->\n<title>SOLLEN - Formulaire de contact PDW<\/title>\n<meta name=\"robots\" content=\"index, follow, max-snippet:-1, max-image-preview:large, max-video-preview:-1\" \/>\n<link rel=\"canonical\" href=\"https:\/\/sollen-design.com\/en\/pdw-contact-form\/\" \/>\n<meta property=\"og:locale\" content=\"en_GB\" \/>\n<meta property=\"og:type\" content=\"article\" \/>\n<meta property=\"og:title\" content=\"SOLLEN - Formulaire de contact PDW\" \/>\n<meta property=\"og:description\" content=\"Vous \u00eates int\u00e9ress\u00e9-e-s par SOLLEN, nos mobiliers et leur fabrication ?\u00a0 \u2193 Laissez nous vos coordonn\u00e9es ci-dessous.\u00a0Nous serions ravis de pouvoir vous recontacter afin de vous apporter toutes les r\u00e9ponses \u00e0 vos questions. \u2193\" \/>\n<meta property=\"og:url\" content=\"https:\/\/sollen-design.com\/en\/pdw-contact-form\/\" \/>\n<meta property=\"og:site_name\" content=\"SOLLEN\" \/>\n<meta property=\"article:publisher\" content=\"https:\/\/www.facebook.com\/sollendesign\/\" \/>\n<meta property=\"article:modified_time\" content=\"2022-08-30T09:29:16+00:00\" \/>\n<meta property=\"og:image\" content=\"https:\/\/sollen-design.com\/wp-content\/uploads\/2021\/10\/Sans-titre-2.png\" \/>\n\t<meta property=\"og:image:width\" content=\"1620\" \/>\n\t<meta property=\"og:image:height\" content=\"1080\" \/>\n\t<meta property=\"og:image:type\" content=\"image\/png\" \/>\n<meta name=\"twitter:card\" content=\"summary_large_image\" \/>\n<meta name=\"twitter:label1\" content=\"Estimated reading time\" \/>\n\t<meta name=\"twitter:data1\" content=\"1 minute\" \/>\n<script type=\"application\/ld+json\" class=\"yoast-schema-graph\">{\"@context\":\"https:\\\/\\\/schema.org\",\"@graph\":[{\"@type\":\"WebPage\",\"@id\":\"https:\\\/\\\/sollen-design.com\\\/en\\\/pdw-contact-form\\\/\",\"url\":\"https:\\\/\\\/sollen-design.com\\\/en\\\/pdw-contact-form\\\/\",\"name\":\"SOLLEN - Formulaire de contact PDW\",\"isPartOf\":{\"@id\":\"https:\\\/\\\/sollen-design.com\\\/fr\\\/#website\"},\"datePublished\":\"2022-08-29T14:28:34+00:00\",\"dateModified\":\"2022-08-30T09:29:16+00:00\",\"breadcrumb\":{\"@id\":\"https:\\\/\\\/sollen-design.com\\\/en\\\/pdw-contact-form\\\/#breadcrumb\"},\"inLanguage\":\"en-GB\",\"potentialAction\":[{\"@type\":\"ReadAction\",\"target\":[\"https:\\\/\\\/sollen-design.com\\\/en\\\/pdw-contact-form\\\/\"]}]},{\"@type\":\"BreadcrumbList\",\"@id\":\"https:\\\/\\\/sollen-design.com\\\/en\\\/pdw-contact-form\\\/#breadcrumb\",\"itemListElement\":[{\"@type\":\"ListItem\",\"position\":1,\"name\":\"Accueil\",\"item\":\"https:\\\/\\\/sollen-design.com\\\/fr\\\/\"},{\"@type\":\"ListItem\",\"position\":2,\"name\":\"Formulaire de contact PDW\"}]},{\"@type\":\"WebSite\",\"@id\":\"https:\\\/\\\/sollen-design.com\\\/fr\\\/#website\",\"url\":\"https:\\\/\\\/sollen-design.com\\\/fr\\\/\",\"name\":\"SOLLEN\",\"description\":\"Maison d&#039;\u00e9dition de mobilier design\",\"publisher\":{\"@id\":\"https:\\\/\\\/sollen-design.com\\\/fr\\\/#organization\"},\"potentialAction\":[{\"@type\":\"SearchAction\",\"target\":{\"@type\":\"EntryPoint\",\"urlTemplate\":\"https:\\\/\\\/sollen-design.com\\\/fr\\\/?s={search_term_string}\"},\"query-input\":{\"@type\":\"PropertyValueSpecification\",\"valueRequired\":true,\"valueName\":\"search_term_string\"}}],\"inLanguage\":\"en-GB\"},{\"@type\":\"Organization\",\"@id\":\"https:\\\/\\\/sollen-design.com\\\/fr\\\/#organization\",\"name\":\"SOLLEN\",\"url\":\"https:\\\/\\\/sollen-design.com\\\/fr\\\/\",\"logo\":{\"@type\":\"ImageObject\",\"inLanguage\":\"en-GB\",\"@id\":\"https:\\\/\\\/sollen-design.com\\\/fr\\\/#\\\/schema\\\/logo\\\/image\\\/\",\"url\":\"https:\\\/\\\/sollen-design.com\\\/wp-content\\\/uploads\\\/2021\\\/10\\\/LOGO_RVB_NOIR_130px.png\",\"contentUrl\":\"https:\\\/\\\/sollen-design.com\\\/wp-content\\\/uploads\\\/2021\\\/10\\\/LOGO_RVB_NOIR_130px.png\",\"width\":130,\"height\":39,\"caption\":\"SOLLEN\"},\"image\":{\"@id\":\"https:\\\/\\\/sollen-design.com\\\/fr\\\/#\\\/schema\\\/logo\\\/image\\\/\"},\"sameAs\":[\"https:\\\/\\\/www.facebook.com\\\/sollendesign\\\/\",\"https:\\\/\\\/www.instagram.com\\\/sollendesign\\\/\",\"https:\\\/\\\/www.linkedin.com\\\/company\\\/sollendesign\\\/\",\"https:\\\/\\\/www.pinterest.fr\\\/sollendesign\\\/\"]}]}<\/script>\n<!-- \/ Yoast SEO plugin. -->","yoast_head_json":{"title":"SOLLEN - PDW contact form","robots":{"index":"index","follow":"follow","max-snippet":"max-snippet:-1","max-image-preview":"max-image-preview:large","max-video-preview":"max-video-preview:-1"},"canonical":"https:\/\/sollen-design.com\/en\/pdw-contact-form\/","og_locale":"en_GB","og_type":"article","og_title":"SOLLEN - Formulaire de contact PDW","og_description":"Vous \u00eates int\u00e9ress\u00e9-e-s par SOLLEN, nos mobiliers et leur fabrication ?\u00a0 \u2193 Laissez nous vos coordonn\u00e9es ci-dessous.\u00a0Nous serions ravis de pouvoir vous recontacter afin de vous apporter toutes les r\u00e9ponses \u00e0 vos questions. \u2193","og_url":"https:\/\/sollen-design.com\/en\/pdw-contact-form\/","og_site_name":"SOLLEN","article_publisher":"https:\/\/www.facebook.com\/sollendesign\/","article_modified_time":"2022-08-30T09:29:16+00:00","og_image":[{"width":1620,"height":1080,"url":"https:\/\/sollen-design.com\/wp-content\/uploads\/2021\/10\/Sans-titre-2.png","type":"image\/png"}],"twitter_card":"summary_large_image","twitter_misc":{"Estimated reading time":"1 minute"},"schema":{"@context":"https:\/\/schema.org","@graph":[{"@type":"WebPage","@id":"https:\/\/sollen-design.com\/en\/pdw-contact-form\/","url":"https:\/\/sollen-design.com\/en\/pdw-contact-form\/","name":"SOLLEN - PDW contact form","isPartOf":{"@id":"https:\/\/sollen-design.com\/fr\/#website"},"datePublished":"2022-08-29T14:28:34+00:00","dateModified":"2022-08-30T09:29:16+00:00","breadcrumb":{"@id":"https:\/\/sollen-design.com\/en\/pdw-contact-form\/#breadcrumb"},"inLanguage":"en-GB","potentialAction":[{"@type":"ReadAction","target":["https:\/\/sollen-design.com\/en\/pdw-contact-form\/"]}]},{"@type":"BreadcrumbList","@id":"https:\/\/sollen-design.com\/en\/pdw-contact-form\/#breadcrumb","itemListElement":[{"@type":"ListItem","position":1,"name":"Accueil","item":"https:\/\/sollen-design.com\/fr\/"},{"@type":"ListItem","position":2,"name":"Formulaire de contact PDW"}]},{"@type":"WebSite","@id":"https:\/\/sollen-design.com\/fr\/#website","url":"https:\/\/sollen-design.com\/fr\/","name":"SOLLEN","description":"Designer furniture publishing house","publisher":{"@id":"https:\/\/sollen-design.com\/fr\/#organization"},"potentialAction":[{"@type":"SearchAction","target":{"@type":"EntryPoint","urlTemplate":"https:\/\/sollen-design.com\/fr\/?s={search_term_string}"},"query-input":{"@type":"PropertyValueSpecification","valueRequired":true,"valueName":"search_term_string"}}],"inLanguage":"en-GB"},{"@type":"Organization","@id":"https:\/\/sollen-design.com\/fr\/#organization","name":"SOLLEN","url":"https:\/\/sollen-design.com\/fr\/","logo":{"@type":"ImageObject","inLanguage":"en-GB","@id":"https:\/\/sollen-design.com\/fr\/#\/schema\/logo\/image\/","url":"https:\/\/sollen-design.com\/wp-content\/uploads\/2021\/10\/LOGO_RVB_NOIR_130px.png","contentUrl":"https:\/\/sollen-design.com\/wp-content\/uploads\/2021\/10\/LOGO_RVB_NOIR_130px.png","width":130,"height":39,"caption":"SOLLEN"},"image":{"@id":"https:\/\/sollen-design.com\/fr\/#\/schema\/logo\/image\/"},"sameAs":["https:\/\/www.facebook.com\/sollendesign\/","https:\/\/www.instagram.com\/sollendesign\/","https:\/\/www.linkedin.com\/company\/sollendesign\/","https:\/\/www.pinterest.fr\/sollendesign\/"]}]}},"_links":{"self":[{"href":"https:\/\/sollen-design.com\/en\/wp-json\/wp\/v2\/pages\/11559","targetHints":{"allow":["GET"]}}],"collection":[{"href":"https:\/\/sollen-design.com\/en\/wp-json\/wp\/v2\/pages"}],"about":[{"href":"https:\/\/sollen-design.com\/en\/wp-json\/wp\/v2\/types\/page"}],"author":[{"embeddable":true,"href":"https:\/\/sollen-design.com\/en\/wp-json\/wp\/v2\/users\/1"}],"replies":[{"embeddable":true,"href":"https:\/\/sollen-design.com\/en\/wp-json\/wp\/v2\/comments?post=11559"}],"version-history":[{"count":0,"href":"https:\/\/sollen-design.com\/en\/wp-json\/wp\/v2\/pages\/11559\/revisions"}],"wp:attachment":[{"href":"https:\/\/sollen-design.com\/en\/wp-json\/wp\/v2\/media?parent=11559"}],"curies":[{"name":"wp","href":"https:\/\/api.w.org\/{rel}","templated":true}]}}